{"id":13720,"date":"2024-04-01T13:56:29","date_gmt":"2024-04-01T06:56:29","guid":{"rendered":"https:\/\/b2c.fairs.vn\/?post_type=product&#038;p=13720"},"modified":"2024-04-01T13:56:50","modified_gmt":"2024-04-01T06:56:50","slug":"13720","status":"publish","type":"product","link":"https:\/\/b2c.fairs.vn\/en\/product\/13720\/","title":{"rendered":"M\u1eafm t\u00e9p h\u0169 th\u1ee7y tinh"},"content":{"rendered":"<h1>TH\u00d4NG TIN S\u1ea2N PH\u1ea8M M\u1eaeM T\u00c9P L\u00ca GIA<\/h1>\n<p><strong>M\u1eafm t\u00e9p L\u00ea Gia<\/strong>\u00a0\u0111\u01b0\u1ee3c l\u00e0m t\u1eeb\u00a0<strong>t\u00e9p bi\u1ec3n t\u01b0\u01a1i<\/strong>\u00a0tr\u1ed9n\u00a0<strong>mu\u1ed1i h\u1ea1t tinh khi\u1ebft<\/strong>\u00a0\u1ee7 theo ph\u01b0\u01a1ng ph\u00e1p c\u1ed5 truy\u1ec1n l<strong>\u00ean men t\u1ef1 nhi\u00ean<\/strong>\u00a0trong th\u00f9ng g\u1ed7. L\u00e0 gia v\u1ecb ho\u00e0n to\u00e0n t\u1ef1 nhi\u00ean, cho m\u00f3n \u0103n th\u00eam h\u01b0\u01a1ng v\u1ecb thanh d\u1ecbu \u0111\u1eadm \u0111\u00e0.<\/p>\n<h2><span id=\"-Chi-tieu-chat-luong\" class=\"ez-toc-section\"><\/span><strong>\u00a0<em>Ch\u1ec9 ti\u00eau ch\u1ea5t l\u01b0\u1ee3ng\u00a0<\/em><\/strong><strong><em>\u00a0<\/em><\/strong><\/h2>\n<ul>\n<li>\u0110\u1ea1m t\u1ed5ng s\u1ed1: &gt;15gN\/kg;<\/li>\n<li>Th\u00e0nh ph\u1ea7n: T\u00e9p bi\u1ec3n 76%, mu\u1ed1i tinh khi\u1ebft 19%, (th\u00ednh g\u1ea1o, b\u1ed9t ri\u1ec1ng, t\u1ecfi, \u1edbt ng\u1ecdt) 5%.<\/li>\n<li>Kh\u00f4ng ph\u1ea9m m\u00e0u \u2013 Kh\u00f4ng ch\u1ea5t b\u1ea3o qu\u1ea3n \u2013 Kh\u00f4ng h\u01b0\u01a1ng hi\u1ec7u<\/li>\n<li>M\u00e0u s\u1eafc: V\u00e0ng \u0111\u1eadm \u0111\u1ebfn ph\u1edbt h\u1ed3ng \u0111\u1ecf<\/li>\n<li>M\u00f9i: Th\u01a1m b\u00f9i, d\u1ecbu nh\u1eb9, t\u1ef1 nhi\u00ean.<\/li>\n<li>V\u1ecb: Ng\u1ecdt \u0111\u1eadm h\u1eadu v\u1ecb.<\/li>\n<\/ul>\n<p><img fetchpriority=\"high\" decoding=\"async\" class=\"aligncenter wp-image-7124\" src=\"https:\/\/nuocmamlegia.com\/wp-content\/uploads\/2021\/06\/z2621048877803_cfde320021a8c881128891c07dd63306.jpg\" alt=\"\" width=\"720\" height=\"540\" \/><\/p>\n<p><em>M\u1eafm t\u00e9p L\u00ea Gia Ch\u1ea5m th\u1ecbt lu\u1ed9c v\u00e0 rau c\u1ee7 lu\u1ed9c<\/em><\/p>\n<h2><span id=\"-Huong-dan-su-dung-va-bao-quan\" class=\"ez-toc-section\"><\/span><strong><em>\u00a0H\u01b0\u1edbng d\u1eabn s\u1eed d\u1ee5ng v\u00e0 b\u1ea3o qu\u1ea3n:<\/em><\/strong><\/h2>\n<ul>\n<li>D\u00f9ng \u0111\u1ec3 ch\u1ea5m c\u00e1c m\u00f3n \u0103n (rau c\u1ee7, qu\u1ea3, th\u1ecbt lu\u1ed9c\u2026) Ngon h\u01a1n khi ch\u01b0ng v\u1edbi th\u1ecbt. Th\u1ecbt rang r\u1ed3i cho m\u1eafm t\u00e9p v\u00e0o rang s\u0103n v\u00e0 \u0103n v\u1edbi c\u01a1m n\u00f3ng)<\/li>\n<li>B\u1ea3o qu\u1ea3n: \u0110\u1ec3 n\u01a1i kh\u00f4 r\u00e1o, tr\u00e1nh \u00e1nh n\u1eafng tr\u1ef1c ti\u1ebfp, \u0111\u1eady k\u00edn n\u1eafp sau khi s\u1eed d\u1ee5ng<\/li>\n<\/ul>\n<p><img decoding=\"async\" class=\"aligncenter wp-image-7126\" src=\"https:\/\/nuocmamlegia.com\/wp-content\/uploads\/2021\/06\/z2903129261296_326ec17e05783204480d299dd818817d-min.jpg\" alt=\"\" width=\"720\" height=\"540\" \/><\/p>\n<p><em>Hao c\u01a1m c\u00f9ng m\u00f3n th\u1ecbt ch\u01b0ng m\u1eafm t\u00e9p\u00a0<\/em><\/p>\n<h2><span id=\"Quy-cach-dong\" class=\"ez-toc-section\"><\/span><strong><em>Quy c\u00e1ch \u0111\u00f3ng\u00a0<\/em><\/strong><strong><em>\u00a0<\/em><\/strong><\/h2>\n<ul>\n<li>H\u0169 th\u1ee7y tinh 280ml<\/li>\n<li>chai nh\u1ef1a 110g, 225ml, 650ml, can 2L, can 5L, 23L<\/li>\n<\/ul>\n<p><img decoding=\"async\" class=\"aligncenter wp-image-6830\" src=\"https:\/\/nuocmamlegia.com\/wp-content\/uploads\/2021\/09\/Profile-2021_21091128.jpg\" alt=\"\" width=\"720\" height=\"720\" \/><\/p>\n<h2><span id=\"-Diem-noi-bat-san-pham\" class=\"ez-toc-section\"><\/span>\u00a0<strong>\u00a0<\/strong><strong>\u0110i\u1ec3m n\u1ed5i b\u1eadt s\u1ea3n ph\u1ea9m<\/strong><\/h2>\n<ul>\n<li>S\u1ea3n ph\u1ea9m \u0111\u01b0\u1ee3c ch\u1ecdn l\u1ecdc t\u1eeb T\u00e9p bi\u1ec3n t\u01b0\u01a1i \u1ee7 v\u1edbi mu\u1ed1i h\u1ea1t trong th\u00f9ng g\u1ed7, theo quy tr\u00ecnh chu\u1ea9n HACCP, ISO 22000<\/li>\n<li>M\u1eafm t\u00e9p s\u1ea1ch truy\u1ec1n th\u1ed1ng, kh\u00f4ng h\u00f3a ch\u1ea5t, ho\u00e0n to\u00e0n t\u1ef1 nhi\u00ean<\/li>\n<li>Ng\u1ecdt b\u00f9i v\u1ecb \u0111\u1ea1m \u2013 th\u01a1m b\u00f9i v\u1ecb m\u1eafm \u2013 m\u00f9i d\u1ecbu nh\u1eb9<\/li>\n<\/ul>\n<h2><span id=\"-Quy-trinh-san-xuat-mam-tep\" class=\"ez-toc-section\"><\/span><strong>\u00a0<\/strong><strong>\u00a0Quy tr\u00ecnh s\u1ea3n xu\u1ea5t m\u1eafm t\u00e9p<\/strong><\/h2>\n<p><img loading=\"lazy\" decoding=\"async\" class=\"aligncenter wp-image-7066\" src=\"https:\/\/nuocmamlegia.com\/wp-content\/uploads\/2019\/09\/3c8a8c45cf9f39c1608e.jpg\" alt=\"\" width=\"720\" height=\"1019\" \/><\/p>\n<p><em>L\u00ea Gia \u0111\u1ea1t ch\u1ee9ng nh\u1eadn ISO 22000:2018<\/em><\/p>\n<p>&nbsp;<\/p>\n<p>Xem th\u00eam video:\u00a0<strong>\u00a0<a href=\"http:\/\/https\/\/www.youtube.com\/watch?v=fKfuEyyd5YM&amp;t=24s\">QUY TR\u00ccNH S\u1ea2N XU\u1ea4T M\u1eaeM T\u00c9P S\u1ea0CH -NGON \u2013 AN TO\u00c0N<\/a><\/strong><\/p>\n<h3><span id=\"Buoc-1-Chon-loc-ky-luong-nguon-nguyen-lieu\" class=\"ez-toc-section\"><\/span><strong>B\u01b0\u1edbc 1: Ch\u1ecdn l\u1ecdc k\u1ef9 l\u01b0\u1ee1ng ngu\u1ed3n nguy\u00ean li\u1ec7u<\/strong><\/h3>\n<p><strong>Ch\u1ecdn l\u1ecdc T\u00e9p bi\u1ec3n t\u01b0\u01a1i xanh:\u00a0\u00a0<\/strong>Nguy\u00ean li\u1ec7u l\u00e0m m\u1eafm L\u00ea Gia \u0111\u01b0\u1ee3c l\u00e0m t\u1eeb con t\u00e9p bi\u1ec3n \u0111\u01b0\u1ee3c ch\u1ecdn l\u1ecdc t\u1eeb lo\u1ea1i t\u00e9p \u0111i H\u00eau \u2013 l\u00e0 lo\u1ea1i t\u00e9p \u0111\u01b0\u1ee3c s\u1ed1ng\u00a0 \u1edf t\u1ea7ng m\u1eb7t, n\u00ean r\u00e2t s\u1ea1ch, \u0111\u01b0\u1ee3c v\u1edbt l\u00ean r\u1ed3i r\u1eeda\u00a0 ngay tr\u00ean bi\u1ec3n, x\u1ebfp v\u00e0o gi\u00e1 b\u00ea cho r\u00e1o n\u01b0\u1edbc. T\u00e9p \u0111\u01b0\u1ee3c \u0111\u00e1nh b\u1eaft v\u00e0o \u0111\u00fang v\u1ee5 l\u00fac t\u00e9p tr\u01b0\u1edfng th\u00e0nh, nhi\u1ec1u th\u1ecbt v\u00e0 v\u1ecf m\u1ecfng \u00a0. M\u1ea5u ch\u1ed1t quy\u1ebft \u0111\u1ecbnh ch\u1ea5t l\u01b0\u1ee3ng s\u1ea3n ph\u1ea9m m\u1eafm l\u00e0 vi\u1ec7c l\u1ef1a ch\u1ecdn lo\u1ea1i t\u00e9p tr\u01b0\u1edfng th\u00e0nh, nhi\u1ec1u th\u1ecbt, v\u1ecf m\u1ecfng t\u01b0\u01a1i xanh, \u0111\u01b0\u1ee3c \u0111\u1ec3 r\u00e1o n\u01b0\u1edbc r\u1ed3i ti\u1ebfn h\u00e0nh \u1ee7 mu\u1ed1i ngay khi l\u00ean b\u1edd \u0111\u1ec3 \u0111\u1ea3m b\u1ea3o cho ra s\u1ea3n ph\u1ea9m c\u00f3 ch\u1ea5t l\u01b0\u1ee3ng t\u1ed1t nh\u1ea5t.<\/p>\n<p><img loading=\"lazy\" decoding=\"async\" class=\"aligncenter wp-image-6974\" src=\"https:\/\/nuocmamlegia.com\/wp-content\/uploads\/2021\/08\/z2624595092628_aac1be7f005ce6c7a0c657e6d3be26b0.jpg\" alt=\"\" width=\"720\" height=\"540\" \/><\/p>\n<p><em>T\u00e9p bi\u1ec3n t\u01b0\u01a1i, v\u1ecf m\u1ecfng, nhi\u1ec1u th\u1ecbt l\u00e0 m\u1ea5u ch\u1ed1t \u0111\u1ec3 c\u00f3 \u0111\u01b0\u1ee3c m\u1eafm t\u00e9p ngon \u1edf L\u00ea Gia<\/em><\/p>\n<h3><span id=\"Buoc-2-Chon-loc-muoi-hat-tinh-khiet-de-lau\" class=\"ez-toc-section\"><\/span><strong>B\u01b0\u1edbc 2: Ch\u1ecdn l\u1ecdc mu\u1ed1i h\u1ea1t tinh khi\u1ebft \u0111\u1ec3 l\u00e2u<\/strong><\/h3>\n<p>Mu\u1ed1i d\u00f9ng m\u1eafm L\u00ea Gia l\u00e0 mu\u1ed1i bi\u1ec3n tinh khi\u1ebft \u0111\u01b0\u1ee3c l\u1ea5y t\u1eeb v\u00f9ng mu\u1ed1i B\u00e0 R\u1ecba v\u00e0 Ninh Thu\u1eadn, n\u01a1i l\u00e0m ra nh\u1eefng h\u1ea1t mu\u1ed1i (l\u00e0m tr\u00ean b\u1ea1t) n\u00ean tr\u1eafng tinh,\u00a0 \u0111\u1ed9 m\u1eb7n thu\u1ea7n khi\u1ebft\u00a0 v\u00e0 l\u01b0u kho trong 2 n\u0103m cho ch\u1ea3y h\u1ebft th\u00e0nh ph\u1ea7n g\u00e2y ra m\u00f9i v\u1ecb b\u1ea5t l\u1ee3i.<\/p>\n<p>Sau 2 n\u0103m, nh\u1eefng h\u1ea1t mu\u1ed1i kh\u00f4, khi \u0111\u00f3 \u0111\u01b0\u1ee3c mang \u0111i l\u00e0m m\u1eafm b\u1edfi v\u00ec<\/p>\n<ul>\n<li>Mu\u1ed1i \u0111\u00e3 ch\u1ea3y h\u1ebft ion K<sup>+<\/sup>\u00a0g\u00e2y ra v\u1ecb nh\u1eabn \u0111\u1eafng<\/li>\n<li>Mu\u1ed1i \u0111\u00e3 ch\u1ea3y h\u1ebft ion Mg<sup>++<\/sup>\u00a0g\u00e2y ra v\u1ecb n\u00f3ng r\u00e1t c\u1ed5<\/li>\n<li>Mu\u1ed1i \u0111\u00e3 ch\u1ea3y h\u1ebft ion Ca<sup>++\u00a0<\/sup>g\u00e2y ra v\u1ecb ch\u00e1t<\/li>\n<li><img loading=\"lazy\" decoding=\"async\" class=\"aligncenter size-full wp-image-6075\" src=\"https:\/\/nuocmamlegia.com\/wp-content\/uploads\/2021\/03\/le-gia-muoi-hat-tinh-khiet-ba-ria-ninh-thuan-e1601429132770.jpg\" alt=\"\" width=\"720\" height=\"746\" \/><\/li>\n<\/ul>\n<p><em>Mu\u1ed1i h\u1ea1t tinh khi\u1ebft \u0111\u1ec3 l\u00e2u t\u1ea1o n\u00ean v\u1ecb ng\u1ecdt \u00eam c\u1ee7a m\u1eafm t\u00e9p<\/em><\/p>\n<p>T\u00e9p \u0111\u01b0\u1ee3c tr\u1ed9n v\u1edbi mu\u1ed1i theo t\u1ec9 l\u1ec7 v\u00e0ng r\u1ed3i \u0111em xay nhuy\u1ec5n r\u1ed3i ph\u01a1i n\u1eafng l\u1ea5y nhi\u1ec7t (12-48h) tr\u01b0\u1edbc khi \u0111em \u1ee7 trong th\u00f9ng g\u1ed7<\/p>\n<p><img loading=\"lazy\" decoding=\"async\" class=\"aligncenter size-full wp-image-2264\" src=\"https:\/\/nuocmamlegia.com\/wp-content\/uploads\/2019\/12\/mam-tep-chuan-ngon.jpg.webp\" alt=\"\" width=\"720\" height=\"480\" \/><\/p>\n<p><em>T<\/em><em>h\u00ednh g\u1ea1o<\/em><em>\u00a0(g\u1ea1o n\u1ebfp c\u00e1i hoa v\u00e0ng<\/em><em>\u00a0rang k\u1ef9<\/em><em>, nghi\u1ec1n min)<\/em><em>, ri\u1ec1ng t\u1ecfi t\u01b0\u01a1i xay nhuy\u1ec5n, \u1edbt ng\u1ecdt l\u00e0 nh\u1eefng gia v\u1ecb t\u1ef1 nhi\u00ean g\u00f3p ph\u1ea7n l\u00e0m cho m\u00e0u s\u1eafc v\u00e0 m\u00f9i v\u1ecb c\u1ee7a m\u1eafm t\u00e9p L\u00ea Gia \u0111\u01b0\u1ee3c thom ngon tr\u1ecdn v\u1ecb<\/em><\/p>\n<h3><span id=\"Buoc-2-Ngam-u-trong-thung-go\" class=\"ez-toc-section\"><\/span><strong>B\u01b0\u1edbc 2: Ng\u00e2m \u1ee7 trong th\u00f9ng g\u1ed7<\/strong><\/h3>\n<p>\u0110i\u1ec1u \u0111\u1eb7c bi\u1ec7t trong c\u00e1ch l\u00e0m m\u1eafm t\u00e9p L\u00ea Gia l\u00e0 vi\u1ec7c ng\u00e2m \u1ee7 m\u1eafm trong c\u00e1c th\u00f9ng g\u1ed7 B\u1eddi L\u1eddi, \u0111\u1eb7t trong nh\u00e0 t\u00f4n k\u00edn.<\/p>\n<p>G\u1ed7 B\u1eddi L\u1eddi l\u00e0 g\u1ed7 ch\u1ecbu m\u1eb7n, d\u00f9ng l\u00e0m th\u00f9ng g\u1ed7 \u1ee7 m\u1eafm, l\u00e0 n\u01a1i enzim ph\u00e1t tri\u1ec3n t\u1ef1 nhi\u00ean v\u00e0 cho ra s\u1ea3n ph\u1ea9m c\u00f3\u00a0 m\u00f9i v\u1ecb \u0111\u1eb7c tr\u01b0ng, th\u01a1m ngon.<\/p>\n<p>Vi\u1ec7c \u1ee7 t\u00e9p trong th\u00f9ng g\u1ed7 trong nh\u00e0 t\u00f4n k\u00edn, kh\u00f4ng ch\u1ec9 \u0111\u1ea3m b\u1ea3o an to\u00e0n v\u1ec7 sinh th\u1ef1c ph\u1ea9m m\u00e0 c\u00f2n gi\u00fap cho qu\u00e1 tr\u00ecnh l\u00ean men s\u1ea3n ph\u1ea9m \u0111\u01b0\u1ee3c di\u1ec5n ra t\u1ef1 nhi\u00ean v\u00e0 \u1ed5n \u0111\u1ecbnh d\u01b0\u1edbi nhi\u1ec7t \u0111\u1ed9 kh\u00f4ng ch\u00eanh l\u1ec7ch gi\u1eefa ng\u00e0y v\u00e0 \u0111\u00eam.<\/p>\n<p><img loading=\"lazy\" decoding=\"async\" class=\"aligncenter wp-image-6207\" src=\"https:\/\/nuocmamlegia.com\/wp-content\/uploads\/2021\/06\/IMG_9562-scaled.jpg\" alt=\"\" width=\"720\" height=\"480\" \/><\/p>\n<p>V\u00ec \u0111\u01b0\u1ee3c ch\u1ecdn l\u1ecdc k\u1ef9 l\u01b0\u1ee1ng ngu\u1ed3n nguy\u00ean li\u1ec7u, v\u1edbi n\u1ed3ng \u0111\u1ed9 mu\u1ed1i \u0111\u1ee7, c\u00f9ng k\u1ef9 thu\u1eadt gia truy\u1ec1n bao \u0111\u1eddi, qu\u00e1 tr\u00ecnh l\u00ean men th\u1ed1i b\u1ecb \u1ee9c ch\u1ebf t\u1ed1i \u0111a, khi\u1ebfn m\u1eafm c\u00f3 m\u00f9i th\u01a1m d\u1ecbu t\u1ef1 nhi\u00ean. M\u1eafm kh\u00f4ng b\u1ecb h\u00f4i, \u0111en do l\u00e0m l\u01b0\u1ee3ng \u0111\u1ea1m th\u1ed1i kh\u00f4ng \u0111\u00e1ng k\u1ec3.<\/p>\n<p>Qu\u00e1 tr\u00ecnh ph\u00e2n gi\u1ea3i protein trong th\u1ecbt t\u00e9p th\u00e0nh acid amin \u0111\u01b0\u1ee3c th\u1ef1c hi\u1ec7n m\u1ed9t c\u00e1ch tri\u1ec7t \u0111\u1ec3, thu\u1eadn l\u1ee3i khi\u1ebfn cho h\u00e0m l\u01b0\u1ee3ng acid amin trong m\u1eafm t\u00e9p L\u00ea Gia cao t\u1ef1 nhi\u00ean, gi\u00fap s\u1ea3n ph\u1ea9m c\u00f3 v\u1ecb ng\u1ecdt h\u1eadu.<\/p>\n<p><img loading=\"lazy\" decoding=\"async\" class=\"aligncenter wp-image-6208\" src=\"https:\/\/nuocmamlegia.com\/wp-content\/uploads\/2021\/06\/IMG_0051-scaled.jpg\" alt=\"\" width=\"720\" height=\"540\" \/><\/p>\n<p><em>Ng\u00e2m \u1ee7 ch\u0103m s\u00f3c m\u1eafm trong th\u00f9ng g\u1ed7 gi\u00fap m\u1eafm c\u00f3 h\u01b0\u01a1ng v\u1ecb th\u01a1m ngon, ho\u00e0n to\u00e0n t\u1ef1 nhi\u00ean<\/em><\/p>\n<p>B\u1ed9t th\u00ednh g\u1ea1o rang k\u1ef9, ri\u1ec1ng t\u1ecfi t\u01b0\u01a1i xay nhuy\u1ec5n, \u1edbt ng\u1ecdt l\u00e0 nh\u1eefng gia v\u1ecb t\u1ef1 nhi\u00ean g\u00f3p ph\u1ea7n l\u00e0m cho m\u00e0u s\u1eafc v\u00e0 m\u00f9i v\u1ecb c\u1ee7a m\u1eafm t\u00e9p L\u00ea Gia \u0111\u01b0\u1ee3c thom ngon tr\u1ecdn v\u1ecb<\/p>\n<p>Sau t\u1ed1i thi\u1ec3u\u00a0 12 th\u00e1ng, \u0111\u01b0\u1ee3c ch\u0103m s\u00f3c t\u1ec9 m\u1ec9, c\u1ea9n th\u1eadn, s\u1ea3n ph\u1ea9m m\u1eafm ch\u00edn c\u00f3 m\u00f9i th\u01a1m b\u00f9i d\u1ecbu nh\u1eb9, h\u1eadu v\u1ecb thanh v\u00e0 m\u00e0u v\u00e0ng \u0111\u1eadm \u0111\u1ebfn ph\u1edbt h\u1ed3ng.<\/p>\n<p><img loading=\"lazy\" decoding=\"async\" class=\"aligncenter wp-image-6210\" src=\"https:\/\/nuocmamlegia.com\/wp-content\/uploads\/2021\/06\/IMG_6449-scaled.jpg\" alt=\"\" width=\"720\" height=\"480\" \/><\/p>\n<p><em>L\u00ean men t\u1ef1 nhi\u00ean trong nh\u00e0 t\u00f4n k\u00edn<\/em><\/p>\n<h3><span id=\"Buoc-3-Kiem-dinh-va-dong-chai\" class=\"ez-toc-section\"><\/span><strong>B\u01b0\u1edbc 3: Ki\u1ec3m \u0111\u1ecbnh v\u00e0 \u0111\u00f3ng chai<\/strong><\/h3>\n<p>S\u1ea3n ph\u1ea9m \u0111\u01b0\u1ee3c s\u00e0ng l\u1ecdc, ki\u1ec3m \u0111\u1ecbnh ch\u1ea5t l\u01b0\u1ee3ng theo quy tr\u00ecnh HACCP v\u00e0 ki\u1ec3m \u0111\u1ecbnh l\u00f4 s\u1ea3n ph\u1ea9m \u0111\u1ecbnh k\u1ef3 tr\u01b0\u1edbc khi ti\u1ebfn h\u00e0nh \u0111\u00f3ng chai.<\/p>\n<p><img loading=\"lazy\" decoding=\"async\" class=\"aligncenter size-full wp-image-5830\" src=\"https:\/\/nuocmamlegia.com\/wp-content\/uploads\/2019\/08\/TestMamTep.jpg\" alt=\"\" width=\"627\" height=\"836\" \/><\/p>\n<p><em>M\u1eafm t\u00e9p L\u00ea Gia lu\u00f4n \u0111\u01b0\u1ee3c ki\u1ec3m so\u00e1t ch\u1ea5t l\u01b0\u1ee3ng ch\u1eb7t ch\u1ebd<\/em><\/p>\n<p>M\u1eafm t\u00e9p ch\u00ednh c\u00f3 m\u00f9i v\u1ecb ng\u1ecdt b\u00f9i h\u00e0i h\u00f2a, th\u01a1m d\u1ecbu t\u1ef1 nhi\u00ean c\u1ee7a \u0111\u1ea1m acid amin trong th\u1ecbt t\u00e9p k\u1ebft h\u1ee3p v\u1edbi h\u01b0\u01a1ng th\u01a1m c\u1ee7a th\u00ednh g\u1ea1o v\u00e0 gia v\u1ecb t\u1ef1 nhi\u00ean (ri\u1ec1ng t\u1ecfi). T\u1ea5t c\u1ea3 c\u00f9ng h\u00f2a quy\u1ec7n t\u1ea1o th\u00e0nh h\u01b0\u01a1ng v\u1ecb th\u01a1m ngon \u0111\u1eb7c tr\u01b0ng c\u1ee7a m\u1eafm t\u00e9p L\u00ea Gia.<\/p>\n<p>M\u1eafm t\u00e9p L\u00ea Gia \u0111\u01b0\u1ee3c d\u00f9ng l\u00e0m gia v\u1ecb cho c\u00e1c m\u00f3n ch\u1ea5m (rau c\u1ee7, th\u1ecbt lu\u1ed9c, c\u00e0 ph\u00e1o\u2026) ho\u1eb7c l\u00e0 ch\u1ea5t n\u1ec1n tang h\u01b0\u01a1ng v\u1ecb\u00a0 th\u01a1m ngon cho c\u00e1c m\u00f3n ch\u01b0ng: Ch\u01b0ng th\u1ecbt, ch\u01b0ng tr\u1ee9ng.<\/p>\n<p>&gt;&gt;&gt;&gt;&gt;\u00a0<strong><a title=\"H\u01af\u1edaNG D\u00c2N C\u00c1CH L\u00c0M M\u1eaeM T\u00c9P CH\u01afNG TH\u1ecaT SI\u00caU NGON\" href=\"https:\/\/nuocmamlegia.com\/huong-dan-cach-lam-mam-tep-chung-thit-sieu-ngon.html\">H\u01af\u1edaNG D\u00c2N C\u00c1CH L\u00c0M M\u1eaeM T\u00c9P CH\u01afNG TH\u1ecaT SI\u00caU NGON<\/a><\/strong><\/p>\n<p>&gt;&gt;&gt;&gt;&gt;\u00a0<strong><a title=\"\u0110\u01afA MI\u1ec6NG H\u01a0N V\u1edaI M\u00d3N TH\u1ecaT LU\u1ed8C CH\u1ea4M M\u1eaeM T\u00c9P L\u00ca GIA\" href=\"https:\/\/nuocmamlegia.com\/dua-mieng-hon-voi-mon-thit-luoc-cham-mam-tep-le-gia.html\">\u0110\u01afA MI\u1ec6NG H\u01a0N V\u1edaI M\u00d3N TH\u1ecaT LU\u1ed8C CH\u1ea4M M\u1eaeM T\u00c9P L\u00ca GIA<\/a><\/strong><\/p>\n<h2><span id=\"MAM-TEP-LE-GIA-AN-VOI-MON-GI\" class=\"ez-toc-section\"><\/span><strong>M\u1eaeM T\u00c9P L\u00ca GIA \u0102N V\u1edaI M\u00d3N G\u00cc?<\/strong><\/h2>\n<p>M\u1eafm t\u00e9p L\u00ea Gia, th\u01a1m b\u00f9i, \u0111\u1eadm \u0111\u00e0, thanh d\u1ecbu, ho\u00e0n to\u00e0n t\u1ef1 nhi\u00ean, l\u00e0 gia v\u1ecb g\u00f3p ph\u1ea7n l\u00e0m n\u00ean h\u01b0\u01a1ng v\u1ecb c\u00e1c m\u00f3n \u0103n v\u1eeba gi\u1ea3n d\u1ecb nh\u01b0ng kh\u00f4ng k\u00e9m ph\u1ea7n thanh tao<\/p>\n<p>*) Ch\u01b0ng th\u1ecbt &amp; Ch\u01b0ng tr\u1ee9ng: Vi\u1ec7c mua m\u1eafm t\u00e9p L\u00ea Gia v\u00e0 th\u1ecbt l\u1ee3n v\u1ec1 t\u1ef1 ch\u01b0ng s\u1ebd \u0111\u1ea3m b\u1ea3o cho anh ch\u1ecb ki\u1ec3m so\u00e1t \u0111\u01b0\u1ee3c ngu\u1ed3n g\u1ed1c c\u1ee7a th\u1ecbt l\u1ee3n. M\u00f3n \u0103n r\u1ea5t d\u1ec5 l\u00e0m m\u00e0 l\u1ea1i r\u1ea5t ng\u1ed1n c\u01a1m. M\u1eafm t\u00e9p ch\u01b0ng th\u1ecbt \u0103n v\u1edbi c\u01a1m n\u00f3ng l\u00e0 s\u1ed1 1. C\u00f3 m\u1ed9t h\u1ed9p n\u00e0y \u0111\u1ec3 t\u1ee7 l\u1ea1nh th\u00ec ch\u1eb3ng bao gi\u1edd ph\u1ea3i lo th\u1ee9c \u0103n cho tr\u1ebb nh\u1ecf, ng\u01b0\u1eddi gi\u00e0\u2026<\/p>\n<p><img loading=\"lazy\" decoding=\"async\" class=\"aligncenter wp-image-7129\" src=\"https:\/\/nuocmamlegia.com\/wp-content\/uploads\/2021\/06\/z2903129252027_a42e8f74ec3159315f50aa1e4c2fb641-min-1.jpg\" alt=\"\" width=\"720\" height=\"540\" \/><em>M\u1eafm t\u00e9p ch\u01b0ng th\u1ecbt<\/em><\/p>\n<p>*) Ch\u1ea5m rau c\u1ee7, th\u1ecbt lu\u1ed9c, d\u01b0a c\u00e0: Th\u00eam m\u1ed9t ch\u00fat \u0111\u01b0\u1eddng, chanh, \u0111\u00e1nh \u0111\u1ec1u, m\u1eafm t\u00e9p L\u00ea Gia s\u1ebd l\u00e0 m\u00f3n ch\u1ea5m tuy\u1ec7t v\u1eddi h\u00f2a quy\u1ec7n, th\u00fac \u0111\u1ea9y h\u01b0\u01a1ng v\u1ecb cho c\u00e1c m\u00f3n ch\u1ea5m. c\u00f3 th\u1ec3 \u0103n v\u1edbi rau lu\u1ed9c (ngon nh\u1ea5t l\u00e0 rau mu\u1ed1ng), \u0111\u1eadu ph\u1ee5 lu\u1ed9c, th\u1ecbt lu\u1ed9c<\/p>\n<p><img loading=\"lazy\" decoding=\"async\" class=\"aligncenter wp-image-6983\" src=\"https:\/\/nuocmamlegia.com\/wp-content\/uploads\/2021\/08\/130308281_2851458971793297_6739033226632152220_o.jpg\" alt=\"\" width=\"720\" height=\"482\" \/><\/p>\n<p><em>M\u1eafm t\u00e9p ch\u1ea5m th\u1ecbt lu\u1ed9c ngon \u201cr\u1ee5t\u201d l\u01b0\u1ee1i\u00a0<\/em><\/p>\n<p><img loading=\"lazy\" decoding=\"async\" class=\"aligncenter wp-image-6984\" src=\"https:\/\/nuocmamlegia.com\/wp-content\/uploads\/2021\/08\/Mam-tep-LG.jpg\" alt=\"\" width=\"720\" height=\"720\" \/><\/p>\n<p>&nbsp;<\/p>\n<p>*) L\u00e0m n\u1ec1n gia v\u1ecb ch\u1ebf bi\u1ebfn c\u00e1c m\u00f3n \u0103n: Ru\u1ed1c, kho qu\u1eb9t, x\u00e0o rau, canh m\u0103ng\u2026<\/p>\n<h2><span id=\"Sao-nhieu-loai-khac-co-mau-do-hong-dep-hon-mam-tepLe-Gia\" class=\"ez-toc-section\"><\/span><strong>Sao nhi\u1ec1u lo\u1ea1i kh\u00e1c c\u00f3 m\u00e0u \u0111\u1ecf h\u1ed3ng \u0111\u1eb9p h\u01a1n m\u1eafm t\u00e9pL\u00ea Gia?\u00a0<\/strong><\/h2>\n<p>L\u00ea Gia kh\u00f4ng b\u1ecf ph\u1ea9m m\u00e0u hay can thi\u1ec7p ph\u1ee5 gia trong qu\u00e1 tr\u00ecnh s\u1ea3n xu\u1ea5t. M\u00e0u c\u1ee7a m\u1eafm t\u00e9p L\u00ea Gia l\u00e0 m\u00e0u t\u1ef1 nhi\u00ean, h\u01a1i m\u1ed9t ch\u00fat v\u00e0ng t\u01b0\u01a1i c\u1ee7a th\u00ednh g\u1ea1o l\u00ean men, c\u00f3 ch\u00fat m\u00e0u c\u1ee7a \u1edbt ng\u1ecdt xay nhuy\u1ec5n. Ch\u00fang t\u00f4i lu\u00f4n g\u00ecn gi\u1eef s\u1ef1 nguy\u00ean b\u1ea3n t\u1ef1 nhi\u00ean nh\u01b0 gi\u00e1 tr\u1ecb c\u1ea1nh tranh c\u1ed1t l\u00f5i c\u1ee7a m\u00ecnh.<\/p>\n<p><img loading=\"lazy\" decoding=\"async\" class=\"aligncenter size-full wp-image-2269\" src=\"https:\/\/nuocmamlegia.com\/wp-content\/uploads\/2019\/12\/mam-tep-le-gia-ngon.jpg.webp\" alt=\"\" width=\"720\" height=\"310\" \/><\/p>\n<p><em>M\u1eafm T\u00e9p L\u00ea Gia kh\u00f4ng can thi\u1ec7p ph\u1ee5 gia, m\u00e0u<\/em><\/p>\n<h2><span id=\"Mam-tep-Le-Gia-neu-mo-nap-chai-thi-nen-bao-quan-ntn-De-duoc-bao-lau\" class=\"ez-toc-section\"><\/span><strong>M\u1eafm t\u00e9p L\u00ea Gia n\u1ebfu m\u1edf n\u1eafp chai th\u00ec n\u00ean b\u1ea3o qu\u1ea3n ntn? \u0110\u1ec3 \u0111\u01b0\u1ee3c bao l\u00e2u?<\/strong><\/h2>\n<p>N\u00ean \u0111\u1ec3 n\u01a1i r\u00e2m m\u00e1t v\u00e0 h\u1ea1n ch\u1ebf ti\u1ebfp x\u00fac v\u1edbi kh\u00f4ng kh\u00ed (v\u1eb7n ch\u1eb7t k\u00edn n\u1eafp sau khi s\u1eed d\u1ee5ng). Kh\u00f4ng nh\u1ea5t thi\u1ebft ph\u1ea3i \u0111\u1ec3 t\u1ee7 l\u1ea1nh (\u0110\u1ec3 \u0111\u01b0\u1ee3c th\u00ec c\u00e0ng t\u1ed1t)<\/p>\n<p>M\u1edf n\u1eafp ra khi sp s\u1ebd ti\u1ebfp x\u00fac v\u1edbi kh\u00f4ng kh\u00ed, b\u1ecb oxy h\u00f3a t\u1ef1 nhi\u00ean, m\u00f9i s\u1ebd gi\u1ea3m v\u00e0 chuy\u1ec3n m\u00e0u s\u1eadm d\u1ea7n, th\u1eadm ch\u00ed \u0111en tr\u00ean tr\u00ean c\u00f9ng. \u0110\u1ea5y l\u00e0 hi\u1ec7n t\u01b0\u1ee3ng b\u00ecnh th\u01b0\u1eddng c\u1ee7a m\u1eafm t\u1ef1 nhi\u00ean kh\u00f4ng c\u00f3 ch\u1ea5t b\u1ea3o qu\u1ea3n, kh\u00f4ng c\u00f3 ch\u1ea5t gi\u1eef m\u00e0u, kh\u00f4ng \u1ea3nh h\u01b0\u1edfng \u0111\u1ebfn b\u1ea3n ch\u1ea5t an to\u00e0n th\u1ef1c ph\u1ea9m.<\/p>\n<p>Khi m\u1edf n\u1eafp s\u1ea3n ph\u1ea9m, d\u00f9 \u0111\u1ed9 m\u1eb7n g\u1ea7n m\u1ee9c b\u00e3o h\u00f2a nh\u01b0ng g\u1eb7p \u0111i\u1ec1u ki\u1ec7n b\u1ea5t l\u1ee3i (v\u1ec1 nhi\u1ec7t \u0111\u1ed9, v\u1ec1 s\u1ef1 x\u00e2m nh\u1eadp c\u1ee7a c\u00e1c visinh v\u1eadt do qu\u00e1 tr\u00ecnh kh\u00f4ng s\u1ea1ch s\u1ebd c\u1ee7a s\u1ea3n ph\u1ea9m (vd \u0111\u0169a b\u1ea9n, n\u01b0\u1edbc l\u00e3 ch\u1ea1m v\u00e0o, \u0111\u1ec3 sp ch\u1ed7 b\u1ea9n\u2026) l\u00e0 \u0111i\u1ec1u ki\u1ec7n thu\u1eadn l\u1ee3i \u0111\u1ec3 sp nhanh h\u1ecfng. N\u1ebfu s\u1ea3n ph\u1ea9m b\u1ecb b\u1ed1c m\u00f9i h\u00f4i th\u1ed1i, m\u1ed1c th\u00ec s\u1ea3n ph\u1ea9m b\u1ecb h\u1ecfng, c\u1ea7n \u0111\u01b0\u1ee3c b\u1ecf \u0111i.<\/p>","protected":false},"excerpt":{"rendered":"<p>TH\u00d4NG TIN S\u1ea2N PH\u1ea8M M\u1eaeM T\u00c9P L\u00ca GIA M\u1eafm t\u00e9p L\u00ea Gia\u00a0\u0111\u01b0\u1ee3c l\u00e0m t\u1eeb\u00a0t\u00e9p bi\u1ec3n t\u01b0\u01a1i\u00a0tr\u1ed9n\u00a0mu\u1ed1i h\u1ea1t tinh khi\u1ebft\u00a0\u1ee7 theo<\/p>","protected":false},"featured_media":13716,"comment_status":"open","ping_status":"closed","template":"","meta":{"_acf_changed":false},"product_cat":[318,366,398,22,319],"product_tag":[],"class_list":{"0":"post-13720","1":"product","2":"type-product","3":"status-publish","4":"has-post-thumbnail","6":"product_cat-gia-vi","7":"product_cat-hang-cnnt-cap-qg","8":"product_cat-san-pham-cnnt-tb-cap-qg-2021","9":"product_cat-sanphamthucpham","10":"product_cat-tuong-nuoc-mam-gia-vi-dang-long-khac","12":"first","13":"instock","14":"shipping-taxable","15":"purchasable","16":"product-type-simple"},"acf":[],"_links":{"self":[{"href":"https:\/\/b2c.fairs.vn\/en\/wp-json\/wp\/v2\/product\/13720","targetHints":{"allow":["GET"]}}],"collection":[{"href":"https:\/\/b2c.fairs.vn\/en\/wp-json\/wp\/v2\/product"}],"about":[{"href":"https:\/\/b2c.fairs.vn\/en\/wp-json\/wp\/v2\/types\/product"}],"replies":[{"embeddable":true,"href":"https:\/\/b2c.fairs.vn\/en\/wp-json\/wp\/v2\/comments?post=13720"}],"version-history":[{"count":0,"href":"https:\/\/b2c.fairs.vn\/en\/wp-json\/wp\/v2\/product\/13720\/revisions"}],"wp:featuredmedia":[{"embeddable":true,"href":"https:\/\/b2c.fairs.vn\/en\/wp-json\/wp\/v2\/media\/13716"}],"wp:attachment":[{"href":"https:\/\/b2c.fairs.vn\/en\/wp-json\/wp\/v2\/media?parent=13720"}],"wp:term":[{"taxonomy":"product_cat","embeddable":true,"href":"https:\/\/b2c.fairs.vn\/en\/wp-json\/wp\/v2\/product_cat?post=13720"},{"taxonomy":"product_tag","embeddable":true,"href":"https:\/\/b2c.fairs.vn\/en\/wp-json\/wp\/v2\/product_tag?post=13720"}],"curies":[{"name":"wp","href":"https:\/\/api.w.org\/{rel}","templated":true}]}}