{"id":13709,"date":"2024-04-01T13:49:22","date_gmt":"2024-04-01T06:49:22","guid":{"rendered":"https:\/\/b2c.fairs.vn\/?post_type=product&#038;p=13709"},"modified":"2024-04-01T13:49:24","modified_gmt":"2024-04-01T06:49:24","slug":"thach-dua-non","status":"publish","type":"product","link":"https:\/\/b2c.fairs.vn\/en\/product\/thach-dua-non\/","title":{"rendered":"TH\u1ea0CH D\u1eeaA NON"},"content":{"rendered":"<p style=\"font-weight: 400;\"><b><strong>Th\u1ea1ch d\u1eeba GCfood<\/strong><\/b>\u00a0c\u00f3 \u0111\u1ed9 gi\u00f2n, th\u01a1m t\u1ef1 nhi\u00ean, kh\u00f4ng dai, kh\u00f4ng qu\u00e1 m\u1ec1m h\u00f2a quy\u1ec7n c\u00f9ng v\u1ecb ng\u1ecdt thanh c\u1ee7a n\u01b0\u1edbc \u0111\u01b0\u1eddng t\u1ea1o c\u1ea3m gi\u00e1c thanh m\u00e1t khi th\u01b0\u1edfng th\u1ee9c, r\u1ea5t t\u1ed1t cho s\u1ee9c kh\u1ecfe v\u00e0 l\u00e0m \u0111\u1eb9p da.<\/p>\n<p style=\"font-weight: 400;\">\u0110\u01b0\u1ee3c s\u1ea3n xu\u1ea5t t\u1eeb n\u01b0\u1edbc d\u1eeba non s\u1ea1ch, t\u1ef1 nhi\u00ean v\u1edbi c\u00f4ng ngh\u1ec7 thanh tr\u00f9ng Pasteur cam k\u1ebft mang \u0111\u1ebfn ng\u01b0\u1eddi ti\u00eau d\u00f9ng s\u1ea3n ph\u1ea9m an to\u00e0n v\u00e0 s\u1ea1ch tuy\u1ec7t \u0111\u1ed1i.<\/p>\n<p style=\"font-weight: 400;\">\u0110\u00e3 xu\u1ea5t kh\u1ea9u \u0111\u1ebfn Nh\u1eadt B\u1ea3n, H\u00e0n Qu\u1ed1c, M\u1ef9, Irac, Israel, Trung \u0110\u00f4ng, Trung Qu\u1ed1c\u2026<\/p>","protected":false},"excerpt":{"rendered":"<p style=\"font-weight: 400;\"><b><strong>Th\u1ea1ch d\u1eeba GCfood<\/strong><\/b>\u00a0c\u00f3 \u0111\u1ed9 gi\u00f2n, th\u01a1m t\u1ef1 nhi\u00ean, kh\u00f4ng dai, kh\u00f4ng qu\u00e1 m\u1ec1m h\u00f2a quy\u1ec7n c\u00f9ng v\u1ecb ng\u1ecdt thanh c\u1ee7a n\u01b0\u1edbc \u0111\u01b0\u1eddng t\u1ea1o c\u1ea3m gi\u00e1c thanh m\u00e1t khi th\u01b0\u1edfng th\u1ee9c, r\u1ea5t t\u1ed1t cho s\u1ee9c kh\u1ecfe v\u00e0 l\u00e0m \u0111\u1eb9p da.<\/p>\n<p style=\"font-weight: 400;\">\u0110\u01b0\u1ee3c s\u1ea3n xu\u1ea5t t\u1eeb n\u01b0\u1edbc d\u1eeba non s\u1ea1ch, t\u1ef1 nhi\u00ean v\u1edbi c\u00f4ng ngh\u1ec7 thanh tr\u00f9ng Pasteur cam k\u1ebft mang \u0111\u1ebfn ng\u01b0\u1eddi ti\u00eau d\u00f9ng s\u1ea3n ph\u1ea9m an to\u00e0n v\u00e0 s\u1ea1ch tuy\u1ec7t \u0111\u1ed1i.<\/p>\n<p style=\"font-weight: 400;\">\u0110\u00e3 xu\u1ea5t kh\u1ea9u \u0111\u1ebfn Nh\u1eadt B\u1ea3n, H\u00e0n Qu\u1ed1c, M\u1ef9, Irac, Israel, Trung \u0110\u00f4ng, Trung Qu\u1ed1c\u2026<\/p>","protected":false},"featured_media":13711,"comment_status":"open","ping_status":"closed","template":"","meta":{"_acf_changed":false},"product_cat":[316,366,398,22,313],"product_tag":[],"class_list":{"0":"post-13709","1":"product","2":"type-product","3":"status-publish","4":"has-post-thumbnail","6":"product_cat-che-bien-tu-rau-cu-qua-hat","7":"product_cat-hang-cnnt-cap-qg","8":"product_cat-san-pham-cnnt-tb-cap-qg-2021","9":"product_cat-sanphamthucpham","10":"product_cat-thuc-pham-che-bien","12":"first","13":"instock","14":"shipping-taxable","15":"product-type-simple"},"acf":[],"_links":{"self":[{"href":"https:\/\/b2c.fairs.vn\/en\/wp-json\/wp\/v2\/product\/13709","targetHints":{"allow":["GET"]}}],"collection":[{"href":"https:\/\/b2c.fairs.vn\/en\/wp-json\/wp\/v2\/product"}],"about":[{"href":"https:\/\/b2c.fairs.vn\/en\/wp-json\/wp\/v2\/types\/product"}],"replies":[{"embeddable":true,"href":"https:\/\/b2c.fairs.vn\/en\/wp-json\/wp\/v2\/comments?post=13709"}],"version-history":[{"count":0,"href":"https:\/\/b2c.fairs.vn\/en\/wp-json\/wp\/v2\/product\/13709\/revisions"}],"wp:featuredmedia":[{"embeddable":true,"href":"https:\/\/b2c.fairs.vn\/en\/wp-json\/wp\/v2\/media\/13711"}],"wp:attachment":[{"href":"https:\/\/b2c.fairs.vn\/en\/wp-json\/wp\/v2\/media?parent=13709"}],"wp:term":[{"taxonomy":"product_cat","embeddable":true,"href":"https:\/\/b2c.fairs.vn\/en\/wp-json\/wp\/v2\/product_cat?post=13709"},{"taxonomy":"product_tag","embeddable":true,"href":"https:\/\/b2c.fairs.vn\/en\/wp-json\/wp\/v2\/product_tag?post=13709"}],"curies":[{"name":"wp","href":"https:\/\/api.w.org\/{rel}","templated":true}]}}