{"id":13700,"date":"2024-04-01T13:54:03","date_gmt":"2024-04-01T06:54:03","guid":{"rendered":"https:\/\/b2c.fairs.vn\/?post_type=product&#038;p=13700"},"modified":"2024-04-01T13:54:04","modified_gmt":"2024-04-01T06:54:04","slug":"mam-tom-ngon-hu-thuy-tinh","status":"publish","type":"product","link":"https:\/\/b2c.fairs.vn\/en\/product\/mam-tom-ngon-hu-thuy-tinh\/","title":{"rendered":"M\u1eafm t\u00f4m ngon h\u0169 th\u1ee7y tinh"},"content":{"rendered":"<h1><strong>M\u1eaeM T\u00d4M NGON L\u00ca GIA \u2013 \u0110\u1eacM \u0110\u00c0 V\u1eca TRUY\u1ec0N TH\u1ed0NG\u00a0<\/strong><\/h1>\n<h2><span id=\"1-THONG-TIN-SAN-PHAM-MAM-TOM-LE-GIA\" class=\"ez-toc-section\"><\/span><strong>1. TH\u00d4NG TIN S\u1ea2N PH\u1ea8M M\u1eaeM T\u00d4M L\u00ca GIA<\/strong><\/h2>\n<p>T\u1eeb\u00a0<strong>con t\u00f4m<\/strong>\u00a0(ru\u1ed1c\/khuy\u1ebft\/moi)\u00a0<strong>bi\u1ec3n t\u01b0\u01a1i<\/strong>\u00a0tr\u1ed9n<strong>\u00a0mu\u1ed1i h\u1ea1t tinh khi\u1ebft<\/strong>, \u1ee7 l<strong>\u00ean men t\u1ef1 nhi\u00ean<\/strong>\u00a0trong th\u00f9ng g\u1ed7 theo\u00a0<strong>ph\u01b0\u01a1ng ph\u00e1p n\u00e9n g\u00e0i truy\u1ec1n th\u1ed1ng<\/strong>. Sau 12 th\u00e1ng ch\u0103m s\u00f3c, nh\u1eefng m\u1ebb m\u1eafm\u00a0<strong>th\u01a1m d\u1ecbu, v\u1ecb thanh, m\u00e0u sim ch\u00edn ho\u00e0n to\u00e0n t\u1ef1 nhi\u00ean<\/strong>\u00a0\u0111\u01b0\u1ee3c t\u1ea1o th\u00e0nh\u00a0<strong>m\u1eafm t\u00f4m L\u00ea Gia.<\/strong><\/p>\n<p><img fetchpriority=\"high\" decoding=\"async\" class=\"aligncenter wp-image-5833\" src=\"https:\/\/nuocmamlegia.com\/wp-content\/uploads\/2019\/08\/Cha-ca-mam-tom-Le-Gia.jpg\" alt=\"\" width=\"720\" height=\"540\" \/><\/p>\n<h3><span id=\"-11-Chi-tieu-chat-luong\" class=\"ez-toc-section\"><\/span><strong>\u00a01.1\u00a0<em>Ch\u1ec9 ti\u00eau ch\u1ea5t l\u01b0\u1ee3ng\u00a0<\/em><\/strong><strong><em>\u00a0<\/em><\/strong><\/h3>\n<ul>\n<li>\u0110\u1ea1m t\u1ed5ng s\u1ed1: &gt;15 gN\/kg<\/li>\n<li>Th\u00e0nh ph\u1ea7n: Moi bi\u1ec3n t\u01b0\u01a1i (80%), mu\u1ed1i th\u1ef1c ph\u1ea9m (20%)<\/li>\n<li>M\u00e0u s\u1eafc:\u00a0<strong>H\u1ed3ng t\u00edm \u0111\u1ebfn sim<\/strong><\/li>\n<li>M\u00f9i:\u00a0<strong>M\u00f9i th\u01a1m d\u1ecbu t\u1ef1 nhi\u00ean<\/strong><\/li>\n<li>V\u1ecb:\u00a0<strong>Ng\u1ecdt \u0111\u1eadm, h\u1eadu v\u1ecb Thanh<\/strong><\/li>\n<\/ul>\n<p>&gt;&gt;&gt;&gt;\u00a0<a href=\"https:\/\/bnews.vn\/le-gia-tu-mam-tom-truyen-thong-den-san-pham-ocop-5-sao-quoc-gia\/202854.html\" target=\"_blank\" rel=\"noopener noreferrer\"><strong>L\u00ea Gia \u2013 T\u1eeb m\u1eafm t\u00f4m truy\u1ec1n th\u1ed1ng \u0111\u1ebfn s\u1ea3n ph\u1ea9m OCOP 5 sao qu\u1ed1c gia\u200b<\/strong><\/a><\/p>\n<p>&nbsp;<\/p>\n<h3><span id=\"12-Quy-cach-dong\" class=\"ez-toc-section\"><\/span><strong><em>1.2 Quy c\u00e1ch \u0111\u00f3ng\u00a0<\/em><\/strong><strong><em>\u00a0<\/em><\/strong><\/h3>\n<ul>\n<li>H\u0169 th\u1ee7y tinh 280g, 150g<\/li>\n<li>chai nh\u1ef1a 110g, 280g, 800g, can 2kg, can 5kg, 23kg<\/li>\n<\/ul>\n<h3><span id=\"13-Diem-noi-bat-san-pham\" class=\"ez-toc-section\"><\/span><strong>1.3\u00a0<\/strong><strong>\u0110i\u1ec3m n\u1ed5i b\u1eadt s\u1ea3n ph\u1ea9m<\/strong><\/h3>\n<ul>\n<li>S\u1ea3n ph\u1ea9m \u0111\u01b0\u1ee3c ch\u1ecdn l\u1ecdc t\u1eeb T\u00e9p bi\u1ec3n t\u01b0\u01a1i \u1ee7 v\u1edbi mu\u1ed1i h\u1ea1t trong th\u00f9ng g\u1ed7,\u00a0<strong>theo quy tr\u00ecnh chu\u1ea9n HACCP, ISO 22000<\/strong><\/li>\n<li><strong>M\u1eafm t\u00f4m s\u1ea1ch truy\u1ec1n th\u1ed1ng<\/strong>, kh\u00f4ng h\u00f3a ch\u1ea5t, ho\u00e0n to\u00e0n t\u1ef1 nhi\u00ean<\/li>\n<li>Ng\u1ecdt b\u00f9i v\u1ecb \u0111\u1ea1m \u2013 th\u01a1m b\u00f9i v\u1ecb m\u1eafm \u2013 m\u00f9i d\u1ecbu nh\u1eb9 \u2013 v\u1ecb ng\u1ecdt thanh<\/li>\n<\/ul>\n<p><img decoding=\"async\" class=\"aligncenter wp-image-7133\" src=\"https:\/\/nuocmamlegia.com\/wp-content\/uploads\/2021\/11\/z2615791826110_d6b9a4f34bae5659ed9423b93b42b214-min.jpg\" alt=\"\" width=\"720\" height=\"540\" \/><\/p>\n<p>&gt;&gt;&gt;&gt;\u00a0<strong><a href=\"http:\/\/https\/\/www.youtube.com\/watch?v=JeDKj52zBdc\">M\u1eaeM T\u00d4M L\u00ca GIA \u0110\u1ea0T OCOP 5 SAO QU\u1ed0C GIA<\/a><\/strong><\/p>\n<h2><span id=\"2-QUY-TRINH-SAN-XUAT-MAM-TOM-LE-GIA\" class=\"ez-toc-section\"><\/span><b>2. QUY TR\u00ccNH S\u1ea2N XU\u1ea4T M\u1eaeM T\u00d4M L\u00ca GIA\u00a0<\/b><\/h2>\n<h3><span id=\"21-Chon-loc-ky-luong-nguon-nguyen-lieu\" class=\"ez-toc-section\"><\/span><strong>2.1 Ch\u1ecdn l\u1ecdc k\u1ef9 l\u01b0\u1ee1ng ngu\u1ed3n nguy\u00ean li\u1ec7u<\/strong><\/h3>\n<ul>\n<li><strong>Ch\u1ecdn l\u1ecdc Moi h\u00eau t\u01b0\u01a1i xanh:\u00a0\u00a0<\/strong><\/li>\n<\/ul>\n<p>Nguy\u00ean li\u1ec7u l\u00e0m m\u1eafm L\u00ea Gia \u0111\u01b0\u1ee3c l\u00e0m t\u1eeb con t\u00f4m bi\u1ec3n \u2013 c\u00f3 t\u00ean khoa h\u1ecdc l\u00e0 Acetes japonicus (c\u00f2n g\u1ecdi l\u00e0 con ru\u1ed1c, t\u00f4m bi\u1ec3n\/moi ). Moi ph\u1ea3i ch\u1ecdn l\u1ecdc t\u1eeb lo\u1ea1i moi \u0111i H\u00eau \u2013 l\u00e0 lo\u1ea1i moi \u0111\u01b0\u1ee3c s\u1ed1ng\u00a0 \u1edf t\u1ea7ng m\u1eb7t, n\u00ean r\u00e2t s\u1ea1ch, \u0111\u01b0\u1ee3c v\u1edbt l\u00ean r\u1ed3i r\u1eeda\u00a0 ngay tr\u00ean bi\u1ec3n, x\u1ebfp v\u00e0o gi\u00e1 b\u00ea cho r\u00e1o n\u01b0\u1edbc. Moi \u0111\u01b0\u1ee3c \u0111\u00e1nh b\u1eaft v\u00e0o \u0111\u00fang v\u1ee5 l\u00fac moi tr\u01b0\u1edfng th\u00e0nh, nhi\u1ec1u th\u1ecbt v\u00e0 v\u1ecf m\u1ecfng \u00a0. M\u1ea5u ch\u1ed1t quy\u1ebft \u0111\u1ecbnh ch\u1ea5t l\u01b0\u1ee3ng s\u1ea3n ph\u1ea9m m\u1eafm l\u00e0 vi\u1ec7c l\u1ef1a ch\u1ecdn lo\u1ea1i moi tr\u01b0\u1edfng th\u00e0nh, nhi\u1ec1u th\u1ecbt, v\u1ecf m\u1ecfng t\u01b0\u01a1i xanh, \u0111\u01b0\u1ee3c \u0111\u1ec3 r\u00e1o n\u01b0\u1edbc r\u1ed3i ti\u1ebfn h\u00e0nh \u1ee7 mu\u1ed1i ngay khi l\u00ean b\u1edd \u0111\u1ec3 \u0111\u1ea3m b\u1ea3o cho ra s\u1ea3n ph\u1ea9m c\u00f3 ch\u1ea5t l\u01b0\u1ee3ng t\u1ed1t nh\u1ea5t.<\/p>\n<p><img decoding=\"async\" class=\"aligncenter wp-image-6974\" src=\"https:\/\/nuocmamlegia.com\/wp-content\/uploads\/2021\/08\/z2624595092628_aac1be7f005ce6c7a0c657e6d3be26b0.jpg\" alt=\"\" width=\"720\" height=\"540\" \/><\/p>\n<p><em>T<\/em><em>\u00f4m\u00a0<\/em><em>bi\u1ec3n t\u01b0\u01a1i, v\u1ecf m\u1ecfng, nhi\u1ec1u th\u1ecbt l\u00e0 m\u1ea5u ch\u1ed1t \u0111\u1ec3 c\u00f3 \u0111\u01b0\u1ee3c m\u1eafm t<\/em><em>\u00f4m\u00a0<\/em><em>ngon<\/em><\/p>\n<ul>\n<li><strong>Ch\u1ecdn l\u1ecdc mu\u1ed1i h\u1ea1t tinh khi\u1ebft \u0111\u1ec3 l\u00e2u<\/strong><\/li>\n<\/ul>\n<p>Mu\u1ed1i d\u00f9ng m\u1eafm L\u00ea Gia l\u00e0 mu\u1ed1i bi\u1ec3n tinh khi\u1ebft \u0111\u01b0\u1ee3c l\u1ea5y t\u1eeb v\u00f9ng mu\u1ed1i B\u00e0 R\u1ecba v\u00e0 Ninh Thu\u1eadn, n\u01a1i l\u00e0m ra nh\u1eefng h\u1ea1t mu\u1ed1i (l\u00e0m tr\u00ean b\u1ea1t) n\u00ean tr\u1eafng tinh, \u00a0\u0111\u1ed9 m\u1eb7n thu\u1ea7n khi\u1ebft \u00a0v\u00e0 l\u01b0u kho trong 2 n\u0103m cho ch\u1ea3y h\u1ebft th\u00e0nh ph\u1ea7n g\u00e2y ra m\u00f9i v\u1ecb b\u1ea5t l\u1ee3i.<\/p>\n<p>Sau 2 n\u0103m, nh\u1eefng h\u1ea1t mu\u1ed1i kh\u00f4, khi \u0111\u00f3 \u0111\u01b0\u1ee3c mang \u0111i l\u00e0m m\u1eafm b\u1edfi v\u00ec<\/p>\n<ul>\n<li>Mu\u1ed1i \u0111\u00e3 ch\u1ea3y h\u1ebft ion K<sup>+<\/sup>\u00a0g\u00e2y ra v\u1ecb nh\u1eabn \u0111\u1eafng<\/li>\n<li>Mu\u1ed1i \u0111\u00e3 ch\u1ea3y h\u1ebft ion Mg<sup>++<\/sup>\u00a0g\u00e2y ra v\u1ecb n\u00f3ng r\u00e1t c\u1ed5<\/li>\n<li>Mu\u1ed1i \u0111\u00e3 ch\u1ea3y h\u1ebft ion Ca<sup>++\u00a0<\/sup>g\u00e2y ra v\u1ecb ch\u00e1t<\/li>\n<\/ul>\n<p><img loading=\"lazy\" decoding=\"async\" class=\"aligncenter size-full wp-image-4029\" src=\"https:\/\/nuocmamlegia.com\/wp-content\/uploads\/2020\/11\/mu%E1%BB%91i.jpg\" alt=\"\" width=\"720\" height=\"585\" \/><\/p>\n<p><em>Mu\u1ed1i h\u1ea1t tinh khi\u1ebft \u0111\u1ec3 l\u00e2u g\u00f3p ph\u1ea7n l\u00e0m n\u00ean v\u1ecb ng\u1ecdt \u00eam c\u1ee7a m\u1eafm.<\/em><\/p>\n<p>Moi \u0111\u01b0\u1ee3c tr\u1ed9n v\u1edbi mu\u1ed1i theo t\u1ec9 l\u1ec7 v\u00e0ng, r\u1ed3i \u0111em xay nhuy\u1ec5n r\u1ed3i ph\u01a1i n\u1eafng l\u1ea5y nhi\u1ec7t (12-48h) tr\u01b0\u1edbc khi \u0111em \u1ee7 trong th\u00f9ng g\u1ed7<\/p>\n<h3><span id=\"22-Ngam-u-trong-thung-go\" class=\"ez-toc-section\"><\/span><strong>2.2 Ng\u00e2m \u1ee7 trong th\u00f9ng g\u1ed7<\/strong><\/h3>\n<p>\u0110i\u1ec1u \u0111\u1eb7c bi\u1ec7t trong c\u00e1ch l\u00e0m m\u1eafm t\u00f4m L\u00ea Gia l\u00e0 vi\u1ec7c ng\u00e2m \u1ee7 m\u1eafm trong c\u00e1c th\u00f9ng g\u1ed7 B\u1eddi L\u1eddi, \u0111\u1eb7t trong nh\u00e0 t\u00f4n k\u00edn.<\/p>\n<p>G\u1ed7 B\u1eddi L\u1eddi l\u00e0 g\u1ed7 ch\u1ecbu m\u1eb7n, d\u00f9ng l\u00e0m th\u00f9ng g\u1ed7 \u1ee7 m\u1eafm, l\u00e0 n\u01a1i enzim ph\u00e1t tri\u1ec3n t\u1ef1 nhi\u00ean v\u00e0 cho ra s\u1ea3n ph\u1ea9m c\u00f3\u00a0 m\u00f9i v\u1ecb \u0111\u1eb7c tr\u01b0ng, th\u01a1m ngon.<\/p>\n<p>Vi\u1ec7c \u1ee7 moi trong th\u00f9ng g\u1ed7 trong nh\u00e0 t\u00f4n k\u00edn, kh\u00f4ng ch\u1ec9 \u0111\u1ea3m b\u1ea3o an to\u00e0n v\u1ec7 sinh th\u1ef1c ph\u1ea9m m\u00e0 c\u00f2n gi\u00fap cho qu\u00e1 tr\u00ecnh l\u00ean men s\u1ea3n ph\u1ea9m \u0111\u01b0\u1ee3c di\u1ec5n ra t\u1ef1 nhi\u00ean v\u00e0 \u1ed5n \u0111\u1ecbnh d\u01b0\u1edbi nhi\u1ec7t \u0111\u1ed9 kh\u00f4ng ch\u00eanh l\u1ec7ch gi\u1eefa ng\u00e0y v\u00e0 \u0111\u00eam.<\/p>\n<p>V\u00ec \u0111\u01b0\u1ee3c ch\u1ecdn l\u1ecdc k\u1ef9 l\u01b0\u1ee1ng ngu\u1ed3n nguy\u00ean li\u1ec7u, v\u1edbi n\u1ed3ng \u0111\u1ed9 mu\u1ed1i \u0111\u1ee7, c\u00f9ng k\u1ef9 thu\u1eadt gia truy\u1ec1n bao \u0111\u1eddi, qu\u00e1 tr\u00ecnh l\u00ean men th\u1ed1i b\u1ecb \u1ee9c ch\u1ebf t\u1ed1i \u0111a, khi\u1ebfn m\u1eafm c\u00f3 m\u00f9i th\u01a1m d\u1ecbu t\u1ef1 nhi\u00ean. M\u1eafm kh\u00f4ng b\u1ecb h\u00f4i, \u0111en do l\u00e0m l\u01b0\u1ee3ng \u0111\u1ea1m th\u1ed1i kh\u00f4ng \u0111\u00e1ng k\u1ec3.<\/p>\n<p>Qu\u00e1 tr\u00ecnh ph\u00e2n gi\u1ea3i protein trong th\u1ecbt moi th\u00e0nh acid amin \u0111\u01b0\u1ee3c th\u1ef1c hi\u1ec7n m\u1ed9t c\u00e1ch tri\u1ec7t \u0111\u1ec3, thu\u1eadn l\u1ee3i khi\u1ebfn cho h\u00e0m l\u01b0\u1ee3ng acid amin trong m\u1eafm t\u00f4m L\u00ea Gia cao t\u1ef1 nhi\u00ean, gi\u00fap s\u1ea3n ph\u1ea9m c\u00f3 v\u1ecb ng\u1ecdt h\u1eadu.<\/p>\n<p>Sau 10-12 th\u00e1ng, \u0111\u01b0\u1ee3c ch\u0103m s\u00f3c t\u1ec9 m\u1ec9, c\u1ea9n th\u1eadn, s\u1ea3n ph\u1ea9m m\u1eafm ch\u00edn c\u00f3 m\u00f9i th\u01a1m b\u00f9i d\u1ecbu nh\u1eb9, h\u1eadu v\u1ecb thanh v\u00e0 m\u00e0u sim ch\u00edn.<\/p>\n<p><img loading=\"lazy\" decoding=\"async\" class=\"aligncenter wp-image-5493\" src=\"https:\/\/nuocmamlegia.com\/wp-content\/uploads\/2021\/04\/le-gia-mam-tom-le-gia-duoc-san-xuat-trong-thung-go-theo-chuan-HACCP.jpg.webp\" alt=\"\" width=\"720\" height=\"480\" \/><\/p>\n<p><em>M\u1eafm t\u00f4m \u0111\u01b0\u1ee3c \u1ee7 trong th\u00f9ng g\u1ed7 \u2013 l\u00ean men t\u1ef1 nhi\u00ean trong nh\u00e0 t\u00f4n k\u00edn<\/em><\/p>\n<h3><span id=\"23-Kiem-dinh-va-dong-chai\" class=\"ez-toc-section\"><\/span><strong>2.3 Ki\u1ec3m \u0111\u1ecbnh v\u00e0 \u0111\u00f3ng chai<\/strong><\/h3>\n<p>S\u1ea3n ph\u1ea9m \u0111\u01b0\u1ee3c s\u00e0ng l\u1ecdc, ki\u1ec3m \u0111\u1ecbnh ch\u1ea5t l\u01b0\u1ee3ng theo quy tr\u00ecnh HACCP v\u00e0 ki\u1ec3m \u0111\u1ecbnh l\u00f4 s\u1ea3n ph\u1ea9m \u0111\u1ecbnh k\u1ef3 tr\u01b0\u1edbc khi ti\u1ebfn h\u00e0nh \u0111\u00f3ng chai.<\/p>\n<p><img loading=\"lazy\" decoding=\"async\" class=\"aligncenter size-full wp-image-6159\" src=\"https:\/\/nuocmamlegia.com\/wp-content\/uploads\/2019\/08\/ki%E1%BB%83m-%C4%91%E1%BB%8Bnh-m%E1%BA%AFm-t%C3%B4m-2.jpg\" alt=\"\" width=\"497\" height=\"703\" \/><\/p>\n<p><img loading=\"lazy\" decoding=\"async\" class=\"aligncenter size-medium wp-image-6160\" src=\"https:\/\/nuocmamlegia.com\/wp-content\/uploads\/2019\/08\/ki%E1%BB%83m-%C4%91%E1%BB%8Bnh-m%E1%BA%AFm-t%C3%B4m.jpg\" alt=\"\" width=\"570\" height=\"738\" \/><\/p>\n<p><em>M\u1eafm t\u00f4m L\u00ea Gia lu\u00f4n \u0111\u01b0\u1ee3c ki\u1ec3m so\u00e1t ch\u1ea5t l\u01b0\u1ee3ng ch\u1eb7t ch\u1ebd<\/em><\/p>\n<p><em>Kh\u1eb3ng \u0111\u1ecbnh \u0111\u01b0\u1ee3c ch\u1ea5t l\u01b0\u1ee3ng v\u01b0\u1ee3t tr\u1ed9i v\u1edbi m\u00f9i th\u01a1m b\u00f9i v\u1ecb ng\u1ecdt thanh v\u00e0 ho\u00e0n to\u00e0n t\u1ef1 nhi\u00ean, m\u1eafm t\u00f4m L\u00ea Gia \u0111\u00e3 chinh ph\u1ee5c \u0111\u01b0\u1ee3c c\u00e1c kh\u00e1ch h\u00e0ng kh\u00f3 t\u00ednh trong v\u00e0 ngo\u00e0i n\u01b0\u1edbc. M\u1eafm t\u00f4m L\u00ea Gia \u0111\u00e3 xu\u1ea5t kh\u1ea9u v\u00e0 c\u00f3 m\u1eb7t t\u1ea1i c\u00e1c qu\u1ed1c gia Nh\u1eadt B\u1ea3n, H\u00e0n Qu\u1ed1c, \u0110\u00e0i Loan, Nga, Nam Phi, Panama. Vi\u1ec7c xu\u1ea5t kh\u1ea9u s\u1ea3n ph\u1ea9m \u0111\u01b0\u1ee3c v\u00ed nh\u01b0: h\u1ed9 chi\u1ebfu \u1ea9m th\u1ef1c c\u1ee7a ng\u01b0\u1eddi Vi\u1ec7t, kh\u00f4ng ch\u1ec9 l\u00e0 ho\u1ea1t \u0111\u1ed9ng kinh t\u1ebf \u2013 th\u01b0\u01a1ng m\u1ea1i thu\u1ea7n t\u00fay m\u00e0 c\u00f2n l\u00e0 xu\u1ea5t kh\u1ea9u \u0111\u01b0\u1ee3c v\u0103n h\u00f3a cha \u00f4ng \u0111\u1ebfn b\u1ea1n b\u00e8 qu\u1ed1c t\u1ebf.<\/em><\/p>\n<p>N\u01b0\u1edbc m\u1eafm v\u00e0 m\u1eafm t\u00f4m L\u00ea Gia l\u00e0 s\u1ea3n ph\u1ea9m duy nh\u1ea5t \u0111\u01b0\u1ee3c UBND t\u1ec9nh Thanh H\u00f3a l\u1ef1a ch\u1ecdn \u0111\u1ec1 xu\u1ea5t x\u00e9t duy\u1ec7t cho s\u1ea3n ph\u1ea9m 5* OCOP TW. OCOP 5* l\u00e0 s\u1ea3n ph\u1ea9m ch\u1ee7 l\u1ef1c qu\u1ed1c gia, \u0111\u01b0\u1ee3c x\u00e9t duy\u1ec7t kh\u1eaft khe b\u1edfi h\u1ed3i \u0111\u1ed3ng c\u00e1c b\u1ed9 ng\u00e0nh,l\u00e0 minh ch\u1ee9ng cho ch\u1ea5t l\u01b0\u1ee3ng v\u00e0 t\u00ednh t\u00e1c \u0111\u1ed9ng x\u00e3 h\u1ed9i c\u1ee7a s\u1ea3n ph\u1ea9m.<\/p>\n<p><strong>&gt;&gt;&gt;&gt;&gt;\u00a0<\/strong><a href=\"http:\/\/nongthonmoi.dienbien.gov.vn\/vi\/news\/moi-xa-moi-san-pham-ocop\/43-san-pham-duoc-cac-dia-phuong-de-nghi-trung-uong-danh-gia-phan-hang-cap-5-sao-236.html\" target=\"_blank\" rel=\"noopener noreferrer\"><strong>S\u1ea2N PH\u1ea8M \u0110\u01af\u1ee2C \u0110\u1ecaA PH\u01af\u01a0NG \u0110\u1ec0 NGH\u1eca TRUNG \u01af\u01a0NG \u0110\u00c1NH GI\u00c1 PH\u00c2N H\u1ea0NG C\u1ea4P 5*\u00a0<\/strong><\/a><\/p>\n<h2><span id=\"3-BI-QUYET-GIUP-MAM-TOM-LE-GIA-THOM-NGON-KHAC-BIET\" class=\"ez-toc-section\"><\/span><strong>3. B\u00cd QUY\u1ebeT GI\u00daP M\u1eaeM T\u00d4M L\u00ca GIA TH\u01a0M NGON KH\u00c1C BI\u1ec6T<\/strong><\/h2>\n<p><strong>Ch\u1ecdn l\u1ecdc moi (ru\u1ed1c) h\u00eau t\u01b0\u01a1i xanh:\u00a0\u00a0<\/strong>M\u1ea5u ch\u1ed1t quy\u1ebft \u0111\u1ecbnh ch\u1ea5t l\u01b0\u1ee3ng s\u1ea3n ph\u1ea9m m\u1eafm l\u00e0 vi\u1ec7c l\u1ef1a ch\u1ecdn lo\u1ea1i moi tr\u01b0\u1edfng th\u00e0nh, nhi\u1ec1u th\u1ecbt, v\u1ecf m\u1ecfng t\u01b0\u01a1i xanh, \u0111\u01b0\u1ee3c \u0111\u1ec3 r\u00e1o n\u01b0\u1edbc r\u1ed3i ti\u1ebfn h\u00e0nh \u1ee7 mu\u1ed1i ngay khi l\u00ean b\u1edd \u0111\u1ec3 \u0111\u1ea3m b\u1ea3o cho ra s\u1ea3n ph\u1ea9m c\u00f3 ch\u1ea5t l\u01b0\u1ee3ng t\u1ed1t nh\u1ea5t.<\/p>\n<p><strong>Mu\u1ed1i h\u1ea1t tinh khi\u1ebft, \u0111\u00e3 l\u01b0u kho 2 n\u0103m\u00a0:\u00a0<\/strong>Mu\u1ed1i d\u00f9ng m\u1eafm L\u00ea Gia l\u00e0 mu\u1ed1i bi\u1ec3n tinh khi\u1ebft \u0111\u01b0\u1ee3c l\u1ea5y t\u1eeb v\u00f9ng mu\u1ed1i B\u00e0 R\u1ecba v\u00e0 Ninh Thu\u1eadn, n\u01a1i l\u00e0m ra nh\u1eefng h\u1ea1t mu\u1ed1i (l\u00e0m tr\u00ean b\u1ea1t) n\u00ean tr\u1eafng tinh,\u00a0 \u0111\u1ed9 m\u1eb7n thu\u1ea7n khi\u1ebft\u00a0 v\u00e0 l\u01b0u kho trong 2 n\u0103m cho ch\u1ea3y h\u1ebft th\u00e0nh ph\u1ea7n g\u00e2y ra m\u00f9i v\u1ecb b\u1ea5t l\u1ee3i.<\/p>\n<p>Sau 2 n\u0103m, nh\u1eefng h\u1ea1t mu\u1ed1i kh\u00f4, khi \u0111\u00f3 \u0111\u01b0\u1ee3c mang \u0111i l\u00e0m m\u1eafm b\u1edfi v\u00ec<\/p>\n<p>\u2013 Mu\u1ed1i \u0111\u00e3 ch\u1ea3y h\u1ebft ion K<sup>+<\/sup>\u00a0g\u00e2y ra v\u1ecb nh\u1eabn \u0111\u1eafng<\/p>\n<p>\u2013 Mu\u1ed1i \u0111\u00e3 ch\u1ea3y h\u1ebft ion Mg<sup>++<\/sup>\u00a0g\u00e2y ra v\u1ecb n\u00f3ng r\u00e1t c\u1ed5<\/p>\n<p>\u2013 Mu\u1ed1i \u0111\u00e3 ch\u1ea3y h\u1ebft ion Ca<sup>++\u00a0<\/sup>\u00a0g\u00e2y ra v\u1ecb ch\u00e1t<\/p>\n<p><img loading=\"lazy\" decoding=\"async\" class=\"aligncenter wp-image-6972\" src=\"https:\/\/nuocmamlegia.com\/wp-content\/uploads\/2021\/08\/quy-trinh-san-xuat-mam-tom-le-gia.jpg\" alt=\"\" width=\"720\" height=\"720\" \/><\/p>\n<p><em>Quy tr\u00ecnh s\u1ea3n xu\u1ea5t m\u1eafm t\u00f4m L\u00ea Gia\u00a0<\/em><\/p>\n<p><strong>\u1ee6 m\u1eafm trong th\u00f9ng g\u1ed7 B\u1eddi L\u1eddi:\u00a0\u00a0<\/strong>Vi\u1ec7c \u1ee7 moi trong th\u00f9ng g\u1ed7 \u0111\u1eb7t t\u1ea1i nh\u00e0 t\u00f4n k\u00edn, kh\u00f4ng ch\u1ec9 \u0111\u1ea3m b\u1ea3o an to\u00e0n v\u1ec7 sinh th\u1ef1c ph\u1ea9m m\u00e0 c\u00f2n gi\u00fap cho qu\u00e1 tr\u00ecnh l\u00ean men s\u1ea3n ph\u1ea9m \u0111\u01b0\u1ee3c di\u1ec5n ra t\u1ef1 nhi\u00ean v\u00e0 \u1ed5n \u0111\u1ecbnh d\u01b0\u1edbi nhi\u1ec7t \u0111\u1ed9 kh\u00f4ng ch\u00eanh l\u1ec7ch gi\u1eefa ng\u00e0y v\u00e0 \u0111\u00eam.<\/p>\n<p>V\u00ec \u0111\u01b0\u1ee3c ch\u1ecdn l\u1ecdc k\u1ef9 l\u01b0\u1ee1ng ngu\u1ed3n nguy\u00ean li\u1ec7u, v\u1edbi n\u1ed3ng \u0111\u1ed9 mu\u1ed1i \u0111\u1ee7, c\u00f9ng k\u1ef9 thu\u1eadt gia truy\u1ec1n, qu\u00e1 tr\u00ecnh l\u00ean men th\u1ed1i b\u1ecb \u1ee9c ch\u1ebf t\u1ed1i \u0111a, khi\u1ebfn m\u1eafm c\u00f3 m\u00f9i th\u01a1m d\u1ecbu t\u1ef1 nhi\u00ean. Qu\u00e1 tr\u00ecnh l\u00ean men, th\u1ee7y gi\u1ea3i t\u1eed protein trong th\u1ecbt moi th\u00e0nh acid amin \u0111\u01b0\u1ee3c th\u1ef1c hi\u1ec7n m\u1ed9t c\u00e1ch tri\u1ec7t \u0111\u1ec3, thu\u1eadn l\u1ee3i khi\u1ebfn cho h\u00e0m l\u01b0\u1ee3ng acid amin trong m\u1eafm t\u00f4m L\u00ea Gia cao t\u1ef1 nhi\u00ean, gi\u00fap s\u1ea3n ph\u1ea9m c\u00f3 v\u1ecb ng\u1ecdt h\u1eadu.<\/p>\n<h2><span id=\"4-NHUNG-MON-KHONG-THE-TRON-VI-NEU-THIEU-MAM-TOM\" class=\"ez-toc-section\"><\/span>4. NH\u1eeeNG M\u00d3N KH\u00d4NG TH\u1ec2 TR\u00d2N V\u1eca N\u1ebeU THI\u1ebeU M\u1eaeM T\u00d4M<\/h2>\n<p><em>\u00a0<\/em>B\u00ecnh d\u00e2n nh\u01b0 m\u00f3n canh ri\u00eau n\u1ea5u m\u1eafm t\u00f4m k\u00e8m theo m\u1ed9t b\u00e1t c\u00e0 ph\u00e1o hay \u0111\u01a1n thu\u1ea7n ch\u1ec9 l\u00e0 th\u1ecbt lu\u1ed9c ch\u1ea5m m\u1eafm t\u00f4m (ho\u1eb7c m\u1eafm t\u00f4m ch\u01b0ng th\u1ecbt), sang ch\u1ea3nh h\u01a1n l\u00e0 c\u00e1c m\u00f3n b\u00fan \u0111\u1eadu, ch\u1ea3 c\u00e1.. t\u1ea5t c\u1ea3 h\u01b0\u01a1ng v\u1ecb qu\u00ea nh\u00e0 s\u1ebd g\u00f3i tr\u1ecdn trong b\u00e1t m\u1eafm t\u00f4m chu\u1ea9n v\u1ecb c\u00f9ng v\u1edbi c\u00e1c m\u00f3n \u0103n thu\u1ea7n Vi\u1ec7t.<\/p>\n<h3><span id=\"41-Bun-dau-mam-tom\" class=\"ez-toc-section\"><\/span><strong>4.1 B\u00fan \u0111\u1eadu m\u1eafm t\u00f4m<\/strong><\/h3>\n<p>\u0110\u1ea7u danh s\u00e1ch ph\u1ea3i k\u1ec3 ngay \u0111\u1ebfn m\u00f3n b\u00fan \u0111\u1eadu. \u0110\u00e2y l\u00e0 m\u1ed9t m\u00f3n \u0103n \u0111\u1eb7c s\u1ea3n H\u00e0 N\u1ed9i v\u1eeba \u0111\u01a1n gi\u1ea3n v\u1eeba d\u1ec5 l\u00e0m l\u1ea1i \u0111\u01b0\u1ee3c l\u00f2ng nhi\u1ec1u ng\u01b0\u1eddi \u1edf m\u1ecdi l\u1ee9a tu\u1ed5i.\u00a0 Ch\u1ec9 c\u1ea7n v\u00e0i l\u00e1t \u1edbt, m\u1ed9t ch\u00fat \u0111\u01b0\u1eddng, chanh sau \u0111\u00f3 \u0111\u00e1nh b\u1ed3ng l\u00ean t\u1ea1o th\u00e0nh l\u1edbp s\u1ee7i b\u1ecdt m\u00e0u tr\u1eafng l\u00e0 \u0111\u01b0\u1ee3c. M\u1eafm t\u00f4m l\u00fac n\u00e0y v\u1ecb \u0111\u00e3 d\u1ecbu, v\u1eeba th\u01a1m n\u1ed3ng m\u00f9i m\u1eafm, l\u1ea1i xen l\u1eabn c\u00e1i chua nh\u1eb9 nh\u00e0ng c\u1ee7a chanh t\u01b0\u01a1i, v\u00e0 cay d\u0103m d\u0103m \u0111\u1eb7c tr\u01b0ng c\u1ee7a mi\u1ebfng \u1edbt ch\u1ec9 thi\u00ean. R\u1ea5t \u0111\u01a1n gi\u1ea3n th\u1ebf th\u00f4i, nh\u01b0ng linh h\u1ed3n c\u1ee7a m\u00f3n b\u00fan \u0111\u1eadu ch\u00ednh l\u00e0 m\u1eafm t\u00f4m.<\/p>\n<p><img loading=\"lazy\" decoding=\"async\" class=\"aligncenter wp-image-7134\" src=\"https:\/\/nuocmamlegia.com\/wp-content\/uploads\/2020\/05\/z2732907002753_be3faf8d27d67ceb8061a1205c1ee42a.jpg\" alt=\"\" width=\"720\" height=\"540\" \/><\/p>\n<p><strong>B\u00fan \u1ed1c<\/strong><\/p>\n<p>N\u1ebfu b\u00fan \u0111\u1eadu m\u1eafm t\u00f4m l\u00e0 tinh hoa \u1ea9m th\u1ef1c H\u00e0 N\u1ed9i, th\u00ec b\u00fan \u1ed1c c\u0169ng \u0111\u01b0\u1ee3c m\u1ec7nh danh l\u00e0 linh h\u1ed3n thu h\u00fat kh\u00e1ch du l\u1ecbch \u0111\u1ebfn m\u1ea3nh \u0111\u1ea5t th\u00e2n th\u01b0\u01a1ng n\u00e0y. Ch\u1eb3ng c\u00f3 m\u00f3n b\u00fan n\u00e0o d\u00e2n d\u00e3, thanh cao m\u00e0 l\u1ea1i duy\u00ean d\u00e1ng nh\u01b0 b\u00fan \u1ed1c. V\u1edbi m\u00f9i th\u01a1m c\u1ee7a d\u1ea5m b\u1ed7ng v\u00e0 c\u00e0 chua b\u1ed5 cau, r\u1ed3i n\u01b0\u1edbc chua d\u00ecu d\u1ecbu, h\u00f2a c\u00f9ng v\u1edbi m\u00f9i th\u01a1m n\u1ed3ng n\u1ed3ng, m\u1eb7n m\u1eb7n, \u1ea5m \u00e1p c\u1ee7a m\u1eafm t\u00f4m t\u1ea1o th\u00e0nh m\u00f3n \u0103n \u0111\u1eb7c tr\u01b0ng c\u1ee7a S\u00e0i Th\u00e0nh.<\/p>\n<p><img loading=\"lazy\" decoding=\"async\" class=\"aligncenter size-full wp-image-1795\" src=\"https:\/\/nuocmamlegia.com\/wp-content\/uploads\/2019\/09\/bun-oc-mam-tom-le-gia-compressor.jpg\" alt=\"\" width=\"720\" height=\"480\" \/><\/p>\n<p>B\u00fan \u1ed1c v\u00e0 m\u1eafm t\u00f4m \u2013 m\u1ed9t s\u1ef1 \u0111\u1ed3ng \u0111i\u1ec7u r\u1ea5t ri\u00eang, nh\u01b0ng l\u1ea1i khi\u1ebfn ng\u01b0\u1eddi ta say m\u00ea \u0111\u1ebfn l\u1ea1. M\u00f3n b\u00fan \u1ed1c c\u1ee7a nh\u1eefng con ng\u00f5 nh\u1ecf, c\u00f9ng v\u1edbi m\u1eafm t\u00f4m c\u1ee7a nh\u1eefng c\u00e1nh \u0111\u1ed3ng. T\u1ea5t c\u1ea3 h\u00f2a quy\u1ec7n v\u00e0o nhau mang m\u1ed9t n\u00e9t v\u0103n h\u00f3a r\u1ea5t ri\u00eang.<\/p>\n<p><strong>B\u00fan ri\u00eau cua<\/strong><\/p>\n<p>B\u00fan ri\u00eau th\u00ec nh\u1ea5t \u0111\u1ecbnh ph\u1ea3i \u0103n c\u00f9ng m\u1eafm t\u00f4m. B\u1edfi, v\u1ed1n d\u0129 b\u00e1t b\u00fan ri\u00eau h\u01b0\u01a1ng v\u1ecb \u0111\u00e3 kh\u00f4ng c\u00f3 g\u00ec ph\u1ee9c t\u1ea1p, l\u1ea1i s\u1eb5n v\u1ecb chua, v\u1ecb b\u00e9o c\u1ee7a n\u01b0\u1edbc d\u00f9ng, c\u1ee7a g\u1ea1ch cua \u2013 th\u1ebf n\u00ean \u0103n k\u00e8m m\u1eafm t\u00f4m l\u1ea1i c\u00e0ng h\u1ee3p. B\u00e1t b\u00fan tr\u1edf th\u00e0nh m\u1ed9t t\u1ed5ng ho\u00e0 duy\u00ean d\u00e1ng c\u1ee7a t\u1ea5t c\u1ea3 nh\u1eefng cung b\u1eadc h\u01b0\u01a1ng v\u1ecb, b\u1ed7ng nhi\u00ean t\u1eeb r\u1ea5t thanh c\u1ea3nh, l\u1ea1i tr\u1edf n\u00ean \u0111\u1eadm \u0111\u00e0, \u0111\u1eb7c bi\u1ec7t.<\/p>\n<p><img loading=\"lazy\" decoding=\"async\" class=\"aligncenter size-full wp-image-1758\" src=\"https:\/\/nuocmamlegia.com\/wp-content\/uploads\/2019\/09\/cach-nau-bun-rieu-kieu-mien-nam-chuan-ngon-dung-dieu.jpg\" alt=\"\" width=\"720\" height=\"720\" \/><\/p>\n<p><strong>Ch\u1ea3 c\u00e1<\/strong><\/p>\n<p>Ch\u1ea3 c\u00e1 l\u00e0 m\u00f3n \u0103n tinh t\u1ebf \u0111\u01b0\u1ee3c b\u00e1o ch\u00ed v\u00e0 c\u00e1c trang \u1ea9m th\u1ef1c h\u00e0ng \u0111\u1ea7u tr\u00ean th\u1ebf gi\u1edbi ca ng\u1ee3i h\u1ebft l\u1eddi. C\u00e1 \u0111\u01b0\u1ee3c c\u1eaft ra t\u1eebng mi\u1ebfng vu\u00f4ng, to v\u00e0 d\u00e0y. Ti\u1ebfp theo, \u01b0\u1edbp v\u1edbi n\u01b0\u1edbc c\u1ed1t ri\u1ec1ng, ngh\u1ec7, m\u1ebb, h\u1ea1t ti\u00eau, m\u1eafm t\u00f4m theo m\u1ed9t c\u00f4ng th\u1ee9c b\u00ed m\u1eadt. C\u00e1 \u01b0\u1edbp \u00edt nh\u1ea5t 2 gi\u1edd \u0111\u1ed3ng h\u1ed3 r\u1ed3i k\u1eb9p v\u00e0o v\u1ec9 n\u01b0\u1edbng c\u00f3 qu\u00e9t qua m\u1ed9t l\u1edbp m\u1ee1 tr\u00e1nh cho th\u1ecbt b\u1ecb d\u00ednh.<\/p>\n<p><img loading=\"lazy\" decoding=\"async\" class=\"aligncenter wp-image-6162\" src=\"https:\/\/nuocmamlegia.com\/wp-content\/uploads\/2019\/08\/z2691853761647_1d73f58c5826c1606f4cdad98d6b5cc0.jpg\" alt=\"\" width=\"720\" height=\"540\" \/><\/p>\n<p>\u0102n ch\u1ea3 c\u00e1, ng\u01b0\u1eddi ta \u0111\u1ed5 h\u1ebft c\u00e1 v\u00e0o ch\u1ea3o m\u1ee1 \u0111ang n\u00f3ng liu riu, , r\u1ed3i \u0111\u1ea3o nhanh v\u1edbi th\u00ec l\u00e0, h\u00e0nh. C\u00e1 l\u00fac n\u00e0y ch\u00edn r\u1ed3i, v\u00e0ng \u0111\u01b0\u1ee3m, th\u01a1m n\u1ee9c m\u00f9i ri\u1ec1ng m\u1ebb v\u00e0 \u0111\u1ebfn l\u00fac n\u00e0y m\u1edbi l\u00e0 l\u00fac quan tr\u1ecdng nh\u1ea5t, khi b\u1ea1n g\u1eafp mi\u1ebfng c\u00e1 ra kh\u1ecfi ch\u1ea3o, r\u1ed3i ch\u1ea5m nh\u1eb9 v\u00e0o b\u00e1t m\u1eafm t\u00f4m. M\u1ed9t ch\u00fat h\u01a1i \u1ea5m c\u1ee7a m\u00f9i ri\u1ec1ng, h\u00f2a quy\u1ec7n v\u1edbi m\u00f9i n\u1ed3ng n\u1ed3ng c\u1ee7a m\u1eafm t\u00f4m \u00a0sao m\u00e0 h\u1ee3p th\u1ebf, ngon l\u00e0nh th\u1ebf.<\/p>\n<p><strong>B\u00fan thang<\/strong><\/p>\n<p>N\u1ebfu \u0111\u00e1nh gi\u00e1 m\u00f3n \u0103n c\u1ee7a ng\u01b0\u1eddi H\u00e0 N\u1ed9i c\u1ea7u k\u1ef3, tinh t\u1ebf th\u00ec b\u00fan thang ch\u1eafc ch\u1eafn n\u1eb1m trong danh s\u00e1ch \u0111\u00f3. B\u1edfi l\u1ebd, t\u1eeb kh\u00e2u chu\u1ea9n b\u1ecb cho \u0111\u1ebfn khi n\u1ea5u \u01b0\u1edbc t\u00ednh c\u00f3 \u0111\u1ebfn kho\u1ea3ng 20 nguy\u00ean li\u1ec7u t\u1ea1o th\u00e0nh. N\u00e0o l\u00e0 rau r\u0103m, m\u00f9i t\u00e0u, tr\u1ee9ng g\u00e0 r\u00e1n m\u1ecfng, gi\u00f2 l\u1ee5a th\u00e1i s\u1ee3i, l\u01b0\u1eddn g\u00e0 x\u00e9,\u2026 gia v\u1ecb \u0103n k\u00e8m th\u00ec c\u00f3 \u1edbt, t\u1ecfi, gi\u1ea5m, h\u1ea1t ti\u00eau v\u00e0 tuy\u1ec7t nhi\u00ean kh\u00f4ng th\u1ec3 thi\u1ebfu m\u1eafm t\u00f4m. \u0110\u00e2y ch\u00ednh l\u00e0 s\u1ee3i d\u00e2y v\u00f4 h\u00ecnh g\u1eafn k\u1ebft c\u00e1c nguy\u00ean li\u1ec7u l\u1ea1i c\u00f9ng nhau, gi\u00fap cho n\u01b0\u1edbc d\u00f9ng n\u00f3ng h\u1ed5i c\u00e0ng d\u1eady m\u00f9i quy\u1ebfn r\u0169.<\/p>\n<p><img loading=\"lazy\" decoding=\"async\" class=\"aligncenter wp-image-4373\" src=\"https:\/\/nuocmamlegia.com\/wp-content\/uploads\/2020\/12\/B%C3%BAn-thang-1-1.png\" alt=\"\" width=\"720\" height=\"482\" \/><\/p>","protected":false},"excerpt":{"rendered":"<p>M\u1eaeM T\u00d4M NGON L\u00ca GIA \u2013 \u0110\u1eacM \u0110\u00c0 V\u1eca TRUY\u1ec0N TH\u1ed0NG\u00a0 1. TH\u00d4NG TIN S\u1ea2N PH\u1ea8M M\u1eaeM T\u00d4M L\u00ca GIA<\/p>","protected":false},"featured_media":13715,"comment_status":"open","ping_status":"closed","template":"","meta":{"_acf_changed":false},"product_cat":[318,366,398,22,319],"product_tag":[],"class_list":{"0":"post-13700","1":"product","2":"type-product","3":"status-publish","4":"has-post-thumbnail","6":"product_cat-gia-vi","7":"product_cat-hang-cnnt-cap-qg","8":"product_cat-san-pham-cnnt-tb-cap-qg-2021","9":"product_cat-sanphamthucpham","10":"product_cat-tuong-nuoc-mam-gia-vi-dang-long-khac","12":"first","13":"instock","14":"shipping-taxable","15":"purchasable","16":"product-type-simple"},"acf":[],"_links":{"self":[{"href":"https:\/\/b2c.fairs.vn\/en\/wp-json\/wp\/v2\/product\/13700","targetHints":{"allow":["GET"]}}],"collection":[{"href":"https:\/\/b2c.fairs.vn\/en\/wp-json\/wp\/v2\/product"}],"about":[{"href":"https:\/\/b2c.fairs.vn\/en\/wp-json\/wp\/v2\/types\/product"}],"replies":[{"embeddable":true,"href":"https:\/\/b2c.fairs.vn\/en\/wp-json\/wp\/v2\/comments?post=13700"}],"version-history":[{"count":0,"href":"https:\/\/b2c.fairs.vn\/en\/wp-json\/wp\/v2\/product\/13700\/revisions"}],"wp:featuredmedia":[{"embeddable":true,"href":"https:\/\/b2c.fairs.vn\/en\/wp-json\/wp\/v2\/media\/13715"}],"wp:attachment":[{"href":"https:\/\/b2c.fairs.vn\/en\/wp-json\/wp\/v2\/media?parent=13700"}],"wp:term":[{"taxonomy":"product_cat","embeddable":true,"href":"https:\/\/b2c.fairs.vn\/en\/wp-json\/wp\/v2\/product_cat?post=13700"},{"taxonomy":"product_tag","embeddable":true,"href":"https:\/\/b2c.fairs.vn\/en\/wp-json\/wp\/v2\/product_tag?post=13700"}],"curies":[{"name":"wp","href":"https:\/\/api.w.org\/{rel}","templated":true}]}}