{"id":13680,"date":"2024-04-01T13:41:20","date_gmt":"2024-04-01T06:41:20","guid":{"rendered":"https:\/\/b2c.fairs.vn\/?post_type=product&#038;p=13680"},"modified":"2024-04-01T13:41:20","modified_gmt":"2024-04-01T06:41:20","slug":"bot-cacao-nguyen-chat","status":"publish","type":"product","link":"https:\/\/b2c.fairs.vn\/en\/product\/bot-cacao-nguyen-chat\/","title":{"rendered":"B\u1ed8T CACAO NGUY\u00caN CH\u1ea4T"},"content":{"rendered":"<h2><strong>TH\u00c0NH PH\u1ea6N DINH D\u01af\u1ee0NG<\/strong><\/h2>\n<p>Carbonhydrate, g\/100g (%) 47,2<\/p>\n<p>\u0110\u1ed9 b\u00e9o, g\/100g (%) 16-17<\/p>\n<p>Protein, g\/100g (%) 21,4<\/p>\n<p>Calories, Kcal\/100g 425<\/p>\n<p><img fetchpriority=\"high\" decoding=\"async\" src=\"https:\/\/trongduccacao.vn\/files\/upload\/he-thong-chat-luong\/giay-chung-nhan-02.jpg\" alt=\"\" width=\"800\" height=\"1067\" \/><\/p>\n<h2><strong>C\u00d4NG D\u1ee4NG\u00a0B\u1ed8T CACAO NGUY\u00caN CH\u1ea4T &#8211; 250G<\/strong><\/h2>\n<p>&#8211; Gi\u00e0u polyphenol, \u0111\u1eb7c bi\u1ec7t l\u00e0 flavanol h\u1ed7 tr\u1ee3 thanh l\u1ecdc m\u00e1u, \u1ed5n \u0111\u1ecbnh huy\u1ebft \u00e1p (huy\u1ebft \u00e1p cao) v\u00e0 \u0111\u01b0\u1eddng huy\u1ebft<\/p>\n<p>&#8211; Gi\u1ea3m nguy c\u01a1 b\u1ecb \u0111au tim v\u00e0 \u0111\u1ed9t qu\u1ef5<\/p>\n<p>&#8211; Gi\u1ea3m cholesterol m\u00e1u<\/p>\n<p>&#8211; C\u1ea3i thi\u1ec7n l\u01b0u l\u01b0\u1ee3ng m\u00e1u v\u00e0 ch\u1ee9c n\u0103ng n\u00e3o<\/p>\n<p>&#8211; T\u1ea1o c\u1ea3m h\u1ee9ng v\u00e0 c\u1ea3i thi\u1ec7n c\u00e1c tri\u1ec7u ch\u1ee9ng tr\u1ea7m c\u1ea3m<\/p>\n<p>&#8211; H\u1ed7 tr\u1ee3 ki\u1ec3m so\u00e1t c\u00e2n n\u1eb7ng b\u1eb1ng vi\u1ec7c gi\u1ea3m c\u1ea3m gi\u00e1c th\u00e8m \u0103n, t\u0103ng qu\u00e1 tr\u00ecnh oxy h\u00f3a ch\u1ea5t b\u00e9o v\u00e0 t\u1ea1o c\u1ea3m gi\u00e1c no<\/p>\n<p>&#8211; C\u00f3 \u0111\u1eb7c t\u00ednh ch\u1ed1ng ung th\u01b0<\/p>\n<p>&#8211; C\u00f3 th\u1ec3 gi\u00fap c\u00e1c b\u1ec7nh nh\u00e2n hen suy\u1ec5n, v\u00ec n\u00f3 c\u00f3 ch\u1ee9a c\u00e1c h\u1ee3p ch\u1ea5t ch\u1ed1ng hen, nh\u01b0 theobromine v\u00e0 theophylline.<\/p>\n<p>&#8211; \u0110\u1eb7c t\u00ednh kh\u00e1ng khu\u1ea9n v\u00e0 k\u00edch th\u00edch mi\u1ec5n d\u1ecbch c\u00f3 th\u1ec3 c\u00f3 l\u1ee3i cho r\u0103ng v\u00e0 da c\u1ee7a b\u1ea1n<\/p>\n<h2><strong>\u1ee8NG D\u1ee4NG<\/strong><\/h2>\n<p>&#8211; S\u1eed d\u1ee5ng m\u1ed9t m\u00ecnh ho\u1eb7c pha v\u1edbi \u0111\u01b0\u1eddng, s\u1eefa \u0111\u1ec3 u\u1ed1ng (ngon h\u01a1n khi pha c\u00f9ng s\u1eefa \u0111\u1eb7c \u2013 l\u01b0u \u00fd: h\u00f2a tan b\u1ed9t cacao v\u1edbi n\u01b0\u1edbc \u1ea5m tr\u01b0\u1edbc pha v\u1edbi s\u1eefa)<\/p>\n<p>&#8211; Th\u00e0nh ph\u1ea7n pha ch\u1ebf c\u00e1c th\u1ee9c u\u1ed1ng nh\u01b0 tr\u00e0 s\u1eefa \u2013 cacao caf\u00e9 \u2013 Sinh t\u1ed1 &#8211; Kem\u2026, b\u00e1nh n\u01b0\u1edbng, rau c\u00e2u, s\u1eefa chua c\u00e1c lo\u1ea1i\u2026.l\u00e0m t\u0103ng h\u01b0\u01a1ng v\u1ecb cho m\u00f3n \u0103n.<\/p>\n<p>&#8211; S\u1eed d\u1ee5ng l\u00e0m \u0111\u1eb9p: m\u1eb7t n\u1ea1, b\u1ed9t t\u1eafm,\u2026<\/p>\n<h2><strong>C\u1ea2NH B\u00c1O<\/strong><\/h2>\n<p>&#8211; V\u00ec l\u00e0 m\u1ed9t lo\u1ea1i si\u00eau th\u1ef1c ph\u1ea9m v\u1edbi nhi\u1ec1u d\u01b0\u1ee1ng ch\u1ea5t c\u00f3 \u00edch cho s\u1ee9c kh\u1ecfe. Tuy nhi\u00ean vi\u1ec7c s\u1eed d\u1ee5ng qu\u00e1 nhi\u1ec1u c\u00f3 th\u1ec3 g\u00e2y ng\u1ed9 \u0111\u1ed9c cho c\u01a1 th\u1ec3. Kh\u00f4ng n\u00ean s\u1eed d\u1ee5ng l\u00e0m th\u1ee9c \u0103n cho th\u00fa c\u01b0ng c\u1ee7a b\u1ea1n (\u0111\u1eb7c bi\u1ec7t l\u00e0 ch\u00f3) d\u00f9 l\u00e0 m\u1ed9t l\u01b0\u1ee3ng nh\u1ecf.<\/p>\n<p>&#8211; V\u00e0 v\u00ec \u1ea3nh h\u01b0\u1edfng \u0111\u1ebfn h\u1ec7 th\u1ed1ng tim m\u1ea1ch, bao g\u1ed3m gi\u1ea3m huy\u1ebft \u00e1p v\u00e0 t\u0103ng nh\u1ecbp tim, qu\u00e1 nhi\u1ec1u theobromine c\u00f3 th\u1ec3 g\u00e2y t\u1eed vong.<\/p>\n<h2><strong>KHUY\u00caN D\u00d9NG<\/strong><\/h2>\n<p>&#8211; S\u1ed1 l\u01b0\u1ee3ng t\u1eeb 25 &#8211; 40g b\u1ed9t nguy\u00ean ch\u1ea5t ho\u1eb7c s\u00f4-c\u00f4-la \u0111en m\u1ed7i ng\u00e0y s\u1ebd mang l\u1ea1i nhi\u1ec1u l\u1ee3i \u00edch cho s\u1ee9c kh\u1ecfe.<\/p>\n<p>&#8211; S\u1eed d\u1ee5ng b\u1ed9t cacao nguy\u00ean ch\u1ea5t c\u00f3 uy t\u00edn v\u1edbi lipid t\u1eeb 16-20% ho\u1eb7c s\u00f4-c\u00f4-la \u0111en kh\u00f4ng \u0111\u01b0\u1eddng (cacao chi\u1ebfm \u00edt nh\u1ea5t 70%) \u0111\u1ec3 \u0111\u1ea3m b\u1ea3o nh\u1eefng l\u1ee3i \u00edch s\u1ee9c kh\u1ecfe t\u1ed1t nh\u1ea5t.<\/p>","protected":false},"excerpt":{"rendered":"<h2><strong>TH\u00c0NH PH\u1ea6N DINH D\u01af\u1ee0NG<\/strong><\/h2>\n<p>Carbonhydrate, g\/100g (%) 47,2<\/p>\n<p>\u0110\u1ed9 b\u00e9o, g\/100g (%) 16-17<\/p>\n<p>Protein, g\/100g (%) 21,4<\/p>\n<p>Calories, Kcal\/100g 425<\/p>\n<p><img fetchpriority=\"high\" decoding=\"async\" src=\"https:\/\/trongduccacao.vn\/files\/upload\/he-thong-chat-luong\/giay-chung-nhan-02.jpg\" alt=\"\" width=\"800\" height=\"1067\" \/><\/p>\n<h2><strong>C\u00d4NG D\u1ee4NG\u00a0<a href=\"https:\/\/trongduccacao.vn\/trang-chu.html\" target=\"_blank\" rel=\"noopener\">B\u1ed8T CACAO NGUY\u00caN CH\u1ea4T &#8211; 250G<\/a><\/strong><\/h2>\n<p>&#8211; Gi\u00e0u polyphenol, \u0111\u1eb7c bi\u1ec7t l\u00e0 flavanol h\u1ed7 tr\u1ee3 thanh l\u1ecdc m\u00e1u, \u1ed5n \u0111\u1ecbnh huy\u1ebft \u00e1p (huy\u1ebft \u00e1p cao) v\u00e0 \u0111\u01b0\u1eddng huy\u1ebft<\/p>\n<p>&#8211; Gi\u1ea3m nguy c\u01a1 b\u1ecb \u0111au tim v\u00e0 \u0111\u1ed9t qu\u1ef5<\/p>\n<p>&#8211; Gi\u1ea3m cholesterol m\u00e1u<\/p>\n<p>&#8211; C\u1ea3i thi\u1ec7n l\u01b0u l\u01b0\u1ee3ng m\u00e1u v\u00e0 ch\u1ee9c n\u0103ng n\u00e3o<\/p>\n<p>&#8211; T\u1ea1o c\u1ea3m h\u1ee9ng v\u00e0 c\u1ea3i thi\u1ec7n c\u00e1c tri\u1ec7u ch\u1ee9ng tr\u1ea7m c\u1ea3m<\/p>\n<p>&#8211; H\u1ed7 tr\u1ee3 ki\u1ec3m so\u00e1t c\u00e2n n\u1eb7ng b\u1eb1ng vi\u1ec7c gi\u1ea3m c\u1ea3m gi\u00e1c th\u00e8m \u0103n, t\u0103ng qu\u00e1 tr\u00ecnh oxy h\u00f3a ch\u1ea5t b\u00e9o v\u00e0 t\u1ea1o c\u1ea3m gi\u00e1c no<\/p>\n<p>&#8211; C\u00f3 \u0111\u1eb7c t\u00ednh ch\u1ed1ng ung th\u01b0<\/p>\n<p>&#8211; C\u00f3 th\u1ec3 gi\u00fap c\u00e1c b\u1ec7nh nh\u00e2n hen suy\u1ec5n, v\u00ec n\u00f3 c\u00f3 ch\u1ee9a c\u00e1c h\u1ee3p ch\u1ea5t ch\u1ed1ng hen, nh\u01b0 theobromine v\u00e0 theophylline.<\/p>\n<p>&#8211; \u0110\u1eb7c t\u00ednh kh\u00e1ng khu\u1ea9n v\u00e0 k\u00edch th\u00edch mi\u1ec5n d\u1ecbch c\u00f3 th\u1ec3 c\u00f3 l\u1ee3i cho r\u0103ng v\u00e0 da c\u1ee7a b\u1ea1n<\/p>\n<h2><strong>\u1ee8NG D\u1ee4NG<\/strong><\/h2>\n<p>&#8211; S\u1eed d\u1ee5ng m\u1ed9t m\u00ecnh ho\u1eb7c pha v\u1edbi \u0111\u01b0\u1eddng, s\u1eefa \u0111\u1ec3 u\u1ed1ng (ngon h\u01a1n khi pha c\u00f9ng s\u1eefa \u0111\u1eb7c \u2013 l\u01b0u \u00fd: h\u00f2a tan b\u1ed9t cacao v\u1edbi n\u01b0\u1edbc \u1ea5m tr\u01b0\u1edbc pha v\u1edbi s\u1eefa)<\/p>\n<p>&#8211; Th\u00e0nh ph\u1ea7n pha ch\u1ebf c\u00e1c th\u1ee9c u\u1ed1ng nh\u01b0 tr\u00e0 s\u1eefa \u2013 cacao caf\u00e9 \u2013 Sinh t\u1ed1 &#8211; Kem\u2026, b\u00e1nh n\u01b0\u1edbng, rau c\u00e2u, s\u1eefa chua c\u00e1c lo\u1ea1i\u2026.l\u00e0m t\u0103ng h\u01b0\u01a1ng v\u1ecb cho m\u00f3n \u0103n.<\/p>\n<p>&#8211; S\u1eed d\u1ee5ng l\u00e0m \u0111\u1eb9p: m\u1eb7t n\u1ea1, b\u1ed9t t\u1eafm,\u2026<\/p>\n<h2><strong>C\u1ea2NH B\u00c1O<\/strong><\/h2>\n<p>&#8211; V\u00ec l\u00e0 m\u1ed9t lo\u1ea1i si\u00eau th\u1ef1c ph\u1ea9m v\u1edbi nhi\u1ec1u d\u01b0\u1ee1ng ch\u1ea5t c\u00f3 \u00edch cho s\u1ee9c kh\u1ecfe. Tuy nhi\u00ean vi\u1ec7c s\u1eed d\u1ee5ng qu\u00e1 nhi\u1ec1u c\u00f3 th\u1ec3 g\u00e2y ng\u1ed9 \u0111\u1ed9c cho c\u01a1 th\u1ec3. Kh\u00f4ng n\u00ean s\u1eed d\u1ee5ng l\u00e0m th\u1ee9c \u0103n cho th\u00fa c\u01b0ng c\u1ee7a b\u1ea1n (\u0111\u1eb7c bi\u1ec7t l\u00e0 ch\u00f3) d\u00f9 l\u00e0 m\u1ed9t l\u01b0\u1ee3ng nh\u1ecf.<\/p>\n<p>&#8211; V\u00e0 v\u00ec \u1ea3nh h\u01b0\u1edfng \u0111\u1ebfn h\u1ec7 th\u1ed1ng tim m\u1ea1ch, bao g\u1ed3m gi\u1ea3m huy\u1ebft \u00e1p v\u00e0 t\u0103ng nh\u1ecbp tim, qu\u00e1 nhi\u1ec1u theobromine c\u00f3 th\u1ec3 g\u00e2y t\u1eed vong.<\/p>\n<h2><strong>KHUY\u00caN D\u00d9NG<\/strong><\/h2>\n<p>&#8211; S\u1ed1 l\u01b0\u1ee3ng t\u1eeb 25 &#8211; 40g b\u1ed9t nguy\u00ean ch\u1ea5t ho\u1eb7c s\u00f4-c\u00f4-la \u0111en m\u1ed7i ng\u00e0y s\u1ebd mang l\u1ea1i nhi\u1ec1u l\u1ee3i \u00edch cho s\u1ee9c kh\u1ecfe.<\/p>\n<p>&#8211; S\u1eed d\u1ee5ng b\u1ed9t cacao nguy\u00ean ch\u1ea5t c\u00f3 uy t\u00edn v\u1edbi lipid t\u1eeb 16-20% ho\u1eb7c s\u00f4-c\u00f4-la \u0111en kh\u00f4ng \u0111\u01b0\u1eddng (cacao chi\u1ebfm \u00edt nh\u1ea5t 70%) \u0111\u1ec3 \u0111\u1ea3m b\u1ea3o nh\u1eefng l\u1ee3i \u00edch s\u1ee9c kh\u1ecfe t\u1ed1t nh\u1ea5t.<\/p>","protected":false},"featured_media":13696,"comment_status":"open","ping_status":"closed","template":"","meta":{"_acf_changed":false},"product_cat":[324,366,398,22],"product_tag":[],"class_list":{"0":"post-13680","1":"product","2":"type-product","3":"status-publish","4":"has-post-thumbnail","6":"product_cat-ca-phe-ca-cao","7":"product_cat-hang-cnnt-cap-qg","8":"product_cat-san-pham-cnnt-tb-cap-qg-2021","9":"product_cat-sanphamthucpham","11":"first","12":"instock","13":"shipping-taxable","14":"purchasable","15":"product-type-variable","16":"has-default-attributes"},"acf":[],"_links":{"self":[{"href":"https:\/\/b2c.fairs.vn\/en\/wp-json\/wp\/v2\/product\/13680","targetHints":{"allow":["GET"]}}],"collection":[{"href":"https:\/\/b2c.fairs.vn\/en\/wp-json\/wp\/v2\/product"}],"about":[{"href":"https:\/\/b2c.fairs.vn\/en\/wp-json\/wp\/v2\/types\/product"}],"replies":[{"embeddable":true,"href":"https:\/\/b2c.fairs.vn\/en\/wp-json\/wp\/v2\/comments?post=13680"}],"version-history":[{"count":0,"href":"https:\/\/b2c.fairs.vn\/en\/wp-json\/wp\/v2\/product\/13680\/revisions"}],"wp:featuredmedia":[{"embeddable":true,"href":"https:\/\/b2c.fairs.vn\/en\/wp-json\/wp\/v2\/media\/13696"}],"wp:attachment":[{"href":"https:\/\/b2c.fairs.vn\/en\/wp-json\/wp\/v2\/media?parent=13680"}],"wp:term":[{"taxonomy":"product_cat","embeddable":true,"href":"https:\/\/b2c.fairs.vn\/en\/wp-json\/wp\/v2\/product_cat?post=13680"},{"taxonomy":"product_tag","embeddable":true,"href":"https:\/\/b2c.fairs.vn\/en\/wp-json\/wp\/v2\/product_tag?post=13680"}],"curies":[{"name":"wp","href":"https:\/\/api.w.org\/{rel}","templated":true}]}}