{"id":13678,"date":"2024-04-01T13:37:46","date_gmt":"2024-04-01T06:37:46","guid":{"rendered":"https:\/\/b2c.fairs.vn\/?post_type=product&#038;p=13678"},"modified":"2024-04-01T13:37:47","modified_gmt":"2024-04-01T06:37:47","slug":"nuoc-mam-ba-lang-th-thanh-trung","status":"publish","type":"product","link":"https:\/\/b2c.fairs.vn\/en\/product\/nuoc-mam-ba-lang-th-thanh-trung\/","title":{"rendered":"N\u01b0\u1edbc M\u1eafm Ba L\u00e0ng TH Thanh Tr\u00f9ng"},"content":{"rendered":"<p class=\"p1\"><b>Th\u00e0nh ph\u1ea7n<\/b><\/p>\n<p class=\"p2\">B\u1ed9 \u0111\u00f4i qu\u00e0 bi\u1ebfu n\u01b0\u1edbc m\u1eafm cao \u0111\u1ea1m truy\u1ec1n th\u1ed1ng Ba L\u00e0ng 41N 500ml \u0111\u01b0\u1ee3c ch\u1eaft l\u1ecdc t\u1eeb n\u01b0\u1edbc c\u1ed1t c\u00e1 c\u01a1m t\u01b0\u01a1i v\u00e0 mu\u1ed1i bi\u1ec3n \u1ee7 l\u00e2u n\u0103m theo ph\u01b0\u01a1ng ph\u00e1p gia truy\u1ec1n \u2013 \u0110\u1eb7c bi\u1ec7t \u0111\u00e3 qua c\u00f4ng ngh\u1ec7 thanh tr\u00f9ng, gi\u1ea3m m\u1eb7n t\u1ed1t cho s\u1ee9c kho\u1ebb.<\/p>\n<p class=\"p1\"><b>C\u00e1ch d\u00f9ng\u00a0<\/b><\/p>\n<p class=\"p2\">D\u00f9ng tr\u1ef1c ti\u1ebfp \u0111\u1ec3 ch\u1ea5m ho\u1eb7c x\u00e0o, n\u1ea5u ch\u1ebf bi\u1ebfn c\u00e1c m\u00f3n \u0103n.<\/p>\n<p class=\"p1\"><b>Th\u00f4ng tin s\u1ea3n ph\u1ea9m<\/b><\/p>\n<ul class=\"ul1\">\n<li class=\"li2\">H\u00e0m l\u01b0\u1ee3ng \u0111\u1ea1m: H\u00e0m l\u01b0\u1ee3ng Nit\u01a1 41N \u2013 41g\/l, \u0111\u1ea1m to\u00e0n ph\u1ea7n 56N, \u0111\u1ea1m amin 31N<\/li>\n<li class=\"li2\">Lo\u1ea1i chai: Chai thu\u1ef7 tinh 500ml x 2 chai<\/li>\n<li class=\"li2\">KLCB: 1000ml<\/li>\n<li class=\"li2\">KLTNT: 2 kg<\/li>\n<li class=\"li2\">B\u1ea3o qu\u1ea3n: \u0110\u1eady n\u1eafp k\u00edn sau khi s\u1eed d\u1ee5ng, \u0111\u1ec3 n\u01a1i kh\u00f4 m\u00e1t<\/li>\n<li class=\"li2\">H\u1ea1n s\u1eed d\u1ee5ng: 24 th\u00e1ng<\/li>\n<\/ul>","protected":false},"excerpt":{"rendered":"<p>Th\u00e0nh ph\u1ea7n B\u1ed9 \u0111\u00f4i qu\u00e0 bi\u1ebfu n\u01b0\u1edbc m\u1eafm cao \u0111\u1ea1m truy\u1ec1n th\u1ed1ng Ba L\u00e0ng 41N 500ml \u0111\u01b0\u1ee3c ch\u1eaft l\u1ecdc t\u1eeb<\/p>","protected":false},"featured_media":13686,"comment_status":"open","ping_status":"closed","template":"","meta":{"_acf_changed":false},"product_cat":[318,366,398,22,319],"product_tag":[],"class_list":{"0":"post-13678","1":"product","2":"type-product","3":"status-publish","4":"has-post-thumbnail","6":"product_cat-gia-vi","7":"product_cat-hang-cnnt-cap-qg","8":"product_cat-san-pham-cnnt-tb-cap-qg-2021","9":"product_cat-sanphamthucpham","10":"product_cat-tuong-nuoc-mam-gia-vi-dang-long-khac","12":"first","13":"instock","14":"shipping-taxable","15":"purchasable","16":"product-type-simple"},"acf":[],"_links":{"self":[{"href":"https:\/\/b2c.fairs.vn\/en\/wp-json\/wp\/v2\/product\/13678","targetHints":{"allow":["GET"]}}],"collection":[{"href":"https:\/\/b2c.fairs.vn\/en\/wp-json\/wp\/v2\/product"}],"about":[{"href":"https:\/\/b2c.fairs.vn\/en\/wp-json\/wp\/v2\/types\/product"}],"replies":[{"embeddable":true,"href":"https:\/\/b2c.fairs.vn\/en\/wp-json\/wp\/v2\/comments?post=13678"}],"version-history":[{"count":0,"href":"https:\/\/b2c.fairs.vn\/en\/wp-json\/wp\/v2\/product\/13678\/revisions"}],"wp:featuredmedia":[{"embeddable":true,"href":"https:\/\/b2c.fairs.vn\/en\/wp-json\/wp\/v2\/media\/13686"}],"wp:attachment":[{"href":"https:\/\/b2c.fairs.vn\/en\/wp-json\/wp\/v2\/media?parent=13678"}],"wp:term":[{"taxonomy":"product_cat","embeddable":true,"href":"https:\/\/b2c.fairs.vn\/en\/wp-json\/wp\/v2\/product_cat?post=13678"},{"taxonomy":"product_tag","embeddable":true,"href":"https:\/\/b2c.fairs.vn\/en\/wp-json\/wp\/v2\/product_tag?post=13678"}],"curies":[{"name":"wp","href":"https:\/\/api.w.org\/{rel}","templated":true}]}}