{"id":13666,"date":"2024-04-01T13:18:45","date_gmt":"2024-04-01T06:18:45","guid":{"rendered":"https:\/\/b2c.fairs.vn\/?post_type=product&#038;p=13666"},"modified":"2024-04-01T13:20:31","modified_gmt":"2024-04-01T06:20:31","slug":"ca-phe-arabica-tin-true-coffee","status":"publish","type":"product","link":"https:\/\/b2c.fairs.vn\/en\/product\/ca-phe-arabica-tin-true-coffee\/","title":{"rendered":"C\u00c0 PH\u00ca ARABICA (TIN TRUE COFFEE)"},"content":{"rendered":"<p><em><strong>Th\u00e0nh ph\u1ea7n:<\/strong>\u00a0<\/em>\u00a0C\u00e0 ph\u00ea Arabica 100%<\/p>\n<p><em><strong>V\u00f9ng Nguy\u00ean li\u1ec7u:<\/strong><\/em>\u00a0\u00a0t\u1ea1i x\u00e3 N\u00e2m Nung, huy\u1ec7n Kr\u00f4ng N\u00f4, t\u1ec9nh \u0110\u0103k N\u00f4ng.\u00a0L\u00e0 v\u00f9ng \u0111\u1ea5t \u0111\u1ecf bazan c\u00f3 \u0111\u1ed9 cao trung b\u00ecnh kho\u1ea3ng 700-800m so v\u1edbi m\u1ef1c n\u01b0\u1edbc bi\u1ec3n.\u00a0S\u1ea3n ph\u1ea9m ch\u1ecdn l\u1ecdc tr\u00e1i ch\u00edn ch\u1ebf \u0111\u1ed9 \u01b0\u1edbt v\u00e0 t\u1ef1 nhi\u00ean kh\u00f4 trong nh\u00e0 k\u00ednh.<\/p>\n<p><em><strong>N\u01a1i ch\u1ebf bi\u1ebfn:<\/strong><\/em>\u00a0<strong>\u00a0HTX TIN TRUE COFFEE<\/strong><\/p>","protected":false},"excerpt":{"rendered":"<p><em><strong>Th\u00e0nh ph\u1ea7n:<\/strong>\u00a0<\/em>\u00a0C\u00e0 ph\u00ea Arabica 100%<\/p>\n<p><em><strong>V\u00f9ng Nguy\u00ean li\u1ec7u:<\/strong><\/em>\u00a0\u00a0t\u1ea1i x\u00e3 N\u00e2m Nung, huy\u1ec7n Kr\u00f4ng N\u00f4, t\u1ec9nh \u0110\u0103k N\u00f4ng.\u00a0L\u00e0 v\u00f9ng \u0111\u1ea5t \u0111\u1ecf bazan c\u00f3 \u0111\u1ed9 cao trung b\u00ecnh kho\u1ea3ng 700-800m so v\u1edbi m\u1ef1c n\u01b0\u1edbc bi\u1ec3n.\u00a0S\u1ea3n ph\u1ea9m ch\u1ecdn l\u1ecdc tr\u00e1i ch\u00edn ch\u1ebf \u0111\u1ed9 \u01b0\u1edbt v\u00e0 t\u1ef1 nhi\u00ean kh\u00f4 trong nh\u00e0 k\u00ednh.<\/p>\n<p><em><strong>N\u01a1i ch\u1ebf bi\u1ebfn:<\/strong><\/em>\u00a0<strong>\u00a0HTX TIN TRUE COFFEE<\/strong><\/p>","protected":false},"featured_media":13667,"comment_status":"open","ping_status":"closed","template":"","meta":{"_acf_changed":false},"product_cat":[324,366,398,22],"product_tag":[],"class_list":{"0":"post-13666","1":"product","2":"type-product","3":"status-publish","4":"has-post-thumbnail","6":"product_cat-ca-phe-ca-cao","7":"product_cat-hang-cnnt-cap-qg","8":"product_cat-san-pham-cnnt-tb-cap-qg-2021","9":"product_cat-sanphamthucpham","11":"first","12":"instock","13":"shipping-taxable","14":"product-type-simple"},"acf":[],"_links":{"self":[{"href":"https:\/\/b2c.fairs.vn\/en\/wp-json\/wp\/v2\/product\/13666","targetHints":{"allow":["GET"]}}],"collection":[{"href":"https:\/\/b2c.fairs.vn\/en\/wp-json\/wp\/v2\/product"}],"about":[{"href":"https:\/\/b2c.fairs.vn\/en\/wp-json\/wp\/v2\/types\/product"}],"replies":[{"embeddable":true,"href":"https:\/\/b2c.fairs.vn\/en\/wp-json\/wp\/v2\/comments?post=13666"}],"version-history":[{"count":0,"href":"https:\/\/b2c.fairs.vn\/en\/wp-json\/wp\/v2\/product\/13666\/revisions"}],"wp:featuredmedia":[{"embeddable":true,"href":"https:\/\/b2c.fairs.vn\/en\/wp-json\/wp\/v2\/media\/13667"}],"wp:attachment":[{"href":"https:\/\/b2c.fairs.vn\/en\/wp-json\/wp\/v2\/media?parent=13666"}],"wp:term":[{"taxonomy":"product_cat","embeddable":true,"href":"https:\/\/b2c.fairs.vn\/en\/wp-json\/wp\/v2\/product_cat?post=13666"},{"taxonomy":"product_tag","embeddable":true,"href":"https:\/\/b2c.fairs.vn\/en\/wp-json\/wp\/v2\/product_tag?post=13666"}],"curies":[{"name":"wp","href":"https:\/\/api.w.org\/{rel}","templated":true}]}}