{"id":13665,"date":"2024-04-01T13:37:14","date_gmt":"2024-04-01T06:37:14","guid":{"rendered":"https:\/\/b2c.fairs.vn\/?post_type=product&#038;p=13665"},"modified":"2024-04-01T13:37:15","modified_gmt":"2024-04-01T06:37:15","slug":"mang-kho-thac-ba","status":"publish","type":"product","link":"https:\/\/b2c.fairs.vn\/en\/product\/mang-kho-thac-ba\/","title":{"rendered":"M\u0103ng kh\u00f4 Th\u00e1c B\u00e0"},"content":{"rendered":"<p>M\u0103ng kh\u00f4\u00a0\u0111\u01b0\u1ee3c bi\u1ebft \u0111\u1ebfn l\u00e0 m\u1ed9t trong nh\u1eefng lo\u1ea1i th\u1ef1c ph\u1ea9m kh\u00f4 truy\u1ec1n th\u1ed1ng c\u1ee7a ng\u01b0\u1eddi d\u00e2n Vi\u1ec7t Nam. S\u1ea3n ph\u1ea9m s\u1ea1ch 100% t\u1ef1 nhi\u00ean, nguy\u00ean li\u1ec7u t\u1eeb r\u1eebng B\u00e1t \u0110\u1ed9 t\u1ea1i Y\u00ean B\u00e1i, kh\u00f4ng s\u1eed d\u1ee5ng c\u00e1c ch\u1ea5t h\u00f3a h\u1ecdc; \u0111\u00e3 th\u00e1i s\u1ee3i tr\u01b0\u1edbc khi ph\u01a1i n\u1eafng t\u1ef1 nhi\u00ean, kh\u00f4ng hun s\u1ea5y. S\u1ea3n ph\u1ea9m n\u00e0y \u0111\u01b0\u1ee3c ti\u00eau th\u1ee5 ch\u1ee7 y\u1ebfu \u1edf th\u1ecb tr\u01b0\u1eddng Nh\u1eadt B\u1ea3n.<\/p>","protected":false},"excerpt":{"rendered":"<p>M\u0103ng kh\u00f4\u00a0\u0111\u01b0\u1ee3c bi\u1ebft \u0111\u1ebfn l\u00e0 m\u1ed9t trong nh\u1eefng lo\u1ea1i th\u1ef1c ph\u1ea9m kh\u00f4 truy\u1ec1n th\u1ed1ng c\u1ee7a ng\u01b0\u1eddi d\u00e2n Vi\u1ec7t Nam. S\u1ea3n<\/p>","protected":false},"featured_media":13683,"comment_status":"open","ping_status":"closed","template":"","meta":{"_acf_changed":false},"product_cat":[312,366,398,22,310],"product_tag":[],"class_list":{"0":"post-13665","1":"product","2":"type-product","3":"status-publish","4":"has-post-thumbnail","6":"product_cat-mat-ong-mat-khac-va-nong-san-thuc-pham-khac","7":"product_cat-hang-cnnt-cap-qg","8":"product_cat-san-pham-cnnt-tb-cap-qg-2021","9":"product_cat-sanphamthucpham","10":"product_cat-thuc-pham-tho-so-che","12":"first","13":"instock","14":"shipping-taxable","15":"purchasable","16":"product-type-variable"},"acf":[],"_links":{"self":[{"href":"https:\/\/b2c.fairs.vn\/en\/wp-json\/wp\/v2\/product\/13665","targetHints":{"allow":["GET"]}}],"collection":[{"href":"https:\/\/b2c.fairs.vn\/en\/wp-json\/wp\/v2\/product"}],"about":[{"href":"https:\/\/b2c.fairs.vn\/en\/wp-json\/wp\/v2\/types\/product"}],"replies":[{"embeddable":true,"href":"https:\/\/b2c.fairs.vn\/en\/wp-json\/wp\/v2\/comments?post=13665"}],"version-history":[{"count":0,"href":"https:\/\/b2c.fairs.vn\/en\/wp-json\/wp\/v2\/product\/13665\/revisions"}],"wp:featuredmedia":[{"embeddable":true,"href":"https:\/\/b2c.fairs.vn\/en\/wp-json\/wp\/v2\/media\/13683"}],"wp:attachment":[{"href":"https:\/\/b2c.fairs.vn\/en\/wp-json\/wp\/v2\/media?parent=13665"}],"wp:term":[{"taxonomy":"product_cat","embeddable":true,"href":"https:\/\/b2c.fairs.vn\/en\/wp-json\/wp\/v2\/product_cat?post=13665"},{"taxonomy":"product_tag","embeddable":true,"href":"https:\/\/b2c.fairs.vn\/en\/wp-json\/wp\/v2\/product_tag?post=13665"}],"curies":[{"name":"wp","href":"https:\/\/api.w.org\/{rel}","templated":true}]}}