{"id":13644,"date":"2024-04-01T11:58:33","date_gmt":"2024-04-01T04:58:33","guid":{"rendered":"https:\/\/b2c.fairs.vn\/?post_type=product&#038;p=13644"},"modified":"2024-04-01T11:59:24","modified_gmt":"2024-04-01T04:59:24","slug":"com-say-tep-200g-nhat-quynh","status":"publish","type":"product","link":"https:\/\/b2c.fairs.vn\/en\/product\/com-say-tep-200g-nhat-quynh\/","title":{"rendered":"C\u01a1m S\u1ea5y T\u00e9p 200G Nh\u1eadt Qu\u1ef3nh"},"content":{"rendered":"<p><strong>C\u01a1m S\u1ea5y T\u00e9p Ng\u1ecdt Ng\u00e0o H\u01b0\u01a1ng Th\u01a1m, \u0110\u1eafm Say V\u1ecb T\u00e9p<\/strong><\/p>\n<p>Nh\u1eefng con t\u00e9p th\u01a1m ngon \u0111\u1ecf r\u1ef1c, r\u1ea3i \u0111\u1ec1u tr\u00ean m\u00e0u v\u00e0ng \u00f3ng, b\u00f3ng b\u1ea9y nh\u01b0 \u00e1nh l\u1eeda ph\u1ea7p ph\u1ed3ng, \u1ea5m \u00e1p trong c\u0103n b\u1ebfp c\u1ee7a m\u1eb9, lan t\u1ecfa ra l\u00e0n h\u01b0\u01a1ng d\u1ecbu d\u00e0ng say \u0111\u1eafm, cu\u1ed1n l\u1ea5y b\u1ea1n trong t\u1eebng mi\u1ebfng b\u00e1nh gi\u00f2n tan, th\u1ecfa m\u00e3n ni\u1ec1m th\u00edch th\u00fa khi th\u01b0\u1edfng th\u1ee9c m\u1ed9t m\u00f3n \u0103n v\u1eb7t.<\/p>\n<p>&nbsp;<\/p>\n<p>-H\u1ea1n s\u1eed d\u1ee5ng: 6 th\u00e1ng k\u1ec3 t\u1eeb ng\u00e0y s\u1ea3n xu\u1ea5t.<\/p>\n<p>-Th\u00e0nh ph\u1ea7n: G\u1ea1o th\u01a1m, t\u00e9p\u00a0kh\u00f4, d\u1ea7u th\u1ef1c v\u1eadt v\u00e0 gia v\u1ecb.<\/p>\n<p>-B\u1ea3o qu\u1ea3n: N\u01a1i kh\u00f4 r\u00e1o tr\u00e1nh \u00e1nh n\u1eafng tr\u1ef1c ti\u1ebfp.<\/p>\n<p>-Xu\u1ea5t x\u1ee9: Vi\u1ec7t Nam.<\/p>","protected":false},"excerpt":{"rendered":"<p>Nh\u1eefng con t\u00e9p th\u01a1m ngon \u0111\u1ecf r\u1ef1c, r\u1ea3i \u0111\u1ec1u tr\u00ean m\u00e0u v\u00e0ng \u00f3ng, b\u00f3ng b\u1ea9y nh\u01b0 \u00e1nh l\u1eeda ph\u1ea7p ph\u1ed3ng, \u1ea5m \u00e1p trong c\u0103n b\u1ebfp c\u1ee7a m\u1eb9, lan t\u1ecfa ra l\u00e0n h\u01b0\u01a1ng d\u1ecbu d\u00e0ng say \u0111\u1eafm, cu\u1ed1n l\u1ea5y b\u1ea1n trong t\u1eebng mi\u1ebfng b\u00e1nh gi\u00f2n tan, th\u1ecfa m\u00e3n ni\u1ec1m th\u00edch th\u00fa khi th\u01b0\u1edfng th\u1ee9c m\u1ed9t m\u00f3n \u0103n v\u1eb7t.<\/p>","protected":false},"featured_media":13654,"comment_status":"open","ping_status":"closed","template":"","meta":{"_acf_changed":false},"product_cat":[315,314,366,447,22,313],"product_tag":[],"class_list":{"0":"post-13644","1":"product","2":"type-product","3":"status-publish","4":"has-post-thumbnail","6":"product_cat-che-bien-tu-gao-ngu-coc","7":"product_cat-do-an-nhanh","8":"product_cat-hang-cnnt-cap-qg","9":"product_cat-san-pham-cnnt-tb-cap-qg-2017","10":"product_cat-sanphamthucpham","11":"product_cat-thuc-pham-che-bien","13":"first","14":"instock","15":"sale","16":"shipping-taxable","17":"purchasable","18":"product-type-simple"},"acf":[],"_links":{"self":[{"href":"https:\/\/b2c.fairs.vn\/en\/wp-json\/wp\/v2\/product\/13644","targetHints":{"allow":["GET"]}}],"collection":[{"href":"https:\/\/b2c.fairs.vn\/en\/wp-json\/wp\/v2\/product"}],"about":[{"href":"https:\/\/b2c.fairs.vn\/en\/wp-json\/wp\/v2\/types\/product"}],"replies":[{"embeddable":true,"href":"https:\/\/b2c.fairs.vn\/en\/wp-json\/wp\/v2\/comments?post=13644"}],"version-history":[{"count":0,"href":"https:\/\/b2c.fairs.vn\/en\/wp-json\/wp\/v2\/product\/13644\/revisions"}],"wp:featuredmedia":[{"embeddable":true,"href":"https:\/\/b2c.fairs.vn\/en\/wp-json\/wp\/v2\/media\/13654"}],"wp:attachment":[{"href":"https:\/\/b2c.fairs.vn\/en\/wp-json\/wp\/v2\/media?parent=13644"}],"wp:term":[{"taxonomy":"product_cat","embeddable":true,"href":"https:\/\/b2c.fairs.vn\/en\/wp-json\/wp\/v2\/product_cat?post=13644"},{"taxonomy":"product_tag","embeddable":true,"href":"https:\/\/b2c.fairs.vn\/en\/wp-json\/wp\/v2\/product_tag?post=13644"}],"curies":[{"name":"wp","href":"https:\/\/api.w.org\/{rel}","templated":true}]}}