{"id":13629,"date":"2024-04-01T11:47:28","date_gmt":"2024-04-01T04:47:28","guid":{"rendered":"https:\/\/b2c.fairs.vn\/?post_type=product&#038;p=13629"},"modified":"2024-04-01T11:47:29","modified_gmt":"2024-04-01T04:47:29","slug":"ca-phe-nguyen-chat-bot-cao-cap-trung-hoa-500g","status":"publish","type":"product","link":"https:\/\/b2c.fairs.vn\/en\/product\/ca-phe-nguyen-chat-bot-cao-cap-trung-hoa-500g\/","title":{"rendered":"C\u00c0 PH\u00ca NGUY\u00caN CH\u1ea4T B\u1ed8T CAO C\u1ea4P TRUNG H\u00d2A 500G"},"content":{"rendered":"<p>h\u00e0nh ph\u1ea7n: C\u00e0 ph\u00ea (Arabica, Robusta)<br \/>\nCh\u1ec9 ti\u00eau ch\u1ea5t l\u01b0\u1ee3ng ch\u1ee7 y\u1ebfu: H\u00e0m l\u01b0\u1ee3ng cafein \u2265 1%, \u0110\u1ed9 \u1ea9m \u2264 5%<\/p>\n<p>H\u01b0\u1edbng d\u1eabn s\u1eed d\u1ee5ng:<br \/>\nCho v\u00e0o phin 3 \u2013 4 mu\u1ed7ng (Kho\u1ea3ng 20g) c\u00e0 ph\u00ea b\u1ed9t, l\u1eafc \u0111\u1ec1u v\u00e0 \u00e9p nh\u1eb9 n\u1eafp g\u00e0i b\u00ean trong.<br \/>\nD\u00f9ng kho\u1ea3ng 20ml n\u01b0\u1edbc \u1edf nhi\u1ec7t \u0111\u1ed9 96\u00b0C \u2013 100\u00b0C ch\u00e2m v\u00e0o phin, ch\u1edd c\u00e0 ph\u00ea ng\u1ea5m \u0111\u1ec1u.<br \/>\nCh\u00e2m th\u00eam kho\u1ea3ng 45 ml n\u01b0\u1edbc s\u00f4i.<br \/>\nTh\u00eam \u0111\u01b0\u1eddng, s\u1eefa \u0111\u1eb7c, \u0111\u00e1 t\u00f9y kh\u1ea9u v\u1ecb c\u1ee7a b\u1ea1n.<\/p>\n<p>H\u01b0\u1edbng d\u1eabn b\u1ea3o qu\u1ea3n: B\u1ea3o qu\u1ea3n n\u01a1i kh\u00f4 r\u00e1o, c\u1ea7n gi\u1eef k\u00edn khi s\u1eed d\u1ee5ng<br \/>\nH\u1ea1n s\u1eed d\u1ee5ng: 12 Th\u00e1ng t\u00ednh t\u1eeb ng\u00e0y s\u1ea3n xu\u1ea5t<br \/>\nNg\u00e0y s\u1ea3n su\u1ea5t: Xem tr\u00ean bao b\u00ec<\/p>","protected":false},"excerpt":{"rendered":"<p>h\u00e0nh ph\u1ea7n: C\u00e0 ph\u00ea (Arabica, Robusta)<br \/>\nCh\u1ec9 ti\u00eau ch\u1ea5t l\u01b0\u1ee3ng ch\u1ee7 y\u1ebfu: H\u00e0m l\u01b0\u1ee3ng cafein \u2265 1%, \u0110\u1ed9 \u1ea9m \u2264 5%<\/p>\n<p>H\u01b0\u1edbng d\u1eabn s\u1eed d\u1ee5ng:<br \/>\nCho v\u00e0o phin 3 \u2013 4 mu\u1ed7ng (Kho\u1ea3ng 20g) c\u00e0 ph\u00ea b\u1ed9t, l\u1eafc \u0111\u1ec1u v\u00e0 \u00e9p nh\u1eb9 n\u1eafp g\u00e0i b\u00ean trong.<br \/>\nD\u00f9ng kho\u1ea3ng 20ml n\u01b0\u1edbc \u1edf nhi\u1ec7t \u0111\u1ed9 96\u00b0C \u2013 100\u00b0C ch\u00e2m v\u00e0o phin, ch\u1edd c\u00e0 ph\u00ea ng\u1ea5m \u0111\u1ec1u.<br \/>\nCh\u00e2m th\u00eam kho\u1ea3ng 45 ml n\u01b0\u1edbc s\u00f4i.<br \/>\nTh\u00eam \u0111\u01b0\u1eddng, s\u1eefa \u0111\u1eb7c, \u0111\u00e1 t\u00f9y kh\u1ea9u v\u1ecb c\u1ee7a b\u1ea1n.<\/p>\n<p>H\u01b0\u1edbng d\u1eabn b\u1ea3o qu\u1ea3n: B\u1ea3o qu\u1ea3n n\u01a1i kh\u00f4 r\u00e1o, c\u1ea7n gi\u1eef k\u00edn khi s\u1eed d\u1ee5ng<br \/>\nH\u1ea1n s\u1eed d\u1ee5ng: 12 Th\u00e1ng t\u00ednh t\u1eeb ng\u00e0y s\u1ea3n xu\u1ea5t<br \/>\nNg\u00e0y s\u1ea3n su\u1ea5t: Xem tr\u00ean bao b\u00ec<\/p>","protected":false},"featured_media":13630,"comment_status":"open","ping_status":"closed","template":"","meta":{"_acf_changed":false},"product_cat":[324,366,398,22],"product_tag":[],"class_list":{"0":"post-13629","1":"product","2":"type-product","3":"status-publish","4":"has-post-thumbnail","6":"product_cat-ca-phe-ca-cao","7":"product_cat-hang-cnnt-cap-qg","8":"product_cat-san-pham-cnnt-tb-cap-qg-2021","9":"product_cat-sanphamthucpham","11":"first","12":"instock","13":"shipping-taxable","14":"purchasable","15":"product-type-simple"},"acf":[],"_links":{"self":[{"href":"https:\/\/b2c.fairs.vn\/en\/wp-json\/wp\/v2\/product\/13629","targetHints":{"allow":["GET"]}}],"collection":[{"href":"https:\/\/b2c.fairs.vn\/en\/wp-json\/wp\/v2\/product"}],"about":[{"href":"https:\/\/b2c.fairs.vn\/en\/wp-json\/wp\/v2\/types\/product"}],"replies":[{"embeddable":true,"href":"https:\/\/b2c.fairs.vn\/en\/wp-json\/wp\/v2\/comments?post=13629"}],"version-history":[{"count":0,"href":"https:\/\/b2c.fairs.vn\/en\/wp-json\/wp\/v2\/product\/13629\/revisions"}],"wp:featuredmedia":[{"embeddable":true,"href":"https:\/\/b2c.fairs.vn\/en\/wp-json\/wp\/v2\/media\/13630"}],"wp:attachment":[{"href":"https:\/\/b2c.fairs.vn\/en\/wp-json\/wp\/v2\/media?parent=13629"}],"wp:term":[{"taxonomy":"product_cat","embeddable":true,"href":"https:\/\/b2c.fairs.vn\/en\/wp-json\/wp\/v2\/product_cat?post=13629"},{"taxonomy":"product_tag","embeddable":true,"href":"https:\/\/b2c.fairs.vn\/en\/wp-json\/wp\/v2\/product_tag?post=13629"}],"curies":[{"name":"wp","href":"https:\/\/api.w.org\/{rel}","templated":true}]}}