{"id":13625,"date":"2024-04-01T11:53:29","date_gmt":"2024-04-01T04:53:29","guid":{"rendered":"https:\/\/b2c.fairs.vn\/?post_type=product&#038;p=13625"},"modified":"2024-04-01T11:53:29","modified_gmt":"2024-04-01T04:53:29","slug":"com-say-muc-200g","status":"publish","type":"product","link":"https:\/\/b2c.fairs.vn\/en\/product\/com-say-muc-200g\/","title":{"rendered":"C\u01a1m S\u1ea5y M\u1ef1c 200G"},"content":{"rendered":"<p><strong>C\u01a1m S\u1ea5y M\u1ef1c Th\u01a1m Ng\u1ea5t Ng\u00e2y, \u0102n V\u1eb7t M\u00ea Say<\/strong><\/p>\n<p>H\u01b0\u01a1ng th\u01a1m ng\u00e2y ng\u1ea5t c\u00f9ng v\u1ecb ng\u1ecdt r\u1ea5t ri\u00eang c\u1ee7a M\u1ef1c h\u00f2a quy\u1ec7n c\u00f9ng \u0111\u1ed9 x\u1ed1p, gi\u00f2n tan c\u1ee7a c\u01a1m s\u1ea5y ch\u1eafc ch\u1eafn s\u1ebd\u00a0mang l\u1ea1i\u00a0cho b\u1ea1n\u00a0<strong>c\u1ea3m gi\u00e1c th\u00edch th\u00fa khi \u0103n v\u1eb7t<\/strong>.<\/p>\n<p>Nh\u1eefng nguy\u00ean li\u1ec7u ch\u1ebf bi\u1ebfn LU\u00d4N \u0111\u01b0\u1ee3c Nh\u1eadt Qu\u1ef3nh\u00a0<strong>\u0110\u1ea3m B\u1ea3o v\u00e0 Cam K\u1ebft<\/strong>\u00a0v\u1ec1 ch\u1ea5t l\u01b0\u1ee3ng c\u0169ng nh\u01b0\u00a0<strong>An To\u00e0n V\u1ec7 Sinh Th\u1ef1c Ph\u1ea9m.<\/strong><\/p>\n<p>\u201c20 N\u0102M\u00a0\u00a0GI\u1eee G\u00ccN V\u00c0 N\u00c2NG T\u1ea6M\u201d.<\/p>\n<p>&nbsp;<\/p>\n<p>-H\u1ea1n s\u1eed d\u1ee5ng: 6 th\u00e1ng k\u1ec3 t\u1eeb ng\u00e0y s\u1ea3n xu\u1ea5t.<\/p>\n<p>-Th\u00e0nh ph\u1ea7n: G\u1ea1o th\u01a1m, m\u1ef1c\u00a0s\u1ea5y, d\u1ea7u th\u1ef1c v\u1eadt v\u00e0 gia v\u1ecb.<\/p>\n<p>-B\u1ea3o qu\u1ea3n: N\u01a1i kh\u00f4 r\u00e1o tr\u00e1nh \u00e1nh n\u1eafng tr\u1ef1c ti\u1ebfp.<\/p>\n<p>-Xu\u1ea5t x\u1ee9: Vi\u1ec7t Nam.<\/p>","protected":false},"excerpt":{"rendered":"<p>H\u01b0\u01a1ng th\u01a1m ng\u00e2y ng\u1ea5t c\u00f9ng v\u1ecb ng\u1ecdt r\u1ea5t ri\u00eang c\u1ee7a M\u1ef1c h\u00f2a quy\u1ec7n c\u00f9ng \u0111\u1ed9 x\u1ed1p, gi\u00f2n tan c\u1ee7a c\u01a1m s\u1ea5y ch\u1eafc ch\u1eafn s\u1ebd\u00a0mang l\u1ea1i\u00a0cho b\u1ea1n\u00a0<strong>c\u1ea3m gi\u00e1c th\u00edch th\u00fa khi \u0103n v\u1eb7t<\/strong>.<\/p>","protected":false},"featured_media":13637,"comment_status":"open","ping_status":"closed","template":"","meta":{"_acf_changed":false},"product_cat":[315,314,366,447,22,313],"product_tag":[],"class_list":{"0":"post-13625","1":"product","2":"type-product","3":"status-publish","4":"has-post-thumbnail","6":"product_cat-che-bien-tu-gao-ngu-coc","7":"product_cat-do-an-nhanh","8":"product_cat-hang-cnnt-cap-qg","9":"product_cat-san-pham-cnnt-tb-cap-qg-2017","10":"product_cat-sanphamthucpham","11":"product_cat-thuc-pham-che-bien","13":"first","14":"instock","15":"sale","16":"shipping-taxable","17":"purchasable","18":"product-type-simple"},"acf":[],"_links":{"self":[{"href":"https:\/\/b2c.fairs.vn\/en\/wp-json\/wp\/v2\/product\/13625","targetHints":{"allow":["GET"]}}],"collection":[{"href":"https:\/\/b2c.fairs.vn\/en\/wp-json\/wp\/v2\/product"}],"about":[{"href":"https:\/\/b2c.fairs.vn\/en\/wp-json\/wp\/v2\/types\/product"}],"replies":[{"embeddable":true,"href":"https:\/\/b2c.fairs.vn\/en\/wp-json\/wp\/v2\/comments?post=13625"}],"version-history":[{"count":0,"href":"https:\/\/b2c.fairs.vn\/en\/wp-json\/wp\/v2\/product\/13625\/revisions"}],"wp:featuredmedia":[{"embeddable":true,"href":"https:\/\/b2c.fairs.vn\/en\/wp-json\/wp\/v2\/media\/13637"}],"wp:attachment":[{"href":"https:\/\/b2c.fairs.vn\/en\/wp-json\/wp\/v2\/media?parent=13625"}],"wp:term":[{"taxonomy":"product_cat","embeddable":true,"href":"https:\/\/b2c.fairs.vn\/en\/wp-json\/wp\/v2\/product_cat?post=13625"},{"taxonomy":"product_tag","embeddable":true,"href":"https:\/\/b2c.fairs.vn\/en\/wp-json\/wp\/v2\/product_tag?post=13625"}],"curies":[{"name":"wp","href":"https:\/\/api.w.org\/{rel}","templated":true}]}}