{"id":13623,"date":"2024-04-01T11:47:29","date_gmt":"2024-04-01T04:47:29","guid":{"rendered":"https:\/\/b2c.fairs.vn\/?post_type=product&#038;p=13623"},"modified":"2024-04-01T11:47:30","modified_gmt":"2024-04-01T04:47:30","slug":"gao-721","status":"publish","type":"product","link":"https:\/\/b2c.fairs.vn\/en\/product\/gao-721\/","title":{"rendered":"G\u1ea1o 721"},"content":{"rendered":"<p>Xu\u1ea5t x\u1ee9 : N\u00f4ng tr\u01b0\u1eddng 721 thu\u1ed9c C\u00f4ng ty TNHH MTV C\u00e0 Ph\u00ea 721 , x\u00e3 C\u01b0 Ni, Huy\u1ec7n Eakar, T\u1ec9nh \u0110\u0103kl\u0103k<\/p>\n<p>o S\u1ea3n xu\u1ea5t theo ti\u00eau chu\u1ea9n an to\u00e0n.<\/p>\n<p>o Ch\u1ebf bi\u1ebfn t\u1eeb h\u1ec7 th\u1ed1ng m\u00e1y m\u00f3c, thi\u1ebft b\u1ecb m\u1edbi, hi\u1ec7n \u0111\u1ea1i<\/p>\n<p>o Kh\u00f4ng s\u1eed d\u1ee5ng h\u00f3a ch\u1ea5t b\u1ea3o qu\u1ea3n.<\/p>\n<p>o Kh\u00f4ng s\u1eed d\u1ee5ng h\u00f3a ch\u1ea5t t\u1ea1o m\u00f9i th\u01a1m.<\/p>\n<p>o Kh\u00f4ng s\u1eed d\u1ee5ng h\u00f3a ch\u1ea5t t\u1ea9y tr\u1eafng.<\/p>\n<p>o Kh\u00f4ng \u0111\u1ea5u tr\u1ed9n. \u0110\u1ea1t c\u00e1c ti\u00eau chu\u1ea9n an to\u00e0n v\u1ec7 sinh th\u1ef1c ph\u1ea9m : Vietgap, HACCP, ISO9001-2015 \u0111\u1ea3m b\u1ea3o g\u1ea1o ho\u00e0n to\u00e0n s\u1ea1ch t\u1edbi tay ng\u01b0\u1eddi ti\u00eau d\u00f9ng. S\u1ea3n ph\u1ea9m \u0111\u1ee7 c\u00e1c gi\u1ea5y ch\u1ee9ng nh\u1eadn \u0111\u0103ng ki\u1ec3m V\u1ec7 sinh an to\u00e0n th\u1ef1c ph\u1ea9m , s\u1edf h\u1eefu tr\u00ed tu\u1ec7 th\u01b0\u01a1ng hi\u1ec7u.<\/p>","protected":false},"excerpt":{"rendered":"<p>Xu\u1ea5t x\u1ee9 : N\u00f4ng tr\u01b0\u1eddng 721 thu\u1ed9c C\u00f4ng ty TNHH MTV C\u00e0 Ph\u00ea 721 , x\u00e3 C\u01b0 Ni, Huy\u1ec7n Eakar,<\/p>","protected":false},"featured_media":13631,"comment_status":"open","ping_status":"closed","template":"","meta":{"_acf_changed":false},"product_cat":[311,366,446,22,310],"product_tag":[],"class_list":{"0":"post-13623","1":"product","2":"type-product","3":"status-publish","4":"has-post-thumbnail","6":"product_cat-gao-ngu-coc-hat-so-che-khac","7":"product_cat-hang-cnnt-cap-qg","8":"product_cat-san-pham-cnnt-tb-cap-qg-2019","9":"product_cat-sanphamthucpham","10":"product_cat-thuc-pham-tho-so-che","12":"first","13":"instock","14":"shipping-taxable","15":"product-type-simple"},"acf":[],"_links":{"self":[{"href":"https:\/\/b2c.fairs.vn\/en\/wp-json\/wp\/v2\/product\/13623","targetHints":{"allow":["GET"]}}],"collection":[{"href":"https:\/\/b2c.fairs.vn\/en\/wp-json\/wp\/v2\/product"}],"about":[{"href":"https:\/\/b2c.fairs.vn\/en\/wp-json\/wp\/v2\/types\/product"}],"replies":[{"embeddable":true,"href":"https:\/\/b2c.fairs.vn\/en\/wp-json\/wp\/v2\/comments?post=13623"}],"version-history":[{"count":0,"href":"https:\/\/b2c.fairs.vn\/en\/wp-json\/wp\/v2\/product\/13623\/revisions"}],"wp:featuredmedia":[{"embeddable":true,"href":"https:\/\/b2c.fairs.vn\/en\/wp-json\/wp\/v2\/media\/13631"}],"wp:attachment":[{"href":"https:\/\/b2c.fairs.vn\/en\/wp-json\/wp\/v2\/media?parent=13623"}],"wp:term":[{"taxonomy":"product_cat","embeddable":true,"href":"https:\/\/b2c.fairs.vn\/en\/wp-json\/wp\/v2\/product_cat?post=13623"},{"taxonomy":"product_tag","embeddable":true,"href":"https:\/\/b2c.fairs.vn\/en\/wp-json\/wp\/v2\/product_tag?post=13623"}],"curies":[{"name":"wp","href":"https:\/\/api.w.org\/{rel}","templated":true}]}}