{"id":13605,"date":"2024-04-01T11:40:03","date_gmt":"2024-04-01T04:40:03","guid":{"rendered":"https:\/\/b2c.fairs.vn\/?post_type=product&#038;p=13605"},"modified":"2024-04-23T15:49:00","modified_gmt":"2024-04-23T08:49:00","slug":"com-say-gao-lut-cha-bong","status":"publish","type":"product","link":"https:\/\/b2c.fairs.vn\/en\/product\/com-say-gao-lut-cha-bong\/","title":{"rendered":"C\u01a1m S\u1ea5y G\u1ea1o L\u1ee9t"},"content":{"rendered":"<p><strong>C\u01a1m S\u1ea5y G\u1ea1o L\u1ee9t Ch\u00e0 B\u00f4ng Gi\u00f2n H\u01a1n \u2013 Ngon H\u01a1n \u2013 Dinh D\u01b0\u1ee1ng H\u01a1n.<\/strong><\/p>\n<p>G\u1ea1o l\u1ee9t \u0111\u01b0\u1ee3c c\u00e1c chuy\u00ean gia khuy\u00ean d\u00f9ng \u0111\u1ed1i v\u1edbi nh\u1eefng ng\u01b0\u1eddi \u0111ang mu\u1ed1n gi\u1ea3m c\u00e2n, ngo\u00e0i ra g\u1ea1o l\u1ee9t c\u00f2n r\u1ea5t t\u1ed1t cho s\u1ee9c kh\u1ecfe v\u00e0 ng\u0103n ng\u1eeba \u0111\u01b0\u1ee3c nhi\u1ec1u c\u0103n b\u1ec7nh nguy hi\u1ec3m nh\u01b0 b\u1ec7nh tim m\u1ea1ch. N\u1ebfu b\u1ea1n l\u00e0 fan c\u1ee7a g\u1ea1o l\u1ee9t, mu\u1ed1n th\u1eed c\u00e1ch ch\u1ebf bi\u1ec3n m\u1edbi, v\u1eady t\u1ea1i sao kh\u00f4ng th\u1eed ngay s\u1ea3n ph\u1ea9m c\u01a1m s\u1ea5y g\u1ea1o l\u1ee9t ch\u00e0 b\u00f4ng, do ch\u00ednh tay chuy\u00ean gia 20 n\u0103m kinh nghi\u1ec7m \u1edf Nh\u1eadt Qu\u1ef3nh Food ch\u1ebf bi\u1ebfn.<\/p>\n<p>&nbsp;<\/p>\n<p>H\u1ea1n s\u1eed d\u1ee5ng: 6 th\u00e1ng k\u1ec3 t\u1eeb ng\u00e0y s\u1ea3n xu\u1ea5t.<\/p>\n<p>-Th\u00e0nh ph\u1ea7n: G\u1ea1o l\u1ee9t,ch\u00e0\u00a0b\u00f4ng, d\u1ea7u th\u1ef1c v\u1eadt v\u00e0 gia v\u1ecb.<\/p>\n<p>-B\u1ea3o qu\u1ea3n: N\u01a1i kh\u00f4 r\u00e1o tr\u00e1nh \u00e1nh n\u1eafng tr\u1ef1c ti\u1ebfp.<\/p>\n<p>-Xu\u1ea5t x\u1ee9: Vi\u1ec7t Nam.<\/p>","protected":false},"excerpt":{"rendered":"<p>G\u1ea1o l\u1ee9t \u0111\u01b0\u1ee3c c\u00e1c chuy\u00ean gia khuy\u00ean d\u00f9ng \u0111\u1ed1i v\u1edbi nh\u1eefng ng\u01b0\u1eddi \u0111ang mu\u1ed1n gi\u1ea3m c\u00e2n, ngo\u00e0i ra g\u1ea1o l\u1ee9t c\u00f2n r\u1ea5t t\u1ed1t cho s\u1ee9c kh\u1ecfe v\u00e0 ng\u0103n ng\u1eeba \u0111\u01b0\u1ee3c nhi\u1ec1u c\u0103n b\u1ec7nh nguy hi\u1ec3m nh\u01b0 b\u1ec7nh tim m\u1ea1ch. N\u1ebfu b\u1ea1n l\u00e0 fan c\u1ee7a g\u1ea1o l\u1ee9t, mu\u1ed1n th\u1eed c\u00e1ch ch\u1ebf bi\u1ec3n m\u1edbi, v\u1eady t\u1ea1i sao kh\u00f4ng th\u1eed ngay s\u1ea3n ph\u1ea9m c\u01a1m s\u1ea5y g\u1ea1o l\u1ee9t ch\u00e0 b\u00f4ng, do ch\u00ednh tay chuy\u00ean gia 20 n\u0103m kinh nghi\u1ec7m \u1edf Nh\u1eadt Qu\u1ef3nh Food ch\u1ebf bi\u1ebfn.<\/p>","protected":false},"featured_media":13615,"comment_status":"open","ping_status":"closed","template":"","meta":{"_acf_changed":false},"product_cat":[315,314,366,447,22,313],"product_tag":[],"class_list":{"0":"post-13605","1":"product","2":"type-product","3":"status-publish","4":"has-post-thumbnail","6":"product_cat-che-bien-tu-gao-ngu-coc","7":"product_cat-do-an-nhanh","8":"product_cat-hang-cnnt-cap-qg","9":"product_cat-san-pham-cnnt-tb-cap-qg-2017","10":"product_cat-sanphamthucpham","11":"product_cat-thuc-pham-che-bien","13":"first","14":"instock","15":"sale","16":"shipping-taxable","17":"purchasable","18":"product-type-variable","19":"has-default-attributes"},"acf":[],"_links":{"self":[{"href":"https:\/\/b2c.fairs.vn\/en\/wp-json\/wp\/v2\/product\/13605","targetHints":{"allow":["GET"]}}],"collection":[{"href":"https:\/\/b2c.fairs.vn\/en\/wp-json\/wp\/v2\/product"}],"about":[{"href":"https:\/\/b2c.fairs.vn\/en\/wp-json\/wp\/v2\/types\/product"}],"replies":[{"embeddable":true,"href":"https:\/\/b2c.fairs.vn\/en\/wp-json\/wp\/v2\/comments?post=13605"}],"version-history":[{"count":0,"href":"https:\/\/b2c.fairs.vn\/en\/wp-json\/wp\/v2\/product\/13605\/revisions"}],"wp:featuredmedia":[{"embeddable":true,"href":"https:\/\/b2c.fairs.vn\/en\/wp-json\/wp\/v2\/media\/13615"}],"wp:attachment":[{"href":"https:\/\/b2c.fairs.vn\/en\/wp-json\/wp\/v2\/media?parent=13605"}],"wp:term":[{"taxonomy":"product_cat","embeddable":true,"href":"https:\/\/b2c.fairs.vn\/en\/wp-json\/wp\/v2\/product_cat?post=13605"},{"taxonomy":"product_tag","embeddable":true,"href":"https:\/\/b2c.fairs.vn\/en\/wp-json\/wp\/v2\/product_tag?post=13605"}],"curies":[{"name":"wp","href":"https:\/\/api.w.org\/{rel}","templated":true}]}}