{"id":13586,"date":"2024-04-01T11:36:31","date_gmt":"2024-04-01T04:36:31","guid":{"rendered":"https:\/\/b2c.fairs.vn\/?post_type=product&#038;p=13586"},"modified":"2024-04-01T11:38:00","modified_gmt":"2024-04-01T04:38:00","slug":"banh-phong-tom-tit","status":"publish","type":"product","link":"https:\/\/b2c.fairs.vn\/en\/product\/banh-phong-tom-tit\/","title":{"rendered":"B\u00e1nh ph\u1ed3ng t\u00f4m t\u00edt"},"content":{"rendered":"<p>T\u1ea1i sao b\u1ea1n n\u00ean l\u1ef1a ch\u1ecdn B\u00e1nh Ph\u1ed3ng T\u00f4m T\u00edt ( b\u1ec1 b\u1ec1) Ki\u00ean C\u01b0\u1eddng &#8211; \u0110\u1eb7c s\u1ea3n N\u0103m C\u0103n &#8211; C\u00e0 Mau.<\/p>\n<p>B\u00e1nh ph\u1ed3ng t\u00f4m t\u00edt \u0111\u01b0\u1ee3c s\u1ea3n xu\u1ea5t ho\u00e0n to\u00e0n th\u1ee7 c\u00f4ng theo quy tr\u00ecnh kh\u00e9p k\u00edn \u0111\u1ea3m b\u1ea3o an to\u00e0n h\u1ee3p v\u1ec7 sinh an to\u00e0n th\u1ef1c ph\u1ea9m, d\u00f9ng ch\u00ednh t\u1eeb nh\u1eefng con t\u00f4m t\u1ef1 nhi\u00ean ch\u1ee9 kh\u00f4ng d\u00f9ng b\u1ea5t k\u1ef3 lo\u1ea1i h\u01b0\u01a1ng li\u1ec7u t\u1ea1o m\u00e0u, t\u1ea1o m\u00f9i n\u00e0o kh\u00e1c.<\/p>\n<p>\u0110\u1ed3ng th\u1eddi b\u00e1nh ph\u1ed3ng t\u00f4m N\u0103m C\u0103n c\u00f2n \u0111\u01b0\u1ee3c k\u1ebft h\u1ee3p v\u1edbi nhi\u1ec1u lo\u1ea1i nguy\u00ean li\u1ec7u gia truy\u1ec1n kh\u00e1c t\u1ea1o n\u00ean m\u1ed9t v\u1ecb th\u01a1m ngon b\u00e9o ng\u1eady, v\u1ecb th\u01a1m c\u1ee7a t\u00f4m t\u1ef1 nhi\u00ean, v\u1ecb th\u01a1m v\u00e0 cay nh\u1eb9 c\u1ee7a ti\u00eau s\u1ebd kh\u00f4ng l\u00e0m kh\u00e1ch h\u00e0ng ph\u1ea3i th\u1ea5t v\u1ecdng.<\/p>\n<p>2. Th\u00e0nh ph\u1ea7n: &#8211; T\u00f4m T\u00edt \u0111\u1ea5t t\u01b0\u01a1i t\u1ef1 nhi\u00ean 45% (T\u00f4m \u0111\u01b0\u1ee3c sinh tr\u01b0\u1edfng ho\u1ea3n to\u00e0n nh\u1edd v\u00e0o th\u1ee9c \u0103n t\u1ef1 nhi\u00ean t\u1ea1i c\u00e1c vu\u00f4ng) &#8211; B\u1ed9t n\u0103ng h\u1ea3o h\u1ea1ng &#8211; Tr\u1ee9ng v\u1ecbt, ti\u00eau s\u1ecd Ph\u00fa Qu\u1ed1c h\u1ea3o h\u1ea1ng &#8211; Nguy\u00ean li\u1ec7u kh\u00e1c.<\/p>\n<p>3. Quy tr\u00ecnh s\u1ea3n xu\u1ea5t b\u00e1nh ph\u1ed3ng t\u00f4m gia truy\u1ec1n T\u00f4m T\u00edt \u0111\u1ea5t \u0111\u01b0\u1ee3c b\u1ecf \u0111\u1ea7u v\u00e0 \u0111u\u00f4i r\u1ed3i \u0111em xay nhuy\u1ec5n sau \u0111\u00f3 tr\u1ed9n \u0111\u1ec1u v\u1edbi b\u1ed9t n\u0103ng c\u00f9ng m\u1ed9t s\u1ed1 nguy\u00ean li\u1ec7u kh\u00e1c \u0111\u1ec3 t\u1ea1o ra m\u1ed9t h\u1ed7n h\u1ee3p ch\u1ea5t l\u1ecfng qu\u00e1nh. Tr\u00e1ng b\u00e1nh ph\u1ed3ng t\u00f4m T\u00edt tr\u00ean b\u1ebfp l\u00f2, h\u1ea5p b\u00e1nh ph\u1ed3ng ch\u00edn trong kho\u1ea3ng 30\u2019 &#8211; 45\u2019 r\u1ed3i \u0111em b\u00e1nh \u0111i s\u1ea5y kh\u00f4. B\u00e1nh ph\u1ed3ng t\u00f4m T\u00edt ngon s\u1ebd \u0111\u01b0\u1ee3c c\u1eaft t\u1ea1o h\u00ecnh th\u00e0nh c\u00e1c mi\u1ebfng b\u00e1nh nh\u1ecf r\u1ed3i \u0111em ph\u01a1i n\u1eafng trong kho\u1ea3ng 2-3 n\u1eafng l\u00e0 \u0111\u01b0\u1ee3c m\u1ebb B\u00e1nh ph\u1ed3ng t\u00f4m T\u00edt ngon th\u00e0nh ph\u1ea9m th\u01a1m ngon b\u00e9o ng\u1eady \u0111\u1ec3 m\u1ecdi ng\u01b0\u1eddi c\u00f9ng th\u01b0\u1edfng th\u1ee9c.<\/p>\n<p>4. B\u00e1nh ph\u1ed3ng t\u00f4m T\u00edt ngon ph\u00f9 h\u1ee3p v\u1edbi. B\u00e1nh khi chi\u00ean xong n\u1edf \u0111\u1ec1u, r\u1ea5t th\u01a1m ngon h\u01b0\u01a1ng v\u1ecb th\u01a1m ngon \u0111\u1eb7c tr\u01b0ng c\u1ee7a con t\u00f4m \u0111\u1ea5t mi\u1ec1n T\u00e2y Nam B\u1ed9.<\/p>\n<p>\u0110\u1eb7c bi\u1ec7t, b\u00e1nh ph\u1ed3ng t\u00f4m T\u00edt N\u0103m C\u0103n kh\u00f4ng d\u00f9ng b\u1ea5t k\u1ef3 ch\u1ea5t b\u1ea3o qu\u1ea3n hay h\u01b0\u01a1ng li\u1ec7u khi l\u00e0m m\u00e0 ho\u00e0n to\u00e0n s\u1eed d\u1ee5ng t\u00f4m t\u1ef1 nhi\u00ean xay nhuy\u1ec5n ho\u00e0n to\u00e0n t\u1ef1 nhi\u00ean n\u00ean r\u1ea5t an to\u00e0n v\u00e0 th\u00e2n thi\u1ec7n v\u1edbi ng\u01b0\u1eddi s\u1eed d\u1ee5ng.<\/p>\n<p>\u2022 S\u1ea3n ph\u1ea9m c\u00f3 th\u1ec3 thay th\u1ebf bim bim cho tr\u1ebb.<\/p>\n<p>\u2022 Ph\u00f9 h\u1ee3p v\u1edbi c\u1ea3 tr\u1ebb em v\u00e0 ng\u01b0\u1eddi l\u1edbn.<\/p>\n<p>5. C\u00e1ch s\u1eed d\u1ee5ng b\u00e1nh ph\u1ed3ng t\u00f4m T\u00edt ngon<\/p>\n<p>&#8211; Chi\u00ean b\u00e1nh \u1edf nhi\u1ec7t \u0111\u1ed9 160 \u2013 180 l\u00e0 t\u1ed1t nh\u1ea5t, tr\u1edf b\u00e1nh \u0111\u1ec1u cho \u0111\u1ebfn khi b\u00e1nh n\u1edf v\u00e0 c\u00f3 m\u00e0u v\u00e0ng r\u1ed3i v\u1edbt b\u00e1nh ra \u0111\u1ec3 r\u00e1o v\u00e0 s\u1eed d\u1ee5ng.<\/p>\n<p>&#8211; D\u00f9ng \u0111\u01b0\u1ee3c v\u1edbi l\u00f2 vi s\u00f3ng, n\u1ed3i chi\u00ean kh\u00f4ng d\u1ea7u \u0111\u1ec1u \u0111\u01b0\u1ee3c<\/p>\n<p>&#8211; Khuy\u1ebfn ngh\u1ecb: Chi\u00ean b\u00e1nh ph\u1ed3ng t\u00f4m N\u0103m C\u0103n b\u1eb1ng d\u1ea7u th\u1ef1c v\u1eadt ho\u1eb7c d\u1ea7u organic s\u1ebd \u0111\u1ea1t \u0111\u01b0\u1ee3c \u0111\u1ed9 th\u01a1m ngon nh\u1ea5t.<\/p>","protected":false},"excerpt":{"rendered":"<p>T\u1ea1i sao b\u1ea1n n\u00ean l\u1ef1a ch\u1ecdn B\u00e1nh Ph\u1ed3ng T\u00f4m T\u00edt ( b\u1ec1 b\u1ec1) Ki\u00ean C\u01b0\u1eddng &#8211; \u0110\u1eb7c s\u1ea3n N\u0103m C\u0103n<\/p>","protected":false},"featured_media":13606,"comment_status":"open","ping_status":"closed","template":"","meta":{"_acf_changed":false},"product_cat":[317,366,367,22,313],"product_tag":[],"class_list":{"0":"post-13586","1":"product","2":"type-product","3":"status-publish","4":"has-post-thumbnail","6":"product_cat-che-bien-tu-thit-trung-sua-thuy-san-cac-san-pham-tu-mat-ong-mat-khac-va-nong-san-thuc-pham-khac","7":"product_cat-hang-cnnt-cap-qg","8":"product_cat-hang-cnnt-cap-qg-2023","9":"product_cat-sanphamthucpham","10":"product_cat-thuc-pham-che-bien","12":"first","13":"instock","14":"shipping-taxable","15":"product-type-simple"},"acf":[],"_links":{"self":[{"href":"https:\/\/b2c.fairs.vn\/en\/wp-json\/wp\/v2\/product\/13586","targetHints":{"allow":["GET"]}}],"collection":[{"href":"https:\/\/b2c.fairs.vn\/en\/wp-json\/wp\/v2\/product"}],"about":[{"href":"https:\/\/b2c.fairs.vn\/en\/wp-json\/wp\/v2\/types\/product"}],"replies":[{"embeddable":true,"href":"https:\/\/b2c.fairs.vn\/en\/wp-json\/wp\/v2\/comments?post=13586"}],"version-history":[{"count":0,"href":"https:\/\/b2c.fairs.vn\/en\/wp-json\/wp\/v2\/product\/13586\/revisions"}],"wp:featuredmedia":[{"embeddable":true,"href":"https:\/\/b2c.fairs.vn\/en\/wp-json\/wp\/v2\/media\/13606"}],"wp:attachment":[{"href":"https:\/\/b2c.fairs.vn\/en\/wp-json\/wp\/v2\/media?parent=13586"}],"wp:term":[{"taxonomy":"product_cat","embeddable":true,"href":"https:\/\/b2c.fairs.vn\/en\/wp-json\/wp\/v2\/product_cat?post=13586"},{"taxonomy":"product_tag","embeddable":true,"href":"https:\/\/b2c.fairs.vn\/en\/wp-json\/wp\/v2\/product_tag?post=13586"}],"curies":[{"name":"wp","href":"https:\/\/api.w.org\/{rel}","templated":true}]}}