{"id":13576,"date":"2024-04-01T11:45:23","date_gmt":"2024-04-01T04:45:23","guid":{"rendered":"https:\/\/b2c.fairs.vn\/?post_type=product&#038;p=13576"},"modified":"2024-04-01T11:45:24","modified_gmt":"2024-04-01T04:45:24","slug":"ca-phe-hat-trung-hoa-1000g","status":"publish","type":"product","link":"https:\/\/b2c.fairs.vn\/en\/product\/ca-phe-hat-trung-hoa-1000g\/","title":{"rendered":"C\u00c0 PH\u00ca H\u1ea0T TRUNG H\u00d2A 1000G"},"content":{"rendered":"<p>C\u00e0 ph\u00ea h\u1ea1t TRUNG H\u00d2A \u0111\u01b0\u1ee3c tuy\u1ec3n ch\u1ecdn t\u1eeb nh\u1eefng tr\u00e1i c\u00e0 ph\u00ea ch\u00edn m\u1ecdng v\u00e0 \u0111\u01b0\u1ee3c ch\u1ebf bi\u1ebfn theo ph\u01b0\u01a1ng ph\u00e1p Ch\u1ebf bi\u1ebfn \u01b0\u1edbt. H\u1ea1t c\u00e0 ph\u00ea \u0111\u01b0\u1ee3c rang tr\u00ean m\u00e1y rang c\u00f4ng ngh\u1ec7 \u201c Hot air roasting\u201d c\u00f9ng v\u1edbi th\u1ee3 rang l\u00e0nh ngh\u1ec1. Ch\u00fang t\u00f4i lu\u00f4n n\u1ed7 l\u1ef1c kh\u00f4ng ng\u1eebng \u0111\u1ec3 \u0111em \u0111\u1ebfn cho Kh\u00e1ch h\u00e0ng nh\u1eefng ly c\u00e0 ph\u00ea tuy\u1ec7t h\u1ea3o mang \u0111\u1eadm d\u1ea5u \u1ea5n c\u1ee7a t\u1eebng v\u00f9ng tr\u1ed3ng c\u00e0 ph\u00ea \u0111\u1eb7c tr\u01b0ng c\u1ee7a Viet Nam.<\/p>\n<p>&nbsp;<\/p>\n<ul>\n<li><strong>Th\u00e0nh ph\u1ea7n:\u00a0<\/strong>C\u00e0 ph\u00ea (Arabica, Robusta).<\/li>\n<li><strong>Ch\u1ec9 ti\u00eau ch\u1ea5t l\u01b0\u1ee3ng ch\u1ee7 y\u1ebfu:\u00a0<\/strong>H\u00e0m l\u01b0\u1ee3ng cafein \u2265 1%, \u0110\u1ed9 \u1ea9m \u2264 5%<\/li>\n<\/ul>\n<p>&nbsp;<\/p>\n<p><strong>H\u01b0\u1edbng d\u1eabn b\u1ea3o qu\u1ea3n:\u00a0<\/strong>B\u1ea3o qu\u1ea3n n\u01a1i kh\u00f4 r\u00e1o, c\u1ea7n gi\u1eef k\u00edn khi s\u1eed d\u1ee5ng<\/p>\n<p><strong>H\u1ea1n s\u1eed d\u1ee5ng:\u00a0<\/strong>12 Th\u00e1ng t\u00ednh t\u1eeb ng\u00e0y s\u1ea3n xu\u1ea5t<\/p>\n<p><strong>Ng\u00e1y s\u1ea3n su\u1ea5t:\u00a0<\/strong>Xem tr\u00ean bao b\u00ec<\/p>","protected":false},"excerpt":{"rendered":"<p>C\u00e0 ph\u00ea h\u1ea1t TRUNG H\u00d2A \u0111\u01b0\u1ee3c tuy\u1ec3n ch\u1ecdn t\u1eeb nh\u1eefng tr\u00e1i c\u00e0 ph\u00ea ch\u00edn m\u1ecdng v\u00e0 \u0111\u01b0\u1ee3c ch\u1ebf bi\u1ebfn theo ph\u01b0\u01a1ng ph\u00e1p Ch\u1ebf bi\u1ebfn \u01b0\u1edbt. H\u1ea1t c\u00e0 ph\u00ea \u0111\u01b0\u1ee3c rang tr\u00ean m\u00e1y rang c\u00f4ng ngh\u1ec7 \u201c Hot air roasting\u201d c\u00f9ng v\u1edbi th\u1ee3 rang l\u00e0nh ngh\u1ec1. Ch\u00fang t\u00f4i lu\u00f4n n\u1ed7 l\u1ef1c kh\u00f4ng ng\u1eebng \u0111\u1ec3 \u0111em \u0111\u1ebfn cho Kh\u00e1ch h\u00e0ng nh\u1eefng ly c\u00e0 ph\u00ea tuy\u1ec7t h\u1ea3o mang \u0111\u1eadm d\u1ea5u \u1ea5n c\u1ee7a t\u1eebng v\u00f9ng tr\u1ed3ng c\u00e0 ph\u00ea \u0111\u1eb7c tr\u01b0ng c\u1ee7a Viet Nam.<\/p>\n<p>&nbsp;<\/p>\n<ul>\n<li><strong>Th\u00e0nh ph\u1ea7n:\u00a0<\/strong>C\u00e0 ph\u00ea (Arabica, Robusta).<\/li>\n<li><strong>Ch\u1ec9 ti\u00eau ch\u1ea5t l\u01b0\u1ee3ng ch\u1ee7 y\u1ebfu:\u00a0<\/strong>H\u00e0m l\u01b0\u1ee3ng cafein \u2265 1%, \u0110\u1ed9 \u1ea9m \u2264 5%<\/li>\n<\/ul>\n<p>&nbsp;<\/p>\n<p><strong>H\u01b0\u1edbng d\u1eabn b\u1ea3o qu\u1ea3n:\u00a0<\/strong>B\u1ea3o qu\u1ea3n n\u01a1i kh\u00f4 r\u00e1o, c\u1ea7n gi\u1eef k\u00edn khi s\u1eed d\u1ee5ng<\/p>\n<p><strong>H\u1ea1n s\u1eed d\u1ee5ng:\u00a0<\/strong>12 Th\u00e1ng t\u00ednh t\u1eeb ng\u00e0y s\u1ea3n xu\u1ea5t<\/p>\n<p><strong>Ng\u00e1y s\u1ea3n su\u1ea5t:\u00a0<\/strong>Xem tr\u00ean bao b\u00ec<\/p>","protected":false},"featured_media":13626,"comment_status":"open","ping_status":"closed","template":"","meta":{"_acf_changed":false},"product_cat":[324,366,398,22],"product_tag":[],"class_list":{"0":"post-13576","1":"product","2":"type-product","3":"status-publish","4":"has-post-thumbnail","6":"product_cat-ca-phe-ca-cao","7":"product_cat-hang-cnnt-cap-qg","8":"product_cat-san-pham-cnnt-tb-cap-qg-2021","9":"product_cat-sanphamthucpham","11":"first","12":"instock","13":"shipping-taxable","14":"purchasable","15":"product-type-simple"},"acf":[],"_links":{"self":[{"href":"https:\/\/b2c.fairs.vn\/en\/wp-json\/wp\/v2\/product\/13576","targetHints":{"allow":["GET"]}}],"collection":[{"href":"https:\/\/b2c.fairs.vn\/en\/wp-json\/wp\/v2\/product"}],"about":[{"href":"https:\/\/b2c.fairs.vn\/en\/wp-json\/wp\/v2\/types\/product"}],"replies":[{"embeddable":true,"href":"https:\/\/b2c.fairs.vn\/en\/wp-json\/wp\/v2\/comments?post=13576"}],"version-history":[{"count":0,"href":"https:\/\/b2c.fairs.vn\/en\/wp-json\/wp\/v2\/product\/13576\/revisions"}],"wp:featuredmedia":[{"embeddable":true,"href":"https:\/\/b2c.fairs.vn\/en\/wp-json\/wp\/v2\/media\/13626"}],"wp:attachment":[{"href":"https:\/\/b2c.fairs.vn\/en\/wp-json\/wp\/v2\/media?parent=13576"}],"wp:term":[{"taxonomy":"product_cat","embeddable":true,"href":"https:\/\/b2c.fairs.vn\/en\/wp-json\/wp\/v2\/product_cat?post=13576"},{"taxonomy":"product_tag","embeddable":true,"href":"https:\/\/b2c.fairs.vn\/en\/wp-json\/wp\/v2\/product_tag?post=13576"}],"curies":[{"name":"wp","href":"https:\/\/api.w.org\/{rel}","templated":true}]}}