{"id":13572,"date":"2024-04-01T11:20:58","date_gmt":"2024-04-01T04:20:58","guid":{"rendered":"https:\/\/b2c.fairs.vn\/?post_type=product&#038;p=13572"},"modified":"2024-04-04T09:41:40","modified_gmt":"2024-04-04T02:41:40","slug":"lo-hoa-tru-tron-campos-355-cm-mai-hoa-ve-vang-hoa-quanh-mieng","status":"publish","type":"product","link":"https:\/\/b2c.fairs.vn\/en\/product\/lo-hoa-tru-tron-campos-355-cm-mai-hoa-ve-vang-hoa-quanh-mieng\/","title":{"rendered":"L\u1ecd hoa tr\u1ee5 tr\u00f2n Campos (35,5 cm m\u00e0i h\u00f3a v\u1ebd v\u00e0ng hoa quanh mi\u1ec7ng)"},"content":{"rendered":"<p>M\u00e3 s\u1ea3n ph\u1ea9m : OSCM44-305V<\/p>\n<p>K\u00edch th\u01b0\u1edbc : 35,5 cm<\/p>\n<p>M\u00e0u s\u1eafc : Tr\u1eafng \u2013 v\u00e0ng<\/p>\n<p>Ch\u1ea5t li\u1ec7u : Pha l\u00ea<\/p>\n<p>Xu\u1ea5t x\u1ee9 : C\u1ed9ng h\u00f2a Czech<\/p>","protected":false},"excerpt":{"rendered":"<p>M\u00e3 s\u1ea3n ph\u1ea9m : OSCM44-305V K\u00edch th\u01b0\u1edbc : 35,5 cm M\u00e0u s\u1eafc : Tr\u1eafng \u2013 v\u00e0ng Ch\u1ea5t li\u1ec7u : Pha<\/p>","protected":false},"featured_media":13593,"comment_status":"open","ping_status":"closed","template":"","meta":{"_acf_changed":false},"product_cat":[520,400,366,398],"product_tag":[],"class_list":{"0":"post-13572","1":"product","2":"type-product","3":"status-publish","4":"has-post-thumbnail","6":"product_cat-nha-cua-doi-song","7":"product_cat-noi-that","8":"product_cat-hang-cnnt-cap-qg","9":"product_cat-san-pham-cnnt-tb-cap-qg-2021","11":"first","12":"instock","13":"shipping-taxable","14":"product-type-simple"},"acf":[],"_links":{"self":[{"href":"https:\/\/b2c.fairs.vn\/en\/wp-json\/wp\/v2\/product\/13572","targetHints":{"allow":["GET"]}}],"collection":[{"href":"https:\/\/b2c.fairs.vn\/en\/wp-json\/wp\/v2\/product"}],"about":[{"href":"https:\/\/b2c.fairs.vn\/en\/wp-json\/wp\/v2\/types\/product"}],"replies":[{"embeddable":true,"href":"https:\/\/b2c.fairs.vn\/en\/wp-json\/wp\/v2\/comments?post=13572"}],"version-history":[{"count":0,"href":"https:\/\/b2c.fairs.vn\/en\/wp-json\/wp\/v2\/product\/13572\/revisions"}],"wp:featuredmedia":[{"embeddable":true,"href":"https:\/\/b2c.fairs.vn\/en\/wp-json\/wp\/v2\/media\/13593"}],"wp:attachment":[{"href":"https:\/\/b2c.fairs.vn\/en\/wp-json\/wp\/v2\/media?parent=13572"}],"wp:term":[{"taxonomy":"product_cat","embeddable":true,"href":"https:\/\/b2c.fairs.vn\/en\/wp-json\/wp\/v2\/product_cat?post=13572"},{"taxonomy":"product_tag","embeddable":true,"href":"https:\/\/b2c.fairs.vn\/en\/wp-json\/wp\/v2\/product_tag?post=13572"}],"curies":[{"name":"wp","href":"https:\/\/api.w.org\/{rel}","templated":true}]}}