{"id":13571,"date":"2024-04-01T11:27:44","date_gmt":"2024-04-01T04:27:44","guid":{"rendered":"https:\/\/b2c.fairs.vn\/?post_type=product&#038;p=13571"},"modified":"2024-04-01T11:27:44","modified_gmt":"2024-04-01T04:27:44","slug":"com-say-cha-bong","status":"publish","type":"product","link":"https:\/\/b2c.fairs.vn\/en\/product\/com-say-cha-bong\/","title":{"rendered":"C\u01a1m S\u1ea5y Ch\u00e0 B\u00f4ng"},"content":{"rendered":"<p><strong>C\u01a1m S\u1ea5y Ch\u00e0 B\u00f4ng Th\u1ecfa S\u1ee9c \u0102n V\u1eb7t \u2013 S\u1ebb Chia C\u00f9ng B\u1ea1n B\u00e8.<\/strong><\/p>\n<p>C\u00f3 l\u1ebd kh\u00f4ng ai trong ch\u00fang ta ch\u01b0a t\u1eebng th\u01b0\u1edfng th\u1ee9c qua m\u00f3n c\u01a1m ch\u00e1y \u0111\u00e1y n\u1ed3i, m\u1ed9t m\u00f3n \u0103n truy\u1ec1n th\u1ed1ng c\u1ee7a gia \u0111\u00ecnh Vi\u1ec7t t\u1eeb l\u00e2u \u0111\u1eddi. Nh\u1eadt Qu\u1ef3nh Food t\u1ef1 h\u00e0o khi kh\u00f4ng ch\u1ec9 g\u00ecn gi\u1eef \u0111\u01b0\u1ee3c h\u01b0\u01a1ng v\u1ecb truy\u1ec1n th\u1ed1ng \u1ea5y, m\u00e0 c\u00f2n gi\u00fap m\u00f3n \u0103n n\u00e0y tr\u1edf n\u00ean,\u00a0<strong>an to\u00e0n v\u1ec7 sinh th\u1ef1c ph\u1ea9m h\u01a1n \u2013 gi\u00f2n tan v\u00e0 th\u01a1m ngon h\u01a1n.\u00a0<\/strong>T\u1ea1i sao b\u1ea1n kh\u00f4ng th\u1eed th\u01b0\u1edfng th\u1ee9c h\u01b0\u01a1ng v\u1ecb x\u01b0a n\u00e0y qua mi\u1ebfng c\u01a1m s\u1ea5y Nh\u1eadt Qu\u1ef3nh?<\/p>\n<p>-H\u1ea1n s\u1eed d\u1ee5ng: 6 th\u00e1ng k\u1ec3 t\u1eeb ng\u00e0y s\u1ea3n xu\u1ea5t.<\/p>\n<p>-Th\u00e0nh ph\u1ea7n: G\u1ea1o th\u01a1m, ch\u00e0 b\u00f4ng, d\u1ea7u th\u1ef1c v\u1eadt v\u00e0 gia v\u1ecb.<\/p>\n<p>-B\u1ea3o qu\u1ea3n: N\u01a1i kh\u00f4 r\u00e1o tr\u00e1nh \u00e1nh n\u1eafng tr\u1ef1c ti\u1ebfp.<\/p>\n<p>-Xu\u1ea5t x\u1ee9: Vi\u1ec7t Nam.<\/p>","protected":false},"excerpt":{"rendered":"<p>Nh\u1eadt Qu\u1ef3nh Food t\u1ef1 h\u00e0o khi kh\u00f4ng ch\u1ec9 g\u00ecn gi\u1eef \u0111\u01b0\u1ee3c h\u01b0\u01a1ng v\u1ecb truy\u1ec1n th\u1ed1ng \u1ea5y, m\u00e0 c\u00f2n gi\u00fap m\u00f3n \u0103n n\u00e0y tr\u1edf n\u00ean,\u00a0<strong>an to\u00e0n v\u1ec7 sinh th\u1ef1c ph\u1ea9m h\u01a1n \u2013 gi\u00f2n tan v\u00e0 th\u01a1m ngon h\u01a1n.<\/strong><\/p>","protected":false},"featured_media":13600,"comment_status":"open","ping_status":"closed","template":"","meta":{"_acf_changed":false},"product_cat":[315,314,366,447,22,313],"product_tag":[],"class_list":{"0":"post-13571","1":"product","2":"type-product","3":"status-publish","4":"has-post-thumbnail","6":"product_cat-che-bien-tu-gao-ngu-coc","7":"product_cat-do-an-nhanh","8":"product_cat-hang-cnnt-cap-qg","9":"product_cat-san-pham-cnnt-tb-cap-qg-2017","10":"product_cat-sanphamthucpham","11":"product_cat-thuc-pham-che-bien","13":"first","14":"instock","15":"sale","16":"shipping-taxable","17":"purchasable","18":"product-type-variable"},"acf":[],"_links":{"self":[{"href":"https:\/\/b2c.fairs.vn\/en\/wp-json\/wp\/v2\/product\/13571","targetHints":{"allow":["GET"]}}],"collection":[{"href":"https:\/\/b2c.fairs.vn\/en\/wp-json\/wp\/v2\/product"}],"about":[{"href":"https:\/\/b2c.fairs.vn\/en\/wp-json\/wp\/v2\/types\/product"}],"replies":[{"embeddable":true,"href":"https:\/\/b2c.fairs.vn\/en\/wp-json\/wp\/v2\/comments?post=13571"}],"version-history":[{"count":0,"href":"https:\/\/b2c.fairs.vn\/en\/wp-json\/wp\/v2\/product\/13571\/revisions"}],"wp:featuredmedia":[{"embeddable":true,"href":"https:\/\/b2c.fairs.vn\/en\/wp-json\/wp\/v2\/media\/13600"}],"wp:attachment":[{"href":"https:\/\/b2c.fairs.vn\/en\/wp-json\/wp\/v2\/media?parent=13571"}],"wp:term":[{"taxonomy":"product_cat","embeddable":true,"href":"https:\/\/b2c.fairs.vn\/en\/wp-json\/wp\/v2\/product_cat?post=13571"},{"taxonomy":"product_tag","embeddable":true,"href":"https:\/\/b2c.fairs.vn\/en\/wp-json\/wp\/v2\/product_tag?post=13571"}],"curies":[{"name":"wp","href":"https:\/\/api.w.org\/{rel}","templated":true}]}}