{"id":13549,"date":"2024-04-01T11:07:09","date_gmt":"2024-04-01T04:07:09","guid":{"rendered":"https:\/\/b2c.fairs.vn\/?post_type=product&#038;p=13549"},"modified":"2024-04-01T11:07:10","modified_gmt":"2024-04-01T04:07:10","slug":"ca-phe-hoa-tan","status":"publish","type":"product","link":"https:\/\/b2c.fairs.vn\/en\/product\/ca-phe-hoa-tan\/","title":{"rendered":"c\u00e0 ph\u00ea h\u00f2a tan"},"content":{"rendered":"<p><strong>Th\u00e0nh ph\u1ea7n<\/strong>:<\/p>\n<p align=\"left\">&#8211; 100% Robusta ho\u1eb7c<\/p>\n<p align=\"left\">&#8211; 100% Arabica ho\u1eb7c<\/p>\n<p align=\"left\">&#8211; Ph\u1ed1i tr\u1ed9n gi\u1eefa Robusta v\u00e0 Arabica<\/p>\n<p align=\"left\"><strong>Quy c\u00e1ch \u0111\u00f3ng g\u00f3i<\/strong>: Bao 10kg, Bao 15kg, Th\u00f9ng 25kg<\/p>\n<p align=\"left\"><strong>H\u1ea1n s\u1eed d\u1ee5ng<\/strong>: 12 th\u00e1ng<\/p>\n<p align=\"left\"><strong>\u0110\u1eb7c \u0111i\u1ec3m<\/strong>:<\/p>\n<p align=\"left\">&#8211; D\u1ea1ng b\u1ed9t.<br \/>\n&#8211; M\u00e0u n\u00e2u c\u00e1nh gi\u00e1n.<br \/>\n&#8211; V\u1ecb c\u00e0 ph\u00ea \u0111\u1eb7c tr\u01b0ng.<\/p>\n<p align=\"left\"><strong>Ch\u1ec9 ti\u00eau ch\u1ea5t l\u01b0\u1ee3ng<\/strong>:<\/p>\n<p align=\"left\">\u0110\u1ed9 \u1ea9m \u2264 5% ;<\/p>\n<p align=\"left\">H\u00e0m l\u01b0\u1ee3ng Caffeine: T\u00f9y theo t\u1eebng d\u00f2ng s\u1ea3n ph\u1ea9m nh\u01b0: SR; SH, SC&#8230;<\/p>\n<p align=\"left\"><strong>Xu\u1ea5t x\u1ee9<\/strong>: Vi\u1ec7t Nam<\/p>","protected":false},"excerpt":{"rendered":"<p><strong>Th\u00e0nh ph\u1ea7n<\/strong>:<\/p>\n<p align=\"left\">&#8211; 100% Robusta ho\u1eb7c<\/p>\n<p align=\"left\">&#8211; 100% Arabica ho\u1eb7c<\/p>\n<p align=\"left\">&#8211; Ph\u1ed1i tr\u1ed9n gi\u1eefa Robusta v\u00e0 Arabica<\/p>\n<p align=\"left\"><strong>Quy c\u00e1ch \u0111\u00f3ng g\u00f3i<\/strong>: Bao 10kg, Bao 15kg, Th\u00f9ng 25kg<\/p>\n<p align=\"left\"><strong>H\u1ea1n s\u1eed d\u1ee5ng<\/strong>: 12 th\u00e1ng<\/p>\n<p align=\"left\"><strong>\u0110\u1eb7c \u0111i\u1ec3m<\/strong>:<\/p>\n<p align=\"left\">&#8211; D\u1ea1ng b\u1ed9t.<br \/>\n&#8211; M\u00e0u n\u00e2u c\u00e1nh gi\u00e1n.<br \/>\n&#8211; V\u1ecb c\u00e0 ph\u00ea \u0111\u1eb7c tr\u01b0ng.<\/p>\n<p align=\"left\"><strong>Ch\u1ec9 ti\u00eau ch\u1ea5t l\u01b0\u1ee3ng<\/strong>:<\/p>\n<p align=\"left\">\u0110\u1ed9 \u1ea9m \u2264 5% ;<\/p>\n<p align=\"left\">H\u00e0m l\u01b0\u1ee3ng Caffeine: T\u00f9y theo t\u1eebng d\u00f2ng s\u1ea3n ph\u1ea9m nh\u01b0: SR; SH, SC&#8230;<\/p>\n<p align=\"left\"><strong>Xu\u1ea5t x\u1ee9<\/strong>: Vi\u1ec7t Nam<\/p>","protected":false},"featured_media":13557,"comment_status":"open","ping_status":"closed","template":"","meta":{"_acf_changed":false},"product_cat":[324,366,398,22],"product_tag":[],"class_list":{"0":"post-13549","1":"product","2":"type-product","3":"status-publish","4":"has-post-thumbnail","6":"product_cat-ca-phe-ca-cao","7":"product_cat-hang-cnnt-cap-qg","8":"product_cat-san-pham-cnnt-tb-cap-qg-2021","9":"product_cat-sanphamthucpham","11":"first","12":"instock","13":"shipping-taxable","14":"product-type-simple"},"acf":[],"_links":{"self":[{"href":"https:\/\/b2c.fairs.vn\/en\/wp-json\/wp\/v2\/product\/13549","targetHints":{"allow":["GET"]}}],"collection":[{"href":"https:\/\/b2c.fairs.vn\/en\/wp-json\/wp\/v2\/product"}],"about":[{"href":"https:\/\/b2c.fairs.vn\/en\/wp-json\/wp\/v2\/types\/product"}],"replies":[{"embeddable":true,"href":"https:\/\/b2c.fairs.vn\/en\/wp-json\/wp\/v2\/comments?post=13549"}],"version-history":[{"count":0,"href":"https:\/\/b2c.fairs.vn\/en\/wp-json\/wp\/v2\/product\/13549\/revisions"}],"wp:featuredmedia":[{"embeddable":true,"href":"https:\/\/b2c.fairs.vn\/en\/wp-json\/wp\/v2\/media\/13557"}],"wp:attachment":[{"href":"https:\/\/b2c.fairs.vn\/en\/wp-json\/wp\/v2\/media?parent=13549"}],"wp:term":[{"taxonomy":"product_cat","embeddable":true,"href":"https:\/\/b2c.fairs.vn\/en\/wp-json\/wp\/v2\/product_cat?post=13549"},{"taxonomy":"product_tag","embeddable":true,"href":"https:\/\/b2c.fairs.vn\/en\/wp-json\/wp\/v2\/product_tag?post=13549"}],"curies":[{"name":"wp","href":"https:\/\/api.w.org\/{rel}","templated":true}]}}