{"id":13545,"date":"2024-04-01T11:04:14","date_gmt":"2024-04-01T04:04:14","guid":{"rendered":"https:\/\/b2c.fairs.vn\/?post_type=product&#038;p=13545"},"modified":"2024-04-01T11:04:15","modified_gmt":"2024-04-01T04:04:15","slug":"ca-phe-phin-giay-blue-10-phin-x-12gr","status":"publish","type":"product","link":"https:\/\/b2c.fairs.vn\/en\/product\/ca-phe-phin-giay-blue-10-phin-x-12gr\/","title":{"rendered":"C\u00c0 PH\u00ca PHIN GI\u1ea4Y BLUE (10 PHIN X 12GR)"},"content":{"rendered":"<p>S\u1eed d\u1ee5ng c\u00e0 ph\u00ea nguy\u00ean li\u1ec7u h\u1ea1t c\u00f3 ch\u1ec9 d\u1eabn \u0111\u1ecba l\u00fd Bu\u00f4n Ma Thu\u1ed9t S\u1eed d\u1ee5ng c\u00f4ng ngh\u1ec7 rang h\u00e0ng \u0111\u1ea7u Ch\u00e2u \u00c2u, c\u00f4ng ngh\u1ec7 rang &#8220;Hot Air&#8221; gi\u00fap h\u1ea1t c\u00e0 ph\u00ea c\u00f3 m\u00e0u \u0111\u1ed3ng nh\u1ea5t Phin gi\u1ea5y nh\u1eadp t\u1eeb Nh\u1eadt B\u1ea3n chi\u1ebft xu\u1ea5t tinh ch\u1ea5t ngon nh\u1ea5t c\u1ee7a c\u00e0 ph\u00ea S\u1eed d\u1ee5ng c\u00e0 ph\u00ea nguy\u00ean ch\u1ea5t th\u1eadt l\u00e0 ti\u1ec7n l\u1ee3i<\/p>","protected":false},"excerpt":{"rendered":"<p>S\u1eed d\u1ee5ng c\u00e0 ph\u00ea nguy\u00ean li\u1ec7u h\u1ea1t c\u00f3 ch\u1ec9 d\u1eabn \u0111\u1ecba l\u00fd Bu\u00f4n Ma Thu\u1ed9t S\u1eed d\u1ee5ng c\u00f4ng ngh\u1ec7 rang h\u00e0ng \u0111\u1ea7u Ch\u00e2u \u00c2u, c\u00f4ng ngh\u1ec7 rang &#8220;Hot Air&#8221; gi\u00fap h\u1ea1t c\u00e0 ph\u00ea c\u00f3 m\u00e0u \u0111\u1ed3ng nh\u1ea5t Phin gi\u1ea5y nh\u1eadp t\u1eeb Nh\u1eadt B\u1ea3n chi\u1ebft xu\u1ea5t tinh ch\u1ea5t ngon nh\u1ea5t c\u1ee7a c\u00e0 ph\u00ea S\u1eed d\u1ee5ng c\u00e0 ph\u00ea nguy\u00ean ch\u1ea5t th\u1eadt l\u00e0 ti\u1ec7n l\u1ee3i<\/p>","protected":false},"featured_media":13546,"comment_status":"open","ping_status":"closed","template":"","meta":{"_acf_changed":false},"product_cat":[324,366,398,22],"product_tag":[],"class_list":{"0":"post-13545","1":"product","2":"type-product","3":"status-publish","4":"has-post-thumbnail","6":"product_cat-ca-phe-ca-cao","7":"product_cat-hang-cnnt-cap-qg","8":"product_cat-san-pham-cnnt-tb-cap-qg-2021","9":"product_cat-sanphamthucpham","11":"first","12":"instock","13":"shipping-taxable","14":"product-type-simple"},"acf":[],"_links":{"self":[{"href":"https:\/\/b2c.fairs.vn\/en\/wp-json\/wp\/v2\/product\/13545","targetHints":{"allow":["GET"]}}],"collection":[{"href":"https:\/\/b2c.fairs.vn\/en\/wp-json\/wp\/v2\/product"}],"about":[{"href":"https:\/\/b2c.fairs.vn\/en\/wp-json\/wp\/v2\/types\/product"}],"replies":[{"embeddable":true,"href":"https:\/\/b2c.fairs.vn\/en\/wp-json\/wp\/v2\/comments?post=13545"}],"version-history":[{"count":0,"href":"https:\/\/b2c.fairs.vn\/en\/wp-json\/wp\/v2\/product\/13545\/revisions"}],"wp:featuredmedia":[{"embeddable":true,"href":"https:\/\/b2c.fairs.vn\/en\/wp-json\/wp\/v2\/media\/13546"}],"wp:attachment":[{"href":"https:\/\/b2c.fairs.vn\/en\/wp-json\/wp\/v2\/media?parent=13545"}],"wp:term":[{"taxonomy":"product_cat","embeddable":true,"href":"https:\/\/b2c.fairs.vn\/en\/wp-json\/wp\/v2\/product_cat?post=13545"},{"taxonomy":"product_tag","embeddable":true,"href":"https:\/\/b2c.fairs.vn\/en\/wp-json\/wp\/v2\/product_tag?post=13545"}],"curies":[{"name":"wp","href":"https:\/\/api.w.org\/{rel}","templated":true}]}}