{"id":13539,"date":"2024-04-01T11:06:41","date_gmt":"2024-04-01T04:06:41","guid":{"rendered":"https:\/\/b2c.fairs.vn\/?post_type=product&#038;p=13539"},"modified":"2024-04-01T11:06:42","modified_gmt":"2024-04-01T04:06:42","slug":"keo-deo-thanh-long-gung-tac-kim-hai","status":"publish","type":"product","link":"https:\/\/b2c.fairs.vn\/en\/product\/keo-deo-thanh-long-gung-tac-kim-hai\/","title":{"rendered":"K\u1eb9o d\u1ebbo thanh long g\u1eebng t\u1eafc Kim H\u1ea3i"},"content":{"rendered":"<p><strong>Th\u01b0\u01a1ng hi\u00ea\u0323u:<\/strong>\u00a0A&#8217;Fruit<br \/>\n<strong>Xu\u00e2\u0301t x\u01b0\u0301:<\/strong>\u00a0Vi\u00ea\u0323t Nam<br \/>\n<strong>Quy ca\u0301ch \u0111o\u0301ng go\u0301i:<\/strong>\u00a0go\u0301i gi\u00e2\u0301y 100gr<br \/>\n<strong>Ha\u0323n s\u01b0\u0309 du\u0323ng:<\/strong>\u00a012 tha\u0301ng k\u00ea\u0309 t\u01b0\u0300 nga\u0300y sa\u0309n xu\u00e2\u0301t<br \/>\n<strong>Tha\u0300nh ph\u00e2\u0300n:\u00a0<\/strong>Thi\u0323t qua\u0309 thanh long t\u01b0\u01a1i (ru\u00f4\u0323t tr\u0103\u0301ng va\u0300 ru\u00f4\u0323t \u0111o\u0309), t\u0103\u0301c t\u01b0\u01a1i, g\u01b0\u0300ng, ma\u0323ch nha, \u0111\u01b0\u01a1\u0300ng, maltodextrin, dextrose. Kh\u00f4ng ch\u00e2\u0301t ba\u0309o qua\u0309n, kh\u00f4ng ma\u0300u, kh\u00f4ng h\u01b0\u01a1ng li\u00ea\u0323u.<br \/>\n<strong>\u0110\u1eb7c \u0111i\u1ec3m:<\/strong><br \/>\n&#8211; K\u1eb9o D\u1ebbo Thanh Long c\u00f3 nhi\u1ec1u h\u1ea1t gi\u00e0u ch\u1ea5t ch\u1ed1ng oxy h\u00f3a (antioxidant) v\u00e0 2 lo\u1ea1i axit b\u00e9o thi\u1ebft y\u1ebfu l\u00e0 Linoleic v\u00e0 Oleic (Omega 3-6-9) \u0111\u00f3ng vai tr\u00f2 quan tr\u1ecdng trong qu\u00e1 tr\u00ecnh chuy\u1ec3n h\u00f3a ch\u1ea5t m\u00e0 c\u01a1 th\u1ec3 kh\u00f4ng th\u1ec3 t\u1ef1 t\u1ed5ng h\u1ee3p \u0111\u01b0\u1ee3c.<br \/>\n&#8211; K\u1eb9o D\u1ebbo Thanh long l\u00e0 m\u00f3n \u0103n v\u1eb7t vui mi\u1ec7ng, an to\u00e0n v\u00e0 t\u1ed1t cho s\u1ee9c kh\u1ecfe.<\/p>","protected":false},"excerpt":{"rendered":"<p>Th\u01b0\u01a1ng hi\u00ea\u0323u:\u00a0A&#8217;Fruit Xu\u00e2\u0301t x\u01b0\u0301:\u00a0Vi\u00ea\u0323t Nam Quy ca\u0301ch \u0111o\u0301ng go\u0301i:\u00a0go\u0301i gi\u00e2\u0301y 100gr Ha\u0323n s\u01b0\u0309 du\u0323ng:\u00a012 tha\u0301ng k\u00ea\u0309 t\u01b0\u0300 nga\u0300y sa\u0309n xu\u00e2\u0301t<\/p>","protected":false},"featured_media":13550,"comment_status":"open","ping_status":"closed","template":"","meta":{"_acf_changed":false},"product_cat":[316,314,366,398,22,313],"product_tag":[],"class_list":{"0":"post-13539","1":"product","2":"type-product","3":"status-publish","4":"has-post-thumbnail","6":"product_cat-che-bien-tu-rau-cu-qua-hat","7":"product_cat-do-an-nhanh","8":"product_cat-hang-cnnt-cap-qg","9":"product_cat-san-pham-cnnt-tb-cap-qg-2021","10":"product_cat-sanphamthucpham","11":"product_cat-thuc-pham-che-bien","13":"first","14":"instock","15":"shipping-taxable","16":"purchasable","17":"product-type-simple"},"acf":[],"_links":{"self":[{"href":"https:\/\/b2c.fairs.vn\/en\/wp-json\/wp\/v2\/product\/13539","targetHints":{"allow":["GET"]}}],"collection":[{"href":"https:\/\/b2c.fairs.vn\/en\/wp-json\/wp\/v2\/product"}],"about":[{"href":"https:\/\/b2c.fairs.vn\/en\/wp-json\/wp\/v2\/types\/product"}],"replies":[{"embeddable":true,"href":"https:\/\/b2c.fairs.vn\/en\/wp-json\/wp\/v2\/comments?post=13539"}],"version-history":[{"count":0,"href":"https:\/\/b2c.fairs.vn\/en\/wp-json\/wp\/v2\/product\/13539\/revisions"}],"wp:featuredmedia":[{"embeddable":true,"href":"https:\/\/b2c.fairs.vn\/en\/wp-json\/wp\/v2\/media\/13550"}],"wp:attachment":[{"href":"https:\/\/b2c.fairs.vn\/en\/wp-json\/wp\/v2\/media?parent=13539"}],"wp:term":[{"taxonomy":"product_cat","embeddable":true,"href":"https:\/\/b2c.fairs.vn\/en\/wp-json\/wp\/v2\/product_cat?post=13539"},{"taxonomy":"product_tag","embeddable":true,"href":"https:\/\/b2c.fairs.vn\/en\/wp-json\/wp\/v2\/product_tag?post=13539"}],"curies":[{"name":"wp","href":"https:\/\/api.w.org\/{rel}","templated":true}]}}