{"id":13514,"date":"2024-04-01T11:02:19","date_gmt":"2024-04-01T04:02:19","guid":{"rendered":"https:\/\/b2c.fairs.vn\/?post_type=product&#038;p=13514"},"modified":"2024-04-01T11:02:20","modified_gmt":"2024-04-01T04:02:20","slug":"ca-phe-phin-giay-green-6-phin-x-12gr","status":"publish","type":"product","link":"https:\/\/b2c.fairs.vn\/en\/product\/ca-phe-phin-giay-green-6-phin-x-12gr\/","title":{"rendered":"C\u00c0 PH\u00ca PHIN GI\u1ea4Y GREEN (6 PHIN X 12GR)"},"content":{"rendered":"<p>V\u1edbi s\u1ef1 ti\u1ec7n d\u1ee5ng v\u00e0 nhanh ch\u00f3ng c\u00e0 ph\u00ea phin gi\u1ea5y l\u00e0 l\u1ef1a ch\u1ecdn cho nh\u1eefng t\u00edn \u0111\u1ed3 c\u00e0 ph\u00ea \u0111i c\u00f4ng t\u00e1c xa c\u00f3 th\u1ec3 mang theo m\u1ecdi n\u01a1i lu\u00f4n c\u00f3 b\u00ean m\u00ecnh ly c\u00e0 ph\u00ea nguy\u00ean ch\u1ea5t. C\u00e0 ph\u00ea phin gi\u1ea5y h\u1ed9p 6 g\u00f3i l\u00e0 l\u1ef1a ch\u1ecdn ti\u1ec7n l\u1ee3i cho vi\u1ec7c \u0111i c\u00f4ng t\u00e1c nh\u1ecf g\u1ecdn v\u00e0 hi\u1ec7u qu\u1ea3<\/p>","protected":false},"excerpt":{"rendered":"<p>V\u1edbi s\u1ef1 ti\u1ec7n d\u1ee5ng v\u00e0 nhanh ch\u00f3ng c\u00e0 ph\u00ea phin gi\u1ea5y l\u00e0 l\u1ef1a ch\u1ecdn cho nh\u1eefng t\u00edn \u0111\u1ed3 c\u00e0 ph\u00ea \u0111i c\u00f4ng t\u00e1c xa c\u00f3 th\u1ec3 mang theo m\u1ecdi n\u01a1i lu\u00f4n c\u00f3 b\u00ean m\u00ecnh ly c\u00e0 ph\u00ea nguy\u00ean ch\u1ea5t. C\u00e0 ph\u00ea phin gi\u1ea5y h\u1ed9p 6 g\u00f3i l\u00e0 l\u1ef1a ch\u1ecdn ti\u1ec7n l\u1ee3i cho vi\u1ec7c \u0111i c\u00f4ng t\u00e1c nh\u1ecf g\u1ecdn v\u00e0 hi\u1ec7u qu\u1ea3<\/p>","protected":false},"featured_media":13542,"comment_status":"open","ping_status":"closed","template":"","meta":{"_acf_changed":false},"product_cat":[324,366,398,22],"product_tag":[],"class_list":{"0":"post-13514","1":"product","2":"type-product","3":"status-publish","4":"has-post-thumbnail","6":"product_cat-ca-phe-ca-cao","7":"product_cat-hang-cnnt-cap-qg","8":"product_cat-san-pham-cnnt-tb-cap-qg-2021","9":"product_cat-sanphamthucpham","11":"first","12":"instock","13":"shipping-taxable","14":"product-type-simple"},"acf":[],"_links":{"self":[{"href":"https:\/\/b2c.fairs.vn\/en\/wp-json\/wp\/v2\/product\/13514","targetHints":{"allow":["GET"]}}],"collection":[{"href":"https:\/\/b2c.fairs.vn\/en\/wp-json\/wp\/v2\/product"}],"about":[{"href":"https:\/\/b2c.fairs.vn\/en\/wp-json\/wp\/v2\/types\/product"}],"replies":[{"embeddable":true,"href":"https:\/\/b2c.fairs.vn\/en\/wp-json\/wp\/v2\/comments?post=13514"}],"version-history":[{"count":0,"href":"https:\/\/b2c.fairs.vn\/en\/wp-json\/wp\/v2\/product\/13514\/revisions"}],"wp:featuredmedia":[{"embeddable":true,"href":"https:\/\/b2c.fairs.vn\/en\/wp-json\/wp\/v2\/media\/13542"}],"wp:attachment":[{"href":"https:\/\/b2c.fairs.vn\/en\/wp-json\/wp\/v2\/media?parent=13514"}],"wp:term":[{"taxonomy":"product_cat","embeddable":true,"href":"https:\/\/b2c.fairs.vn\/en\/wp-json\/wp\/v2\/product_cat?post=13514"},{"taxonomy":"product_tag","embeddable":true,"href":"https:\/\/b2c.fairs.vn\/en\/wp-json\/wp\/v2\/product_tag?post=13514"}],"curies":[{"name":"wp","href":"https:\/\/api.w.org\/{rel}","templated":true}]}}