{"id":13513,"date":"2024-04-01T10:50:16","date_gmt":"2024-04-01T03:50:16","guid":{"rendered":"https:\/\/b2c.fairs.vn\/?post_type=product&#038;p=13513"},"modified":"2024-04-01T10:50:18","modified_gmt":"2024-04-01T03:50:18","slug":"cha-bong-tom-tan-phat-loi","status":"publish","type":"product","link":"https:\/\/b2c.fairs.vn\/en\/product\/cha-bong-tom-tan-phat-loi\/","title":{"rendered":"Ch\u00e0 B\u00f4ng T\u00f4m T\u00e2n Ph\u00e1t L\u1ee3i"},"content":{"rendered":"<ul>\n<li>Th\u00e0nh Ph\u1ea7n : T\u00f4m 99% , Mu\u1ed1i 1%<\/li>\n<li>H\u01b0\u1edbng d\u1eabn s\u1eed d\u1ee5ng : \u0102n li\u1ec1n , d\u00f9ng tr\u1ed9n g\u1ecfi , b\u00e1nh m\u00ec , ch\u00e1o tr\u1eafng \u2026\u2026<\/li>\n<li>S\u1ea3n ph\u1ea9m \u0111\u1ea1t ch\u1ee9ng nh\u1eadn OCOP 3 Sao<\/li>\n<li>Quy c\u00e1ch : H\u1ed9p 100g<\/li>\n<\/ul>","protected":false},"excerpt":{"rendered":"<p>Th\u00e0nh Ph\u1ea7n : T\u00f4m 99% , Mu\u1ed1i 1% H\u01b0\u1edbng d\u1eabn s\u1eed d\u1ee5ng : \u0102n li\u1ec1n , d\u00f9ng tr\u1ed9n g\u1ecfi ,<\/p>","protected":false},"featured_media":13516,"comment_status":"open","ping_status":"closed","template":"","meta":{"_acf_changed":false},"product_cat":[317,366,446,22,313],"product_tag":[],"class_list":{"0":"post-13513","1":"product","2":"type-product","3":"status-publish","4":"has-post-thumbnail","6":"product_cat-che-bien-tu-thit-trung-sua-thuy-san-cac-san-pham-tu-mat-ong-mat-khac-va-nong-san-thuc-pham-khac","7":"product_cat-hang-cnnt-cap-qg","8":"product_cat-san-pham-cnnt-tb-cap-qg-2019","9":"product_cat-sanphamthucpham","10":"product_cat-thuc-pham-che-bien","12":"first","13":"instock","14":"shipping-taxable","15":"product-type-simple"},"acf":[],"_links":{"self":[{"href":"https:\/\/b2c.fairs.vn\/en\/wp-json\/wp\/v2\/product\/13513","targetHints":{"allow":["GET"]}}],"collection":[{"href":"https:\/\/b2c.fairs.vn\/en\/wp-json\/wp\/v2\/product"}],"about":[{"href":"https:\/\/b2c.fairs.vn\/en\/wp-json\/wp\/v2\/types\/product"}],"replies":[{"embeddable":true,"href":"https:\/\/b2c.fairs.vn\/en\/wp-json\/wp\/v2\/comments?post=13513"}],"version-history":[{"count":0,"href":"https:\/\/b2c.fairs.vn\/en\/wp-json\/wp\/v2\/product\/13513\/revisions"}],"wp:featuredmedia":[{"embeddable":true,"href":"https:\/\/b2c.fairs.vn\/en\/wp-json\/wp\/v2\/media\/13516"}],"wp:attachment":[{"href":"https:\/\/b2c.fairs.vn\/en\/wp-json\/wp\/v2\/media?parent=13513"}],"wp:term":[{"taxonomy":"product_cat","embeddable":true,"href":"https:\/\/b2c.fairs.vn\/en\/wp-json\/wp\/v2\/product_cat?post=13513"},{"taxonomy":"product_tag","embeddable":true,"href":"https:\/\/b2c.fairs.vn\/en\/wp-json\/wp\/v2\/product_tag?post=13513"}],"curies":[{"name":"wp","href":"https:\/\/api.w.org\/{rel}","templated":true}]}}