{"id":13512,"date":"2024-04-01T10:51:07","date_gmt":"2024-04-01T03:51:07","guid":{"rendered":"https:\/\/b2c.fairs.vn\/?post_type=product&#038;p=13512"},"modified":"2024-04-08T16:57:05","modified_gmt":"2024-04-08T09:57:05","slug":"mat-ong-tam-dao-dac-biet-500g","status":"publish","type":"product","link":"https:\/\/b2c.fairs.vn\/en\/product\/mat-ong-tam-dao-dac-biet-500g\/","title":{"rendered":"M\u1eadt ong Tam \u0110\u1ea3o \u0111\u1eb7c bi\u1ec7t 500g"},"content":{"rendered":"<p style=\"text-align: center;\"><strong>M\u1eacT ONG TAM \u0110\u1ea2O \u0110\u1eb6C BI\u1ec6T<\/strong><br \/>\n<strong>TINH T\u00daY C\u1ee6A N\u00daI R\u1eeaNG TAM \u0110\u1ea2O<\/strong><\/p>\n<p>M\u1eadt ong Tam \u0110\u1ea3o \u0111\u1eb7c bi\u1ec7t \u0111\u01b0\u1ee3c khai th\u00e1c t\u1eeb ngu\u1ed3n hoa c\u1ee7a v\u00f9ng n\u00fai r\u1eebng Tam \u0110\u1ea3o ho\u00e0n to\u00e0n nguy\u00ean ch\u1ea5t, m\u1eadt ong th\u01a1m ngon, b\u1ed5 d\u01b0\u1ee1ng, t\u1ed1t cho s\u1ee9c kh\u1ecfe. S\u1ea3n ph\u1ea9m \u0111\u01b0\u1ee3c b\u1ea3o qu\u1ea3n, ch\u1ebf bi\u1ebfn, \u0111\u00f3ng g\u00f3i v\u00e0 \u0111\u01b0a ra th\u1ecb tr\u01b0\u1eddng theo ti\u00eau chu\u1ea9n qu\u1ed1c t\u1ebf FSSC 22000.<\/p>\n<p>Tam \u0110\u1ea3o \u0111\u01b0\u1ee3c m\u1eb9 thi\u00ean nhi\u00ean \u01b0u \u00e1i ban t\u1eb7ng c\u1ea3nh s\u1eafc tuy\u1ec7t v\u1eddi, v\u1eeba n\u00ean th\u01a1, u t\u1ecbch, v\u1eeba h\u00f9ng v\u0129, huy\u1ec1n \u1ea3o \u1ea9n hi\u1ec7n trong gi\u00f3 m\u00e2y, s\u01b0\u01a1ng kh\u00f3i. Kh\u00f4ng ch\u1ec9 l\u00e0 n\u01a1i nu\u00f4i d\u01b0\u1ee1ng nh\u1eefng c\u00e1nh r\u1eebng b\u1ea1t ng\u00e0n v\u1edbi nhi\u1ec1u lo\u1ea1i c\u00e2y, lo\u00e0i hoa qu\u00fd hi\u1ebfm, m\u00e0 c\u00f2n thu\u1eadn l\u1ee3i cho ngh\u1ec1 nu\u00f4i ong l\u1ea5y m\u1eadt ph\u00e1t tri\u1ec3n. Ong Tam \u0110\u1ea3o \u2013 HONECO \u0111\u00e3 \u0111\u00e3 ch\u1eaft chiu t\u1eebng gi\u1ecdt m\u1eadt s\u00e1nh v\u00e0ng \u2013 tinh t\u00fay c\u1ee7a n\u00fai r\u1eebng Tam \u0110\u1ea3o \u0111\u1ec3 cho ra \u0111\u1eddi s\u1ea3n ph\u1ea9m m\u1eadt ong Tam \u0110\u1ea3o \u0111\u1eb7c bi\u1ec7t.<\/p>\n<p><strong>C\u00e1ch s\u1eed d\u1ee5ng m\u1eadt ong<\/strong><br \/>\n\u2022 \u00a0 \u00a0M\u1ed7i ng\u00e0y l\u1ea5y 2-3 th\u00eca c\u00e0 ph\u00ea M\u1eadt ong Tam \u0110\u1ea3o \u0111\u1eb7c bi\u1ec7t (15g -20g) pha v\u1edbi 150ml n\u01b0\u1edbc \u1ea5m ho\u1eb7c \u0111i\u1ec1u ch\u1ec9nh l\u01b0\u1ee3ng n\u01b0\u1edbc theo s\u1edf th\u00edch.<br \/>\n\u2022 \u00a0 \u00a0C\u00f3 th\u1ec3 \u0103n tr\u1ef1c ti\u1ebfp, ph\u1ebft l\u00ean b\u00e1nh m\u00ec, pha tr\u00e0 ho\u1eb7c ch\u1ebf bi\u1ebfn m\u00f3n \u0103n.<\/p>\n<p><strong>C\u00e1ch b\u1ea3o qu\u1ea3n<\/strong><br \/>\n\u2022 \u00a0 \u00a0\u0110\u1eady k\u00edn, \u1edf n\u01a1i kh\u00f4 r\u00e1o tho\u00e1ng m\u00e1t tr\u00e1nh \u00e1nh n\u1eafng tr\u1ef1c ti\u1ebfp.<\/p>\n<p><strong>L\u01b0u \u00fd khi s\u1eed d\u1ee5ng<\/strong><br \/>\n\u2022 \u00a0 \u00a0Kh\u00f4ng s\u1eed d\u1ee5ng s\u1ea3n ph\u1ea9m khi c\u00f3 m\u00f9i v\u1ecb l\u1ea1 ho\u1eb7c h\u1ebft h\u1ea1n s\u1eed d\u1ee5ng.<\/p>","protected":false},"excerpt":{"rendered":"<p>M\u1eadt ong Tam \u0110\u1ea3o \u0111\u1eb7c bi\u1ec7t \u0111\u01b0\u1ee3c khai th\u00e1c t\u1eeb ngu\u1ed3n hoa c\u1ee7a v\u00f9ng n\u00fai r\u1eebng Tam \u0110\u1ea3o ho\u00e0n to\u00e0n nguy\u00ean ch\u1ea5t, m\u1eadt ong th\u01a1m ngon, b\u1ed5 d\u01b0\u1ee1ng, t\u1ed1t cho s\u1ee9c kh\u1ecfe. S\u1ea3n ph\u1ea9m \u0111\u01b0\u1ee3c b\u1ea3o qu\u1ea3n, ch\u1ebf bi\u1ebfn, \u0111\u00f3ng g\u00f3i v\u00e0 \u0111\u01b0a ra th\u1ecb tr\u01b0\u1eddng theo ti\u00eau chu\u1ea9n qu\u1ed1c t\u1ebf FSSC 22000.<\/p>","protected":false},"featured_media":13515,"comment_status":"open","ping_status":"closed","template":"","meta":{"_acf_changed":false},"product_cat":[312,366,447,22,310],"product_tag":[],"class_list":{"0":"post-13512","1":"product","2":"type-product","3":"status-publish","4":"has-post-thumbnail","6":"product_cat-mat-ong-mat-khac-va-nong-san-thuc-pham-khac","7":"product_cat-hang-cnnt-cap-qg","8":"product_cat-san-pham-cnnt-tb-cap-qg-2017","9":"product_cat-sanphamthucpham","10":"product_cat-thuc-pham-tho-so-che","12":"first","13":"instock","14":"shipping-taxable","15":"purchasable","16":"product-type-simple"},"acf":[],"_links":{"self":[{"href":"https:\/\/b2c.fairs.vn\/en\/wp-json\/wp\/v2\/product\/13512","targetHints":{"allow":["GET"]}}],"collection":[{"href":"https:\/\/b2c.fairs.vn\/en\/wp-json\/wp\/v2\/product"}],"about":[{"href":"https:\/\/b2c.fairs.vn\/en\/wp-json\/wp\/v2\/types\/product"}],"replies":[{"embeddable":true,"href":"https:\/\/b2c.fairs.vn\/en\/wp-json\/wp\/v2\/comments?post=13512"}],"version-history":[{"count":0,"href":"https:\/\/b2c.fairs.vn\/en\/wp-json\/wp\/v2\/product\/13512\/revisions"}],"wp:featuredmedia":[{"embeddable":true,"href":"https:\/\/b2c.fairs.vn\/en\/wp-json\/wp\/v2\/media\/13515"}],"wp:attachment":[{"href":"https:\/\/b2c.fairs.vn\/en\/wp-json\/wp\/v2\/media?parent=13512"}],"wp:term":[{"taxonomy":"product_cat","embeddable":true,"href":"https:\/\/b2c.fairs.vn\/en\/wp-json\/wp\/v2\/product_cat?post=13512"},{"taxonomy":"product_tag","embeddable":true,"href":"https:\/\/b2c.fairs.vn\/en\/wp-json\/wp\/v2\/product_tag?post=13512"}],"curies":[{"name":"wp","href":"https:\/\/api.w.org\/{rel}","templated":true}]}}