{"id":13504,"date":"2024-04-01T11:01:14","date_gmt":"2024-04-01T04:01:14","guid":{"rendered":"https:\/\/b2c.fairs.vn\/?post_type=product&#038;p=13504"},"modified":"2024-04-01T11:01:14","modified_gmt":"2024-04-01T04:01:14","slug":"banh-phong-tom-3","status":"publish","type":"product","link":"https:\/\/b2c.fairs.vn\/en\/product\/banh-phong-tom-3\/","title":{"rendered":"B\u00e1nh ph\u1ed3ng t\u00f4m"},"content":{"rendered":"<p>1. T\u1ea1i sao b\u1ea1n n\u00ean l\u1ef1a ch\u1ecdn B\u00c1NH PH\u1ed2NG T\u00d4M N\u0102M C\u0102N \u2013 V\u0128NH H\u00d2A PH\u00c1T ?<\/p>\n<p>B\u00e1nh ph\u1ed3ng t\u00f4m n\u0103m c\u0103n \u2013 v\u0129nh h\u00f2a ph\u00e1t ti\u00ean phong \u0111\u1ecbnh h\u01b0\u1edbng ng\u01b0\u1eddi ti\u00eau d\u00f9ng s\u1eed d\u1ee5ng s\u1ea3n ph\u1ea9m gi\u00e0u dinh d\u01b0\u1ee1ng, c\u00f3 th\u00e0nh ph\u1ea7n 100% t\u1ef1 nhi\u00ean, kh\u00f4ng s\u1eed d\u1ee5ng ch\u1ea5t b\u1ea3o qu\u1ea3n, ch\u1ea5t t\u1ea1o m\u00e0u, h\u01b0\u01a1ng li\u1ec7u, \u1ee9ng d\u1ee5ng c\u00f4ng ngh\u1ec7 ti\u00ean ti\u1ebfn v\u00e0o ch\u1ebf bi\u1ebfn &amp; ph\u1ed1i tr\u1ed9n \u0111\u1ec3 t\u1ea1o ra c\u00e1c lo\u1ea1i b\u00e1nh ph\u1ed3ng t\u1eeb t\u00f4m v\u00e0 rau c\u1ee7 qu\u1ea3, gi\u00fap ti\u00eau th\u1ee5 n\u00f4ng s\u1ea3n, th\u00fac \u0111\u1ea9y l\u1ed1i s\u1ed1ng l\u00e0nh m\u1ea1nh, ph\u1ee5c v\u1ee5 l\u1ee3i \u00edch c\u1ee7a c\u1ed9ng \u0111\u1ed3ng..<\/p>\n<p>2. Th\u00e0nh ph\u1ea7n: &#8211; B\u1ed9t n\u0103ng 56%, t\u00f4m t\u01b0\u01a1i 38%, gia v\u1ecb 6%(tr\u1ee9ng, t\u1ecfi, ti\u00eau, \u0111\u01b0\u1eddng, mu\u1ed1i v\u00e0 ch\u1ea5t \u0111i\u1ec1u v\u1ecb)<\/p>\n<p>3. C\u00e1ch s\u1ea3n xu\u1ea5t:<\/p>\n<p>&#8211; Nguy\u00ean li\u1ec7u \u0111\u01b0\u1ee3c \u0111\u01b0a v\u00e0o c\u00f4ng \u0111o\u1ea1n r\u1eeda s\u1ea1ch v\u1edbi n\u01b0\u1edbc mu\u1ed1i lo\u00e3ng, nh\u1eb1m lo\u1ea1i b\u1ecf nh\u1eefng t\u1ea1p ch\u1ea5t, gi\u1eef \u0111\u01b0\u1ee3c t\u01b0\u01a1i ngon<\/p>\n<p>&#8211; Ph\u1ed1i tr\u1ed9n: Nguy\u00ean li\u1ec7u \u0111\u01b0\u1ee3c say nhuy\u1ec5n c\u00f9ng gia v\u1ecb tr\u1ed9n \u0111i\u1ec1u v\u1edbi b\u1ed9t, tr\u1ed9n \u0111\u1ebfn khi c\u00e1c th\u00e0nh ph\u1ea7n h\u00f2a \u0111\u1ec1u c\u00f9ng nhau<\/p>\n<p>&#8211; C\u00e1n, h\u1ea5p, s\u1ea5y: nguy\u00ean li\u1ec7u \u0111\u01b0\u1ee3c \u0111\u01b0a v\u00e0o khu\u00f4n c\u00e1n \u0111i\u1ec1u \u0111\u1ebfn \u0111\u1ed9 m\u00f5ng th\u00edch h\u1ee3p v\u00e0 \u0111\u01b0\u1ee3c h\u1ea5p ch\u00edn trong kho\u1ea3ng 15 ph\u00fat v\u00e0 \u0111\u01b0\u1ee3c s\u1ea5y kh\u00f4 \u1edf nhi\u1ec7t \u0111\u1ed9 350C<\/p>\n<p>&#8211; \u0110\u00f3ng g\u00f3i: T\u00f9y v\u00e0o lo\u1ea1i bao g\u00f3i s\u1ebd c\u00e2n v\u00e0 \u0111\u00f3ng g\u00f3i theo kh\u1ed1i l\u01b0\u1ee3ng t\u1ecbnh th\u1ec3 hi\u1ec7n tr\u00ean nh\u00e3n th\u00edch h\u1ee3p<\/p>\n<p>&#8211; D\u00e1n nh\u00e3n v\u00e0 l\u01b0u kho: D\u00e1n nh\u00e3n theo \u0111\u00fang bao b\u00ec theo y\u00eau c\u1ea7u. \u0110\u00f3ng th\u00f9ng v\u00e0 chuy\u1ec3n l\u01b0u kho xu\u1ea5t cho kh\u00e1ch h\u00e0ng<\/p>\n<p>4. C\u00e1ch s\u1eed d\u1ee5ng b\u00e1nh ph\u1ed3ng t\u00f4m ngon<\/p>\n<p>&#8211; Chi\u00ean b\u00e1nh \u1edf nhi\u1ec7t \u0111\u1ed9 160 \u2013 180 l\u00e0 t\u1ed1t nh\u1ea5t, tr\u1edf b\u00e1nh \u0111\u1ec1u cho \u0111\u1ebfn khi b\u00e1nh n\u1edf v\u00e0 c\u00f3 m\u00e0u v\u00e0ng r\u1ed3i v\u1edbt b\u00e1nh ra \u0111\u1ec3 r\u00e1o v\u00e0 s\u1eed d\u1ee5ng .<\/p>\n<p>&#8211; D\u00f9ng \u0111\u01b0\u1ee3c v\u1edbi l\u00f2 vi s\u00f3ng, n\u1ed3i chi\u00ean kh\u00f4ng d\u1ea7u \u0111\u1ec1u \u0111\u01b0\u1ee3c<\/p>\n<p>&#8211; Khuy\u1ebfn ngh\u1ecb: Chi\u00ean b\u00e1nh ph\u1ed3ng t\u00f4m N\u0103m C\u0103n b\u1eb1ng d\u1ea7u th\u1ef1c v\u1eadt ho\u1eb7c d\u1ea7u organic s\u1ebd \u0111\u1ea1t \u0111\u01b0\u1ee3c \u0111\u1ed9 th\u01a1m ngon nh\u1ea5t.<\/p>\n<p>5. Th\u00f4ng tin tr\u00ean bao b\u00ec:<\/p>\n<ul>\n<li>Ng\u00e0y s\u1ea3n xu\u1ea5t: lu\u00f4n m\u1edbi<\/li>\n<li>H\u1ea1n s\u1eed d\u1ee5ng: 12 th\u00e1ng<\/li>\n<\/ul>","protected":false},"excerpt":{"rendered":"<p>1. T\u1ea1i sao b\u1ea1n n\u00ean l\u1ef1a ch\u1ecdn B\u00c1NH PH\u1ed2NG T\u00d4M N\u0102M C\u0102N \u2013 V\u0128NH H\u00d2A PH\u00c1T ? B\u00e1nh ph\u1ed3ng t\u00f4m<\/p>","protected":false},"featured_media":13535,"comment_status":"open","ping_status":"closed","template":"","meta":{"_acf_changed":false},"product_cat":[366,367,22],"product_tag":[],"class_list":{"0":"post-13504","1":"product","2":"type-product","3":"status-publish","4":"has-post-thumbnail","6":"product_cat-hang-cnnt-cap-qg","7":"product_cat-hang-cnnt-cap-qg-2023","8":"product_cat-sanphamthucpham","10":"first","11":"instock","12":"shipping-taxable","13":"product-type-simple"},"acf":[],"_links":{"self":[{"href":"https:\/\/b2c.fairs.vn\/en\/wp-json\/wp\/v2\/product\/13504","targetHints":{"allow":["GET"]}}],"collection":[{"href":"https:\/\/b2c.fairs.vn\/en\/wp-json\/wp\/v2\/product"}],"about":[{"href":"https:\/\/b2c.fairs.vn\/en\/wp-json\/wp\/v2\/types\/product"}],"replies":[{"embeddable":true,"href":"https:\/\/b2c.fairs.vn\/en\/wp-json\/wp\/v2\/comments?post=13504"}],"version-history":[{"count":0,"href":"https:\/\/b2c.fairs.vn\/en\/wp-json\/wp\/v2\/product\/13504\/revisions"}],"wp:featuredmedia":[{"embeddable":true,"href":"https:\/\/b2c.fairs.vn\/en\/wp-json\/wp\/v2\/media\/13535"}],"wp:attachment":[{"href":"https:\/\/b2c.fairs.vn\/en\/wp-json\/wp\/v2\/media?parent=13504"}],"wp:term":[{"taxonomy":"product_cat","embeddable":true,"href":"https:\/\/b2c.fairs.vn\/en\/wp-json\/wp\/v2\/product_cat?post=13504"},{"taxonomy":"product_tag","embeddable":true,"href":"https:\/\/b2c.fairs.vn\/en\/wp-json\/wp\/v2\/product_tag?post=13504"}],"curies":[{"name":"wp","href":"https:\/\/api.w.org\/{rel}","templated":true}]}}