{"id":13475,"date":"2024-04-01T10:41:30","date_gmt":"2024-04-01T03:41:30","guid":{"rendered":"https:\/\/b2c.fairs.vn\/?post_type=product&#038;p=13475"},"modified":"2024-04-10T14:14:50","modified_gmt":"2024-04-10T07:14:50","slug":"dich-tom-thuy-phan","status":"publish","type":"product","link":"https:\/\/b2c.fairs.vn\/en\/product\/dich-tom-thuy-phan\/","title":{"rendered":"D\u1ecbch t\u00f4m th\u1ee7y ph\u00e2n"},"content":{"rendered":"<div id=\"pastingspan1\">T\u00c1C D\u1ee4NG<\/div>\n<div id=\"pastingspan1\">K\u00cdCH TH\u00cdCH V\u1eca GI\u00c1C<\/div>\n<div id=\"pastingspan1\">T\u1ea1o m\u00f9i k\u00edch th\u00edch v\u1ecb gi\u00e1c v\u00e0 kh\u1ee9u gi\u00e1c, gi\u00fap v\u1eadt nu\u00f4i \u0103n ngon h\u01a1n, nhi\u1ec1u h\u01a1n, t\u0103ng tr\u1ecdng nhanh v\u00e0 gi\u1ea3m t\u1ef7 l\u1ec7 chuy\u1ec3n \u0111\u1ed5i th\u1ee9c \u0103n FCR ( Feed Conversion Rate)<\/div>\n<div id=\"pastingspan1\">T\u0102NG C\u01af\u1edcNG DINH D\u01af\u1ee0NG<\/div>\n<div id=\"pastingspan1\">Cung c\u1ea5p c\u00e1c ch\u1ea5t dinh d\u01b0\u1ee1ng c\u1ea7n thi\u1ebft cho \u0111\u1ed9ng v\u1eadt nh\u1edd h\u00e0m l\u01b0\u1ee3ng \u0111\u1ea1m ti\u00eau ho\u00e1 cao, nhi\u1ec1u acid amin t\u1ef1 nhi\u00ean v\u00e0 c\u00e1c vi l\u01b0\u1ee3ng quan tr\u1ecdng kh\u00e1c<\/div>\n<div id=\"pastingspan1\">C\u1ea2I THI\u1ec6N S\u1ee8C \u0110\u1ec0 KH\u00c1NG<\/div>\n<div id=\"pastingspan1\">Gi\u1ea3m stress, t\u0103ng s\u1ee9c \u0111\u1ec1 kh\u00e1ng v\u00e0 t\u1ef7 l\u1ec7 s\u1ed1ng s\u00f3t<\/div>\n<div id=\"pastingspan1\">T\u0102NG HI\u1ec6U QU\u1ea2 KINH T\u1ebe<\/div>\n<div id=\"pastingspan1\">T\u0103ng n\u0103ng su\u1ea5t nu\u00f4i tr\u1ed3ng v\u00e0 mang \u0111\u1ebfn l\u1ee3i nhu\u1eadn cao h\u01a1n cho ng\u01b0\u1eddi ch\u0103n nu\u00f4i<\/div>\n<div id=\"pastingspan1\">\u0110I\u1ec2M KH\u00c1C BI\u1ec6T C\u1ee6A SSE?<\/div>\n<div id=\"pastingspan1\">&#8211; SSE l\u00e0 s\u1ea3n ph\u1ea9m v\u01b0\u1ee3t tr\u1ed9i c\u00f3 nhi\u1ec1u t\u00ednh n\u0103ng \u01b0u vi\u1ec7t h\u01a1n so v\u1edbi c\u00e1c s\u1ea3n ph\u1ea9m t\u01b0\u01a1ng t\u1ef1 \u0111ang l\u01b0u h\u00e0nh tr\u00ean th\u1ecb tr\u01b0\u1eddng<\/div>\n<div id=\"pastingspan1\">&#8211; C\u00e1c s\u1ea3n ph\u1ea9m d\u1eabn d\u1ee5 c\u00f3 t\u00ednh n\u0103ng t\u01b0\u01a1ng t\u1ef1 SSE v\u1ec1 kh\u1ea3 n\u0103ng d\u1eabn d\u1ee5, kh\u00e1ng b\u1ec7nh v\u00e0 gi\u1ea3m stress \u0111a ph\u1ea7n l\u00e0 s\u1ea3n ph\u1ea9m nh\u1eadp kh\u1ea9u c\u00f3 ngu\u1ed3n g\u1ed1c t\u1eeb n\u1ed9i t\u1ea1ng c\u00e1 ng\u1eeb, nhuy\u1ec5n th\u1ec3 v\u00e0 c\u00e1c lo\u1ea1i c\u00e1 bi\u1ec3n kh\u00e1c. Tuy nhi\u00ean gi\u00e1 th\u1ecb tr\u01b0\u1eddng c\u1ee7a c\u00e1c s\u1ea3n ph\u1ea9m n\u00e0y \u0111\u1eaft h\u01a1n nhi\u1ec1u so v\u1edbi s\u1ea3n ph\u1ea9m n\u1ed9i \u0111\u1ecba SSE.<\/div>\n<div id=\"pastingspan1\">&#8211;\u00a0C\u00e1c ch\u1ea5t d\u1eabn d\u1ee5 th\u01b0\u1eddng d\u00f9ng hi\u1ec7n nay nh\u01b0 d\u1ecbch c\u00e1 hay b\u1ed9t gan m\u1ef1c \u0111a ph\u1ea7n ch\u1ee9a \u0111\u1ea1m th\u00f4 ch\u01b0a \u0111\u01b0\u1ee3c c\u1eaft th\u00e0nh m\u1ea1ch ng\u1eafn n\u00ean \u0111\u1ed9 \u0111\u1ea1m ti\u00eau ho\u00e1 v\u00e0 t\u00e1c d\u1ee5ng d\u1eabn d\u1ee5 th\u1ea5p. Trong khi \u0111\u00f3, SSE l\u00e0 ch\u1ea5t d\u1eabn d\u1ee5 th\u1ebf h\u1ec7 m\u1edbi ch\u1ee9a nhi\u1ec1u dinh d\u01b0\u1ee1ng nh\u01b0 acid amin, peptide v\u00e0 c\u00e1c vi l\u01b0\u1ee3ng kh\u00e1c. \u0110\u1ed3ng th\u1eddi, SSE c\u00f2n c\u00f3 t\u00e1c d\u1ee5ng d\u1eabn d\u1ee5 cao, t\u0103ng s\u1ee9c \u0111\u1ec1 kh\u00e1ng v\u00e0 gi\u1ea3m stress cho v\u1eadt nu\u00f4i.<\/div>","protected":false},"excerpt":{"rendered":"<p>T\u00c1C D\u1ee4NG K\u00cdCH TH\u00cdCH V\u1eca GI\u00c1C T\u1ea1o m\u00f9i k\u00edch th\u00edch v\u1ecb gi\u00e1c v\u00e0 kh\u1ee9u gi\u00e1c, gi\u00fap v\u1eadt nu\u00f4i \u0103n ngon<\/p>","protected":false},"featured_media":13487,"comment_status":"open","ping_status":"closed","template":"","meta":{"_acf_changed":false},"product_cat":[529,366,446],"product_tag":[],"class_list":{"0":"post-13475","1":"product","2":"type-product","3":"status-publish","4":"has-post-thumbnail","6":"product_cat-khac","7":"product_cat-hang-cnnt-cap-qg","8":"product_cat-san-pham-cnnt-tb-cap-qg-2019","10":"first","11":"instock","12":"shipping-taxable","13":"product-type-simple"},"acf":[],"_links":{"self":[{"href":"https:\/\/b2c.fairs.vn\/en\/wp-json\/wp\/v2\/product\/13475","targetHints":{"allow":["GET"]}}],"collection":[{"href":"https:\/\/b2c.fairs.vn\/en\/wp-json\/wp\/v2\/product"}],"about":[{"href":"https:\/\/b2c.fairs.vn\/en\/wp-json\/wp\/v2\/types\/product"}],"replies":[{"embeddable":true,"href":"https:\/\/b2c.fairs.vn\/en\/wp-json\/wp\/v2\/comments?post=13475"}],"version-history":[{"count":0,"href":"https:\/\/b2c.fairs.vn\/en\/wp-json\/wp\/v2\/product\/13475\/revisions"}],"wp:featuredmedia":[{"embeddable":true,"href":"https:\/\/b2c.fairs.vn\/en\/wp-json\/wp\/v2\/media\/13487"}],"wp:attachment":[{"href":"https:\/\/b2c.fairs.vn\/en\/wp-json\/wp\/v2\/media?parent=13475"}],"wp:term":[{"taxonomy":"product_cat","embeddable":true,"href":"https:\/\/b2c.fairs.vn\/en\/wp-json\/wp\/v2\/product_cat?post=13475"},{"taxonomy":"product_tag","embeddable":true,"href":"https:\/\/b2c.fairs.vn\/en\/wp-json\/wp\/v2\/product_tag?post=13475"}],"curies":[{"name":"wp","href":"https:\/\/api.w.org\/{rel}","templated":true}]}}