{"id":13450,"date":"2024-04-01T10:28:43","date_gmt":"2024-04-01T03:28:43","guid":{"rendered":"https:\/\/b2c.fairs.vn\/?post_type=product&#038;p=13450"},"modified":"2024-04-01T10:28:44","modified_gmt":"2024-04-01T03:28:44","slug":"tom-kho-boc-vo","status":"publish","type":"product","link":"https:\/\/b2c.fairs.vn\/en\/product\/tom-kho-boc-vo\/","title":{"rendered":"T\u00f4m kh\u00f4 b\u00f3c v\u1ecf"},"content":{"rendered":"<ul>\n<li>Th\u00e0nh ph\u1ea7n : T\u00f4m \u0111\u1ea5t thi\u00ean nhi\u00ean 95% , mu\u1ed1i 5%<\/li>\n<li>S\u1ea3n ph\u1ea9m ch\u1ea5t l\u01b0\u1ee3ng, h\u1ea3o h\u1ea1ng, th\u01a1m ngon<\/li>\n<li>S\u1ea3n ph\u1ea9m c\u00f3 ch\u1ee9ng nh\u1eadn c\u01a1 s\u1edf \u0111\u1ee7 ti\u00eau chu\u1ea9n VSATTP<\/li>\n<li>S\u1ea3n ph\u1ea9m \u0111\u1ea1t ch\u1ee9ng nh\u1eadn OCOP 3 Sao<\/li>\n<li>Kh\u00f4ng ph\u1ea9m m\u00e0u, kh\u00f4ng ch\u1ea5t b\u1ea3o qu\u1ea3n, 100% t\u00f4m \u0111\u1ea5t s\u1ed1ng\u00a0 \u2013 kh\u00f4ng pha tr\u1ed9n<\/li>\n<li>S\u1ea3n ph\u1ea9m \u0111\u1ea1t nhi\u1ec1u gi\u1ea3i th\u01b0\u1edfng n\u00f4ng nghi\u1ec7p n\u00f4ng th\u00f4n ti\u00eau bi\u1ec3u nhi\u1ec1u n\u0103m<\/li>\n<li>Quy C\u00e1ch : H\u1ed9p 200g , 500g<\/li>\n<\/ul>","protected":false},"excerpt":{"rendered":"<p>Th\u00e0nh ph\u1ea7n : T\u00f4m \u0111\u1ea5t thi\u00ean nhi\u00ean 95% , mu\u1ed1i 5% S\u1ea3n ph\u1ea9m ch\u1ea5t l\u01b0\u1ee3ng, h\u1ea3o h\u1ea1ng, th\u01a1m ngon S\u1ea3n<\/p>","protected":false},"featured_media":13451,"comment_status":"open","ping_status":"closed","template":"","meta":{"_acf_changed":false},"product_cat":[317,366,367,22,313],"product_tag":[],"class_list":{"0":"post-13450","1":"product","2":"type-product","3":"status-publish","4":"has-post-thumbnail","6":"product_cat-che-bien-tu-thit-trung-sua-thuy-san-cac-san-pham-tu-mat-ong-mat-khac-va-nong-san-thuc-pham-khac","7":"product_cat-hang-cnnt-cap-qg","8":"product_cat-hang-cnnt-cap-qg-2023","9":"product_cat-sanphamthucpham","10":"product_cat-thuc-pham-che-bien","12":"first","13":"instock","14":"shipping-taxable","15":"product-type-simple"},"acf":[],"_links":{"self":[{"href":"https:\/\/b2c.fairs.vn\/en\/wp-json\/wp\/v2\/product\/13450","targetHints":{"allow":["GET"]}}],"collection":[{"href":"https:\/\/b2c.fairs.vn\/en\/wp-json\/wp\/v2\/product"}],"about":[{"href":"https:\/\/b2c.fairs.vn\/en\/wp-json\/wp\/v2\/types\/product"}],"replies":[{"embeddable":true,"href":"https:\/\/b2c.fairs.vn\/en\/wp-json\/wp\/v2\/comments?post=13450"}],"version-history":[{"count":0,"href":"https:\/\/b2c.fairs.vn\/en\/wp-json\/wp\/v2\/product\/13450\/revisions"}],"wp:featuredmedia":[{"embeddable":true,"href":"https:\/\/b2c.fairs.vn\/en\/wp-json\/wp\/v2\/media\/13451"}],"wp:attachment":[{"href":"https:\/\/b2c.fairs.vn\/en\/wp-json\/wp\/v2\/media?parent=13450"}],"wp:term":[{"taxonomy":"product_cat","embeddable":true,"href":"https:\/\/b2c.fairs.vn\/en\/wp-json\/wp\/v2\/product_cat?post=13450"},{"taxonomy":"product_tag","embeddable":true,"href":"https:\/\/b2c.fairs.vn\/en\/wp-json\/wp\/v2\/product_tag?post=13450"}],"curies":[{"name":"wp","href":"https:\/\/api.w.org\/{rel}","templated":true}]}}