{"id":13415,"date":"2024-04-01T10:18:20","date_gmt":"2024-04-01T03:18:20","guid":{"rendered":"https:\/\/b2c.fairs.vn\/?post_type=product&#038;p=13415"},"modified":"2024-04-01T10:18:20","modified_gmt":"2024-04-01T03:18:20","slug":"thanh-long-ruot-do-say-kho","status":"publish","type":"product","link":"https:\/\/b2c.fairs.vn\/en\/product\/thanh-long-ruot-do-say-kho\/","title":{"rendered":"Thanh long ru\u1ed9t \u0111\u1ecf s\u1ea5y kh\u00f4"},"content":{"rendered":"<p>Thanh long s\u1ea5y kh\u00f4 ru\u1ed9t \u0111\u1ecf:<br \/>\nGi\u00e1 b\u00e1n: 20.000\u0111\/ g\u00f3i\/ 50gram<\/p>","protected":false},"excerpt":{"rendered":"<p>Thanh long s\u1ea5y kh\u00f4 ru\u1ed9t \u0111\u1ecf: Gi\u00e1 b\u00e1n: 20.000\u0111\/ g\u00f3i\/ 50gram<\/p>","protected":false},"featured_media":13420,"comment_status":"open","ping_status":"closed","template":"","meta":{"_acf_changed":false},"product_cat":[316,366,446,22,313],"product_tag":[],"class_list":{"0":"post-13415","1":"product","2":"type-product","3":"status-publish","4":"has-post-thumbnail","6":"product_cat-che-bien-tu-rau-cu-qua-hat","7":"product_cat-hang-cnnt-cap-qg","8":"product_cat-san-pham-cnnt-tb-cap-qg-2019","9":"product_cat-sanphamthucpham","10":"product_cat-thuc-pham-che-bien","12":"first","13":"instock","14":"shipping-taxable","15":"purchasable","16":"product-type-simple"},"acf":[],"_links":{"self":[{"href":"https:\/\/b2c.fairs.vn\/en\/wp-json\/wp\/v2\/product\/13415","targetHints":{"allow":["GET"]}}],"collection":[{"href":"https:\/\/b2c.fairs.vn\/en\/wp-json\/wp\/v2\/product"}],"about":[{"href":"https:\/\/b2c.fairs.vn\/en\/wp-json\/wp\/v2\/types\/product"}],"replies":[{"embeddable":true,"href":"https:\/\/b2c.fairs.vn\/en\/wp-json\/wp\/v2\/comments?post=13415"}],"version-history":[{"count":0,"href":"https:\/\/b2c.fairs.vn\/en\/wp-json\/wp\/v2\/product\/13415\/revisions"}],"wp:featuredmedia":[{"embeddable":true,"href":"https:\/\/b2c.fairs.vn\/en\/wp-json\/wp\/v2\/media\/13420"}],"wp:attachment":[{"href":"https:\/\/b2c.fairs.vn\/en\/wp-json\/wp\/v2\/media?parent=13415"}],"wp:term":[{"taxonomy":"product_cat","embeddable":true,"href":"https:\/\/b2c.fairs.vn\/en\/wp-json\/wp\/v2\/product_cat?post=13415"},{"taxonomy":"product_tag","embeddable":true,"href":"https:\/\/b2c.fairs.vn\/en\/wp-json\/wp\/v2\/product_tag?post=13415"}],"curies":[{"name":"wp","href":"https:\/\/api.w.org\/{rel}","templated":true}]}}