{"id":13380,"date":"2024-04-01T10:08:21","date_gmt":"2024-04-01T03:08:21","guid":{"rendered":"https:\/\/b2c.fairs.vn\/?post_type=product&#038;p=13380"},"modified":"2024-04-01T10:09:21","modified_gmt":"2024-04-01T03:09:21","slug":"thanh-long-do-say-deo-huu-co-afruit","status":"publish","type":"product","link":"https:\/\/b2c.fairs.vn\/en\/product\/thanh-long-do-say-deo-huu-co-afruit\/","title":{"rendered":"Thanh long \u0111\u1ecf s\u1ea5y d\u1ebbo h\u1eefu c\u01a1 a&#8217;fruit"},"content":{"rendered":"<p><strong>Thanh long \u0111\u1ecf<\/strong>\u00a0\u0111\u01b0\u1ee3c l\u1ef1a ch\u1ecdn nh\u1eefng qu\u1ea3 t\u01b0\u01a1i nh\u1ea5t, ngon nh\u1ea5t, s\u1ea5y d\u1ebbo &#8211; s\u1eed d\u1ee5ng nhi\u1ec7t \u0111\u1ed9 cao (50 &#8211; 70 \u0111\u1ed9 C) \u0111\u1ec3 l\u00e0m m\u1ea5t \u0111i m\u1ed9t ph\u1ea7n h\u01a1i n\u01b0\u1edbc c\u1ee7a s\u1ea3n ph\u1ea9m r\u1ed3i \u0111em \u0111i l\u00e0m m\u00e1t.\u00a0Thanh long \u0111\u1ecf s\u1ea5y d\u1ebbo A\u2019Fruit g\u00f3i 65g\u00a0ch\u1ea5t l\u01b0\u1ee3ng, ng\u1ecdt thanh, \u0103n v\u1eb7t vui mi\u1ec7ng t\u1eeb\u00a0tr\u00e1i c\u00e2y s\u1ea5y\u00a0A\u2019Fruit<\/p>\n<p>-Ch\u1ee9ng nh\u1eadn h\u1eefu c\u01a1\u00a0<em><strong>USDA<\/strong><\/em><\/p>\n<ul>\n<li>Lo\u1ea1i s\u1ea3n ph\u1ea9m: Thanh long \u0111\u1ecf (kh\u00f4ng \u0111\u01b0\u1eddng)<\/li>\n<li>D\u1ea1ng s\u1ea5y: S\u1ea5y d\u1ebbo &#8211; s\u1eed d\u1ee5ng nhi\u1ec7t \u0111\u1ed9 cao (50 &#8211; 70 \u0111\u1ed9 C) \u0111\u1ec3 l\u00e0m m\u1ea5t \u0111i m\u1ed9t ph\u1ea7n h\u01a1i n\u01b0\u1edbc c\u1ee7a s\u1ea3n ph\u1ea9m r\u1ed3i \u0111em \u0111i l\u00e0m m\u00e1t<\/li>\n<li>\u0110\u1eb7c t\u00ednh D\u1ebbo, m\u1ec1m, h\u01a1i dai<\/li>\n<li>Kh\u1ed1i l\u01b0\u1ee3ng: 65g<\/li>\n<li>Th\u00e0nh ph\u1ea7n: \u0110\u01b0\u1ee3c l\u00e0m t\u1eeb 0.75kg thanh long \u0111\u1ecf t\u01b0\u01a1i<\/li>\n<li>B\u1ea3o qu\u1ea3n: B\u1ea3o qu\u1ea3n n\u01a1i kh\u00f4 r\u00e1o, tho\u00e1ng m\u00e1t. \u0110\u1eady k\u00edn bao b\u00ec sau khi s\u1eed d\u1ee5ng<\/li>\n<li>Th\u01b0\u01a1ng hi\u1ec7u: A\u2019Fruit (Vi\u1ec7t Nam)<\/li>\n<li>N\u01a1i s\u1ea3n xu\u1ea5t: Vi\u1ec7t Nam<\/li>\n<\/ul>","protected":false},"excerpt":{"rendered":"<p>Thanh long \u0111\u1ecf\u00a0\u0111\u01b0\u1ee3c l\u1ef1a ch\u1ecdn nh\u1eefng qu\u1ea3 t\u01b0\u01a1i nh\u1ea5t, ngon nh\u1ea5t, s\u1ea5y d\u1ebbo &#8211; s\u1eed d\u1ee5ng nhi\u1ec7t \u0111\u1ed9 cao (50<\/p>","protected":false},"featured_media":13399,"comment_status":"open","ping_status":"closed","template":"","meta":{"_acf_changed":false},"product_cat":[317,366,398,367,22,313],"product_tag":[],"class_list":{"0":"post-13380","1":"product","2":"type-product","3":"status-publish","4":"has-post-thumbnail","6":"product_cat-che-bien-tu-thit-trung-sua-thuy-san-cac-san-pham-tu-mat-ong-mat-khac-va-nong-san-thuc-pham-khac","7":"product_cat-hang-cnnt-cap-qg","8":"product_cat-san-pham-cnnt-tb-cap-qg-2021","9":"product_cat-hang-cnnt-cap-qg-2023","10":"product_cat-sanphamthucpham","11":"product_cat-thuc-pham-che-bien","13":"first","14":"instock","15":"shipping-taxable","16":"product-type-simple"},"acf":[],"_links":{"self":[{"href":"https:\/\/b2c.fairs.vn\/en\/wp-json\/wp\/v2\/product\/13380","targetHints":{"allow":["GET"]}}],"collection":[{"href":"https:\/\/b2c.fairs.vn\/en\/wp-json\/wp\/v2\/product"}],"about":[{"href":"https:\/\/b2c.fairs.vn\/en\/wp-json\/wp\/v2\/types\/product"}],"replies":[{"embeddable":true,"href":"https:\/\/b2c.fairs.vn\/en\/wp-json\/wp\/v2\/comments?post=13380"}],"version-history":[{"count":0,"href":"https:\/\/b2c.fairs.vn\/en\/wp-json\/wp\/v2\/product\/13380\/revisions"}],"wp:featuredmedia":[{"embeddable":true,"href":"https:\/\/b2c.fairs.vn\/en\/wp-json\/wp\/v2\/media\/13399"}],"wp:attachment":[{"href":"https:\/\/b2c.fairs.vn\/en\/wp-json\/wp\/v2\/media?parent=13380"}],"wp:term":[{"taxonomy":"product_cat","embeddable":true,"href":"https:\/\/b2c.fairs.vn\/en\/wp-json\/wp\/v2\/product_cat?post=13380"},{"taxonomy":"product_tag","embeddable":true,"href":"https:\/\/b2c.fairs.vn\/en\/wp-json\/wp\/v2\/product_tag?post=13380"}],"curies":[{"name":"wp","href":"https:\/\/api.w.org\/{rel}","templated":true}]}}