{"id":13379,"date":"2024-04-01T10:25:47","date_gmt":"2024-04-01T03:25:47","guid":{"rendered":"https:\/\/b2c.fairs.vn\/?post_type=product&#038;p=13379"},"modified":"2024-04-19T13:22:37","modified_gmt":"2024-04-19T06:22:37","slug":"ca-phe-phin-giay-classic-6-phin-x-12gr","status":"publish","type":"product","link":"https:\/\/b2c.fairs.vn\/en\/product\/ca-phe-phin-giay-classic-6-phin-x-12gr\/","title":{"rendered":"C\u00c0 PH\u00ca PHIN GI\u1ea4Y CLASSIC ( 6 PHIN X 12GR)"},"content":{"rendered":"<p><strong>Th\u00e0nh ph\u1ea7n<\/strong>: Robusta v\u00e0 Arabica 100% rang m\u1ed9c<\/p>\n<p align=\"left\"><strong>Quy c\u00e1ch \u0111\u00f3ng g\u00f3i<\/strong>: 12gr x 6phin<\/p>\n<p align=\"left\"><strong>Tr\u1ecdng l\u01b0\u1ee3ng t\u1ecbnh<\/strong>: 270g<\/p>\n<p align=\"left\"><strong>\u0110\u01a1n v\u1ecb t\u00ednh<\/strong>: H\u1ed9p<\/p>\n<p align=\"left\"><strong>H\u1ea1n s\u1eed d\u1ee5ng<\/strong>: 18 th\u00e1ng<\/p>\n<p><strong>Phong c\u00e1ch<\/strong>: \u0110\u1eadm \u0111\u00e0, h\u01b0\u01a1ng v\u1ecb t\u1ef1 nhi\u00ean<\/p>\n<div>\n<p align=\"left\"><strong>Ch\u1ec9 ti\u00eau ch\u1ea5t l\u01b0\u1ee3ng<\/strong>: \u0110\u1ed9 \u1ea9m \u2264 5% ; H\u00e0m l\u01b0\u1ee3ng cafeine \u2265 1%<\/p>\n<p align=\"left\"><strong>Xu\u1ea5t x\u1ee9<\/strong>: Vi\u1ec7t Nam<\/p>\n<p align=\"left\"><strong>Nh\u00e0 s\u1ea3n xu\u1ea5t<\/strong>: \u00a0C\u00f4ng ty CP \u0110\u1ea7u t\u01b0 v\u00e0 Ph\u00e1t tri\u1ec3n An Th\u00e1i<\/p>\n<p align=\"left\"><strong>H\u01af\u1edaNG D\u1eaaN S\u1eec D\u1ee4NG<\/strong><\/p>\n<p align=\"left\">&#8211; M\u1edf phin theo chi\u1ec1u m\u0169i t\u00ean.<br \/>\n&#8211; K\u00e9o 2 tay c\u1ea7m c\u1ee7a phin ra.<br \/>\n&#8211; Cho phin v\u00e0o ly v\u00e0 ch\u00e2m 25ml n\u01b0\u1edbc s\u00f4i, ch\u1edd c\u00e0 ph\u00ea ng\u1ea5m \u0111\u1ec1u.<br \/>\n&#8211; Ch\u00e2m th\u00eam kho\u1ea3ng 25 &#8211; 30ml n\u01b0\u1edbc s\u00f4i, ch\u1edd 30 gi\u00e2y.<br \/>\n&#8211; Ch\u00e2m th\u00eam n\u01b0\u1edbc t\u00f9y theo s\u1edf th\u00edch c\u1ee7a b\u1ea1n.<\/p>\n<\/div>","protected":false},"excerpt":{"rendered":"<p><strong>Th\u00e0nh ph\u1ea7n<\/strong>: Robusta v\u00e0 Arabica 100% rang m\u1ed9c<\/p>\n<p align=\"left\"><strong>Quy c\u00e1ch \u0111\u00f3ng g\u00f3i<\/strong>: 12gr x 6phin<\/p>\n<p align=\"left\"><strong>Tr\u1ecdng l\u01b0\u1ee3ng t\u1ecbnh<\/strong>: 270g<\/p>\n<p align=\"left\"><strong>\u0110\u01a1n v\u1ecb t\u00ednh<\/strong>: H\u1ed9p<\/p>\n<p align=\"left\"><strong>H\u1ea1n s\u1eed d\u1ee5ng<\/strong>: 18 th\u00e1ng<\/p>\n<p><strong>Phong c\u00e1ch<\/strong>: \u0110\u1eadm \u0111\u00e0, h\u01b0\u01a1ng v\u1ecb t\u1ef1 nhi\u00ean<\/p>\n<div>\n<p align=\"left\"><strong>Ch\u1ec9 ti\u00eau ch\u1ea5t l\u01b0\u1ee3ng<\/strong>: \u0110\u1ed9 \u1ea9m \u2264 5% ; H\u00e0m l\u01b0\u1ee3ng cafeine \u2265 1%<\/p>\n<p align=\"left\"><strong>Xu\u1ea5t x\u1ee9<\/strong>: Vi\u1ec7t Nam<\/p>\n<p align=\"left\"><strong>Nh\u00e0 s\u1ea3n xu\u1ea5t<\/strong>: \u00a0C\u00f4ng ty CP \u0110\u1ea7u t\u01b0 v\u00e0 Ph\u00e1t tri\u1ec3n An Th\u00e1i<\/p>\n<p align=\"left\"><strong>H\u01af\u1edaNG D\u1eaaN S\u1eec D\u1ee4NG<\/strong><\/p>\n<p align=\"left\">&#8211; M\u1edf phin theo chi\u1ec1u m\u0169i t\u00ean.<br \/>\n&#8211; K\u00e9o 2 tay c\u1ea7m c\u1ee7a phin ra.<br \/>\n&#8211; Cho phin v\u00e0o ly v\u00e0 ch\u00e2m 25ml n\u01b0\u1edbc s\u00f4i, ch\u1edd c\u00e0 ph\u00ea ng\u1ea5m \u0111\u1ec1u.<br \/>\n&#8211; Ch\u00e2m th\u00eam kho\u1ea3ng 25 &#8211; 30ml n\u01b0\u1edbc s\u00f4i, ch\u1edd 30 gi\u00e2y.<br \/>\n&#8211; Ch\u00e2m th\u00eam n\u01b0\u1edbc t\u00f9y theo s\u1edf th\u00edch c\u1ee7a b\u1ea1n.<\/p>\n<\/div>","protected":false},"featured_media":13440,"comment_status":"open","ping_status":"closed","template":"","meta":{"_acf_changed":false},"product_cat":[324,325,366,367,22],"product_tag":[],"class_list":{"0":"post-13379","1":"product","2":"type-product","3":"status-publish","4":"has-post-thumbnail","6":"product_cat-ca-phe-ca-cao","7":"product_cat-san-pham-do-uong","8":"product_cat-hang-cnnt-cap-qg","9":"product_cat-hang-cnnt-cap-qg-2023","10":"product_cat-sanphamthucpham","12":"first","13":"instock","14":"shipping-taxable","15":"product-type-simple"},"acf":[],"_links":{"self":[{"href":"https:\/\/b2c.fairs.vn\/en\/wp-json\/wp\/v2\/product\/13379","targetHints":{"allow":["GET"]}}],"collection":[{"href":"https:\/\/b2c.fairs.vn\/en\/wp-json\/wp\/v2\/product"}],"about":[{"href":"https:\/\/b2c.fairs.vn\/en\/wp-json\/wp\/v2\/types\/product"}],"replies":[{"embeddable":true,"href":"https:\/\/b2c.fairs.vn\/en\/wp-json\/wp\/v2\/comments?post=13379"}],"version-history":[{"count":0,"href":"https:\/\/b2c.fairs.vn\/en\/wp-json\/wp\/v2\/product\/13379\/revisions"}],"wp:featuredmedia":[{"embeddable":true,"href":"https:\/\/b2c.fairs.vn\/en\/wp-json\/wp\/v2\/media\/13440"}],"wp:attachment":[{"href":"https:\/\/b2c.fairs.vn\/en\/wp-json\/wp\/v2\/media?parent=13379"}],"wp:term":[{"taxonomy":"product_cat","embeddable":true,"href":"https:\/\/b2c.fairs.vn\/en\/wp-json\/wp\/v2\/product_cat?post=13379"},{"taxonomy":"product_tag","embeddable":true,"href":"https:\/\/b2c.fairs.vn\/en\/wp-json\/wp\/v2\/product_tag?post=13379"}],"curies":[{"name":"wp","href":"https:\/\/api.w.org\/{rel}","templated":true}]}}