{"id":13345,"date":"2024-04-01T09:53:15","date_gmt":"2024-04-01T02:53:15","guid":{"rendered":"https:\/\/b2c.fairs.vn\/?post_type=product&#038;p=13345"},"modified":"2024-04-01T10:14:58","modified_gmt":"2024-04-01T03:14:58","slug":"hat-dieu-rang-muoi-winut","status":"publish","type":"product","link":"https:\/\/b2c.fairs.vn\/en\/product\/hat-dieu-rang-muoi-winut\/","title":{"rendered":"H\u1ea1t \u0110i\u1ec1u rang mu\u1ed1i Winut"},"content":{"rendered":"<h4 class=\"text-uppercase\">TH\u00d4NG TIN CHI TI\u1ebeT<\/h4>\n<div class=\"product-description-content\">\n<div>&#8211; H\u1ea1t \u0111i\u1ec1u rang mu\u1ed1i rang mu\u1ed1i B\u00ecnh Ph\u01b0\u1edbc<\/div>\n<div>&#8211; H\u1ea1t \u0111i\u1ec1u rang mu\u1ed1i t\u1ed1t cho ph\u1ee5 n\u1eef mang thai v\u00e0 em b\u00e9<\/div>\n<div>&#8211; H\u1ea1t \u0111i\u1ec1u rang mu\u1ed1i cung c\u1ea5p dinh d\u01b0\u1ee1ng cho c\u01a1 th\u1ec3<\/div>\n<div>&#8211; H\u1ea1t \u0111i\u1ec1u rang mu\u1ed1i gi\u00fap gi\u1ea3m c\u00e2n hi\u1ec7u qu\u1ea3<\/div>\n<div>&#8211; \u0102n h\u1ea1t \u0111i\u1ec1u rang mu\u1ed1i th\u01b0\u1eddng xuy\u00ean h\u1ed5 tr\u1ee3 \u0111i\u1ec1u tr\u1ecb b\u1ec7nh tim m\u1ea1ch<\/div>\n<div>&#8211; <strong>H\u1ea1t \u0111i\u1ec1u rang mu\u1ed1i<\/strong>\u200b C\u1ea3i thi\u1ec7n gi\u1ea5c ng\u1ee7 cho ng\u01b0\u1eddi cao tu\u1ed5i.<\/div>\n<div>T\u00e1c d\u1ee5ng s\u1ea3n ph\u1ea9m ph\u1ee5 thu\u1ed9c c\u01a1 \u0111\u1ecba m\u1ed7i ng\u01b0\u1eddi.<\/div>\n<h4><strong>C\u00c1CH PH\u00c2N BI\u1ec6T V\u00c0 L\u1ef0A CH\u1eccN h\u1ea1t \u0111i\u1ec1u rang mu\u1ed1i NGON-CH\u1ea4T L\u01af\u1ee2NG\u200b<\/strong><\/h4>\n<div>\n<p>H\u1ea1t \u0111i\u1ec1u rang mu\u1ed1i rang mu\u1ed1i l\u00e0 m\u1ed9t trong nh\u1eefng m\u00f3n \u0103n kh\u00f4ng xa l\u1ea1 v\u1edbi b\u1ea5t k\u00ec ng\u01b0\u1eddi Vi\u1ec7t Nam n\u00e0o. N\u00f3 kh\u00f4ng nh\u1eefng ch\u1ee9a c\u00e1c ch\u1ea5t dinh d\u01b0\u1ee1ng c\u1ea7n thi\u1ebft nh\u01b0 s\u1eaft, ph\u1ed1t pho, selen, magi\u00ea v\u00e0 k\u1ebdm m\u00e0 c\u00f2n l\u00e0 ngu\u1ed3n cung c\u1ea5p t\u1ed1t c\u00e1c ch\u1ea5t phytochemical,\u00a0<em><strong>h\u1ea1t \u0111i\u1ec1u rang mu\u1ed1i<\/strong><\/em> ch\u1ea5t ch\u1ed1ng oxy h\u00f3a v\u00e0 protein. Do \u0111\u00f3, h\u1ea1t \u0111i\u1ec1u rang mu\u1ed1i \u0111\u01b0\u1ee3c r\u1ea5t nhi\u1ec1u ng\u01b0\u1eddi \u01b0u th\u00edch.<\/p>\n<\/div>\n<\/div>","protected":false},"excerpt":{"rendered":"<p>TH\u00d4NG TIN CHI TI\u1ebeT &#8211; H\u1ea1t \u0111i\u1ec1u rang mu\u1ed1i rang mu\u1ed1i B\u00ecnh Ph\u01b0\u1edbc &#8211; H\u1ea1t \u0111i\u1ec1u rang mu\u1ed1i t\u1ed1t cho<\/p>","protected":false},"featured_media":13333,"comment_status":"open","ping_status":"closed","template":"","meta":{"_acf_changed":false},"product_cat":[315,314,366,398,22,313],"product_tag":[],"class_list":{"0":"post-13345","1":"product","2":"type-product","3":"status-publish","4":"has-post-thumbnail","6":"product_cat-che-bien-tu-gao-ngu-coc","7":"product_cat-do-an-nhanh","8":"product_cat-hang-cnnt-cap-qg","9":"product_cat-san-pham-cnnt-tb-cap-qg-2021","10":"product_cat-sanphamthucpham","11":"product_cat-thuc-pham-che-bien","13":"first","14":"instock","15":"shipping-taxable","16":"product-type-variable"},"acf":[],"_links":{"self":[{"href":"https:\/\/b2c.fairs.vn\/en\/wp-json\/wp\/v2\/product\/13345","targetHints":{"allow":["GET"]}}],"collection":[{"href":"https:\/\/b2c.fairs.vn\/en\/wp-json\/wp\/v2\/product"}],"about":[{"href":"https:\/\/b2c.fairs.vn\/en\/wp-json\/wp\/v2\/types\/product"}],"replies":[{"embeddable":true,"href":"https:\/\/b2c.fairs.vn\/en\/wp-json\/wp\/v2\/comments?post=13345"}],"version-history":[{"count":0,"href":"https:\/\/b2c.fairs.vn\/en\/wp-json\/wp\/v2\/product\/13345\/revisions"}],"wp:featuredmedia":[{"embeddable":true,"href":"https:\/\/b2c.fairs.vn\/en\/wp-json\/wp\/v2\/media\/13333"}],"wp:attachment":[{"href":"https:\/\/b2c.fairs.vn\/en\/wp-json\/wp\/v2\/media?parent=13345"}],"wp:term":[{"taxonomy":"product_cat","embeddable":true,"href":"https:\/\/b2c.fairs.vn\/en\/wp-json\/wp\/v2\/product_cat?post=13345"},{"taxonomy":"product_tag","embeddable":true,"href":"https:\/\/b2c.fairs.vn\/en\/wp-json\/wp\/v2\/product_tag?post=13345"}],"curies":[{"name":"wp","href":"https:\/\/api.w.org\/{rel}","templated":true}]}}