{"id":13332,"date":"2024-04-01T09:51:45","date_gmt":"2024-04-01T02:51:45","guid":{"rendered":"https:\/\/b2c.fairs.vn\/?post_type=product&#038;p=13332"},"modified":"2024-04-01T09:51:45","modified_gmt":"2024-04-01T02:51:45","slug":"nuoc-mam-ca-com-30-do-dam","status":"publish","type":"product","link":"https:\/\/b2c.fairs.vn\/en\/product\/nuoc-mam-ca-com-30-do-dam\/","title":{"rendered":"N\u01b0\u1edbc M\u1eafm C\u00e1 C\u01a1m 30 \u0110\u1ed9 \u0110\u1ea1m"},"content":{"rendered":"<p>Th\u1ec3 t\u00edch: 60 ml<\/p>\n<p>\u0110\u1ed9 \u0111\u1ea1m: 30 \u0111\u1ed9 \u0111\u1ea1m<\/p>\n<p>H\u1ed9p: 12 chai th\u1ee7y tinh<\/p>\n<p>N\u01b0\u1edbc m\u1eafm s\u1ea1ch, kh\u00f4ng ph\u1ee5 gia, kh\u00f4ng ph\u1ea9m m\u00e0u, kh\u00f4ng h\u01b0\u01a1ng li\u1ec7u, kh\u00f4ng ch\u1ea5t b\u1ea3o qu\u1ea3n<\/p>\n<p>S\u1ea3n ph\u1ea9m \u0111\u01b0\u1ee3c s\u1ea3n xu\u1ea5t b\u1edfi c\u00f4ng th\u1ee9c truy\u1ec1n th\u1ed1ng tr\u00ean d\u00e2y truy\u1ec1n hi\u1ec7n \u0111\u1ea1i. \u0110\u1ea3m b\u1ea3o th\u01a1m ngon cho m\u00f3n \u0103n, an to\u00e0n cho s\u1ee9c kh\u1ecfe<\/p>\n<p>&nbsp;<\/p>\n<p>S\u1ea3n ph\u1ea9m \u0111\u01b0\u1ee3c ch\u1eaft l\u1ecdc t\u1eeb 100% c\u00e1 c\u01a1m t\u01b0\u01a1i v\u00e0 mu\u1ed1i. \u0110\u01b0\u1ee3c \u1ee7 ch\u01b0\u1ee3p theo ph\u01b0\u01a1ng ph\u00e1p truy\u1ec1n th\u1ed1ng t\u1ef1 nhi\u00ean. S\u1ea3n xu\u1ea5t tr\u00ean d\u00e2y chuy\u1ec1n c\u00f4ng ngh\u1ec7 ti\u00ean ti\u1ebfn quy tr\u00ecnh kh\u00e9p k\u00edn. \u0110\u1ea1t ti\u00eau chu\u1ea9n HACCP, ISO 22000 &#8211; 2007 TCVN. \u0110\u1ea1t danh hi\u1ec7u h\u00e0ng vi\u1ec7t nam ch\u1ea5t l\u01b0\u1ee3ng cao do ng\u01b0\u1eddi ti\u00eau d\u00f9ng b\u00ecnh ch\u1ecdn 2017 &#8211; 2018. \u0110\u1ea1t ch\u1ea5t l\u01b0\u1ee3ng \u0111\u00fang theo ti\u00eau chu\u1ea9n TCVN 5107 : 2018. \u0110\u01b0\u1ee3c kh\u00e1ch h\u00e0ng trong v\u00e0 ngo\u00e0i n\u01b0\u1edbc tin d\u00f9ng th\u01b0\u1eddng xuy\u00ean<\/p>\n<p>N\u01b0\u1edbc M\u1eafm Truy\u1ec1n Th\u1ed1ng Phan Thi\u1ebft M\u0169i N\u00e9 30N ( 30 \u0111\u1ed9 \u0110\u1ea1m ) \u0111\u01b0\u1ee3c ch\u1eaft l\u1ecdc t\u1eeb 100% c\u00e1 c\u01a1m t\u01b0\u01a1i v\u00e0 mu\u1ed1i. V\u1edbi b\u00ed quy\u1ebft gia truy\u1ec1n, \u0111\u01b0\u1ee3c \u1ee7 ch\u01b0\u1ee3p theo ph\u01b0\u01a1ng ph\u00e1p truy\u1ec1n th\u1ed1ng t\u1ef1 nhi\u00ean v\u00e0 s\u1ea3n xu\u1ea5t tr\u00ean d\u00e2y chuy\u1ec1n c\u00f4ng ngh\u1ec7 ti\u00ean ti\u1ebfn quy tr\u00ecnh kh\u00e9p k\u00edn, \u0111\u1ea1t ti\u00eau chu\u1ea9n HACCP. T\u1eeb \u0111\u00f3 \u0111\u00e3 t\u1ea1o ra d\u00f2ng n\u01b0\u1edbc m\u1eafm nguy\u00ean ch\u1ea5t c\u00e1 c\u01a1m mang h\u01b0\u01a1ng v\u1ecb \u0110\u1eacM \u0110\u00c0 TH\u01a0M NGON &#8211; TINH KHI\u1ebeT B\u1ed4 D\u01af\u1ee0NG \u0111\u1ea1t ch\u1ea5t l\u01b0\u1ee3ng \u0111\u00fang theo ti\u00eau chu\u1ea9n TCVN 5107 : 2003.<\/p>\n<p>&nbsp;<\/p>\n<p>N\u01b0\u1edbc m\u1eafm Phan Thi\u1ebft M\u0169i N\u00e9 \u0111\u1ea1t nhi\u1ec1u Huy ch\u01b0\u01a1ng, C\u00fap v\u00e0ng cho th\u01b0\u01a1ng hi\u1ec7u n\u01b0\u1edbc m\u1eafm n\u1ed5i ti\u1ebfng, n\u00ean \u0111\u01b0\u1ee3c kh\u00e1ch h\u00e0ng trong v\u00e0 ngo\u00e0i n\u01b0\u1edbc tin d\u00f9ng th\u01b0\u1eddng xuy\u00ean v\u00e0 c\u00f2n l\u00e0 m\u1ed9t \u0110\u1eb6C S\u1ea2N QU\u00dd \u0111\u1ea7y \u00fd ngh\u0129a m\u00e0 du kh\u00e1ch kh\u1eafp n\u01a1i khi \u0111\u1ebfn tham quan ngh\u1ec9 d\u01b0\u1ee1ng t\u1ea1i th\u00e0nh ph\u1ed1 bi\u1ec3n l\u00e0m QU\u00c0 T\u1eb6NG \u0111em v\u1ec1 bi\u1ebfu ng\u01b0\u1eddi th\u00e2n, b\u00e8 b\u1ea1n.<\/p>\n<p>&nbsp;<\/p>\n<p>TH\u00c0NH PH\u1ea6N DINH D\u01af\u1ee0NG trong N\u01b0\u1edbc M\u1eafm Truy\u1ec1n Th\u1ed1ng Phan Thi\u1ebft M\u0169i N\u00e9 30N ( 30 \u0111\u1ed9 \u0110\u1ea1m )<\/p>\n<p>&nbsp;<\/p>\n<p>&#8211; Vitamin: Vitamin B1, B2, PP v\u00e0 B12 nu\u00f4i d\u01b0\u1ee1ng t\u1ebf b\u00e0o th\u1ea7n kinh,<\/p>\n<p>t\u0103ng c\u01b0\u1eddng qu\u00e1 tr\u00ecnh t\u1ea1o m\u00e1u.<\/p>\n<p>&#8211; Ch\u1ea5t s\u1eaft: C\u1ea7n thi\u1ebft cho ph\u1ee5 n\u1eef mang thai, gi\u1ea3m t\u1ec9 l\u1ec7 thi\u1ebfu m\u00e1u do thi\u1ebfu s\u1eaft.<\/p>\n<p>&#8211; Omega 3: T\u1ed1t cho ph\u00e1t tri\u1ec3n tr\u00ed n\u00e3o, tim v\u00e0 m\u1eaft.<\/p>\n<p>&#8211; Acid amin: B\u1ed5 sung c\u00e1c acid amin m\u00e0 c\u01a1 th\u1ec3 kh\u00f4ng t\u1ef1 t\u1ed5ng h\u1ee3p \u0111\u01b0\u1ee3c.<\/p>","protected":false},"excerpt":{"rendered":"<p>Th\u1ec3 t\u00edch: 60 ml \u0110\u1ed9 \u0111\u1ea1m: 30 \u0111\u1ed9 \u0111\u1ea1m H\u1ed9p: 12 chai th\u1ee7y tinh N\u01b0\u1edbc m\u1eafm s\u1ea1ch, kh\u00f4ng ph\u1ee5 gia,<\/p>","protected":false},"featured_media":13339,"comment_status":"open","ping_status":"closed","template":"","meta":{"_acf_changed":false},"product_cat":[318,22,319],"product_tag":[],"class_list":{"0":"post-13332","1":"product","2":"type-product","3":"status-publish","4":"has-post-thumbnail","6":"product_cat-gia-vi","7":"product_cat-sanphamthucpham","8":"product_cat-tuong-nuoc-mam-gia-vi-dang-long-khac","10":"first","11":"instock","12":"shipping-taxable","13":"product-type-simple"},"acf":[],"_links":{"self":[{"href":"https:\/\/b2c.fairs.vn\/en\/wp-json\/wp\/v2\/product\/13332","targetHints":{"allow":["GET"]}}],"collection":[{"href":"https:\/\/b2c.fairs.vn\/en\/wp-json\/wp\/v2\/product"}],"about":[{"href":"https:\/\/b2c.fairs.vn\/en\/wp-json\/wp\/v2\/types\/product"}],"replies":[{"embeddable":true,"href":"https:\/\/b2c.fairs.vn\/en\/wp-json\/wp\/v2\/comments?post=13332"}],"version-history":[{"count":0,"href":"https:\/\/b2c.fairs.vn\/en\/wp-json\/wp\/v2\/product\/13332\/revisions"}],"wp:featuredmedia":[{"embeddable":true,"href":"https:\/\/b2c.fairs.vn\/en\/wp-json\/wp\/v2\/media\/13339"}],"wp:attachment":[{"href":"https:\/\/b2c.fairs.vn\/en\/wp-json\/wp\/v2\/media?parent=13332"}],"wp:term":[{"taxonomy":"product_cat","embeddable":true,"href":"https:\/\/b2c.fairs.vn\/en\/wp-json\/wp\/v2\/product_cat?post=13332"},{"taxonomy":"product_tag","embeddable":true,"href":"https:\/\/b2c.fairs.vn\/en\/wp-json\/wp\/v2\/product_tag?post=13332"}],"curies":[{"name":"wp","href":"https:\/\/api.w.org\/{rel}","templated":true}]}}