{"id":13319,"date":"2024-04-01T10:08:06","date_gmt":"2024-04-01T03:08:06","guid":{"rendered":"https:\/\/b2c.fairs.vn\/?post_type=product&#038;p=13319"},"modified":"2024-04-01T10:25:32","modified_gmt":"2024-04-01T03:25:32","slug":"tuyet-son-tra-suoi-giang","status":"publish","type":"product","link":"https:\/\/b2c.fairs.vn\/en\/product\/tuyet-son-tra-suoi-giang\/","title":{"rendered":"Tuy\u1ebft s\u01a1n tr\u00e0 Su\u1ed1i Gi\u00e0ng"},"content":{"rendered":"<p>Tr\u00e0 S\u01a1n Tuy\u1ebft Su\u1ed1i Gi\u00e0ng (Shan Tuy\u1ebft) l\u00e0 ni\u1ec1m t\u1ef1 h\u00e0o c\u1ee7a t\u1ec9nh\u00a0Y\u00ean B\u00e1i\u00a0v\u00e0 l\u00e0 ni\u1ec1m t\u1ef1 h\u00e0o c\u1ee7a c\u1ea3 n\u01b0\u1edbc v\u1ec1 d\u00f2ng tr\u00e0 Shan Tuy\u1ebft c\u1ed5 th\u1ee5.<\/p>\n<p>4 \u01b0u \u0111i\u1ec3m v\u01b0\u1ee3t tr\u1ed9i c\u1ee7a c\u00e1c s\u1ea3n ph\u1ea7m Ch\u00e8 Shan Tuy\u1ebft C\u1ed5 Th\u1ee5 Su\u1ed1i Gi\u00e0ng:\u203a<\/p>\n<ol>\n<li>Tr\u00e0 Shan Tuy\u1ebft C\u1ed5 Th\u1ee5 Su\u1ed1i Gi\u00e0ng \u0111\u01b0\u1ee3c ch\u1ebf bi\u1ebfn t\u1eeb nh\u1eefng c\u00e2y Ch\u00e8 C\u1ed5 Th\u1ee5 h\u00e0ng tr\u0103m n\u0103m tu\u1ed5i \u0111\u01b0\u1ee3c tr\u1ed3ng tr\u00ean \u0111\u1ec9nh Su\u1ed1i Gi\u00e0ng \u1edf \u0111\u1ed9 cao g\u1ea7n 1400 m so v\u1edbi m\u1ef1c n\u01b0\u1edbc bi\u1ec3n, quanh n\u0103m m\u00e2y m\u00f9 v\u00e0 s\u01b0\u01a1ng l\u1ea1nh n\u00ean t\u1ea1o ra h\u01b0\u01a1ng v\u1ecb \u0111\u1eb7c bi\u1ec7t v\u00e0 \u0111\u1ed9c \u0111\u00e1o c\u1ee7a d\u00f2ng tr\u00e0 n\u00e0y.<\/li>\n<li>Tr\u00e0 \u0111\u1ea7u t\u01b0, s\u1ea3n xu\u1ea5t ch\u00e8 v\u1edbi quy tr\u00ecnh kh\u00e9p k\u00edn theo ti\u00eau chu\u1ea9n VIETGAP. T\u1ea5t c\u1ea3 c\u00e1c s\u1ea3n ph\u1ea9m \u0111i\u1ec1u n\u00f3i kh\u00f4ng v\u1edbi ph\u00e2n, thu\u1ed1c h\u00f3a h\u1ecdc n\u00ean Ch\u00e8 kh\u00f4ng nh\u1eefng NGON m\u00e0 c\u00f2n S\u1ea0CH v\u00e0 AN TO\u00c0N \u0111\u00e1p \u1ee9ng nhu c\u1ea7u c\u1ea5p thi\u1ebft c\u1ee7a kh\u00e1ch h\u00e0ng hi\u1ec7n nay<\/li>\n<li>T\u1ea5t c\u1ea3 s\u1ea3n ph\u1ea9m ch\u00e8 c\u1ee7a Ch\u00e8 Shan Tuy\u1ebft C\u1ed5 Th\u1ee5 Su\u1ed1i Gi\u00e0ng \u0111\u1ec1u c\u00f3 xu\u1ea5t x\u1ee9 r\u00f5 r\u00e0ng, bao b\u00ec s\u1ea3n ph\u1ea9m \u0111\u01b0\u1ee3c \u0111\u00f3ng g\u00f3i h\u00fat ch\u00e2n kh\u00f4ng r\u1ea5t \u0111\u1eb9p m\u1eaft, m\u1eabu m\u00e3 \u0111\u1eb9p. \u0110\u1eb7c bi\u1ec7t, s\u1ea3n ph\u1ea9m \u0111\u01b0\u1ee3c c\u00f4ng nh\u1eadn chu\u1ea9n OCOP 4 sao c\u1ee7a t\u1ec9nh Y\u00ean B\u00e1i<\/li>\n<li>C\u00e1c d\u00f2ng Tr\u00e0 Shan Tuy\u1ebft Su\u1ed1i Gi\u00e0ng vinh d\u1ef1 \u0111\u01b0\u1ee3c ch\u1ecdn l\u00e0m qu\u00e0 bi\u1ebfu cho c\u00e1c nguy\u00ean th\u1ee7 qu\u1ed1c gia, c\u00e1c y\u00eau nh\u00e2n trong c\u00e1c s\u1ef1 ki\u1ec7n tr\u1ecdng \u0111\u1ea1i c\u1ee7a \u0111\u1ea5t n\u01b0\u1edbc c\u0169ng nh\u01b0 c\u1ee7a t\u1ec9nh Y\u00ean B\u00e1i.<\/li>\n<\/ol>","protected":false},"excerpt":{"rendered":"<p>Tr\u00e0 S\u01a1n Tuy\u1ebft Su\u1ed1i Gi\u00e0ng (Shan Tuy\u1ebft) l\u00e0 ni\u1ec1m t\u1ef1 h\u00e0o c\u1ee7a t\u1ec9nh\u00a0Y\u00ean B\u00e1i\u00a0v\u00e0 l\u00e0 ni\u1ec1m t\u1ef1 h\u00e0o c\u1ee7a c\u1ea3<\/p>","protected":false},"featured_media":13393,"comment_status":"open","ping_status":"closed","template":"","meta":{"_acf_changed":false},"product_cat":[321,366,447,22,323],"product_tag":[],"class_list":{"0":"post-13319","1":"product","2":"type-product","3":"status-publish","4":"has-post-thumbnail","6":"product_cat-che","7":"product_cat-hang-cnnt-cap-qg","8":"product_cat-san-pham-cnnt-tb-cap-qg-2017","9":"product_cat-sanphamthucpham","10":"product_cat-san-pham-tra-tu-thuc-vat-khac","12":"first","13":"instock","14":"shipping-taxable","15":"purchasable","16":"product-type-variable","17":"has-default-attributes"},"acf":[],"_links":{"self":[{"href":"https:\/\/b2c.fairs.vn\/en\/wp-json\/wp\/v2\/product\/13319","targetHints":{"allow":["GET"]}}],"collection":[{"href":"https:\/\/b2c.fairs.vn\/en\/wp-json\/wp\/v2\/product"}],"about":[{"href":"https:\/\/b2c.fairs.vn\/en\/wp-json\/wp\/v2\/types\/product"}],"replies":[{"embeddable":true,"href":"https:\/\/b2c.fairs.vn\/en\/wp-json\/wp\/v2\/comments?post=13319"}],"version-history":[{"count":0,"href":"https:\/\/b2c.fairs.vn\/en\/wp-json\/wp\/v2\/product\/13319\/revisions"}],"wp:featuredmedia":[{"embeddable":true,"href":"https:\/\/b2c.fairs.vn\/en\/wp-json\/wp\/v2\/media\/13393"}],"wp:attachment":[{"href":"https:\/\/b2c.fairs.vn\/en\/wp-json\/wp\/v2\/media?parent=13319"}],"wp:term":[{"taxonomy":"product_cat","embeddable":true,"href":"https:\/\/b2c.fairs.vn\/en\/wp-json\/wp\/v2\/product_cat?post=13319"},{"taxonomy":"product_tag","embeddable":true,"href":"https:\/\/b2c.fairs.vn\/en\/wp-json\/wp\/v2\/product_tag?post=13319"}],"curies":[{"name":"wp","href":"https:\/\/api.w.org\/{rel}","templated":true}]}}