{"id":13300,"date":"2024-04-01T09:38:39","date_gmt":"2024-04-01T02:38:39","guid":{"rendered":"https:\/\/b2c.fairs.vn\/?post_type=product&#038;p=13300"},"modified":"2024-04-01T09:38:40","modified_gmt":"2024-04-01T02:38:40","slug":"nuoc-cham-2-dam","status":"publish","type":"product","link":"https:\/\/b2c.fairs.vn\/en\/product\/nuoc-cham-2-dam\/","title":{"rendered":"N\u01b0\u1edbc Ch\u1ea5m 2 \u0110\u1ea1m"},"content":{"rendered":"<p>&#8211; Th\u00e0nh ph\u1ea7n ch\u00ednh (&gt;98%): N\u01b0\u1edbc m\u1eafm c\u00e1 c\u01a1m (c\u00e1 c\u01a1m, mu\u1ed1i), mu\u1ed1i tinh, n\u01b0\u1edbc.<\/p>\n<p>&#8211; Th\u00e0nh ph\u1ea7n kh\u00e1c (&lt;2%): Ch\u1ea5t \u0111i\u1ec1u v\u1ecb (INS 621,627,631), ch\u1ea5t t\u1ea1o ng\u1ecdt INS 951), ch\u1ea5t ch\u1ed1ng oxy h\u00f3a (INS 300), ch\u1ea5t b\u1ea3o qu\u1ea3n (INS 211), ph\u1ea9m m\u00e0u (110, 150a), h\u01b0\u01a1ng c\u00e1 h\u1ed3i d\u00f9ng trong th\u1ef1c ph\u1ea9m<\/p>\n<p>N\u01b0\u1edbc Ch\u1ea5m C\u00e1 C\u01a1m Nh\u01b0 H\u1ea3i M\u0169i N\u00e9 500ml si\u00eau ti\u1ebft ki\u1ec7m.<\/p>\n<p>&nbsp;<\/p>\n<p>N\u01b0\u1edbc Ch\u1ea5m C\u00e1 C\u01a1m Nh\u01b0 H\u1ea3i M\u0169i N\u00e9 500ml th\u01a1m ngon b\u1ed5 d\u01b0\u1ee1ng, \u0111\u1ea3m b\u1ea3o ti\u00eau chu\u1ea9n v\u1ec1 An to\u00e0n v\u1ec7 sinh th\u1ef1c ph\u1ea9m c\u1ee7a B\u1ed9 Y T\u1ebf. S\u1ea3n ph\u1ea9m mang m\u00f9i v\u1ecb th\u01a1m ngon \u0111\u1eb7c tr\u01b0ng c\u1ee7a n\u01b0\u1edbc m\u1eafm truy\u1ec1n th\u1ed1ng v\u00e0 tuy\u1ec7t v\u1eddi h\u01a1n khi d\u00f9ng \u0111\u1ec3 pha ch\u1ebf n\u01b0\u1edbc ch\u1ea5m, \u01b0\u1edbp t\u1ea9m, kho ho\u1eb7c n\u1ea5u \u0103n h\u00e0ng ng\u00e0y, \u2026 \u0111\u1ec3 l\u00e0m t\u0103ng h\u01b0\u01a1ng v\u1ecb cho m\u00f3n \u0103n c\u1ee7a b\u1ea1n.<\/p>\n<p>\u01afU \u0110I\u1ec2M N\u1ed4I B\u1eacT:<\/p>\n<p>KH\u00d4NG s\u1eed d\u1ee5ng H\u00d3A CH\u1ea4T \u0110\u1ed8C H\u1ea0I, \u0111\u00e3 qua ki\u1ec3m nghi\u1ec7m nghi\u00eam ng\u1eb7t, \u0111\u1ea3m b\u1ea3o an to\u00e0n tuy\u1ec7t \u0111\u1ed1i cho s\u1ee9c kh\u1ecfe ng\u01b0\u1eddi ti\u00eau d\u00f9ng. \u0110\u01b0\u1ee3c \u0111\u00f3ng chai nh\u1ecf g\u1ecdn, ti\u1ec7n l\u1ee3i cho vi\u1ec7c s\u1eed d\u1ee5ng c\u0169ng nh\u01b0 b\u1ea3o qu\u1ea3n.<\/p>\n<p>&nbsp;<\/p>\n<p>TH\u00c0NH PH\u1ea6N :<\/p>\n<p>&#8211; Th\u00e0nh ph\u1ea7n ch\u00ednh (&gt;98%): N\u01b0\u1edbc m\u1eafm c\u00e1 c\u01a1m (c\u00e1 c\u01a1m, mu\u1ed1i), mu\u1ed1i tinh, n\u01b0\u1edbc.<\/p>\n<p>&#8211; Th\u00e0nh ph\u1ea7n kh\u00e1c (&lt;2%): Ch\u1ea5t \u0111i\u1ec1u v\u1ecb (INS 621,627,631), ch\u1ea5t t\u1ea1o ng\u1ecdt INS 951), ch\u1ea5t ch\u1ed1ng oxy h\u00f3a (INS 300), ch\u1ea5t b\u1ea3o qu\u1ea3n (INS 211), ph\u1ea9m m\u00e0u (110, 150a), h\u01b0\u01a1ng c\u00e1 h\u1ed3i d\u00f9ng trong th\u1ef1c ph\u1ea9m<\/p>\n<p>&nbsp;<\/p>\n<p>H\u01af\u1edaNG D\u1eaaN S\u1eec D\u1ee4NG: N\u01b0\u1edbc ch\u1ea5m d\u00f9ng \u0111\u1ec3 kho th\u1ecbt, c\u00e1,.. v\u00e0 gia v\u1ecb trong ch\u1ebf bi\u1ebfn th\u1ef1c ph\u1ea9m.<\/p>\n<p>&nbsp;<\/p>\n<p>H\u01af\u1edaNG D\u1eaaN B\u1ea2O QU\u1ea2N:<\/p>\n<p>&#8211; B\u1ea3o qu\u1ea3n n\u01a1i kh\u00f4 r\u00e1o, tr\u00e1nh \u00e1nh n\u1eafng tr\u1ef1c ti\u1ebfp, m\u00f9i m\u1ea1nh ho\u1eb7c c\u00e1c lo\u1ea1i h\u00f3a ch\u1ea5t.<\/p>\n<p>TH\u00d4NG TIN C\u1ea2NH B\u00c1O:<\/p>\n<p>&#8211; KH\u00d4NG s\u1eed d\u1ee5ng s\u1ea3n ph\u1ea9m h\u1ebft h\u1ea1n.<\/p>\n<p>&#8211; KH\u00d4NG s\u1eed d\u1ee5ng v\u1edbi ng\u01b0\u1eddi c\u00f3 kh\u1ea3 n\u0103ng m\u1eabn c\u1ea3m v\u1edbi c\u00e1c th\u00e0nh ph\u1ea7n c\u1ee7a s\u1ea3n ph\u1ea9m<\/p>","protected":false},"excerpt":{"rendered":"<p>&#8211; Th\u00e0nh ph\u1ea7n ch\u00ednh (&gt;98%): N\u01b0\u1edbc m\u1eafm c\u00e1 c\u01a1m (c\u00e1 c\u01a1m, mu\u1ed1i), mu\u1ed1i tinh, n\u01b0\u1edbc. &#8211; Th\u00e0nh ph\u1ea7n kh\u00e1c (&lt;2%):<\/p>","protected":false},"featured_media":13308,"comment_status":"open","ping_status":"closed","template":"","meta":{"_acf_changed":false},"product_cat":[318,22,319],"product_tag":[],"class_list":{"0":"post-13300","1":"product","2":"type-product","3":"status-publish","4":"has-post-thumbnail","6":"product_cat-gia-vi","7":"product_cat-sanphamthucpham","8":"product_cat-tuong-nuoc-mam-gia-vi-dang-long-khac","10":"first","11":"instock","12":"shipping-taxable","13":"product-type-simple"},"acf":[],"_links":{"self":[{"href":"https:\/\/b2c.fairs.vn\/en\/wp-json\/wp\/v2\/product\/13300","targetHints":{"allow":["GET"]}}],"collection":[{"href":"https:\/\/b2c.fairs.vn\/en\/wp-json\/wp\/v2\/product"}],"about":[{"href":"https:\/\/b2c.fairs.vn\/en\/wp-json\/wp\/v2\/types\/product"}],"replies":[{"embeddable":true,"href":"https:\/\/b2c.fairs.vn\/en\/wp-json\/wp\/v2\/comments?post=13300"}],"version-history":[{"count":0,"href":"https:\/\/b2c.fairs.vn\/en\/wp-json\/wp\/v2\/product\/13300\/revisions"}],"wp:featuredmedia":[{"embeddable":true,"href":"https:\/\/b2c.fairs.vn\/en\/wp-json\/wp\/v2\/media\/13308"}],"wp:attachment":[{"href":"https:\/\/b2c.fairs.vn\/en\/wp-json\/wp\/v2\/media?parent=13300"}],"wp:term":[{"taxonomy":"product_cat","embeddable":true,"href":"https:\/\/b2c.fairs.vn\/en\/wp-json\/wp\/v2\/product_cat?post=13300"},{"taxonomy":"product_tag","embeddable":true,"href":"https:\/\/b2c.fairs.vn\/en\/wp-json\/wp\/v2\/product_tag?post=13300"}],"curies":[{"name":"wp","href":"https:\/\/api.w.org\/{rel}","templated":true}]}}