{"id":13276,"date":"2024-04-01T09:36:18","date_gmt":"2024-04-01T02:36:18","guid":{"rendered":"https:\/\/b2c.fairs.vn\/?post_type=product&#038;p=13276"},"modified":"2024-04-01T09:36:18","modified_gmt":"2024-04-01T02:36:18","slug":"thit-lon-xong-khoi-cao-bang","status":"publish","type":"product","link":"https:\/\/b2c.fairs.vn\/en\/product\/thit-lon-xong-khoi-cao-bang\/","title":{"rendered":"Th\u1ecbt l\u1ee3n x\u00f4ng kh\u00f3i cao b\u1eb1ng"},"content":{"rendered":"<p>Th\u1ecbt hun kh\u00f3i l\u00e0 m\u00f3n \u0103n truy\u1ec1n th\u1ed1ng l\u00e2u \u0111\u1eddi c\u1ee7a ng\u01b0\u1eddi Cao B\u1eb1ng \u0111\u01b0\u1ee3c nhi\u1ec1u ng\u01b0\u1eddi \u01b0u th\u00edch. Th\u1ecbt l\u1ee3n hun kh\u00f3i c\u1ee7a \u0111\u1ed3ng b\u00e0o d\u00e2n t\u1ed9c \u1edf Cao B\u1eb1ng \u0111\u00e3 c\u00f3 r\u1ea5t l\u00e2u, v\u00e0 tr\u1edf th\u00e0nh m\u1ed9t \u0111\u1eb7c s\u1ea3n c\u1ee7a \u0111\u1ecba ph\u01b0\u01a1ng. Th\u1ecbt l\u1ee3n hun kh\u00f3i mang th\u01b0\u01a1ng hi\u1ec7u T\u00e2m H\u00f2a \u1edf \u0111\u00e2y mang \u0111\u1eadm phong v\u1ecb n\u00fai r\u1eebng, \u0103n r\u1ed3i m\u1edbi th\u1ea5y kh\u00e1c.<\/p>\n<p>Cu\u0303ng nh\u01b0 ca\u0301c loa\u0323i th\u01b0\u0323c ph\u00e2\u0309m \u0111\u00ea\u0309 du\u0300ng l\u00e2u nga\u0300y cu\u0309a ca\u0301c d\u00e2n t\u00f4\u0323c vu\u0300ng s\u00e2u, vu\u0300ng xa kha\u0301c. Thi\u0323t hun kho\u0301i Cao B\u0103\u0300ng \u0111\u01b0\u01a1\u0323c t\u00e2\u0309m \u01b0\u01a1\u0301p ca\u0301c loa\u0323i gia vi\u0323 \u0111i\u0323a ph\u01b0\u01a1ng v\u01a1\u0301i mu\u0323c \u0111i\u0301ch co\u0301 th\u00ea\u0309 gi\u01b0\u0303 th\u01b0\u0323c ph\u00e2\u0309m \u0111\u01b0\u01a1\u0323c l\u00e2u nga\u0300y. Co\u0301 th\u00ea\u0309 t\u01b0\u0300 th\u01a1\u0300i xa x\u01b0a, trong \u0111i\u00ea\u0300u ki\u00ea\u0323n s\u00f4\u0301ng<\/p>","protected":false},"excerpt":{"rendered":"<p>Th\u1ecbt hun kh\u00f3i l\u00e0 m\u00f3n \u0103n truy\u1ec1n th\u1ed1ng l\u00e2u \u0111\u1eddi c\u1ee7a ng\u01b0\u1eddi Cao B\u1eb1ng \u0111\u01b0\u1ee3c nhi\u1ec1u ng\u01b0\u1eddi \u01b0u th\u00edch. Th\u1ecbt l\u1ee3n hun kh\u00f3i c\u1ee7a \u0111\u1ed3ng b\u00e0o d\u00e2n t\u1ed9c \u1edf Cao B\u1eb1ng \u0111\u00e3 c\u00f3 r\u1ea5t l\u00e2u, v\u00e0 tr\u1edf th\u00e0nh m\u1ed9t \u0111\u1eb7c s\u1ea3n c\u1ee7a \u0111\u1ecba ph\u01b0\u01a1ng. Th\u1ecbt l\u1ee3n hun kh\u00f3i mang th\u01b0\u01a1ng hi\u1ec7u T\u00e2m H\u00f2a \u1edf \u0111\u00e2y mang \u0111\u1eadm phong v\u1ecb n\u00fai r\u1eebng, \u0103n r\u1ed3i m\u1edbi th\u1ea5y kh\u00e1c.<\/p>\n<p>Cu\u0303ng nh\u01b0 ca\u0301c loa\u0323i th\u01b0\u0323c ph\u00e2\u0309m \u0111\u00ea\u0309 du\u0300ng l\u00e2u nga\u0300y cu\u0309a ca\u0301c d\u00e2n t\u00f4\u0323c vu\u0300ng s\u00e2u, vu\u0300ng xa kha\u0301c. Thi\u0323t hun kho\u0301i Cao B\u0103\u0300ng \u0111\u01b0\u01a1\u0323c t\u00e2\u0309m \u01b0\u01a1\u0301p ca\u0301c loa\u0323i gia vi\u0323 \u0111i\u0323a ph\u01b0\u01a1ng v\u01a1\u0301i mu\u0323c \u0111i\u0301ch co\u0301 th\u00ea\u0309 gi\u01b0\u0303 th\u01b0\u0323c ph\u00e2\u0309m \u0111\u01b0\u01a1\u0323c l\u00e2u nga\u0300y. Co\u0301 th\u00ea\u0309 t\u01b0\u0300 th\u01a1\u0300i xa x\u01b0a, trong \u0111i\u00ea\u0300u ki\u00ea\u0323n s\u00f4\u0301ng<\/p>","protected":false},"featured_media":13301,"comment_status":"open","ping_status":"closed","template":"","meta":{"_acf_changed":false},"product_cat":[317,366,398,22,313],"product_tag":[],"class_list":{"0":"post-13276","1":"product","2":"type-product","3":"status-publish","4":"has-post-thumbnail","6":"product_cat-che-bien-tu-thit-trung-sua-thuy-san-cac-san-pham-tu-mat-ong-mat-khac-va-nong-san-thuc-pham-khac","7":"product_cat-hang-cnnt-cap-qg","8":"product_cat-san-pham-cnnt-tb-cap-qg-2021","9":"product_cat-sanphamthucpham","10":"product_cat-thuc-pham-che-bien","12":"first","13":"instock","14":"shipping-taxable","15":"product-type-simple"},"acf":[],"_links":{"self":[{"href":"https:\/\/b2c.fairs.vn\/en\/wp-json\/wp\/v2\/product\/13276","targetHints":{"allow":["GET"]}}],"collection":[{"href":"https:\/\/b2c.fairs.vn\/en\/wp-json\/wp\/v2\/product"}],"about":[{"href":"https:\/\/b2c.fairs.vn\/en\/wp-json\/wp\/v2\/types\/product"}],"replies":[{"embeddable":true,"href":"https:\/\/b2c.fairs.vn\/en\/wp-json\/wp\/v2\/comments?post=13276"}],"version-history":[{"count":0,"href":"https:\/\/b2c.fairs.vn\/en\/wp-json\/wp\/v2\/product\/13276\/revisions"}],"wp:featuredmedia":[{"embeddable":true,"href":"https:\/\/b2c.fairs.vn\/en\/wp-json\/wp\/v2\/media\/13301"}],"wp:attachment":[{"href":"https:\/\/b2c.fairs.vn\/en\/wp-json\/wp\/v2\/media?parent=13276"}],"wp:term":[{"taxonomy":"product_cat","embeddable":true,"href":"https:\/\/b2c.fairs.vn\/en\/wp-json\/wp\/v2\/product_cat?post=13276"},{"taxonomy":"product_tag","embeddable":true,"href":"https:\/\/b2c.fairs.vn\/en\/wp-json\/wp\/v2\/product_tag?post=13276"}],"curies":[{"name":"wp","href":"https:\/\/api.w.org\/{rel}","templated":true}]}}