{"id":13250,"date":"2024-04-01T09:23:53","date_gmt":"2024-04-01T02:23:53","guid":{"rendered":"https:\/\/b2c.fairs.vn\/?post_type=product&#038;p=13250"},"modified":"2024-04-01T09:37:45","modified_gmt":"2024-04-01T02:37:45","slug":"lap-suon-tam-hoa","status":"publish","type":"product","link":"https:\/\/b2c.fairs.vn\/en\/product\/lap-suon-tam-hoa\/","title":{"rendered":"L\u1ea1p s\u01b0\u1eddn t\u00e2m h\u00f2a"},"content":{"rendered":"<p>L\u1ea1p s\u01b0\u1eddn (l\u1ea1p x\u01b0\u1edfng) g\u00e1c b\u1ebfp \u2013 \u0111\u1eb7c s\u1ea3n v\u00e0 mang m\u1ed9t n\u00e9t \u0111\u1ed9c \u0111\u00e1o ri\u00eang c\u1ee7a \u0111\u1ed3ng b\u00e0o d\u00e2n t\u1ed9c T\u00e0y, N\u00f9ng \u1edf mi\u1ec1n \u0111\u1ea5t Cao B\u1eb1ng<\/p>\n<p>M\u00f3n \u0103n truy\u1ec1n th\u1ed1ng n\u00e0y \u0111\u01b0\u1ee3c ch\u1ebf bi\u1ebfn kh\u00e1 c\u1ea7u k\u1ef3, c\u00f3 v\u1ecb m\u1eb7n, th\u01a1m m\u00f9i ti\u00eau, tho\u00e1ng v\u1ecb chua r\u1ea5t nh\u1eb9 v\u00e0 \u0111\u01b0\u1ee3m m\u00f9i kh\u00f3i b\u1ebfp.<\/p>\n<p>Khi \u0103n c\u00f3 m\u00f9i th\u01a1m c\u1ee7a th\u1ecbt, c\u00f3 \u0111\u1ed9 dai c\u1ee7a l\u00f2ng, \u0111\u1ed9 \u0111\u1eadm c\u1ee7a gia v\u1ecb, c\u00f3 th\u1ec3 \u0103n \u0111\u01b0\u1ee3c nhi\u1ec1u m\u00e0 kh\u00f4ng ng\u00e1n.<\/p>\n<p>M\u00f3n \u0111\u1eb7c s\u1ea3n n\u00e0y c\u00f3 th\u1ec3 \u0103n k\u00e8m x\u00f4i tr\u1eafng, l\u00e0m m\u00f3n c\u01a1m rang, s\u1eed d\u1ee5ng trong b\u1eefa \u0103n \u0111\u00e3i kh\u00e1ch hay \u0111\u01a1n gi\u1ea3n l\u00e0 m\u1ed9t m\u00f3n nh\u1eadu kh\u00e1 th\u00fa v\u1ecb<\/p>\n<p>L\u00e0 m\u00f3n qu\u00e0 bi\u1ebfu r\u1ea5t \u0111\u1ed9c \u0111\u00e1o d\u00e0nh cho b\u1ea1n b\u00e8 ng\u01b0\u1eddi th\u00e2n<\/p>\n<p>\u0110\u1ecbnh l\u01b0\u1ee3ng : 1 kg<\/p>\n<p>H\u1ea1n s\u1eed d\u1ee5ng : 3 th\u00e1ng k\u1ec3 t\u1eeb ng\u00e0y s\u1ea3n xu\u1ea5t (ng\u00e0y th\u00e1ng in tr\u00ean bao b\u00ec s\u1ea3n ph\u1ea9m )<\/p>\n<p>B\u1ea3o qu\u1ea3n : \u1ede ng\u0103n \u0111\u00e1 t\u1ee7 l\u1ea1nh. D\u00f9ng kh\u00f4ng h\u1ebft l\u1ea1i b\u1ecdc k\u00edn \u0111\u1ec3 tr\u00e1nh b\u1ecb kh\u00f4, l\u1eabn m\u00f9i trong ng\u0103n \u0111\u00e1.<\/p>","protected":false},"excerpt":{"rendered":"<p>L\u1ea1p s\u01b0\u1eddn (l\u1ea1p x\u01b0\u1edfng) g\u00e1c b\u1ebfp \u2013 \u0111\u1eb7c s\u1ea3n v\u00e0 mang m\u1ed9t n\u00e9t \u0111\u1ed9c \u0111\u00e1o ri\u00eang c\u1ee7a \u0111\u1ed3ng b\u00e0o d\u00e2n t\u1ed9c T\u00e0y, N\u00f9ng \u1edf mi\u1ec1n \u0111\u1ea5t Cao B\u1eb1ng<\/p>\n<p>M\u00f3n \u0103n truy\u1ec1n th\u1ed1ng n\u00e0y \u0111\u01b0\u1ee3c ch\u1ebf bi\u1ebfn kh\u00e1 c\u1ea7u k\u1ef3, c\u00f3 v\u1ecb m\u1eb7n, th\u01a1m m\u00f9i ti\u00eau, tho\u00e1ng v\u1ecb chua r\u1ea5t nh\u1eb9 v\u00e0 \u0111\u01b0\u1ee3m m\u00f9i kh\u00f3i b\u1ebfp.<\/p>\n<p>Khi \u0103n c\u00f3 m\u00f9i th\u01a1m c\u1ee7a th\u1ecbt, c\u00f3 \u0111\u1ed9 dai c\u1ee7a l\u00f2ng, \u0111\u1ed9 \u0111\u1eadm c\u1ee7a gia v\u1ecb, c\u00f3 th\u1ec3 \u0103n \u0111\u01b0\u1ee3c nhi\u1ec1u m\u00e0 kh\u00f4ng ng\u00e1n.<\/p>\n<p>M\u00f3n \u0111\u1eb7c s\u1ea3n n\u00e0y c\u00f3 th\u1ec3 \u0103n k\u00e8m x\u00f4i tr\u1eafng, l\u00e0m m\u00f3n c\u01a1m rang, s\u1eed d\u1ee5ng trong b\u1eefa \u0103n \u0111\u00e3i kh\u00e1ch hay \u0111\u01a1n gi\u1ea3n l\u00e0 m\u1ed9t m\u00f3n nh\u1eadu kh\u00e1 th\u00fa v\u1ecb<\/p>\n<p>L\u00e0 m\u00f3n qu\u00e0 bi\u1ebfu r\u1ea5t \u0111\u1ed9c \u0111\u00e1o d\u00e0nh cho b\u1ea1n b\u00e8 ng\u01b0\u1eddi th\u00e2n<\/p>\n<p>\u0110\u1ecbnh l\u01b0\u1ee3ng : 1 kg<\/p>\n<p>H\u1ea1n s\u1eed d\u1ee5ng : 3 th\u00e1ng k\u1ec3 t\u1eeb ng\u00e0y s\u1ea3n xu\u1ea5t (ng\u00e0y th\u00e1ng in tr\u00ean bao b\u00ec s\u1ea3n ph\u1ea9m )<\/p>\n<p>B\u1ea3o qu\u1ea3n : \u1ede ng\u0103n \u0111\u00e1 t\u1ee7 l\u1ea1nh. D\u00f9ng kh\u00f4ng h\u1ebft l\u1ea1i b\u1ecdc k\u00edn \u0111\u1ec3 tr\u00e1nh b\u1ecb kh\u00f4, l\u1eabn m\u00f9i trong ng\u0103n \u0111\u00e1.<\/p>","protected":false},"featured_media":13266,"comment_status":"open","ping_status":"closed","template":"","meta":{"_acf_changed":false},"product_cat":[317,366,398,22,313],"product_tag":[],"class_list":{"0":"post-13250","1":"product","2":"type-product","3":"status-publish","4":"has-post-thumbnail","6":"product_cat-che-bien-tu-thit-trung-sua-thuy-san-cac-san-pham-tu-mat-ong-mat-khac-va-nong-san-thuc-pham-khac","7":"product_cat-hang-cnnt-cap-qg","8":"product_cat-san-pham-cnnt-tb-cap-qg-2021","9":"product_cat-sanphamthucpham","10":"product_cat-thuc-pham-che-bien","12":"first","13":"instock","14":"shipping-taxable","15":"product-type-simple"},"acf":[],"_links":{"self":[{"href":"https:\/\/b2c.fairs.vn\/en\/wp-json\/wp\/v2\/product\/13250","targetHints":{"allow":["GET"]}}],"collection":[{"href":"https:\/\/b2c.fairs.vn\/en\/wp-json\/wp\/v2\/product"}],"about":[{"href":"https:\/\/b2c.fairs.vn\/en\/wp-json\/wp\/v2\/types\/product"}],"replies":[{"embeddable":true,"href":"https:\/\/b2c.fairs.vn\/en\/wp-json\/wp\/v2\/comments?post=13250"}],"version-history":[{"count":0,"href":"https:\/\/b2c.fairs.vn\/en\/wp-json\/wp\/v2\/product\/13250\/revisions"}],"wp:featuredmedia":[{"embeddable":true,"href":"https:\/\/b2c.fairs.vn\/en\/wp-json\/wp\/v2\/media\/13266"}],"wp:attachment":[{"href":"https:\/\/b2c.fairs.vn\/en\/wp-json\/wp\/v2\/media?parent=13250"}],"wp:term":[{"taxonomy":"product_cat","embeddable":true,"href":"https:\/\/b2c.fairs.vn\/en\/wp-json\/wp\/v2\/product_cat?post=13250"},{"taxonomy":"product_tag","embeddable":true,"href":"https:\/\/b2c.fairs.vn\/en\/wp-json\/wp\/v2\/product_tag?post=13250"}],"curies":[{"name":"wp","href":"https:\/\/api.w.org\/{rel}","templated":true}]}}