{"id":13245,"date":"2024-04-01T09:23:57","date_gmt":"2024-04-01T02:23:57","guid":{"rendered":"https:\/\/b2c.fairs.vn\/?post_type=product&#038;p=13245"},"modified":"2024-04-01T09:55:42","modified_gmt":"2024-04-01T02:55:42","slug":"nuoc-mam-dong-chai-loai-cot-ca-nham","status":"publish","type":"product","link":"https:\/\/b2c.fairs.vn\/en\/product\/nuoc-mam-dong-chai-loai-cot-ca-nham\/","title":{"rendered":"N\u01b0\u1edbc m\u1eafm \u0111\u00f3ng chai lo\u1ea1i c\u1ed1t c\u00e1 Nh\u00e2m"},"content":{"rendered":"<p>N\u01b0\u1edbc M\u1eafm C\u00e1t H\u1ea3i C\u1ed1t C\u00e1 Nh\u00e2m Can 2 l\u00edt Th\u00e0nh ph\u1ea7n: C\u00e1 bi\u1ec3n (C\u00e1 Nh\u00e2m 60%) Mu\u1ed1i \u0103n (NaCl) Ch\u1ec9 ti\u00eau ch\u1ea5t l\u01b0\u1ee3ng: &#8211; Gi\u00e1 tr\u1ecb dinh d\u01b0\u1ee1ng: \u2265 425 kCal &#8211; H\u00e0m l\u01b0\u1ee3ng Nit\u01a1 t\u1ed5ng s\u1ed1 ( \u0110\u1ed9 \u0111\u1ea1m) \u2265 17g\/l\u00edt &#8211; H\u00e0m l\u01b0\u1ee3ng Axit amin: \u2265 40% so v\u1edbi h\u00e0m l\u01b0\u1ee3ng Nit\u01a1 t\u1ed5ng s\u1ed1 HDSD: S\u1ea3n ph\u1ea9m s\u1eed d\u1ee5ng tr\u1ef1c ti\u1ebfp hay th\u00eam gia v\u1ecb l\u00e0m n\u01b0\u1edbc ch\u1ea5m khi \u0103n ho\u1eb7c l\u00e0m gia v\u1ecb ch\u1ebf bi\u1ebfn m\u00f3n \u0103n kh\u00e1c B\u1ea2O QU\u1ea2N: \u1ede nhi\u1ec7t \u0111\u1ed9 th\u01b0\u1eddng, \u0111\u1ec3 n\u01a1i kh\u00f4 r\u00e1o, tho\u00e1ng m\u00e1t, s\u1ea1ch s\u1ebd, tr\u00e1nh \u00e1nh n\u1eafng tr\u1ef1c ti\u1ebfp N\u01b0\u1edbc m\u1eafm C\u00e1t H\u1ea3i \u201cNh\u00e3n Hi\u1ec7u \u0111\u1ed9c quy\u1ec1n\u201d c\u1ee7a C\u00f4ng ty c\u1ed5 ph\u1ea7n ch\u1ebf bi\u1ebfn d\u1ecbch v\u1ee5 th\u1ee7y s\u1ea3n C\u00e1t H\u1ea3i \u2013 H\u1ea3i ph\u00f2ng; \u0111\u01b0\u1ee3c ch\u1ebf bi\u1ebfn t\u1eeb c\u00e1 bi\u1ec3n v\u1edbi quy tr\u00ecnh c\u00f4ng ngh\u1ec7 c\u1ed5 truy\u1ec1n \u201c Ph\u00e2n gi\u1ea3i Protein th\u00e0nh Ax\u00edt amin b\u1eb1ng ph\u01b0\u01a1ng ph\u00e1p ch\u1ebf bi\u1ebfn l\u00ean h\u01b0\u01a1ng t\u1ef1 nhi\u00ean\u201d kh\u00f4ng d\u00f9ng b\u1ea5t c\u1ee9 m\u1ed9t lo\u1ea1i ch\u1ea5t x\u00fac t\u00e1c n\u00e0o, v\u1edbi \u0111\u1eb7c tr\u01b0ng ri\u00eang c\u00f3. Nh\u1eafc \u0111\u1ebfn n\u01b0\u1edbc m\u1eafm d\u00e2n ta c\u00f3 c\u00e2u: &#8220;D\u01b0a La, h\u00fang L\u00e1ng, nem B\u00e1ng, t\u01b0\u01a1ng B\u1ea7n, n\u01b0\u1edbc m\u1eafm V\u1ea1n V\u00e2n, c\u00e1 r\u00f4 \u0110\u1ea7m S\u00e9t.&#8221; T\u1eebng n\u1ed5i danh v\u1edbi th\u01b0\u01a1ng hi\u1ec7u V\u1ea1n V\u00e2n \u0111\u1ea7u th\u1ebf k\u1ef7 20, ngh\u1ec1 l\u00e0m n\u01b0\u1edbc m\u1eafm \u1edf C\u00e1t H\u1ea3i (huy\u1ec7n C\u00e1t H\u1ea3i, TP.H\u1ea3i Ph\u00f2ng) nay v\u1eabn \u0111\u01b0\u1ee3c l\u01b0u gi\u1eef b\u1edfi ng\u01b0\u1eddi d\u00e2n. N\u01b0\u1edbc m\u1eafm truy\u1ec1n th\u1ed1ng C\u00e1t H\u1ea3i th\u01b0\u1eddng c\u00f3 v\u1ecb m\u1eb7n h\u01a1n, m\u00f9i n\u1eb7ng h\u01a1n, n\u00ean c\u0169ng\u2026 \u201cm\u1eafm\u201d h\u01a1n nhi\u1ec1u lo\u1ea1i n\u01b0\u1edbc m\u1eafm kh\u00e1c tr\u00ean th\u1ecb tr\u01b0\u1eddng. L\u01b0u \u00fd: N\u01b0\u1edbc m\u1eafm b\u1ecb \u0111\u00f3ng c\u1eb7n hay chuy\u1ec3n m\u00e0u khi ti\u1ebfp x\u00fac v\u1edbi kh\u00f4ng kh\u00ed l\u00e0 \u0111\u00e3 h\u1ecfng? **Vi\u1ec7c n\u01b0\u1edbc m\u1eafm \u0111\u1ed5i m\u00e0u khi ti\u1ebfp x\u00fac v\u1edbi kh\u00f4ng kh\u00ed c\u0169ng l\u00e0 vi\u1ec7c b\u00ecnh th\u01b0\u1eddng do axit amin trong n\u01b0\u1edbc m\u1eafm b\u1ecb oxi h\u00f3a. \u0110\u1ed5i m\u00e0u ch\u1ee9ng t\u1ecf \u0111\u00e2y l\u00e0 n\u01b0\u1edbc m\u1eafm nguy\u00ean ch\u1ea5t, kh\u00f4ng c\u00f3 ch\u1ea5t t\u1ea1o m\u00e0u v\u00e0 ch\u1ea5t b\u1ea3o qu\u1ea3n. **V\u1edbi t\u1ec9 l\u1ec7 mu\u1ed1i cao n\u00ean khi c\u00f3 s\u1ef1 thay \u0111\u1ed5i v\u1ec1 nhi\u1ec7t \u0111\u1ed9, nh\u1ea5t l\u00e0 v\u00e0o m\u00f9a \u0111\u00f4ng hay n\u01a1i \u0111\u1ec3 n\u01b0\u1edbc m\u1eafm c\u00f3 nhi\u1ec7t \u0111\u1ed9 th\u1ea5p ho\u1eb7c \u0111\u1ec3 chai 1 ch\u1ed7 l\u00e2u ng\u00e0y s\u1ebd b\u1ecb l\u1eafng c\u1eb7n mu\u1ed1i. Ch\u1ec9 c\u1ea7n l\u1eafc nh\u1eb9 l\u00e0 s\u1ed1 mu\u1ed1i n\u00e0y s\u1ebd b\u1ecb h\u00f2a tan.<\/p>","protected":false},"excerpt":{"rendered":"<p>N\u01b0\u1edbc M\u1eafm C\u00e1t H\u1ea3i C\u1ed1t C\u00e1 Nh\u00e2m Can 2 l\u00edt Th\u00e0nh ph\u1ea7n: C\u00e1 bi\u1ec3n (C\u00e1 Nh\u00e2m 60%) Mu\u1ed1i \u0103n (NaCl)<\/p>","protected":false},"featured_media":13247,"comment_status":"open","ping_status":"closed","template":"","meta":{"_acf_changed":false},"product_cat":[318,366,447,22,319],"product_tag":[],"class_list":{"0":"post-13245","1":"product","2":"type-product","3":"status-publish","4":"has-post-thumbnail","6":"product_cat-gia-vi","7":"product_cat-hang-cnnt-cap-qg","8":"product_cat-san-pham-cnnt-tb-cap-qg-2017","9":"product_cat-sanphamthucpham","10":"product_cat-tuong-nuoc-mam-gia-vi-dang-long-khac","12":"first","13":"instock","14":"shipping-taxable","15":"product-type-variable"},"acf":[],"_links":{"self":[{"href":"https:\/\/b2c.fairs.vn\/en\/wp-json\/wp\/v2\/product\/13245","targetHints":{"allow":["GET"]}}],"collection":[{"href":"https:\/\/b2c.fairs.vn\/en\/wp-json\/wp\/v2\/product"}],"about":[{"href":"https:\/\/b2c.fairs.vn\/en\/wp-json\/wp\/v2\/types\/product"}],"replies":[{"embeddable":true,"href":"https:\/\/b2c.fairs.vn\/en\/wp-json\/wp\/v2\/comments?post=13245"}],"version-history":[{"count":0,"href":"https:\/\/b2c.fairs.vn\/en\/wp-json\/wp\/v2\/product\/13245\/revisions"}],"wp:featuredmedia":[{"embeddable":true,"href":"https:\/\/b2c.fairs.vn\/en\/wp-json\/wp\/v2\/media\/13247"}],"wp:attachment":[{"href":"https:\/\/b2c.fairs.vn\/en\/wp-json\/wp\/v2\/media?parent=13245"}],"wp:term":[{"taxonomy":"product_cat","embeddable":true,"href":"https:\/\/b2c.fairs.vn\/en\/wp-json\/wp\/v2\/product_cat?post=13245"},{"taxonomy":"product_tag","embeddable":true,"href":"https:\/\/b2c.fairs.vn\/en\/wp-json\/wp\/v2\/product_tag?post=13245"}],"curies":[{"name":"wp","href":"https:\/\/api.w.org\/{rel}","templated":true}]}}