{"id":13230,"date":"2024-04-01T09:13:24","date_gmt":"2024-04-01T02:13:24","guid":{"rendered":"https:\/\/b2c.fairs.vn\/?post_type=product&#038;p=13230"},"modified":"2024-04-19T15:24:41","modified_gmt":"2024-04-19T08:24:41","slug":"chieu-truc","status":"publish","type":"product","link":"https:\/\/b2c.fairs.vn\/en\/product\/chieu-truc\/","title":{"rendered":"Chi\u1ebfu tr\u00fac"},"content":{"rendered":"<p>Chi\u1ebfu tr\u00fac t\u0103m Nguy\u00ean B\u00ecnh \u0111\u01b0\u1ee3c s\u1ea3n xu\u1ea5t t\u1ea1i nh\u00e0 m\u00e1y chi\u1ebfu tr\u00fac thu\u1ed9c huy\u1ec7n Nguy\u00ean B\u00ecnh, t\u1ec9nh Cao B\u1eb1ng, do c\u00f4ng ty TNHH m\u1ed9t th\u00e0nh vi\u00ean 668 s\u1ea3n xu\u1ea5t.<\/p>\n<p>Chi\u1ebfu \u0111\u01b0\u1ee3c s\u1ea3n xu\u1ea5t tr\u00ean d\u00e2y chuy\u1ec1n c\u00f4ng ngh\u1ec7 cao, nguy\u00ean li\u1ec7u ch\u1ee7 y\u1ebfu \u0111\u01b0\u1ee3c l\u1ea5y t\u1eeb nh\u1eefng r\u1eebng tre gi\u00e0 nh\u1ea5t c\u1ee7a v\u00f9ng n\u00fai Cao B\u1eb1ng, kh\u00f4ng s\u1eed d\u1ee5ng h\u00f3a ch\u1ea5t trong qu\u00e1 tr\u00ecnh s\u1ea3n xu\u1ea5t chi\u1ebfu, nan chi\u1ebfu tre t\u1ef1 nhi\u00ean 100% kh\u00f4ng \u0111\u1ed9c h\u1ea1i, \u0111\u1ea3m b\u1ea3o s\u1ee9c kh\u1ecfe.<\/p>","protected":false},"excerpt":{"rendered":"<p>Chi\u1ebfu tr\u00fac t\u0103m Nguy\u00ean B\u00ecnh \u0111\u01b0\u1ee3c s\u1ea3n xu\u1ea5t t\u1ea1i nh\u00e0 m\u00e1y chi\u1ebfu tr\u00fac thu\u1ed9c huy\u1ec7n Nguy\u00ean B\u00ecnh, t\u1ec9nh Cao B\u1eb1ng, do c\u00f4ng ty TNHH m\u1ed9t th\u00e0nh vi\u00ean 668 s\u1ea3n xu\u1ea5t.<\/p>\n<p>Chi\u1ebfu \u0111\u01b0\u1ee3c s\u1ea3n xu\u1ea5t tr\u00ean d\u00e2y chuy\u1ec1n c\u00f4ng ngh\u1ec7 cao, nguy\u00ean li\u1ec7u ch\u1ee7 y\u1ebfu \u0111\u01b0\u1ee3c l\u1ea5y t\u1eeb nh\u1eefng r\u1eebng tre gi\u00e0 nh\u1ea5t c\u1ee7a v\u00f9ng n\u00fai Cao B\u1eb1ng, kh\u00f4ng s\u1eed d\u1ee5ng h\u00f3a ch\u1ea5t trong qu\u00e1 tr\u00ecnh s\u1ea3n xu\u1ea5t chi\u1ebfu, nan chi\u1ebfu tre t\u1ef1 nhi\u00ean 100% kh\u00f4ng \u0111\u1ed9c h\u1ea1i, \u0111\u1ea3m b\u1ea3o s\u1ee9c kh\u1ecfe.<\/p>","protected":false},"featured_media":13194,"comment_status":"open","ping_status":"closed","template":"","meta":{"_acf_changed":false},"product_cat":[520,400,366,398],"product_tag":[],"class_list":{"0":"post-13230","1":"product","2":"type-product","3":"status-publish","4":"has-post-thumbnail","6":"product_cat-nha-cua-doi-song","7":"product_cat-noi-that","8":"product_cat-hang-cnnt-cap-qg","9":"product_cat-san-pham-cnnt-tb-cap-qg-2021","11":"first","12":"instock","13":"shipping-taxable","14":"product-type-simple"},"acf":[],"_links":{"self":[{"href":"https:\/\/b2c.fairs.vn\/en\/wp-json\/wp\/v2\/product\/13230","targetHints":{"allow":["GET"]}}],"collection":[{"href":"https:\/\/b2c.fairs.vn\/en\/wp-json\/wp\/v2\/product"}],"about":[{"href":"https:\/\/b2c.fairs.vn\/en\/wp-json\/wp\/v2\/types\/product"}],"replies":[{"embeddable":true,"href":"https:\/\/b2c.fairs.vn\/en\/wp-json\/wp\/v2\/comments?post=13230"}],"version-history":[{"count":0,"href":"https:\/\/b2c.fairs.vn\/en\/wp-json\/wp\/v2\/product\/13230\/revisions"}],"wp:featuredmedia":[{"embeddable":true,"href":"https:\/\/b2c.fairs.vn\/en\/wp-json\/wp\/v2\/media\/13194"}],"wp:attachment":[{"href":"https:\/\/b2c.fairs.vn\/en\/wp-json\/wp\/v2\/media?parent=13230"}],"wp:term":[{"taxonomy":"product_cat","embeddable":true,"href":"https:\/\/b2c.fairs.vn\/en\/wp-json\/wp\/v2\/product_cat?post=13230"},{"taxonomy":"product_tag","embeddable":true,"href":"https:\/\/b2c.fairs.vn\/en\/wp-json\/wp\/v2\/product_tag?post=13230"}],"curies":[{"name":"wp","href":"https:\/\/api.w.org\/{rel}","templated":true}]}}