{"id":13204,"date":"2024-03-29T17:34:03","date_gmt":"2024-03-29T10:34:03","guid":{"rendered":"https:\/\/b2c.fairs.vn\/?post_type=product&#038;p=13204"},"modified":"2024-04-19T13:53:06","modified_gmt":"2024-04-19T06:53:06","slug":"khoai-lang-nhat-say-gion","status":"publish","type":"product","link":"https:\/\/b2c.fairs.vn\/en\/product\/khoai-lang-nhat-say-gion\/","title":{"rendered":"Khoai lang nh\u1eadt s\u1ea5y gi\u00f2n"},"content":{"rendered":"<table class=\"woocommerce-product-attributes shop_attributes\">\n<tbody>\n<tr class=\"woocommerce-product-attributes-item woocommerce-product-attributes-item--attribute_pa_giong\">\n<th class=\"woocommerce-product-attributes-item__label\">Gi\u1ed1ng<\/th>\n<td class=\"woocommerce-product-attributes-item__value\">Beniazuma<\/td>\n<\/tr>\n<tr class=\"woocommerce-product-attributes-item woocommerce-product-attributes-item--attribute_pa_dong-goi\">\n<th class=\"woocommerce-product-attributes-item__label\">\u0110\u00f3ng g\u00f3i<\/th>\n<td class=\"woocommerce-product-attributes-item__value\">200g\/tu\u0301i ho\u1eb7c 120g\/tu\u0301i<\/td>\n<\/tr>\n<\/tbody>\n<\/table>\n<p>Mua h\u00e0ng li\u00ean h\u1ec7 Hotline (+84)2633.665.979<\/p>","protected":false},"excerpt":{"rendered":"<p>Gi\u1ed1ng Beniazuma \u0110\u00f3ng g\u00f3i 200g\/tu\u0301i ho\u1eb7c 120g\/tu\u0301i Mua h\u00e0ng li\u00ean h\u1ec7 Hotline (+84)2633.665.979<\/p>","protected":false},"featured_media":13205,"comment_status":"open","ping_status":"closed","template":"","meta":{"_acf_changed":false},"product_cat":[316,366,367,22,313],"product_tag":[],"class_list":{"0":"post-13204","1":"product","2":"type-product","3":"status-publish","4":"has-post-thumbnail","6":"product_cat-che-bien-tu-rau-cu-qua-hat","7":"product_cat-hang-cnnt-cap-qg","8":"product_cat-hang-cnnt-cap-qg-2023","9":"product_cat-sanphamthucpham","10":"product_cat-thuc-pham-che-bien","12":"first","13":"instock","14":"shipping-taxable","15":"product-type-simple"},"acf":[],"_links":{"self":[{"href":"https:\/\/b2c.fairs.vn\/en\/wp-json\/wp\/v2\/product\/13204","targetHints":{"allow":["GET"]}}],"collection":[{"href":"https:\/\/b2c.fairs.vn\/en\/wp-json\/wp\/v2\/product"}],"about":[{"href":"https:\/\/b2c.fairs.vn\/en\/wp-json\/wp\/v2\/types\/product"}],"replies":[{"embeddable":true,"href":"https:\/\/b2c.fairs.vn\/en\/wp-json\/wp\/v2\/comments?post=13204"}],"version-history":[{"count":0,"href":"https:\/\/b2c.fairs.vn\/en\/wp-json\/wp\/v2\/product\/13204\/revisions"}],"wp:featuredmedia":[{"embeddable":true,"href":"https:\/\/b2c.fairs.vn\/en\/wp-json\/wp\/v2\/media\/13205"}],"wp:attachment":[{"href":"https:\/\/b2c.fairs.vn\/en\/wp-json\/wp\/v2\/media?parent=13204"}],"wp:term":[{"taxonomy":"product_cat","embeddable":true,"href":"https:\/\/b2c.fairs.vn\/en\/wp-json\/wp\/v2\/product_cat?post=13204"},{"taxonomy":"product_tag","embeddable":true,"href":"https:\/\/b2c.fairs.vn\/en\/wp-json\/wp\/v2\/product_tag?post=13204"}],"curies":[{"name":"wp","href":"https:\/\/api.w.org\/{rel}","templated":true}]}}