{"id":13184,"date":"2024-03-29T17:13:15","date_gmt":"2024-03-29T10:13:15","guid":{"rendered":"https:\/\/b2c.fairs.vn\/?post_type=product&#038;p=13184"},"modified":"2024-03-29T17:13:16","modified_gmt":"2024-03-29T10:13:16","slug":"ca-phe-nguyen-chat-cong-1kg","status":"publish","type":"product","link":"https:\/\/b2c.fairs.vn\/en\/product\/ca-phe-nguyen-chat-cong-1kg\/","title":{"rendered":"C\u00e0 ph\u00ea nguy\u00ean ch\u1ea5t C\u00f4ng 1kg"},"content":{"rendered":"<div class=\"xdj266r x11i5rnm xat24cr x1mh8g0r x1vvkbs x126k92a\">\n<div dir=\"auto\">CAFE RANG X\u00c2Y &#8211; NG\u1ea4T NG\u00c2Y H\u01af\u01a0NG V\u1eca M\u1ed8C<\/div>\n<div dir=\"auto\">B\u1ea1n l\u00e0 t\u00edn \u0111\u1ed3 u\u1ed1ng C\u00e0 ph\u00ea \u0111\u00e3 th\u1eed qua nhi\u1ec1u d\u00f2ng C\u00e0 ph\u00ea. Nh\u01b0ng ch\u01b0a th\u1eadt s\u1ef1 \u0111\u00fang GU, h\u00e3y \u0111\u1ebfn v\u1edbi ch\u00fang t\u00f4i v\u00e0 c\u1ea3m nh\u1eadn v\u1ecb r\u1ea5t \u0111\u1eb7c bi\u1ec7t c\u1ee7a \ud835\udc02\ud835\udc1a\u0300 \ud835\udc0f\ud835\udc21\ud835\udc1e\u0302 \ud835\udc02\ud835\udc28\u0302\ud835\udc27\ud835\udc20 nh\u00e9.<\/div>\n<\/div>\n<div class=\"x11i5rnm xat24cr x1mh8g0r x1vvkbs xtlvy1s x126k92a\">\n<div dir=\"auto\">\ud835\udc02\ud835\udc00\u0300 \ud835\udc0f\ud835\udc07\ud835\udc04\u0302 \ud835\udc02\ud835\udc0e\u0302\ud835\udc0d\ud835\udc06 &#8211; Nh\u00e3n hi\u1ec7u \u0111\u00e3 \u0111\u01b0\u1ee3c C\u1ee4C S\u1ede H\u1eeeU TR\u00cd TU\u1ec6 VI\u1ec6T NAM c\u1ea5p B\u1eb1ng b\u1ea3o h\u1ed9 .<\/div>\n<\/div>\n<div class=\"x11i5rnm xat24cr x1mh8g0r x1vvkbs xtlvy1s x126k92a\">\n<div dir=\"auto\">CHUY\u00caN CUNG C\u1ea4P C\u00c0 PH\u00ca S\u1ea0CH &amp; C\u00c0 PH\u00ca CH\u1ea4T L\u01af\u1ee2NG CAO<\/div>\n<div dir=\"auto\">GI\u00c1 S\u1ec8 &amp; \u01afU \u0110\u00c3I CHO KH\u00c1CH H\u00c0NG S\u1ec8.<\/div>\n<div dir=\"auto\">C\u00f4ng th\u1ee9c t\u00f9y ch\u1ec9nh theo y\u00eau c\u1ea7u c\u1ee7a kh\u00e1ch h\u00e0ng.<\/div>\n<div dir=\"auto\">C\u00e0 Ph\u00ea ho\u00e0n to\u00e0n nguy\u00ean ch\u1ea5t , kh\u00f4ng t\u1ea9m ho\u00e1 ch\u1ea5t \u0111\u1ed9c h\u1ea1i , kh\u00f4ng pha tr\u1ed9n t\u1ea1p ch\u1ea5t.<\/div>\n<div dir=\"auto\">Quy tr\u00ecnh, m\u00e1y m\u00f3c, c\u00f4ng ngh\u1ec7 n\u01b0\u1edbc ngo\u00e0i hi\u1ec7n \u0111\u1ea1i.<\/div>\n<div dir=\"auto\">Bao b\u00ec hi\u1ec7n \u0111\u1ea1i sang tr\u1ecdng, an to\u00e0n th\u00edch h\u1ee3p l\u00e0m qu\u00e0 t\u1eb7ng<\/div>\n<\/div>","protected":false},"excerpt":{"rendered":"<p>CAFE RANG X\u00c2Y &#8211; NG\u1ea4T NG\u00c2Y H\u01af\u01a0NG V\u1eca M\u1ed8C B\u1ea1n l\u00e0 t\u00edn \u0111\u1ed3 u\u1ed1ng C\u00e0 ph\u00ea \u0111\u00e3 th\u1eed qua nhi\u1ec1u<\/p>","protected":false},"featured_media":13190,"comment_status":"open","ping_status":"closed","template":"","meta":{"_acf_changed":false},"product_cat":[324,366,446,22],"product_tag":[],"class_list":{"0":"post-13184","1":"product","2":"type-product","3":"status-publish","4":"has-post-thumbnail","6":"product_cat-ca-phe-ca-cao","7":"product_cat-hang-cnnt-cap-qg","8":"product_cat-san-pham-cnnt-tb-cap-qg-2019","9":"product_cat-sanphamthucpham","11":"first","12":"instock","13":"shipping-taxable","14":"purchasable","15":"product-type-simple"},"acf":[],"_links":{"self":[{"href":"https:\/\/b2c.fairs.vn\/en\/wp-json\/wp\/v2\/product\/13184","targetHints":{"allow":["GET"]}}],"collection":[{"href":"https:\/\/b2c.fairs.vn\/en\/wp-json\/wp\/v2\/product"}],"about":[{"href":"https:\/\/b2c.fairs.vn\/en\/wp-json\/wp\/v2\/types\/product"}],"replies":[{"embeddable":true,"href":"https:\/\/b2c.fairs.vn\/en\/wp-json\/wp\/v2\/comments?post=13184"}],"version-history":[{"count":0,"href":"https:\/\/b2c.fairs.vn\/en\/wp-json\/wp\/v2\/product\/13184\/revisions"}],"wp:featuredmedia":[{"embeddable":true,"href":"https:\/\/b2c.fairs.vn\/en\/wp-json\/wp\/v2\/media\/13190"}],"wp:attachment":[{"href":"https:\/\/b2c.fairs.vn\/en\/wp-json\/wp\/v2\/media?parent=13184"}],"wp:term":[{"taxonomy":"product_cat","embeddable":true,"href":"https:\/\/b2c.fairs.vn\/en\/wp-json\/wp\/v2\/product_cat?post=13184"},{"taxonomy":"product_tag","embeddable":true,"href":"https:\/\/b2c.fairs.vn\/en\/wp-json\/wp\/v2\/product_tag?post=13184"}],"curies":[{"name":"wp","href":"https:\/\/api.w.org\/{rel}","templated":true}]}}