{"id":13183,"date":"2024-03-29T17:15:14","date_gmt":"2024-03-29T10:15:14","guid":{"rendered":"https:\/\/b2c.fairs.vn\/?post_type=product&#038;p=13183"},"modified":"2024-04-25T10:01:18","modified_gmt":"2024-04-25T03:01:18","slug":"dua-buong-cao-cap-thai-nguyen","status":"publish","type":"product","link":"https:\/\/b2c.fairs.vn\/en\/product\/dua-buong-cao-cap-thai-nguyen\/","title":{"rendered":"\u0110\u0169a Bu\u00f4ng Cao C\u1ea5p Th\u00e1i Nguy\u00ean"},"content":{"rendered":"<div class=\"xdj266r x11i5rnm xat24cr x1mh8g0r x1vvkbs x126k92a\">\n<div dir=\"auto\">\n<div class=\"xdj266r x11i5rnm xat24cr x1mh8g0r x1vvkbs x126k92a\">\n<div dir=\"auto\"><span class=\"x3nfvp2 x1j61x8r x1fcty0u xdj266r xhhsvwb xat24cr xgzva0m xxymvpz xlup9mm x1kky2od\"><img decoding=\"async\" class=\"xz74otr\" src=\"https:\/\/static.xx.fbcdn.net\/images\/emoji.php\/v9\/ta6\/1.5\/16\/1f962.png\" alt=\"\ud83e\udd62\" width=\"16\" height=\"16\" \/><\/span> \u0110\u0169a \u0111\u00e3 \u0111\u01b0\u1ee3c s\u1eed d\u1ee5ng \u1edf Vi\u1ec7t Nam t\u1eeb nhi\u1ec1u th\u1ebf k\u1ef7 tr\u01b0\u1edbc v\u00e0 \u0111\u00e3 \u0103n s\u00e2u v\u00e0o v\u0103n h\u00f3a. Ch\u00fang \u0111\u01b0\u1ee3c coi l\u00e0 d\u1ee5ng c\u1ee5 \u0103n u\u1ed1ng ti\u00eau chu\u1ea9n cho h\u1ea7u h\u1ebft c\u00e1c b\u1eefa \u0103n. Ch\u00fang \u0111\u1ea1i di\u1ec7n cho nh\u1eefng gi\u00e1 tr\u1ecb c\u00e2n b\u1eb1ng, h\u00e0i h\u00f2a v\u00e0 ch\u00ednh x\u00e1c \u0111\u01b0\u1ee3c \u0111\u00e1nh gi\u00e1 cao trong x\u00e3 h\u1ed9i Vi\u1ec7t Nam.<\/div>\n<\/div>\n<div class=\"x11i5rnm xat24cr x1mh8g0r x1vvkbs xtlvy1s x126k92a\">\n<div dir=\"auto\">\u0110\u0169a v\u00e0 nh\u1eefng d\u1ee5ng c\u1ee5 kh\u00e1c trong nh\u00e0 b\u1ebfp kh\u00f4ng ch\u1ec9 \u0111\u1ec3 s\u1eed d\u1ee5ng th\u00f4ng th\u01b0\u1eddng, ch\u00fang c\u00f2n \u0111\u01b0\u1ee3c xem nh\u01b0 ph\u1ea3n \u00e1nh l\u00ean h\u00ecnh \u1ea3nh c\u1ee7a ng\u01b0\u1eddi ph\u1ee5 n\u1eef c\u0169ng nh\u01b0 gi\u1eef \u0111\u01b0\u1ee3c c\u00e1i l\u1eeda c\u1ee7a gia \u0111\u00ecnh. \u0110\u1ed3 d\u00f9ng b\u1ebfp c\u00e0ng t\u1ed1t, s\u1ea1ch s\u1ebd v\u00e0 ch\u1ea5t l\u01b0\u1ee3ng th\u00ec gia \u0111\u00ecnh c\u00e0ng no \u0111\u1ee7, \u0111\u1ea7m \u1ea5m.<\/div>\n<\/div>\n<div class=\"x11i5rnm xat24cr x1mh8g0r x1vvkbs xtlvy1s x126k92a\">\n<div dir=\"auto\">Nh\u00e2n nh\u1eefng th\u00e1ng cu\u1ed1i n\u0103m, Ch\u1ecb em n\u1ed9i tr\u1ee3 ch\u00fang ta h\u00e3y s\u1eafm s\u1eeda m\u1ed9t ch\u00fat nh\u1eefng s\u1ea3n ph\u1ea9m ch\u1ea5t l\u01b0\u1ee3ng t\u1eeb Th\u00e1i Nguy\u00ean \u0111\u1ec3 ch\u0103m ch\u00fat cho c\u0103n b\u1ebfp c\u1ee7a ch\u00fang ta nh\u00e9 <span class=\"x3nfvp2 x1j61x8r x1fcty0u xdj266r xhhsvwb xat24cr xgzva0m xxymvpz xlup9mm x1kky2od\"><img decoding=\"async\" class=\"xz74otr\" src=\"https:\/\/static.xx.fbcdn.net\/images\/emoji.php\/v9\/t43\/1.5\/16\/1f970.png\" alt=\"\ud83e\udd70\" width=\"16\" height=\"16\" \/><\/span><\/div>\n<\/div>\n<\/div>\n<div dir=\"auto\"><\/div>\n<div dir=\"auto\">T\u1ea1i sao n\u00ean ch\u1ecdn \u0111\u0169a g\u1ed7 thay cho c\u00e1c nguy\u00ean li\u1ec7u kh\u00e1c?<\/div>\n<\/div>\n<div class=\"x11i5rnm xat24cr x1mh8g0r x1vvkbs xtlvy1s x126k92a\">\n<div dir=\"auto\"><span class=\"x3nfvp2 x1j61x8r x1fcty0u xdj266r xhhsvwb xat24cr xgzva0m xxymvpz xlup9mm x1kky2od\"><img decoding=\"async\" class=\"xz74otr\" src=\"https:\/\/static.xx.fbcdn.net\/images\/emoji.php\/v9\/t93\/1.5\/16\/31_20e3.png\" alt=\"1\ufe0f\u20e3\" width=\"16\" height=\"16\" \/><\/span> An to\u00e0n s\u1ee9c kh\u1ecfe: \u0110\u0169a g\u1ed7 l\u00e0 v\u1eadt li\u1ec7u t\u1ef1 nhi\u00ean, kh\u00f4ng ch\u1ee9a c\u00e1c ch\u1ea5t \u0111\u1ed9c h\u1ea1i nh\u01b0 nh\u1ef1a, kim lo\u1ea1i hay h\u00f3a ch\u1ea5t, do \u0111\u00f3 \u0111\u0169a g\u1ed7 an to\u00e0n h\u01a1n \u0111\u1ec3 s\u1eed d\u1ee5ng cho s\u1ee9c kh\u1ecfe c\u1ee7a con ng\u01b0\u1eddi.<\/div>\n<div dir=\"auto\"><span class=\"x3nfvp2 x1j61x8r x1fcty0u xdj266r xhhsvwb xat24cr xgzva0m xxymvpz xlup9mm x1kky2od\"><img loading=\"lazy\" decoding=\"async\" class=\"xz74otr\" src=\"https:\/\/static.xx.fbcdn.net\/images\/emoji.php\/v9\/tb2\/1.5\/16\/32_20e3.png\" alt=\"2\ufe0f\u20e3\" width=\"16\" height=\"16\" \/><\/span> T\u00ednh th\u00e2n thi\u1ec7n v\u1edbi m\u00f4i tr\u01b0\u1eddng: \u0110\u0169a g\u1ed7 c\u00f3 th\u1ec3 t\u00e1i s\u1eed d\u1ee5ng v\u00e0 d\u1ec5 d\u00e0ng ph\u00e2n h\u1ee7y trong t\u1ef1 nhi\u00ean, l\u00e0m gi\u1ea3m thi\u1ec3u l\u01b0\u1ee3ng r\u00e1c th\u1ea3i v\u00e0 \u00f4 nhi\u1ec5m m\u00f4i tr\u01b0\u1eddng.<\/div>\n<div dir=\"auto\"><span class=\"x3nfvp2 x1j61x8r x1fcty0u xdj266r xhhsvwb xat24cr xgzva0m xxymvpz xlup9mm x1kky2od\"><img loading=\"lazy\" decoding=\"async\" class=\"xz74otr\" src=\"https:\/\/static.xx.fbcdn.net\/images\/emoji.php\/v9\/td1\/1.5\/16\/33_20e3.png\" alt=\"3\ufe0f\u20e3\" width=\"16\" height=\"16\" \/><\/span> T\u00ednh th\u1ea9m m\u1ef9: \u0110\u0169a g\u1ed7 th\u01b0\u1eddng c\u00f3 m\u00e0u s\u1eafc v\u00e0 h\u1ecda ti\u1ebft t\u1ef1 nhi\u00ean, t\u1ea1o ra v\u1ebb \u0111\u1eb9p t\u1ef1 nhi\u00ean, trang nh\u00e3 v\u00e0 sang tr\u1ecdng, \u0111\u1ed3ng th\u1eddi c\u0169ng c\u00f3 th\u1ec3 \u0111\u01b0\u1ee3c ch\u1ebf t\u00e1c v\u00e0 t\u1ea1o h\u00ecnh linh ho\u1ea1t \u0111\u1ec3 t\u1ea1o ra nhi\u1ec1u m\u1eabu m\u00e3 \u0111a d\u1ea1ng.<\/div>\n<\/div>\n<div class=\"x11i5rnm xat24cr x1mh8g0r x1vvkbs xtlvy1s x126k92a\">\n<div dir=\"auto\">Th\u00e1i Nguy\u00ean lu\u00f4n \u0111\u1ea3m b\u1ea3o cung c\u1ea5p d\u00f2ng \u0111\u0169a v\u1edbi ch\u1ea5t l\u01b0\u1ee3ng cao, \u0111\u1ed9 b\u1ec1n t\u1ed1t, gi\u00e1 c\u1ea3 h\u1ee3p l\u00fd v\u00e0 c\u00f2n nhi\u1ec1u \u01b0u \u0111\u00e3i kh\u00e1c. H\u00e3y l\u00e0 ng\u01b0\u1eddi d\u00f9ng th\u00f4ng minh \u0111\u1ec3 \u0111\u01b0a ra nh\u1eefng l\u1ef1a ch\u1ecdn \u0111\u00fang \u0111\u1eafn nh\u00e9 <span class=\"x3nfvp2 x1j61x8r x1fcty0u xdj266r xhhsvwb xat24cr xgzva0m xxymvpz xlup9mm x1kky2od\"><img decoding=\"async\" class=\"xz74otr\" src=\"https:\/\/static.xx.fbcdn.net\/images\/emoji.php\/v9\/t43\/1.5\/16\/1f970.png\" alt=\"\ud83e\udd70\" width=\"16\" height=\"16\" \/><\/span><\/div>\n<\/div>","protected":false},"excerpt":{"rendered":"<p>\u0110\u0169a \u0111\u00e3 \u0111\u01b0\u1ee3c s\u1eed d\u1ee5ng \u1edf Vi\u1ec7t Nam t\u1eeb nhi\u1ec1u th\u1ebf k\u1ef7 tr\u01b0\u1edbc v\u00e0 \u0111\u00e3 \u0103n s\u00e2u v\u00e0o v\u0103n h\u00f3a.<\/p>","protected":false},"featured_media":13195,"comment_status":"open","ping_status":"closed","template":"","meta":{"_acf_changed":false},"product_cat":[520,400,366,446,398],"product_tag":[],"class_list":{"0":"post-13183","1":"product","2":"type-product","3":"status-publish","4":"has-post-thumbnail","6":"product_cat-nha-cua-doi-song","7":"product_cat-noi-that","8":"product_cat-hang-cnnt-cap-qg","9":"product_cat-san-pham-cnnt-tb-cap-qg-2019","10":"product_cat-san-pham-cnnt-tb-cap-qg-2021","12":"first","13":"instock","14":"shipping-taxable","15":"product-type-simple"},"acf":[],"_links":{"self":[{"href":"https:\/\/b2c.fairs.vn\/en\/wp-json\/wp\/v2\/product\/13183","targetHints":{"allow":["GET"]}}],"collection":[{"href":"https:\/\/b2c.fairs.vn\/en\/wp-json\/wp\/v2\/product"}],"about":[{"href":"https:\/\/b2c.fairs.vn\/en\/wp-json\/wp\/v2\/types\/product"}],"replies":[{"embeddable":true,"href":"https:\/\/b2c.fairs.vn\/en\/wp-json\/wp\/v2\/comments?post=13183"}],"version-history":[{"count":0,"href":"https:\/\/b2c.fairs.vn\/en\/wp-json\/wp\/v2\/product\/13183\/revisions"}],"wp:featuredmedia":[{"embeddable":true,"href":"https:\/\/b2c.fairs.vn\/en\/wp-json\/wp\/v2\/media\/13195"}],"wp:attachment":[{"href":"https:\/\/b2c.fairs.vn\/en\/wp-json\/wp\/v2\/media?parent=13183"}],"wp:term":[{"taxonomy":"product_cat","embeddable":true,"href":"https:\/\/b2c.fairs.vn\/en\/wp-json\/wp\/v2\/product_cat?post=13183"},{"taxonomy":"product_tag","embeddable":true,"href":"https:\/\/b2c.fairs.vn\/en\/wp-json\/wp\/v2\/product_tag?post=13183"}],"curies":[{"name":"wp","href":"https:\/\/api.w.org\/{rel}","templated":true}]}}