{"id":13157,"date":"2024-03-29T17:08:10","date_gmt":"2024-03-29T10:08:10","guid":{"rendered":"https:\/\/b2c.fairs.vn\/?post_type=product&#038;p=13157"},"modified":"2024-03-29T17:08:11","modified_gmt":"2024-03-29T10:08:11","slug":"nhan-mac-ca-rang-hong-ngoai-lon-250g","status":"publish","type":"product","link":"https:\/\/b2c.fairs.vn\/en\/product\/nhan-mac-ca-rang-hong-ngoai-lon-250g\/","title":{"rendered":"Nh\u00e2n m\u1eafc ca rang h\u1ed3ng ngo\u1ea1i lon 250g"},"content":{"rendered":"<p>C\u00f3 khi n\u00e0o b\u1ea1n b\u1ecf nhi\u1ec1u ti\u1ec1n ra \u0111\u1ec3 mua nh\u1eefng h\u1ea1t M\u1eafc ca \u0111\u1eaft gi\u00e1 n\u1ed5i ti\u1ebfng v\u1ec1 h\u01b0\u01a1ng v\u1ecb v\u00e0 h\u00e0m l\u01b0\u1ee3ng dinh d\u01b0\u1ee1ng. Nh\u01b0ng c\u00e1i b\u1ea1n nh\u1eadn v\u1ec1 ch\u1ec9 l\u00e0 nh\u1eefng h\u1ea1t M\u1eafc ca nh\u1ea1t nh\u1ebdo v\u00e0 h\u00f4i d\u1ea7u. B\u1edfi h\u1ea1t M\u1eafc ca mu\u1ed1n gi\u1eef nguy\u00ean h\u01b0\u01a1ng v\u1ecb v\u00e0 dinh d\u01b0\u1ee1ng ph\u1ea3i \u0111\u01b0\u1ee3c ch\u1ebf bi\u1ebfn theo 1 quy tr\u00ecnh kh\u1eaft khe nh\u1ea5t. Ch\u00fang t\u00f4i t\u1ef1 h\u00e0o l\u00e0 \u0111\u01a1n v\u1ecb c\u00f3 th\u1ec3 mang nguy\u00ean v\u1eb9n h\u01b0\u01a1ng v\u1ecb v\u00e0 gi\u00e1 tr\u1ecb c\u1ee7a h\u1ea1t M\u1eafc ca \u0111\u1ebfn qu\u00fd kh\u00e1ch h\u00e0ng. S\u1ea3n ph\u1ea9m t\u1ef1 h\u00e0o khi s\u1eed d\u1ee5ng 100% nguy\u00ean li\u1ec7u l\u00e0 nh\u1eefng h\u1ea1t M\u1eafc ca t\u01b0\u01a1i nh\u1ea5t \u0111\u01b0\u1ee3c tr\u1ed3ng t\u1ea1i Vi\u1ec7t Nam v\u00e0 ch\u1ebf bi\u1ebfn theo 1 quy tr\u00ecnh hi\u1ec7n \u0111\u1ea1i, t\u1ef7 m\u1ec9 \u0111\u1ebfn t\u1eebng h\u1ea1t. \u0110\u1ec3 \u0111\u1ea3m b\u1ea3o gi\u00e1m s\u00e1t ho\u00e0n to\u00e0n v\u1ec1 ch\u1ea5t l\u01b0\u1ee3ng, ch\u00fang t\u00f4i cam k\u1ebft ch\u1ec9 s\u1eed d\u1ee5ng nh\u1eefng h\u1ea1t M\u1eafc ca t\u1ea1i nh\u1eefng v\u00f9ng nguy\u00ean li\u1ec7u \u0111\u00e3 \u0111\u0103ng k\u00fd, \u0111\u01b0\u1ee3c h\u1ed7 tr\u1ee3 k\u1ef9 thu\u1eadt v\u00e0 ki\u1ec3m tra th\u01b0\u1eddng xuy\u00ean b\u1edfi c\u00f4ng ty t\u1eeb kh\u00e2u ch\u0103m s\u00f3c \u0111\u1ebfn thu h\u00e1i. H\u00e3y d\u00f9ng th\u1eed \u0111\u1ec3 c\u1ea3m nh\u1eadn h\u01b0\u01a1ng v\u1ecb th\u1eadt s\u1ef1 c\u1ee7a h\u1ea1t M\u1eafc ca. \u0110\u1eb7c \u0111i\u1ec3m : S\u1ea3n ph\u1ea9m k\u00e8m t\u00e1ch n\u1ea1y inox. B\u1ea3o qu\u1ea3n : B\u1ea3o qu\u1ea3n ng\u0103n m\u00e1t t\u1ee7 l\u1ea1nh, sau khi m\u1edf. S\u1ea3n ph\u1ea9m ch\u00ednh h\u00e3ng The Macanut c\u1ee7a c\u00f4ng ty TNHH Ho\u00e0ng Anh Maca. H\u1ea1n s\u1eed d\u1ee5ng : H\u00e0ng lu\u00f4n m\u1edbi Xu\u1ea5t x\u1ee9 : L\u00e2m \u0110\u1ed3ng, Vi\u1ec7t Nam<\/p>","protected":false},"excerpt":{"rendered":"<p>C\u00f3 khi n\u00e0o b\u1ea1n b\u1ecf nhi\u1ec1u ti\u1ec1n ra \u0111\u1ec3 mua nh\u1eefng h\u1ea1t M\u1eafc ca \u0111\u1eaft gi\u00e1 n\u1ed5i ti\u1ebfng v\u1ec1 h\u01b0\u01a1ng<\/p>","protected":false},"featured_media":13180,"comment_status":"open","ping_status":"closed","template":"","meta":{"_acf_changed":false},"product_cat":[311,366,367,22,310],"product_tag":[],"class_list":{"0":"post-13157","1":"product","2":"type-product","3":"status-publish","4":"has-post-thumbnail","6":"product_cat-gao-ngu-coc-hat-so-che-khac","7":"product_cat-hang-cnnt-cap-qg","8":"product_cat-hang-cnnt-cap-qg-2023","9":"product_cat-sanphamthucpham","10":"product_cat-thuc-pham-tho-so-che","12":"first","13":"instock","14":"shipping-taxable","15":"purchasable","16":"product-type-simple"},"acf":[],"_links":{"self":[{"href":"https:\/\/b2c.fairs.vn\/en\/wp-json\/wp\/v2\/product\/13157","targetHints":{"allow":["GET"]}}],"collection":[{"href":"https:\/\/b2c.fairs.vn\/en\/wp-json\/wp\/v2\/product"}],"about":[{"href":"https:\/\/b2c.fairs.vn\/en\/wp-json\/wp\/v2\/types\/product"}],"replies":[{"embeddable":true,"href":"https:\/\/b2c.fairs.vn\/en\/wp-json\/wp\/v2\/comments?post=13157"}],"version-history":[{"count":0,"href":"https:\/\/b2c.fairs.vn\/en\/wp-json\/wp\/v2\/product\/13157\/revisions"}],"wp:featuredmedia":[{"embeddable":true,"href":"https:\/\/b2c.fairs.vn\/en\/wp-json\/wp\/v2\/media\/13180"}],"wp:attachment":[{"href":"https:\/\/b2c.fairs.vn\/en\/wp-json\/wp\/v2\/media?parent=13157"}],"wp:term":[{"taxonomy":"product_cat","embeddable":true,"href":"https:\/\/b2c.fairs.vn\/en\/wp-json\/wp\/v2\/product_cat?post=13157"},{"taxonomy":"product_tag","embeddable":true,"href":"https:\/\/b2c.fairs.vn\/en\/wp-json\/wp\/v2\/product_tag?post=13157"}],"curies":[{"name":"wp","href":"https:\/\/api.w.org\/{rel}","templated":true}]}}