{"id":13146,"date":"2024-03-29T17:01:56","date_gmt":"2024-03-29T10:01:56","guid":{"rendered":"https:\/\/b2c.fairs.vn\/?post_type=product&#038;p=13146"},"modified":"2024-04-04T09:39:49","modified_gmt":"2024-04-04T02:39:49","slug":"nem-lo-xo-mat-cao-su","status":"publish","type":"product","link":"https:\/\/b2c.fairs.vn\/en\/product\/nem-lo-xo-mat-cao-su\/","title":{"rendered":"N\u1ec7m L\u00f2 Xo M\u1eb7t Cao Su"},"content":{"rendered":"<p>S\u1ef1 k\u1ebft h\u1ee3p \u0111\u1ed9c \u0111\u00e1o gi\u1eefa l\u00f5i l\u00f2 xo v\u00e0 b\u1ec1 m\u1eb7t cao su t\u0103ng \u0111\u1ed9 b\u1ec1n ch\u1eafc cho s\u1ea3n ph\u1ea9m, t\u1ea1o s\u1ef1 n\u00e2ng \u0111\u1ee1 t\u1ed1t nh\u1ea5t cho c\u1ed9t s\u1ed1ng. M\u1eb7t cao su t\u1ea1o c\u1ea3m gi\u00e1c m\u1ec1m m\u1ea1i, tho\u00e1ng m\u00e1t t\u1ef1 nhi\u00ean, gi\u00fap ng\u01b0\u1eddi s\u1eed d\u1ee5ng d\u1ec5 \u0111i v\u00e0o gi\u1ea5c ng\u1ee7 v\u00e0 ng\u1ee7 ngon h\u01a1n. N\u1ec7m l\u00f2 xo m\u1eb7t cao su DORUFOAM c\u00f3 nhi\u1ec1u k\u00edch th\u01b0\u1edbc, \u0111\u00e1p \u1ee9ng nh\u1eefng nhu c\u1ea7u s\u1eed d\u1ee5ng kh\u00e1c nhau.<\/p>","protected":false},"excerpt":{"rendered":"<p>S\u1ef1 k\u1ebft h\u1ee3p \u0111\u1ed9c \u0111\u00e1o gi\u1eefa l\u00f5i l\u00f2 xo v\u00e0 b\u1ec1 m\u1eb7t cao su t\u0103ng \u0111\u1ed9 b\u1ec1n ch\u1eafc cho s\u1ea3n<\/p>","protected":false},"featured_media":13153,"comment_status":"open","ping_status":"closed","template":"","meta":{"_acf_changed":false},"product_cat":[520,400,366,398,367],"product_tag":[],"class_list":{"0":"post-13146","1":"product","2":"type-product","3":"status-publish","4":"has-post-thumbnail","6":"product_cat-nha-cua-doi-song","7":"product_cat-noi-that","8":"product_cat-hang-cnnt-cap-qg","9":"product_cat-san-pham-cnnt-tb-cap-qg-2021","10":"product_cat-hang-cnnt-cap-qg-2023","12":"first","13":"instock","14":"shipping-taxable","15":"purchasable","16":"product-type-simple"},"acf":[],"_links":{"self":[{"href":"https:\/\/b2c.fairs.vn\/en\/wp-json\/wp\/v2\/product\/13146","targetHints":{"allow":["GET"]}}],"collection":[{"href":"https:\/\/b2c.fairs.vn\/en\/wp-json\/wp\/v2\/product"}],"about":[{"href":"https:\/\/b2c.fairs.vn\/en\/wp-json\/wp\/v2\/types\/product"}],"replies":[{"embeddable":true,"href":"https:\/\/b2c.fairs.vn\/en\/wp-json\/wp\/v2\/comments?post=13146"}],"version-history":[{"count":0,"href":"https:\/\/b2c.fairs.vn\/en\/wp-json\/wp\/v2\/product\/13146\/revisions"}],"wp:featuredmedia":[{"embeddable":true,"href":"https:\/\/b2c.fairs.vn\/en\/wp-json\/wp\/v2\/media\/13153"}],"wp:attachment":[{"href":"https:\/\/b2c.fairs.vn\/en\/wp-json\/wp\/v2\/media?parent=13146"}],"wp:term":[{"taxonomy":"product_cat","embeddable":true,"href":"https:\/\/b2c.fairs.vn\/en\/wp-json\/wp\/v2\/product_cat?post=13146"},{"taxonomy":"product_tag","embeddable":true,"href":"https:\/\/b2c.fairs.vn\/en\/wp-json\/wp\/v2\/product_tag?post=13146"}],"curies":[{"name":"wp","href":"https:\/\/api.w.org\/{rel}","templated":true}]}}