{"id":13138,"date":"2024-03-29T16:59:21","date_gmt":"2024-03-29T09:59:21","guid":{"rendered":"https:\/\/b2c.fairs.vn\/?post_type=product&#038;p=13138"},"modified":"2024-04-04T09:39:02","modified_gmt":"2024-04-04T02:39:02","slug":"nem-gon-ep-mat-cao-su","status":"publish","type":"product","link":"https:\/\/b2c.fairs.vn\/en\/product\/nem-gon-ep-mat-cao-su\/","title":{"rendered":"N\u1ec7m G\u00f2n \u00c9p M\u1eb7t Cao Su"},"content":{"rendered":"<p>C\u00e1c l\u1edbp g\u00f2n \u00e9p t\u1ea1o ra \u0111\u1ed9 ph\u1eb3ng, ch\u1eafc, gi\u00fap ng\u01b0\u1eddi n\u1eb1m kh\u00f4ng c\u00f3 c\u1ea3m gi\u00e1c x\u1eb9p, l\u00fan. B\u00ean c\u1ea1nh \u0111\u00f3, l\u1edbp b\u1ec1 m\u1eb7t cao su l\u00e0m gia t\u0103ng s\u1ef1 \u0111\u00e0n h\u1ed3i tr\u00ean b\u1ec1 m\u1eb7t n\u1ec7m, t\u0103ng s\u1ef1 tho\u1ea3i m\u00e1i cho ng\u01b0\u1eddi s\u1eed d\u1ee5ng.<\/p>\n<ul>\n<li>S\u1ea3n ph\u1ea9m bao g\u1ed3m m\u1ed9t l\u1edbp b\u00f4ng \u00e9p ph\u00eda d\u01b0\u1edbi v\u00e0 m\u1ed9t l\u1edbp n\u1ec7m cao su ph\u00eda tr\u00ean.<\/li>\n<li>L\u1edbp b\u00f4ng \u00e9p \u0111\u01b0\u1ee3c t\u1ed1i \u01b0u h\u00f3a \u0111\u1ed9 n\u00e9n gi\u00fap duy tr\u00ec \u0111\u1ed9 ph\u1eb5ng v\u00e0 l\u1edbp cao su t\u1ea1o \u0111\u1ed9 \u0111\u00e0n h\u1ed3i tr\u00ean to\u00e0n t\u1ea5m n\u1ec7m.<\/li>\n<li>S\u1ea3n ph\u1ea9m c\u00f3 \u0111\u1ed9 b\u1ec1n cao, th\u00e2n thi\u1ec7n v\u1edbi m\u00f4i tr\u01b0\u1eddng.<\/li>\n<li>S\u1ea3n ph\u1ea9m bao g\u1ed3m n\u1ec7m th\u1eb3ng v\u00e0 n\u1ec7m g\u1ea5p 3.<\/li>\n<li>S\u1ea3n ph\u1ea9m c\u00f3 nhi\u1ec1u ch\u1ee7ng lo\u1ea1i, k\u00edch th\u01b0\u1edbc \u0111a d\u1ea1ng ph\u00f9 h\u1ee3p v\u1edbi ng\u01b0\u1eddi ti\u00eau d\u00f9ng.<\/li>\n<\/ul>","protected":false},"excerpt":{"rendered":"<p>C\u00e1c l\u1edbp g\u00f2n \u00e9p t\u1ea1o ra \u0111\u1ed9 ph\u1eb3ng, ch\u1eafc, gi\u00fap ng\u01b0\u1eddi n\u1eb1m kh\u00f4ng c\u00f3 c\u1ea3m gi\u00e1c x\u1eb9p, l\u00fan. B\u00ean c\u1ea1nh<\/p>","protected":false},"featured_media":13141,"comment_status":"open","ping_status":"closed","template":"","meta":{"_acf_changed":false},"product_cat":[520,400,366,398,367],"product_tag":[],"class_list":{"0":"post-13138","1":"product","2":"type-product","3":"status-publish","4":"has-post-thumbnail","6":"product_cat-nha-cua-doi-song","7":"product_cat-noi-that","8":"product_cat-hang-cnnt-cap-qg","9":"product_cat-san-pham-cnnt-tb-cap-qg-2021","10":"product_cat-hang-cnnt-cap-qg-2023","12":"first","13":"instock","14":"shipping-taxable","15":"purchasable","16":"product-type-simple"},"acf":[],"_links":{"self":[{"href":"https:\/\/b2c.fairs.vn\/en\/wp-json\/wp\/v2\/product\/13138","targetHints":{"allow":["GET"]}}],"collection":[{"href":"https:\/\/b2c.fairs.vn\/en\/wp-json\/wp\/v2\/product"}],"about":[{"href":"https:\/\/b2c.fairs.vn\/en\/wp-json\/wp\/v2\/types\/product"}],"replies":[{"embeddable":true,"href":"https:\/\/b2c.fairs.vn\/en\/wp-json\/wp\/v2\/comments?post=13138"}],"version-history":[{"count":0,"href":"https:\/\/b2c.fairs.vn\/en\/wp-json\/wp\/v2\/product\/13138\/revisions"}],"wp:featuredmedia":[{"embeddable":true,"href":"https:\/\/b2c.fairs.vn\/en\/wp-json\/wp\/v2\/media\/13141"}],"wp:attachment":[{"href":"https:\/\/b2c.fairs.vn\/en\/wp-json\/wp\/v2\/media?parent=13138"}],"wp:term":[{"taxonomy":"product_cat","embeddable":true,"href":"https:\/\/b2c.fairs.vn\/en\/wp-json\/wp\/v2\/product_cat?post=13138"},{"taxonomy":"product_tag","embeddable":true,"href":"https:\/\/b2c.fairs.vn\/en\/wp-json\/wp\/v2\/product_tag?post=13138"}],"curies":[{"name":"wp","href":"https:\/\/api.w.org\/{rel}","templated":true}]}}