{"id":13125,"date":"2024-03-29T17:00:16","date_gmt":"2024-03-29T10:00:16","guid":{"rendered":"https:\/\/b2c.fairs.vn\/?post_type=product&#038;p=13125"},"modified":"2024-03-29T17:03:26","modified_gmt":"2024-03-29T10:03:26","slug":"ha-noi-khu-sinh-thai-phu-dong-green-park","status":"publish","type":"product","link":"https:\/\/b2c.fairs.vn\/en\/product\/ha-noi-khu-sinh-thai-phu-dong-green-park\/","title":{"rendered":"H\u00e0 N\u1ed9i &#8211; khu sinh th\u00e1i Ph\u00f9 \u0110\u1ed5ng Green Park"},"content":{"rendered":"<p>N\u1eb1m c\u00e1ch trung t\u00e2m Th\u1ee7 \u0111\u00f4 kh\u00f4ng qu\u00e1 xa, Ph\u00f9 \u0110\u1ed5ng Green Park ngay t\u1eeb khi khai tr\u01b0\u01a1ng \u0111\u00e3 tr\u1edf th\u00e0nh \u0111i\u1ec3m vui ch\u01a1i gi\u1ea3i tr\u00ed l\u00fd t\u01b0\u1edfng c\u1ee7a ng\u01b0\u1eddi d\u00e2n H\u00e0 N\u1ed9i. T\u1ea1i \u0111\u00e2y, b\u00ean c\u1ea1nh h\u00f2a m\u00ecnh v\u00e0o thi\u00ean nhi\u00ean t\u01b0\u01a1i \u0111\u1eb9p, b\u1ea1n s\u1ebd c\u00f3 c\u01a1 h\u1ed9i tr\u1ea3i nghi\u1ec7m \u0111a d\u1ea1ng c\u00e1c ho\u1ea1t \u0111\u1ed9ng th\u00fa v\u1ecb nh\u01b0 c\u1eafm tr\u1ea1i, tham quan v\u01b0\u1eddn th\u00fa, v.v.<\/p>\n<h3 id=\"menu-1-1\" class=\"sub-title\"><b>Ph\u00f9 \u0110\u1ed5ng Green Park \u1edf \u0111\u00e2u?<\/b><\/h3>\n<p><b>\u0110\u1ecba ch\u1ec9:<\/b>\u00a0Th\u00f4n Ph\u00f9 D\u1ef1c 2, X\u00e3 Ph\u00f9 \u0110\u1ed5ng, Huy\u1ec7n Gia L\u00e2m, H\u00e0 N\u1ed9i<\/p>\n<p><b>Gi\u1edd m\u1edf c\u1eeda:<\/b>\u00a08h00 &#8211; 18h00 t\u1ea5t c\u1ea3 c\u00e1c ng\u00e0y trong tu\u1ea7n k\u1ec3 d\u1ecbp l\u1ec5, T\u1ebft<\/p>\n<p>Ph\u00f9 \u0110\u1ed5ng Green Park l\u00e0 khu du l\u1ecbch t\u1ecda l\u1ea1c t\u1ea1i huy\u1ec7n Gia L\u00e2m, c\u00e1ch trung t\u00e2m Th\u1ee7 \u0111\u00f4 kho\u1ea3ng 20km. Kh\u00f4ng gian sinh th\u00e1i r\u1ed9ng g\u1ea7n 15ha n\u01a1i \u0111\u00e2y kh\u00f4ng ch\u1ec9 \u0111\u01b0\u1ee3c bao quanh b\u1edfi c\u00e2y c\u1ed1i xanh t\u01b0\u01a1i, tr\u00e0n \u0111\u1ea7y s\u1ee9c s\u1ed1ng m\u00e0 c\u00f2n c\u00f3 h\u1ed3 n\u01b0\u1edbc m\u00e1t m\u1ebb v\u00e0 nhi\u1ec1u ti\u1ec3u c\u1ea3nh \u1ea5n t\u01b0\u1ee3ng.<\/p>\n<p>V\u1edbi c\u01b0 d\u00e2n H\u00e0 N\u1ed9i, Ph\u00f9 \u0110\u1ed5ng Green Park l\u00e0 ch\u1ed1n d\u1eebng ch\u00e2n gi\u00fap t\u1ea1m r\u1eddi xa s\u1ef1 x\u00f4 b\u1ed3 c\u1ee7a th\u00e0nh ph\u1ed1 l\u1edbn \u0111\u1ec3 ngh\u1ec9 ng\u01a1i, th\u01b0 gi\u00e3n gi\u1eefa thi\u00ean nhi\u00ean t\u01b0\u01a1i \u0111\u1eb9p. \u0110\u00e2y c\u0169ng l\u00e0 n\u01a1i l\u00fd t\u01b0\u1edfng \u0111\u1ec3 c\u1eafm tr\u1ea1i, t\u1ed5 ch\u1ee9c ti\u1ec7c BBQ hay vui ch\u01a1i v\u00e0o d\u1ecbp cu\u1ed1i tu\u1ea7n hay c\u00e1c ng\u00e0y l\u1ec5, T\u1ebft.<\/p>\n<p><img decoding=\"async\" class=\"aligncenter\" src=\"https:\/\/mia.vn\/media\/uploads\/blog-du-lich\/phu-dong-green-park-01-1698195624.jpeg\" alt=\"C\u00f3 g\u00ec t\u1ea1i Ph\u00f9 \u0110\u1ed5ng Green Park, khu du l\u1ecbch H\u00e0 N\u1ed9i n\u1ed5i ti\u1ebfng 2\" \/><\/p>\n<p class=\"post-caption\"><i>Ph\u00f9 \u0110\u1ed5ng Green Park l\u00e0 khu du l\u1ecbch sinh th\u00e1i t\u1ecda l\u1ea1c t\u1ea1i huy\u1ec7n Gia L\u00e2m, H\u00e0 N\u1ed9i<\/i><\/p>\n<p><img decoding=\"async\" class=\"aligncenter\" src=\"https:\/\/mia.vn\/media\/uploads\/blog-du-lich\/phu-dong-green-park-02-1698195625.jpeg\" alt=\"C\u00f3 g\u00ec t\u1ea1i Ph\u00f9 \u0110\u1ed5ng Green Park, khu du l\u1ecbch H\u00e0 N\u1ed9i n\u1ed5i ti\u1ebfng 3\" \/><\/p>\n<p class=\"post-caption\"><i>N\u01a1i \u0111\u00e2y g\u00e2y \u1ea5n t\u01b0\u1ee3ng b\u1edfi kh\u00f4ng gian xanh m\u00e1t r\u1ed9ng l\u1edbn, th\u00edch h\u1ee3p \u0111\u1ec3 vui ch\u01a1i v\u00e0o d\u1ecbp cu\u1ed1i tu\u1ea7n<\/i><\/p>\n<h3 id=\"menu-1-2\" class=\"sub-title\"><b>Gi\u00e1 v\u00e9 khu sinh th\u00e1i Ph\u00f9 \u0110\u1ed5ng (c\u1eadp nh\u1eadt v\u00e0o th\u00e1ng 10\/2023)<\/b><\/h3>\n<p>V\u00e9 v\u00e0o c\u1ed5ng: 50.000 VN\u0110\/v\u00e9 ng\u01b0\u1eddi l\u1edbn, mi\u1ec5n ph\u00ed cho tr\u1ebb em d\u01b0\u1edbi 1m. Gi\u00e1 \u0111\u00e3 bao g\u1ed3m ph\u00ed tham quan, ch\u1ee5p \u1ea3nh v\u00e0 ph\u00ed an ninh, m\u00f4i tr\u01b0\u1eddng.<\/p>\n<p>C\u00e1c chi ph\u00ed kh\u00e1c:<\/p>\n<p>&#8211; Gi\u00e1 thu\u00ea l\u1ec1u tr\u1ea1i (\u00e1p d\u1ee5ng cho 1 ng\u00e0y): 50.000 VN\u0110\/l\u1ec1u nh\u1ecf, 200.000 VN\u0110\/l\u1ec1u c\u1ee1 v\u1eeba, 300.000 VN\u0110\/l\u1ec1u l\u1edbn<\/p>\n<p>&#8211; Set \u0103n u\u1ed1ng BBQ: 150.000 VN\u0110\/kh\u00e1ch \u0111\u00e3 bao g\u1ed3m c\u00e1c d\u1ee5ng c\u1ee5 h\u1ed7 tr\u1ee3 n\u01b0\u1edbng<\/p>\n<p>&#8211; Thu\u00ea b\u1ebfp n\u01b0\u1edbng (cho nh\u00f3m 4 &#8211; 6 ng\u01b0\u1eddi): 100.000 VN\u0110\/b\u1ebfp bao g\u1ed3m 1kg than<\/p>\n<p>&#8211; Thu\u00ea b\u1ebfp n\u01b0\u1edbng lo\u1ea1i to trong 4 gi\u1edd (cho nh\u00f3m 10 &#8211; 20 ng\u01b0\u1eddi): 200.000 VN\u0110\/b\u1ebfp bao g\u1ed3m 2kg than<\/p>\n<p>&#8211; Ph\u00ed ch\u01a1i tr\u00f2 ch\u01a1i: H\u1ea7u h\u1ebft c\u00e1c tr\u00f2 ch\u01a1i trong khu du l\u1ecbch \u0111\u1ec1u mi\u1ec5n ph\u00ed, ri\u00eang tr\u00f2 \u0111u quay c\u00f3 gi\u00e1 v\u00e9 20.000 VN\u0110\/l\u01b0\u1ee3t, t\u00e0u h\u1ecfa 10.000 VN\u0110\/l\u01b0\u1ee3t<\/p>\n<p>&#8211; Ph\u00ed ph\u1ee5 thu mang \u0111\u1ed3 \u0103n, n\u01b0\u1edbc u\u1ed1ng v\u00e0o khu du l\u1ecbch: 50.000 VN\u0110\/ng\u01b0\u1eddi l\u1edbn<\/p>\n<div class=\"block-text\">\n<h2 id=\"menu-3\">Kh\u00e1m ph\u00e1 khu du l\u1ecbch sinh th\u00e1i Ph\u00f9 \u0110\u1ed5ng<\/h2>\n<p>Kh\u00f4ng gian r\u1ed9ng l\u1edbn t\u1ea1i Ph\u00f9 \u0110\u1ed5ng Green Park \u0111\u01b0\u1ee3c chia th\u00e0nh 3 khu v\u1ef1c ri\u00eang l\u00e0 khu \u0103n u\u1ed1ng, vui ch\u01a1i v\u00e0 khu v\u01b0\u1eddn th\u00fa. M\u1ed7i khu v\u1ef1c s\u1ebd mang \u0111\u1ebfn b\u1ea1n nh\u1eefng ho\u1ea1t \u0111\u1ed9ng gi\u1ea3i tr\u00ed th\u00fa v\u1ecb kh\u00e1c nhau.<\/p>\n<h3 id=\"menu-3-1\" class=\"sub-title\"><b>1 Khu \u0103n u\u1ed1ng<\/b><\/h3>\n<p>\u0110\u00e2y l\u00e0 khu v\u1ef1c th\u01b0\u1eddng \u0111\u01b0\u1ee3c c\u00e1c gia \u0111\u00ecnh, nh\u00f3m b\u1ea1n l\u1ef1a ch\u1ecdn trong chuy\u1ebfn \u0111i ch\u01a1i cu\u1ed1i tu\u1ea7n t\u1ea1i Ph\u00f9 \u0110\u1ed5ng Green Park. T\u1ea1i khu \u0103n u\u1ed1ng, b\u1ea1n c\u00f3 th\u1ec3 d\u1ef1ng l\u1ec1u c\u1eafm tr\u1ea1i, t\u1ed5 ch\u1ee9c ti\u1ec7c n\u01b0\u1edbng BBQ hay qu\u00e2y qu\u1ea7n \u0103n u\u1ed1ng, vui ch\u01a1i c\u00f9ng gia \u0111\u00ecnh tr\u00ean th\u1ea3m c\u1ecf xanh r\u00ec c\u1ea1nh h\u1ed3 n\u01b0\u1edbc.<\/p>\n<p>N\u1ebfu kh\u00f4ng mang theo l\u1ec1u tr\u1ea1i ho\u1eb7c c\u00e1c lo\u1ea1i \u0111\u1ed3 \u0103n, th\u1ee9c u\u1ed1ng, \u0111i\u1ec3m\u00a0du l\u1ecbch\u00a0c\u0169ng c\u00f3 c\u00e1c d\u1ecbch v\u1ee5 cho thu\u00ea l\u1ec1u ho\u1eb7c mua set BBQ \u0111\u1ec3 b\u1ea1n tham kh\u1ea3o qua. Nh\u00ecn chung, khu v\u1ef1c n\u00e0y l\u00e0 n\u01a1i l\u00fd t\u01b0\u1edfng d\u00e0nh cho nh\u1eefng ng\u01b0\u1eddi y\u00eau thi\u00ean nhi\u00ean v\u00e0 th\u00edch c\u1eafm tr\u1ea1i.<\/p>\n<\/div>\n<div class=\"block-media\">\n<p><img decoding=\"async\" class=\"aligncenter\" src=\"https:\/\/mia.vn\/media\/uploads\/blog-du-lich\/phu-dong-green-park-03-1698195625.jpeg\" alt=\"C\u00f3 g\u00ec t\u1ea1i Ph\u00f9 \u0110\u1ed5ng Green Park, khu du l\u1ecbch H\u00e0 N\u1ed9i n\u1ed5i ti\u1ebfng 4\" \/><\/p>\n<p class=\"post-caption\"><i>Khu \u0103n u\u1ed1ng t\u1ea1i Ph\u00f9 \u0110\u1ed5ng Green Park c\u00f3 kh\u00f4ng gian r\u1ed9ng l\u1edbn v\u1edbi th\u1ea3m c\u1ecf xanh r\u00ec tr\u1ea3i d\u00e0i b\u00ean h\u1ed3 n\u01b0\u1edbc<\/i><\/p>\n<p><img decoding=\"async\" class=\"aligncenter\" src=\"https:\/\/mia.vn\/media\/uploads\/blog-du-lich\/phu-dong-green-park-04-1698195625.jpeg\" alt=\"C\u00f3 g\u00ec t\u1ea1i Ph\u00f9 \u0110\u1ed5ng Green Park, khu du l\u1ecbch H\u00e0 N\u1ed9i n\u1ed5i ti\u1ebfng 5\" \/><\/p>\n<p class=\"post-caption\"><i>T\u1ea1i \u0111\u00e2y, b\u1ea1n c\u00f3 th\u1ec3 d\u1ef1ng l\u1ec1u c\u1eafm tr\u1ea1i, t\u1ed5 ch\u1ee9c ti\u1ec7c BBQ hay qu\u00e2y qu\u1ea7n t\u1eadn h\u01b0\u1edfng th\u1eddi gian b\u00ean ng\u01b0\u1eddi th\u00e2n<\/i><\/p>\n<p><img decoding=\"async\" class=\"aligncenter\" src=\"https:\/\/mia.vn\/media\/uploads\/blog-du-lich\/phu-dong-green-park-05-1698195670.jpeg\" alt=\"C\u00f3 g\u00ec t\u1ea1i Ph\u00f9 \u0110\u1ed5ng Green Park, khu du l\u1ecbch H\u00e0 N\u1ed9i n\u1ed5i ti\u1ebfng 6\" \/><\/p>\n<p class=\"post-caption\"><i>Khu du l\u1ecbch c\u0169ng c\u00f3 c\u00e1c set \u0111\u1ed3 \u0103n v\u1edbi \u0111a d\u1ea1ng m\u00f3n kh\u00e1c nhau d\u00e0nh cho kh\u00e1ch t\u1eeb xa \u0111\u1ebfn\u00a0<\/i><\/p>\n<\/div>\n<div class=\"block-text\">\n<h3 id=\"menu-3-2\" class=\"sub-title\"><b>2 Khu vui ch\u01a1i<\/b><\/h3>\n<p>Khu vui ch\u01a1i t\u1ea1i Ph\u00f9 \u0110\u1ed5ng Green Park c\u00f3 th\u1ec3 n\u00f3i l\u00e0 ch\u1ed1n d\u1eebng ch\u00e2n l\u00fd t\u01b0\u1edfng d\u00e0nh cho nh\u1eefng gia \u0111\u00ecnh c\u00f3 con nh\u1ecf. N\u01a1i \u0111\u00e2y g\u00e2y \u1ea5n t\u01b0\u1ee3ng b\u1edfi \u0111\u1ee7 c\u00e1c tr\u00f2 ch\u01a1i h\u1ea5p d\u1eabn nh\u01b0 nh\u00e0 phao, ng\u1ef1a xoay, c\u1ea7u tr\u01b0\u1ee3t, xe \u0111\u1ee5ng\u2026 \u0111\u1ec3 tr\u1ebb th\u1ecfa s\u1ee9c ch\u1ea1y nh\u1ea3y, n\u00f4 \u0111\u00f9a. V\u1edbi kh\u00f4ng gian xanh m\u00e1t m\u1ebb v\u00e0 khu vui ch\u01a1i r\u1ed9ng l\u1edbn, nhi\u1ec1u tr\u01b0\u1eddng h\u1ecdc trong th\u00e0nh ph\u1ed1 th\u01b0\u1eddng ch\u1ecdn khu du l\u1ecbch sinh th\u00e1i Ph\u00f9 \u0110\u1ed5ng l\u00e0m \u0111i\u1ec3m \u0111i d\u00e3 ngo\u1ea1i.<\/p>\n<\/div>\n<div class=\"block-media\">\n<p><img decoding=\"async\" class=\"aligncenter\" src=\"https:\/\/mia.vn\/media\/uploads\/blog-du-lich\/phu-dong-green-park-06-1698195670.jpeg\" alt=\"C\u00f3 g\u00ec t\u1ea1i Ph\u00f9 \u0110\u1ed5ng Green Park, khu du l\u1ecbch H\u00e0 N\u1ed9i n\u1ed5i ti\u1ebfng 7\" \/><\/p>\n<p class=\"post-caption\"><i>Khu vui ch\u01a1i d\u00e0nh ri\u00eang cho tr\u1ebb em l\u00e0 n\u01a1i r\u1ea5t \u0111\u01b0\u1ee3c c\u00e1c gia \u0111\u00ecnh c\u00f3 con nh\u1ecf \u01b0a chu\u1ed9ng<\/i><\/p>\n<p><img decoding=\"async\" class=\"aligncenter\" src=\"https:\/\/mia.vn\/media\/uploads\/blog-du-lich\/phu-dong-green-park-07-1698195670.jpeg\" alt=\"C\u00f3 g\u00ec t\u1ea1i Ph\u00f9 \u0110\u1ed5ng Green Park, khu du l\u1ecbch H\u00e0 N\u1ed9i n\u1ed5i ti\u1ebfng 8\" \/><\/p>\n<p class=\"post-caption\"><i>T\u1ea1i \u0111\u00e2y c\u00f3 nhi\u1ec1u tr\u00f2 ch\u01a1i th\u00fa v\u1ecb kh\u00e1c nhau \u0111\u1ec3 tr\u1ebb th\u1ecfa s\u1ee9c ch\u1ea1y nh\u1ea3y, n\u00f4 \u0111\u00f9a<\/i><\/p>\n<p><img decoding=\"async\" class=\"aligncenter\" src=\"https:\/\/mia.vn\/media\/uploads\/blog-du-lich\/phu-dong-green-park-08-1698195670.jpeg\" alt=\"C\u00f3 g\u00ec t\u1ea1i Ph\u00f9 \u0110\u1ed5ng Green Park, khu du l\u1ecbch H\u00e0 N\u1ed9i n\u1ed5i ti\u1ebfng 9\" \/><\/p>\n<p class=\"post-caption\"><i>Kh\u00f4ng gian xanh m\u00e1t c\u00f9ng khu vui ch\u01a1i r\u1ed9ng l\u1edbn l\u00e0 l\u00fd do n\u01a1i \u0111\u00e2y th\u01b0\u1eddng \u0111\u01b0\u1ee3c c\u00e1c tr\u01b0\u1eddng h\u1ecdc l\u1ef1a ch\u1ecdn \u0111\u1ec3 t\u1ed5 ch\u1ee9c ngo\u1ea1i kh\u00f3a<\/i><\/p>\n<\/div>\n<div class=\"block-text\">\n<h3 id=\"menu-3-3\" class=\"sub-title\"><b>3 Khu v\u01b0\u1eddn th\u00fa<\/b><\/h3>\n<p>C\u00e1c ho\u1ea1t \u0111\u1ed9ng vui ch\u01a1i, tr\u1ea3i nghi\u1ec7m t\u1ea1i khu v\u01b0\u1eddn th\u00fa c\u1ee7a Ph\u00f9 \u0110\u1ed5ng Green Park ch\u01b0a khi n\u00e0o l\u00e0m t\u00edn \u0111\u1ed3 du l\u1ecbch th\u1ea5t v\u1ecdng. D\u1eebng ch\u00e2n t\u1ea1i \u0111\u00e2y, b\u1ea1n s\u1ebd c\u00f3 c\u01a1 h\u1ed9i tham quan, vu\u1ed1t ve nh\u1eefng con v\u1eadt \u0111\u00e1ng y\u00eau nh\u01b0 c\u1eebu, h\u01b0\u01a1u, th\u1ecf, \u0111\u00e0 \u0111i\u1ec3u&#8230; B\u1edfi v\u00ec v\u1eadt nu\u00f4i t\u1ea1i \u0111\u00e2y r\u1ea5t hi\u1ec1n v\u00e0 th\u00e2n thi\u1ec7n n\u00ean b\u1ea1n c\u0169ng c\u00f3 th\u1ec3 t\u1ef1 tay cho ch\u00fang \u0103n ho\u1eb7c ch\u1ee5p \u1ea3nh chung \u0111\u1ec3 l\u01b0u l\u1ea1i k\u1ef7 ni\u1ec7m.<\/p>\n<\/div>\n<div class=\"block-media\">\n<p><img decoding=\"async\" class=\"aligncenter\" src=\"https:\/\/mia.vn\/media\/uploads\/blog-du-lich\/phu-dong-green-park-09-1698195845.jpeg\" alt=\"C\u00f3 g\u00ec t\u1ea1i Ph\u00f9 \u0110\u1ed5ng Green Park, khu du l\u1ecbch H\u00e0 N\u1ed9i n\u1ed5i ti\u1ebfng 10\" \/><\/p>\n<p class=\"post-caption\"><i>H\u1ea7u h\u1ebft c\u00e1c con v\u1eadt trong khu v\u01b0\u1eddn th\u00fa c\u1ee7a Ph\u00f9 \u0110\u1ed5ng Green Park \u0111\u1ec1u r\u1ea5t hi\u1ec1n v\u00e0 th\u00e2n thi\u1ec7n<\/i><\/p>\n<p><img decoding=\"async\" class=\"aligncenter\" src=\"https:\/\/mia.vn\/media\/uploads\/blog-du-lich\/phu-dong-green-park-10-1698196816.jpeg\" alt=\"C\u00f3 g\u00ec t\u1ea1i Ph\u00f9 \u0110\u1ed5ng Green Park, khu du l\u1ecbch H\u00e0 N\u1ed9i n\u1ed5i ti\u1ebfng 11\" \/><\/p>\n<p class=\"post-caption\"><i>C\u00e1c b\u00e9 khi \u0111\u1ebfn \u0111\u00e2y c\u00f3 th\u1ec3 t\u1ef1 tay cho th\u00fa \u0103n<\/i><\/p>\n<p><img decoding=\"async\" class=\"aligncenter\" src=\"https:\/\/mia.vn\/media\/uploads\/blog-du-lich\/phu-dong-green-park-11-1698196816.jpeg\" alt=\"C\u00f3 g\u00ec t\u1ea1i Ph\u00f9 \u0110\u1ed5ng Green Park, khu du l\u1ecbch H\u00e0 N\u1ed9i n\u1ed5i ti\u1ebfng 12\" \/><\/p>\n<p class=\"post-caption\"><i>Ho\u1eb7c nh\u1eb9 nh\u00e0ng vu\u1ed1t ve nh\u1eefng con v\u1eadt \u0111\u00e1ng y\u00eau \u0111\u01b0\u1ee3c th\u1ea3 trong khu\u00f4n vi\u00ean<\/i><\/p>\n<\/div>","protected":false},"excerpt":{"rendered":"<p>N\u1eb1m c\u00e1ch trung t\u00e2m Th\u1ee7 \u0111\u00f4 kh\u00f4ng qu\u00e1 xa, Ph\u00f9 \u0110\u1ed5ng Green Park ngay t\u1eeb khi khai tr\u01b0\u01a1ng \u0111\u00e3 tr\u1edf<\/p>","protected":false},"featured_media":13134,"comment_status":"open","ping_status":"closed","template":"","meta":{"_acf_changed":false},"product_cat":[343,480],"product_tag":[],"class_list":{"0":"post-13125","1":"product","2":"type-product","3":"status-publish","4":"has-post-thumbnail","6":"product_cat-du-lich","7":"product_cat-khu-vuc-mien-bac","9":"first","10":"instock","11":"shipping-taxable","12":"product-type-simple"},"acf":[],"_links":{"self":[{"href":"https:\/\/b2c.fairs.vn\/en\/wp-json\/wp\/v2\/product\/13125","targetHints":{"allow":["GET"]}}],"collection":[{"href":"https:\/\/b2c.fairs.vn\/en\/wp-json\/wp\/v2\/product"}],"about":[{"href":"https:\/\/b2c.fairs.vn\/en\/wp-json\/wp\/v2\/types\/product"}],"replies":[{"embeddable":true,"href":"https:\/\/b2c.fairs.vn\/en\/wp-json\/wp\/v2\/comments?post=13125"}],"version-history":[{"count":0,"href":"https:\/\/b2c.fairs.vn\/en\/wp-json\/wp\/v2\/product\/13125\/revisions"}],"wp:featuredmedia":[{"embeddable":true,"href":"https:\/\/b2c.fairs.vn\/en\/wp-json\/wp\/v2\/media\/13134"}],"wp:attachment":[{"href":"https:\/\/b2c.fairs.vn\/en\/wp-json\/wp\/v2\/media?parent=13125"}],"wp:term":[{"taxonomy":"product_cat","embeddable":true,"href":"https:\/\/b2c.fairs.vn\/en\/wp-json\/wp\/v2\/product_cat?post=13125"},{"taxonomy":"product_tag","embeddable":true,"href":"https:\/\/b2c.fairs.vn\/en\/wp-json\/wp\/v2\/product_tag?post=13125"}],"curies":[{"name":"wp","href":"https:\/\/api.w.org\/{rel}","templated":true}]}}