{"id":13115,"date":"2024-03-29T16:58:52","date_gmt":"2024-03-29T09:58:52","guid":{"rendered":"https:\/\/b2c.fairs.vn\/?post_type=product&#038;p=13115"},"modified":"2024-03-29T16:58:53","modified_gmt":"2024-03-29T09:58:53","slug":"tra-dong-phuong-my-nhan","status":"publish","type":"product","link":"https:\/\/b2c.fairs.vn\/en\/product\/tra-dong-phuong-my-nhan\/","title":{"rendered":"Tr\u00e0 \u0110\u00f4ng Ph\u01b0\u01a1ng M\u1ef9 Nh\u00e2n"},"content":{"rendered":"<p dir=\"ltr\">\u0110\u00f4ng Ph\u01b0\u01a1ng M\u1ef9 Nh\u00e2n &#8211; c\u00e1i t\u00ean m\u1ef9 mi\u1ec1u kia do n\u1eef ho\u00e0ng Elizabeth II \u01b0u \u00e1i d\u00e0nh cho lo\u1ea1i tr\u00e0 n\u00e0y b\u1edfi l\u00f2ng c\u1ea3m m\u1ebfn tr\u01b0\u1edbc h\u01b0\u01a1ng v\u1ecb th\u01a1m ng\u1ecdt c\u0169ng nh\u01b0 ngo\u1ea1i h\u00ecnh duy\u00ean d\u00e1ng c\u1ee7a l\u00e1 tr\u00e0.<\/p>\n<p dir=\"ltr\"><img fetchpriority=\"high\" decoding=\"async\" src=\"https:\/\/tamduongtea.com.vn\/media\/data\/dong-phuong-my-nhan%20(0).jpg\" alt=\"dong-phuong-my-nhan (0).jpg (88 KB)\" width=\"800\" height=\"600\" \/><\/p>\n<p dir=\"ltr\">B\u00ed m\u1eadt c\u1ee7a h\u01b0\u01a1ng v\u1ecb th\u01a1m ngon c\u1ee7a m\u1eadt ng\u1ecdt &amp; tr\u00e1i c\u00e2y ch\u1ec9 \u0110\u00f4ng Ph\u01b0\u01a1ng M\u1ef9 Nh\u00e2n m\u1edbi c\u00f3, \u0111\u00f3 l\u00e0 c\u00e1c l\u00e1 ch\u00e8 non ch\u1ecdn h\u00e1i \u0111\u1ec1u ph\u1ea3i c\u00f3 v\u1ebft c\u1eafn c\u1ee7a r\u1ea7y xanh. Khi \u1ea5y, l\u00e1 ch\u00e8 s\u1ebd ti\u1ebft ra nh\u1eefng ch\u1ea5t ri\u00eang \u0111\u1ec3 l\u00e0nh v\u1ebft th\u01b0\u01a1ng, kh\u00f4ng ch\u1ec9 h\u00ecnh d\u1ea1ng l\u00e1 bi\u1ebfn \u0111\u1ed5i m\u00e0 m\u00e0u l\u00e1 c\u0169ng d\u1ea7n ng\u1ea3 sang v\u00e0ng v\u00e0 c\u00f3 h\u01b0\u01a1ng th\u01a1m c\u1ee7a qu\u1ea3 ch\u00edn. V\u00e0 c\u0169ng v\u00ec n\u1ebfu d\u00f9ng thu\u1ed1c tr\u1eeb s\u00e2u th\u00ec r\u1ea7y xanh ch\u1eb3ng d\u00e1m bay \u0111\u1ebfn, n\u00ean c\u00e1c v\u00f9ng tr\u1ed3ng ch\u00e8 nguy\u00ean li\u1ec7u cho \u0110\u00f4ng Ph\u01b0\u01a1ng M\u1ef9 Nh\u00e2n \u0111\u1ec1u l\u00e0 c\u00e1c v\u00f9ng ch\u00e8 h\u1eefu c\u01a1 t\u1ef1 nhi\u00ean.<\/p>\n<p dir=\"ltr\"><img decoding=\"async\" src=\"https:\/\/tamduongtea.com.vn\/media\/data\/anh-san-pham\/ho%CC%A3%CC%82p%20ba%CC%81t%20gia%CC%81c\/ho%CC%A3%CC%82p%20ba%CC%81t%20gia%CC%81c%20%C4%91pmn.jpg\" alt=\"ho\u0323\u0302p ba\u0301t gia\u0301c \u0111pmn.jpg (71 KB)\" \/><\/p>\n<p dir=\"ltr\">Kh\u00f4ng ph\u1ea3i l\u00e0 tr\u00e0 \u0111en (tr\u00e0 \u0111en l\u00ean men ho\u00e0n to\u00e0n),nh\u01b0ng lo\u1ea1i tr\u00e0 n\u00e0y \u0111\u01b0\u1ee3c x\u1ebfp v\u00e0o h\u00e0ng H\u1ed3ng Tr\u00e0, do \u0111\u01b0\u1ee3c l\u00ean men t\u1edbi kho\u1ea3ng 70%.<\/p>\n<p dir=\"ltr\">M\u00e0u n\u01b0\u1edbc: \u0111\u1ecf cam<\/p>\n<p dir=\"ltr\">H\u01b0\u01a1ng v\u1ecb: h\u01b0\u01a1ng th\u01a1m d\u1ecbu \u0111\u1eb7c tr\u01b0ng, v\u1ecb ng\u1ecdt \u0111\u01b0\u1ee3m, \u00edt ch\u00e1t<\/p>\n<p dir=\"ltr\">C\u00e1ch pha: pha tr\u00e0 v\u00e0o n\u01b0\u1edbc s\u00f4i 960C, \u0111\u1ee3i trong 2 ph\u00fat<\/p>\n<p dir=\"ltr\"><img decoding=\"async\" src=\"https:\/\/tamduongtea.com.vn\/media\/data\/dongphuongmynhan2.jpg\" alt=\"dongphuongmynhan2.jpg (122 KB)\" width=\"600\" height=\"600\" \/><\/p>","protected":false},"excerpt":{"rendered":"<p>\u0110\u00f4ng Ph\u01b0\u01a1ng M\u1ef9 Nh\u00e2n &#8211; c\u00e1i t\u00ean m\u1ef9 mi\u1ec1u kia do n\u1eef ho\u00e0ng Elizabeth II \u01b0u \u00e1i d\u00e0nh cho lo\u1ea1i<\/p>","protected":false},"featured_media":13131,"comment_status":"open","ping_status":"closed","template":"","meta":{"_acf_changed":false},"product_cat":[321,322,366,367,22],"product_tag":[],"class_list":{"0":"post-13115","1":"product","2":"type-product","3":"status-publish","4":"has-post-thumbnail","6":"product_cat-che","7":"product_cat-che-tuoi-che-bien","8":"product_cat-hang-cnnt-cap-qg","9":"product_cat-hang-cnnt-cap-qg-2023","10":"product_cat-sanphamthucpham","12":"first","13":"instock","14":"shipping-taxable","15":"purchasable","16":"product-type-variable"},"acf":[],"_links":{"self":[{"href":"https:\/\/b2c.fairs.vn\/en\/wp-json\/wp\/v2\/product\/13115","targetHints":{"allow":["GET"]}}],"collection":[{"href":"https:\/\/b2c.fairs.vn\/en\/wp-json\/wp\/v2\/product"}],"about":[{"href":"https:\/\/b2c.fairs.vn\/en\/wp-json\/wp\/v2\/types\/product"}],"replies":[{"embeddable":true,"href":"https:\/\/b2c.fairs.vn\/en\/wp-json\/wp\/v2\/comments?post=13115"}],"version-history":[{"count":0,"href":"https:\/\/b2c.fairs.vn\/en\/wp-json\/wp\/v2\/product\/13115\/revisions"}],"wp:featuredmedia":[{"embeddable":true,"href":"https:\/\/b2c.fairs.vn\/en\/wp-json\/wp\/v2\/media\/13131"}],"wp:attachment":[{"href":"https:\/\/b2c.fairs.vn\/en\/wp-json\/wp\/v2\/media?parent=13115"}],"wp:term":[{"taxonomy":"product_cat","embeddable":true,"href":"https:\/\/b2c.fairs.vn\/en\/wp-json\/wp\/v2\/product_cat?post=13115"},{"taxonomy":"product_tag","embeddable":true,"href":"https:\/\/b2c.fairs.vn\/en\/wp-json\/wp\/v2\/product_tag?post=13115"}],"curies":[{"name":"wp","href":"https:\/\/api.w.org\/{rel}","templated":true}]}}