{"id":13100,"date":"2024-03-29T16:51:30","date_gmt":"2024-03-29T09:51:30","guid":{"rendered":"https:\/\/b2c.fairs.vn\/?post_type=product&#038;p=13100"},"modified":"2024-04-04T09:36:52","modified_gmt":"2024-04-04T02:36:52","slug":"nem-deluxe","status":"publish","type":"product","link":"https:\/\/b2c.fairs.vn\/en\/product\/nem-deluxe\/","title":{"rendered":"N\u1ec7m Deluxe"},"content":{"rendered":"<p>N\u1ec7m Deluxe DORUFOAM \u0111\u01b0\u1ee3c s\u1ea3n xu\u1ea5t t\u1eeb 100% cao su thi\u00ean nhi\u00ean, th\u00edch h\u1ee3p v\u1edbi nh\u1eefng \u0111i\u1ec1u ki\u1ec7n kh\u00ed h\u1eadu kh\u00e1c nhau, lu\u00f4n mang \u0111\u1ebfn cho ng\u01b0\u1eddi d\u00f9ng s\u1ef1 th\u01b0 gi\u00e3n t\u1ed1t nh\u1ea5t. V\u1edbi h\u00e0ng tri\u1ec7u b\u1ecdt kh\u00ed li ti tr\u00ean s\u1ea3n ph\u1ea9m, n\u1ec7m Deluxe c\u1ee7a DORUFOAM \u0111\u01b0a ng\u01b0\u1eddi d\u00f9ng v\u00e0o gi\u1ea5c ng\u1ee7 nh\u1eb9 nh\u00e0ng, th\u01b0 th\u00e1i, r\u1ea5t th\u00edch h\u1ee3p cho c\u1ea3 c\u00e1 nh\u00e2n, gia \u0111\u00ecnh c\u0169ng nh\u01b0 c\u00e1c kh\u00e1ch s\u1ea1n hay khu ngh\u1ec9 d\u01b0\u1ee1ng<\/p>\n<p>N\u1ec7m cao su thi\u00ean nhi\u00ean DORUFOAM s\u1ea3n xu\u1ea5t tr\u00ean d\u00e2y chuy\u1ec1n c\u00f4ng ngh\u1ec7 \u0111\u01b0\u1ee3c chuy\u1ec3n giao t\u1eeb Malaysia v\u1edbi c\u00e1c m\u00e1y m\u00f3c hi\u1ec7n \u0111\u1ea1i \u0111\u01b0\u1ee3c nh\u1eadp kh\u1ea9u t\u1eeb \u0110\u1ee9c V\u1edbi quy tr\u00ecnh s\u1ea3n xu\u1ea5t kh\u00e9p k\u00edn t\u1eeb kh\u00e2u ch\u1ecdn gi\u1ed1ng- tr\u1ed3ng tr\u1ecdt \u2013 khai th\u00e1c \u2013 ch\u1ebf bi\u1ebfn m\u1ee7 ly t\u00e2m t\u1eeb C\u00f4ng Ty C\u1ed5 Ph\u1ea7n Cao Su \u0110\u1ed3ng Ph\u00fa \u2013 c\u00f4ng ty m\u1eb9 v\u00e0 cho ra c\u00e1c s\u1ea3n ph\u1ea9m n\u1ec7m- g\u1ed1i DORUFOAM t\u1eeb C\u00f4ng Ty C\u1ed5 Ph\u1ea7n Cao Su K\u1ef9 Thu\u1eadt \u0110\u1ed3ng Ph\u00fa \u2013 c\u00f4ng ty con \u0111\u1ea3m b\u1ea3o lu\u00f4n mang \u0111\u1ebfn ch\u1ea5t l\u01b0\u1ee3ng t\u1ed1t nh\u1ea5t v\u00e0 s\u1ef1 an t\u00f2an tuy\u1ec7t \u0111\u1ed1i cho ng\u01b0\u1eddi ti\u00eau d\u00f9ng.<\/p>","protected":false},"excerpt":{"rendered":"<p>N\u1ec7m Deluxe DORUFOAM \u0111\u01b0\u1ee3c s\u1ea3n xu\u1ea5t t\u1eeb 100% cao su thi\u00ean nhi\u00ean, th\u00edch h\u1ee3p v\u1edbi nh\u1eefng \u0111i\u1ec1u ki\u1ec7n kh\u00ed h\u1eadu<\/p>","protected":false},"featured_media":13105,"comment_status":"open","ping_status":"closed","template":"","meta":{"_acf_changed":false},"product_cat":[520,400,366,398,367],"product_tag":[],"class_list":{"0":"post-13100","1":"product","2":"type-product","3":"status-publish","4":"has-post-thumbnail","6":"product_cat-nha-cua-doi-song","7":"product_cat-noi-that","8":"product_cat-hang-cnnt-cap-qg","9":"product_cat-san-pham-cnnt-tb-cap-qg-2021","10":"product_cat-hang-cnnt-cap-qg-2023","12":"first","13":"instock","14":"shipping-taxable","15":"purchasable","16":"product-type-simple"},"acf":[],"_links":{"self":[{"href":"https:\/\/b2c.fairs.vn\/en\/wp-json\/wp\/v2\/product\/13100","targetHints":{"allow":["GET"]}}],"collection":[{"href":"https:\/\/b2c.fairs.vn\/en\/wp-json\/wp\/v2\/product"}],"about":[{"href":"https:\/\/b2c.fairs.vn\/en\/wp-json\/wp\/v2\/types\/product"}],"replies":[{"embeddable":true,"href":"https:\/\/b2c.fairs.vn\/en\/wp-json\/wp\/v2\/comments?post=13100"}],"version-history":[{"count":0,"href":"https:\/\/b2c.fairs.vn\/en\/wp-json\/wp\/v2\/product\/13100\/revisions"}],"wp:featuredmedia":[{"embeddable":true,"href":"https:\/\/b2c.fairs.vn\/en\/wp-json\/wp\/v2\/media\/13105"}],"wp:attachment":[{"href":"https:\/\/b2c.fairs.vn\/en\/wp-json\/wp\/v2\/media?parent=13100"}],"wp:term":[{"taxonomy":"product_cat","embeddable":true,"href":"https:\/\/b2c.fairs.vn\/en\/wp-json\/wp\/v2\/product_cat?post=13100"},{"taxonomy":"product_tag","embeddable":true,"href":"https:\/\/b2c.fairs.vn\/en\/wp-json\/wp\/v2\/product_tag?post=13100"}],"curies":[{"name":"wp","href":"https:\/\/api.w.org\/{rel}","templated":true}]}}