{"id":13083,"date":"2024-03-29T16:53:05","date_gmt":"2024-03-29T09:53:05","guid":{"rendered":"https:\/\/b2c.fairs.vn\/?post_type=product&#038;p=13083"},"modified":"2024-03-29T17:37:57","modified_gmt":"2024-03-29T10:37:57","slug":"ha-noi-diem-du-lich-dich-vu-lang-que-hong-van","status":"publish","type":"product","link":"https:\/\/b2c.fairs.vn\/en\/product\/ha-noi-diem-du-lich-dich-vu-lang-que-hong-van\/","title":{"rendered":"H\u00e0 N\u1ed9i &#8211; L\u00e0ng qu\u00ea H\u1ed3ng V\u00e2n"},"content":{"rendered":"<h2 class=\"logo-online\">H\u1ed3ng V\u00e2n l\u00e0 m\u1ed9t x\u00e3 ngo\u1ea1i th\u00e0nh ven \u0111\u00ea s\u00f4ng H\u1ed3ng thu\u1ed9c huy\u1ec7n Th\u01b0\u1eddng T\u00edn, TP H\u00e0 N\u1ed9i. T\u1eeb nhi\u1ec1u n\u0103m nay, H\u1ed3ng V\u00e2n \u0111\u00e3 v\u00e0 \u0111ang n\u1ed7 l\u1ef1c ph\u00e1t huy th\u1ebf m\u1ea1nh \u0111\u1ec3 tr\u1edf th\u00e0nh m\u1ed9t \u0111i\u1ec3m du l\u1ecbch h\u1ea5p d\u1eabn, \u0111em l\u1ea1i ngu\u1ed3n l\u1ee3i kinh t\u1ebf l\u1edbn cho \u0111\u1ecba ph\u01b0\u01a1ng.<\/h2>\n<p>X\u00e3 H\u1ed3ng V\u00e2n c\u00f3 6 th\u00f4n g\u1ed3m: X\u00e2m Th\u1ecb, X\u00e2m Xuy\u00ean, C\u01a1 Gi\u00e1o, C\u1ea9m C\u01a1, La Th\u01b0\u1ee3ng v\u00e0 V\u00e2n La; trong \u0111\u00f3 c\u00e1c th\u00f4n \u0111\u1ec1u c\u00f3 ngh\u1ec1 truy\u1ec1n th\u1ed1ng, ri\u00eang X\u00e2m Xuy\u00ean v\u00e0 C\u01a1 Gi\u00e1o \u0111\u01b0\u1ee3c c\u00f4ng nh\u1eadn l\u00e0 L\u00e0ng ngh\u1ec1 Sinh v\u1eadt c\u1ea3nh n\u0103m 2008. Ph\u00e1t huy nh\u1eefng th\u1ebf m\u1ea1nh v\u1ed1n c\u00f3, t\u1eeb n\u0103m 2012, x\u00e3 \u0111\u00e3 th\u1ef1c hi\u1ec7n d\u1ed3n \u0111i\u1ec1n, \u0111\u1ed5i th\u1eeda g\u1eafn v\u1edbi c\u00f4ng t\u00e1c quy ho\u1ea1ch \u0111\u1ed3ng b\u1ed9 trong x\u00e2y d\u1ef1ng\u00a0n\u00f4ng th\u00f4n m\u1edbi, \u0111\u1ecbnh h\u01b0\u1edbng chuy\u1ec3n d\u1ecbch h\u01b0\u1edbng ph\u00e1t tri\u1ec3n kinh t\u1ebf c\u1ee7a x\u00e3 sang th\u01b0\u01a1ng m\u1ea1i, du l\u1ecbch, d\u1ecbch v\u1ee5. \u0110\u1ebfn n\u0103m 2014, H\u1ee3p t\u00e1c x\u00e3 Hoa, c\u00e2y c\u1ea3nh v\u00e0 d\u1ecbch v\u1ee5 H\u1ed3ng V\u00e2n \u0111\u01b0\u1ee3c th\u00e0nh l\u1eadp, \u0111\u00e2y l\u00e0 t\u1ed5 ch\u1ee9c h\u1ea1t nh\u00e2n c\u00f9ng nh\u00e2n d\u00e2n H\u1ed3ng V\u00e2n b\u1eaft tay v\u00e0o l\u00e0m du l\u1ecbch.<\/p>\n<table id=\"6cdbc35c-0202-4d7c-928c-1bd54281a8dc\" class=\"imgEditor\" border=\"0\" align=\"center\">\n<tbody>\n<tr>\n<td><img decoding=\"async\" class=\"imgtelerik\" src=\"https:\/\/file3.qdnd.vn\/data\/images\/0\/2023\/07\/09\/huutruong\/hong%20van.jpg?dpi=150&amp;quality=100&amp;w=870\" alt=\"\u0110\u1ed9c \u0111\u00e1o x\u00e3 du l\u1ecbch H\u1ed3ng V\u00e2n\" \/><\/td>\n<\/tr>\n<tr class=\"alt_imgEditor\">\n<td>\u00a0H\u1ecdc sinh tham quan nh\u00e0 bia Ti\u1ebfn s\u0129 Nguy\u1ec5n \u00dd. \u1ea2nh: V\u0102N C\u00d4NG<\/td>\n<\/tr>\n<\/tbody>\n<\/table>\n<p>\u00d4ng Tr\u1ea7n Qu\u1ed1c B\u1ea3o, Ch\u1ee7 t\u1ecbch UBND x\u00e3 H\u1ed3ng V\u00e2n cho bi\u1ebft, \u0110\u1ea3ng b\u1ed9, ch\u00ednh quy\u1ec1n v\u00e0 nh\u00e2n d\u00e2n trong x\u00e3 \u0111\u00e3 c\u00f9ng n\u1ed7 l\u1ef1c, \u0111\u1ed3ng l\u00f2ng \u0111\u1ec3 \u0111\u01b0a H\u1ed3ng V\u00e2n t\u1eeb m\u1ed9t x\u00e3 thu\u1ea7n n\u00f4ng sang x\u00e3 ph\u00e1t tri\u1ec3n th\u01b0\u01a1ng m\u1ea1i, d\u1ecbch v\u1ee5, du l\u1ecbch; \u0111\u01b0a du l\u1ecbch t\u1eebng b\u01b0\u1edbc tr\u1edf th\u00e0nh ng\u00e0nh kinh t\u1ebf m\u0169i nh\u1ecdn c\u1ee7a \u0111\u1ecba ph\u01b0\u01a1ng. C\u00e1n b\u1ed9 v\u00e0 ng\u01b0\u1eddi d\u00e2n \u0111\u00e3 kh\u00f4ng ng\u1eebng h\u1ecdc t\u1eadp, trao \u0111\u1ed5i kinh nghi\u1ec7m l\u00e0m du l\u1ecbch sinh th\u00e1i, du l\u1ecbch c\u1ed9ng \u0111\u1ed3ng, k\u1ebft qu\u1ea3 \u0111\u1ebfn n\u0103m 2018 H\u1ed3ng V\u00e2n \u0111\u01b0\u1ee3c UBND TP H\u00e0 N\u1ed9i c\u00f4ng nh\u1eadn l\u00e0 \u0110i\u1ec3m Du l\u1ecbch L\u00e0ng ngh\u1ec1. N\u0103m 2019, H\u1ed3ng V\u00e2n \u0111\u01b0\u1ee3c UBND TP H\u00e0 N\u1ed9i c\u00f4ng nh\u1eadn l\u00e0 x\u00e3 n\u00f4ng th\u00f4n m\u1edbi n\u00e2ng cao v\u00e0 \u0111\u1ebfn nay \u0111\u00e3 \u0111\u01b0\u1ee3c th\u1ea9m \u0111\u1ecbnh x\u00e3 \u0111\u1ea1t chu\u1ea9n N\u00f4ng th\u00f4n m\u1edbi ki\u1ec3u m\u1eabu.<\/p>\n<p>T\u1eeb khi \u0111\u01b0\u1ee3c c\u00f4ng nh\u1eadn l\u00e0 \u0111i\u1ec3m du l\u1ecbch, m\u1ed7i n\u0103m H\u1ed3ng V\u00e2n \u0111\u00f3n kho\u1ea3ng 70.000 kh\u00e1ch du l\u1ecbch trong v\u00e0 ngo\u00e0i n\u01b0\u1edbc \u0111\u1ebfn tham quan, tr\u1ea3i nghi\u1ec7m. Nhi\u1ec1u h\u1ed9 gia \u0111\u00ecnh n\u1eafm b\u1eaft th\u1eddi c\u01a1 \u0111\u00e3 x\u00e2y d\u1ef1ng \u0111i\u1ec3m d\u1ecbch v\u1ee5 du l\u1ecbch, khu tr\u1ea3i nghi\u1ec7m\u2026 \u0111\u1ec3 \u0111a d\u1ea1ng h\u00f3a s\u1ea3n ph\u1ea9m du l\u1ecbch. \u0110i\u1ec3n h\u00ecnh nh\u01b0 khu tr\u1ea3i nghi\u1ec7m t\u1ea1i HTX hoa, c\u00e2y c\u1ea3nh v\u00e0 d\u1ecbch v\u1ee5 H\u1ed3ng V\u00e2n, \u0110\u1ea3o Hoa ti\u00ean \u2013 X\u1ee9 M\u00e2y H\u1ed3ng \u0111\u00e3 t\u1ea1o kh\u00f4ng gian du l\u1ecbch sinh th\u00e1i \u0111\u1ec3 du kh\u00e1ch h\u00f2a m\u00ecnh v\u00e0o th\u1ebf gi\u1edbi t\u1ef1 nhi\u00ean, tr\u1ea3i nghi\u1ec7m ngh\u1ec1 n\u00f4ng v\u00e0 kh\u00e1m ph\u00e1 c\u00e1c tr\u00f2 ch\u01a1i d\u00e2n gian c\u1ee7a Vi\u1ec7t Nam.<\/p>\n<p>Ngo\u00e0i ra, H\u1ed3ng V\u00e2n c\u00f2n t\u1ed5 ch\u1ee9c nhi\u1ec1u ho\u1ea1t \u0111\u1ed9ng c\u00f3 quy m\u00f4 l\u1edbn h\u1eb1ng n\u0103m nh\u01b0: L\u1ec5 h\u1ed9i Hoa xu\u00e2n, L\u1ec5 h\u1ed9i Ch\u1eed \u0110\u1ed3ng T\u1eed &#8211; Ti\u00ean Dung, L\u1ec5 h\u1ed9i T\u00ecnh y\u00eau, \u0110\u00eam h\u1ed9i hoa \u0111\u0103ng&#8230; thu h\u00fat h\u00e0ng ng\u00e0n kh\u00e1ch du l\u1ecbch. \u0110\u1ebfn H\u1ed3ng V\u00e2n, b\u1ea5t c\u1ee9 ng\u01b0\u1eddi d\u00e2n n\u00e0o \u0111\u1ec1u c\u00f3 th\u1ec3 tr\u1edf th\u00e0nh h\u01b0\u1edbng d\u1eabn vi\u00ean du l\u1ecbch, b\u1ea5t k\u1ef3 \u0111\u1ecba \u0111i\u1ec3m n\u00e0o du kh\u00e1ch c\u0169ng c\u00f3 c\u1ea3nh \u0111\u1eb9p \u0111\u1ec3 ch\u1ee5p \u1ea3nh k\u1ef7 ni\u1ec7m. L\u1ef1c l\u01b0\u1ee3ng lao \u0111\u1ed9ng trong x\u00e3 l\u00e0m th\u01b0\u01a1ng m\u1ea1i, d\u1ecbch v\u1ee5, du l\u1ecbch n\u00f3i chung l\u00e0 2.490\/3.265 ng\u01b0\u1eddi, \u0111\u1ea1t 76,26% (s\u1ed1 li\u1ec7u th\u00e1ng 11-2022).<\/p>\n<p>\u0110\u1ec3 gi\u1eef g\u00ecn c\u1ea3nh quan m\u00f4i tr\u01b0\u1eddng, c\u1ea3 h\u1ec7 th\u1ed1ng ch\u00ednh tr\u1ecb v\u00e0 c\u00e1c t\u1ea7ng l\u1edbp nh\u00e2n d\u00e2n c\u1ee7a H\u1ed3ng V\u00e2n \u0111\u1ec1u chung tay, chung s\u1ee9c b\u1eb1ng nh\u1eefng ho\u1ea1t \u0111\u1ed9ng, phong tr\u00e0o c\u1ee5 th\u1ec3, thi\u1ebft th\u1ef1c nh\u01b0: Ng\u00e0y Th\u1ee9 b\u1ea3y t\u00ecnh nguy\u1ec7n; 5 Kh\u00f4ng 3 S\u1ea1ch; Ch\u1ee7 nh\u1eadt Xanh; c\u00e1c tuy\u1ebfn \u0111\u01b0\u1eddng t\u1ef1 qu\u1ea3n n\u1edf hoa, s\u1ea1ch t\u1eeb nh\u00e0 ra ng\u00f5&#8230; th\u1eadt kh\u00f3 \u0111\u1ec3 nh\u00ecn th\u1ea5y r\u00e1c v\u1ee9t b\u1eeba b\u00e3i tr\u00ean \u0111\u01b0\u1eddng l\u00e0ng ng\u00f5 x\u00f3m \u1edf H\u1ed3ng V\u00e2n.<\/p>\n<p><strong>&#8230;\u0111\u1ebfn \u0111i\u1ec3m du l\u1ecbch c\u1ed9ng \u0111\u1ed3ng \u0111\u1ed9c \u0111\u00e1o<\/strong><\/p>\n<p>Sau nhi\u1ec1u n\u0103m v\u1eeba l\u00e0m du l\u1ecbch v\u1eeba r\u00fat kinh nghi\u1ec7m, \u0111\u1ebfn nay H\u1ed3ng V\u00e2n \u0111\u00e3 t\u1ef1 tin v\u1edbi c\u00e1c s\u1ea3n ph\u1ea9m v\u00e0 d\u1ecbch v\u1ee5 du l\u1ecbch chuy\u00ean nghi\u1ec7p. C\u1ee5 th\u1ec3, H\u1ed3ng V\u00e2n c\u00f3 c\u00e1c d\u1ecbch v\u1ee5 du l\u1ecbch t\u00e2m linh, d\u1ecbch v\u1ee5 t\u1ed5 ch\u1ee9c s\u1ef1 ki\u1ec7n, d\u1ecbch v\u1ee5 du l\u1ecbch sinh th\u00e1i, d\u1ecbch v\u1ee5\u00a0du l\u1ecbch\u00a0tr\u1ea3i nghi\u1ec7m v\u00e0 d\u1ecbch v\u1ee5 mua s\u1eafm c\u00e1c\u00a0s\u1ea3n ph\u1ea9m OCOP, hoa v\u00e0 c\u00e2y c\u1ea3nh\u2026<\/p>\n<table id=\"6cdbc35c-0202-4d7c-928c-1bd54281a8dc0\" class=\"imgEditor\" border=\"0\" align=\"center\">\n<tbody>\n<tr>\n<td><img decoding=\"async\" class=\"imgtelerik\" src=\"https:\/\/file3.qdnd.vn\/data\/images\/0\/2023\/07\/09\/huutruong\/hong%20van%202.jpg?dpi=150&amp;quality=100&amp;w=870\" alt=\"\u0110\u1ed9c \u0111\u00e1o x\u00e3 du l\u1ecbch H\u1ed3ng V\u00e2n\" \/><\/td>\n<\/tr>\n<tr class=\"alt_imgEditor\">\n<td>\n<h2>Gi\u1edbi thi\u1ec7u c\u00e1c s\u1ea3n ph\u1ea9m du l\u1ecbch c\u1ee7a x\u00e3 H\u1ed3ng V\u00e2n \u0111\u1ebfn du kh\u00e1ch. \u1ea2nh: T\u00d4 QU\u00dd<\/h2>\n<\/td>\n<\/tr>\n<\/tbody>\n<\/table>\n<p>Theo \u00f4ng H\u00e0 Huy Th\u00f4n, Ch\u1ee7 t\u1ecbch H\u1ed9i Ng\u01b0\u1eddi cao tu\u1ed5i x\u00e3 H\u1ed3ng V\u00e2n th\u00ec n\u01a1i l\u00e0 m\u1ea3nh \u0111\u1ea5t gi\u00e0u truy\u1ec1n th\u1ed1ng, v\u0103n h\u00f3a l\u1ecbch s\u1eed, g\u1eafn li\u1ec1n v\u1edbi Truy\u1ec1n thuy\u1ebft Ch\u1eed \u0110\u1ed3ng T\u1eed &#8211; Ti\u00ean Dung (m\u1ed9t trong T\u1ee9 b\u1ea5t t\u1eed c\u1ee7a d\u00e2n t\u1ed9c Vi\u1ec7t Nam). H\u1ed3ng V\u00e2n c\u00f3 h\u1ec7 th\u1ed1ng di t\u00edch \u0111\u1ed9c \u0111\u00e1o, c\u00f3 gi\u00e1 tr\u1ecb v\u0103n h\u00f3a r\u1ea5t l\u1edbn v\u00e0 \u0111\u01b0\u1ee3c k\u1ebft n\u1ed1i th\u00e0nh c\u00e1c \u0111i\u1ec3m du l\u1ecbch t\u00e2m linh c\u1ee7a x\u00e3, \u0111\u1eb7c bi\u1ec7t l\u00e0 qu\u1ea7n th\u1ec3 v\u0103n h\u00f3a truy\u1ec1n th\u1ed1ng t\u00e2m linh th\u00f4n V\u00e2n La v\u1edbi \u0111\u00ecnh, ch\u00f9a l\u00e0ng V\u00e2n La, Ch\u1ee3 m\u1edbi \u00d4ng gi\u00e0, L\u0103ng \u0111\u00e1 Qu\u1eadn V\u00e2n, Nh\u00e0 bia Ti\u1ebfn s\u0129 Nguy\u1ec5n \u00dd&#8230; \u0111\u1ec1u \u0111\u00e3 \u0111\u01b0\u1ee3c c\u00f4ng nh\u1eadn di t\u00edch l\u1ecbch s\u1eed c\u00e1c c\u1ea5p.<\/p>\n<p>R\u1ea3o b\u01b0\u1edbc tr\u00ean c\u00e1c con \u0111\u01b0\u1eddng trong x\u00e3 H\u1ed3ng V\u00e2n, h\u01a1n 30 con \u0111\u01b0\u1eddng \u0111\u1ec1u mang nh\u1eefng c\u00e1i t\u00ean r\u1ea5t tr\u1eef t\u00ecnh m\u00f4 t\u1ea3 ch\u00ednh lo\u00e0i hoa \u0111\u01b0\u1ee3c tr\u1ed3ng tr\u00ean \u0111\u01b0\u1eddng nh\u01b0: Hoa Ban, Ho\u00e0ng Y\u1ebfn, Ph\u01b0\u1ee3ng V\u0129, B\u1eb1ng L\u0103ng&#8230; khi\u1ebfn du kh\u00e1ch kh\u00f4ng kh\u1ecfi m\u00ea m\u1ea9n v\u00e0 v\u00ed von H\u1ed3ng V\u00e2n nh\u01b0 \u201cThi\u00ean \u0111\u01b0\u1eddng c\u1ee7a c\u00e1c lo\u00e0i hoa\u201d.<\/p>\n<p>Ngo\u00e0i ra, H\u1ed3ng V\u00e2n c\u00f2n c\u00f3 3 s\u1ea3n ph\u1ea9m tr\u00e0 \u0111\u00e3 \u0111\u01b0\u1ee3c\u00a0TP H\u00e0 N\u1ed9i\u00a0c\u00f4ng nh\u1eadn OCOP 4 sao n\u0103m 2022 g\u1ed3m: Tr\u00e0 Ch\u00f9m ng\u00e2y, tr\u00e0 Tr\u00e2u c\u1ed5, tr\u00e0 Kim ng\u00e2n hoa. C\u00e1c s\u1ea3n ph\u1ea9m tr\u00e0 \u0111\u1ec1u l\u00e0 nh\u1eefng s\u1ea3n ph\u1ea9m do ch\u00ednh n\u00f4ng d\u00e2n H\u1ed3ng V\u00e2n tr\u1ed3ng v\u00e0 s\u1ea3n xu\u1ea5t theo ph\u01b0\u01a1ng ph\u00e1p h\u1eefu c\u01a1. B\u00ean c\u1ea1nh \u0111\u00f3, du kh\u00e1ch c\u00f2n c\u00f3 th\u1ec3 tr\u1ea3i nghi\u1ec7m t\u1ea1i khu s\u1ea3n xu\u1ea5t, ch\u1ebf bi\u1ebfn tr\u00e0 th\u1ea3o d\u01b0\u1ee3c, tham quan khu ng\u00e2m \u1ee7 h\u01a1n 100 lo\u1ea1i r\u01b0\u1ee3u qu\u00ea v\u1edbi c\u00e1c lo\u1ea1i th\u1ea3o m\u1ed9c; th\u0103m m\u00f4 h\u00ecnh tr\u1ed3ng tr\u1ecdt, thu h\u00e1i n\u00f4ng s\u1ea3n theo m\u00f9a, ch\u1ee5p \u1ea3nh t\u1ea1i c\u00e1c v\u01b0\u1eddn hoa, c\u00e2y c\u1ea3nh v\u1edbi d\u00e1ng th\u1ebf \u0111\u1ed9c \u0111\u00e1o&#8230;<\/p>\n<p>\u00d4ng Nguy\u1ec5n V\u0103n T\u1ee9, Gi\u00e1m \u0111\u1ed1c H\u1ee3p t\u00e1c x\u00e3 Hoa, c\u00e2y c\u1ea3nh v\u00e0 d\u1ecbch v\u1ee5 H\u1ed3ng V\u00e2n cho bi\u1ebft: \u201cDu kh\u00e1ch v\u1ec1 v\u1edbi H\u1ed3ng V\u00e2n l\u00e0 v\u1ec1 v\u1edbi thi\u00ean nhi\u00ean, l\u00e0ng qu\u00ea d\u00e2n d\u00e3. \u1ede \u0111\u00e2y, du kh\u00e1ch c\u00f3 th\u1ec3 \u0111\u01b0\u1ee3c th\u01b0\u1edfng th\u1ee9c nh\u1eefng t\u00e1c ph\u1ea9m c\u00e2y c\u1ea3nh ngh\u1ec7 thu\u1eadt \u0111\u1ed9c \u0111\u00e1o v\u00e0 \u0111\u01b0\u1ee3c giao l\u01b0u v\u1edbi c\u00e1c ngh\u1ec7 nh\u00e2n, tr\u1ea3i nghi\u1ec7m d\u1ecbch v\u1ee5 \u201cM\u1ed9t gi\u1edd l\u00e0m ngh\u1ec7 nh\u00e2n c\u00e2y c\u1ea3nh\u201d ho\u1eb7c d\u1ecbch v\u1ee5 tr\u1ea3i nghi\u1ec7m l\u00e0m n\u00f4ng nghi\u1ec7p cho c\u00e1c b\u1ea1n h\u1ecdc sinh t\u00ecm hi\u1ec3u v\u1ec1 v\u0103n h\u00f3a Vi\u1ec7t. \u0110\u1ec3 ph\u1ee5c v\u1ee5 di chuy\u1ec3n, h\u1ee3p t\u00e1c x\u00e3 c\u00f2n c\u00f3 4 xe \u0111i\u1ec7n \u0111\u01b0a \u0111\u00f3n kh\u00e1ch \u0111\u1ebfn c\u00e1c \u0111\u1ecba \u0111i\u1ec3m kh\u00e1c nhau nhanh ch\u00f3ng, thu\u1eadn ti\u1ec7n. V\u1edbi nh\u1eefng ti\u1ec1m n\u0103ng v\u1ec1 du l\u1ecbch c\u00f9ng s\u1ef1 chung s\u1ee9c \u0111\u1ed3ng l\u00f2ng c\u1ee7a nh\u00e2n d\u00e2n v\u00e0 c\u1ea3 h\u1ec7 th\u1ed1ng ch\u00ednh tr\u1ecb, tin r\u1eb1ng x\u00e3 H\u1ed3ng V\u00e2n s\u1ebd ng\u00e0y c\u00e0ng ph\u00e1t tri\u1ec3n.<\/p>","protected":false},"excerpt":{"rendered":"<p>H\u1ed3ng V\u00e2n l\u00e0 m\u1ed9t x\u00e3 ngo\u1ea1i th\u00e0nh ven \u0111\u00ea s\u00f4ng H\u1ed3ng thu\u1ed9c huy\u1ec7n Th\u01b0\u1eddng T\u00edn, TP H\u00e0 N\u1ed9i. T\u1eeb nhi\u1ec1u<\/p>","protected":false},"featured_media":13116,"comment_status":"open","ping_status":"closed","template":"","meta":{"_acf_changed":false},"product_cat":[343,480],"product_tag":[],"class_list":{"0":"post-13083","1":"product","2":"type-product","3":"status-publish","4":"has-post-thumbnail","6":"product_cat-du-lich","7":"product_cat-khu-vuc-mien-bac","9":"first","10":"instock","11":"shipping-taxable","12":"product-type-simple"},"acf":[],"_links":{"self":[{"href":"https:\/\/b2c.fairs.vn\/en\/wp-json\/wp\/v2\/product\/13083","targetHints":{"allow":["GET"]}}],"collection":[{"href":"https:\/\/b2c.fairs.vn\/en\/wp-json\/wp\/v2\/product"}],"about":[{"href":"https:\/\/b2c.fairs.vn\/en\/wp-json\/wp\/v2\/types\/product"}],"replies":[{"embeddable":true,"href":"https:\/\/b2c.fairs.vn\/en\/wp-json\/wp\/v2\/comments?post=13083"}],"version-history":[{"count":0,"href":"https:\/\/b2c.fairs.vn\/en\/wp-json\/wp\/v2\/product\/13083\/revisions"}],"wp:featuredmedia":[{"embeddable":true,"href":"https:\/\/b2c.fairs.vn\/en\/wp-json\/wp\/v2\/media\/13116"}],"wp:attachment":[{"href":"https:\/\/b2c.fairs.vn\/en\/wp-json\/wp\/v2\/media?parent=13083"}],"wp:term":[{"taxonomy":"product_cat","embeddable":true,"href":"https:\/\/b2c.fairs.vn\/en\/wp-json\/wp\/v2\/product_cat?post=13083"},{"taxonomy":"product_tag","embeddable":true,"href":"https:\/\/b2c.fairs.vn\/en\/wp-json\/wp\/v2\/product_tag?post=13083"}],"curies":[{"name":"wp","href":"https:\/\/api.w.org\/{rel}","templated":true}]}}