{"id":13081,"date":"2024-03-29T16:54:40","date_gmt":"2024-03-29T09:54:40","guid":{"rendered":"https:\/\/b2c.fairs.vn\/?post_type=product&#038;p=13081"},"modified":"2024-04-19T10:29:16","modified_gmt":"2024-04-19T03:29:16","slug":"gao-dac-san-seng-cu-thanh-uyen","status":"publish","type":"product","link":"https:\/\/b2c.fairs.vn\/en\/product\/gao-dac-san-seng-cu-thanh-uyen\/","title":{"rendered":"G\u1ea1o \u0111\u1eb7c s\u1ea3n s\u00e9ng c\u00f9 Thanh Uy\u00ean"},"content":{"rendered":"<p>T\u00ean s\u1ea3n ph\u1ea9m: G\u1ea1o S\u00e9ng C\u00f9<br \/>\nQuy c\u00e1ch \u0111\u00f3ng g\u00f3i: 5kg, 10kg<br \/>\nNguy\u00ean li\u1ec7u: G\u1ea1o<\/p>\n<p>Gi\u00e1 b\u00e1n: 33.000\u0111\/ 1 kg<\/p>","protected":false},"excerpt":{"rendered":"<p>T\u00ean s\u1ea3n ph\u1ea9m: G\u1ea1o S\u00e9ng C\u00f9 Quy c\u00e1ch \u0111\u00f3ng g\u00f3i: 5kg, 10kg Nguy\u00ean li\u1ec7u: G\u1ea1o Gi\u00e1 b\u00e1n: 33.000\u0111\/ 1 kg<\/p>","protected":false},"featured_media":13099,"comment_status":"open","ping_status":"closed","template":"","meta":{"_acf_changed":false},"product_cat":[311,366,367,22,310],"product_tag":[],"class_list":{"0":"post-13081","1":"product","2":"type-product","3":"status-publish","4":"has-post-thumbnail","6":"product_cat-gao-ngu-coc-hat-so-che-khac","7":"product_cat-hang-cnnt-cap-qg","8":"product_cat-hang-cnnt-cap-qg-2023","9":"product_cat-sanphamthucpham","10":"product_cat-thuc-pham-tho-so-che","12":"first","13":"instock","14":"shipping-taxable","15":"purchasable","16":"product-type-variable"},"acf":[],"_links":{"self":[{"href":"https:\/\/b2c.fairs.vn\/en\/wp-json\/wp\/v2\/product\/13081","targetHints":{"allow":["GET"]}}],"collection":[{"href":"https:\/\/b2c.fairs.vn\/en\/wp-json\/wp\/v2\/product"}],"about":[{"href":"https:\/\/b2c.fairs.vn\/en\/wp-json\/wp\/v2\/types\/product"}],"replies":[{"embeddable":true,"href":"https:\/\/b2c.fairs.vn\/en\/wp-json\/wp\/v2\/comments?post=13081"}],"version-history":[{"count":0,"href":"https:\/\/b2c.fairs.vn\/en\/wp-json\/wp\/v2\/product\/13081\/revisions"}],"wp:featuredmedia":[{"embeddable":true,"href":"https:\/\/b2c.fairs.vn\/en\/wp-json\/wp\/v2\/media\/13099"}],"wp:attachment":[{"href":"https:\/\/b2c.fairs.vn\/en\/wp-json\/wp\/v2\/media?parent=13081"}],"wp:term":[{"taxonomy":"product_cat","embeddable":true,"href":"https:\/\/b2c.fairs.vn\/en\/wp-json\/wp\/v2\/product_cat?post=13081"},{"taxonomy":"product_tag","embeddable":true,"href":"https:\/\/b2c.fairs.vn\/en\/wp-json\/wp\/v2\/product_tag?post=13081"}],"curies":[{"name":"wp","href":"https:\/\/api.w.org\/{rel}","templated":true}]}}