{"id":13072,"date":"2024-03-29T16:45:47","date_gmt":"2024-03-29T09:45:47","guid":{"rendered":"https:\/\/b2c.fairs.vn\/?post_type=product&#038;p=13072"},"modified":"2024-04-23T15:13:35","modified_gmt":"2024-04-23T08:13:35","slug":"banh-phong-tom-su","status":"publish","type":"product","link":"https:\/\/b2c.fairs.vn\/en\/product\/banh-phong-tom-su\/","title":{"rendered":"B\u00e1nh Ph\u1ed3ng T\u00f4m S\u00fa"},"content":{"rendered":"<ul>\n<li>Th\u00e0nh Ph\u1ea7n : B\u1ed9t c\u1ee7 n\u0103ng 50% , T\u00f4m s\u00fa sinh th\u00e1i thi\u00ean nhi\u00ean 45% , Gia v\u1ecb 5% ( t\u1ecfi , ti\u00eau , mu\u1ed1i , h\u00e0nh )<\/li>\n<li>C\u00e1ch s\u1eed d\u1ee5ng : Chi\u00ean ph\u1ed3ng v\u1edbi d\u1ea7u ho\u1eb7c n\u01b0\u1edbng l\u00f2 vi s\u00f3ng , c\u00f3 th\u1ec3 \u0103n li\u1ec1n ho\u1eb7c d\u00f9ng v\u1edbi r\u01b0\u1ee3u bia \u2026<\/li>\n<li>S\u1ea3n ph\u1ea9m \u0111\u1ea1t ch\u1ee9ng nh\u1eadn OCOP 4 Sao<\/li>\n<li>Quy c\u00e1ch : H\u1ed9p 500g , 250g<\/li>\n<\/ul>","protected":false},"excerpt":{"rendered":"<ul>\n<li>Th\u00e0nh Ph\u1ea7n : B\u1ed9t c\u1ee7 n\u0103ng 50% , T\u00f4m s\u00fa sinh th\u00e1i thi\u00ean nhi\u00ean 45% , Gia v\u1ecb 5% ( t\u1ecfi , ti\u00eau , mu\u1ed1i , h\u00e0nh )<\/li>\n<li>C\u00e1ch s\u1eed d\u1ee5ng : Chi\u00ean ph\u1ed3ng v\u1edbi d\u1ea7u ho\u1eb7c n\u01b0\u1edbng l\u00f2 vi s\u00f3ng , c\u00f3 th\u1ec3 \u0103n li\u1ec1n ho\u1eb7c d\u00f9ng v\u1edbi r\u01b0\u1ee3u bia \u2026<\/li>\n<li>S\u1ea3n ph\u1ea9m \u0111\u1ea1t ch\u1ee9ng nh\u1eadn OCOP 4 Sao<\/li>\n<li>Quy c\u00e1ch : H\u1ed9p 500g , 250g<\/li>\n<\/ul>","protected":false},"featured_media":13082,"comment_status":"open","ping_status":"closed","template":"","meta":{"_acf_changed":false},"product_cat":[317,366,398,22,313],"product_tag":[],"class_list":{"0":"post-13072","1":"product","2":"type-product","3":"status-publish","4":"has-post-thumbnail","6":"product_cat-che-bien-tu-thit-trung-sua-thuy-san-cac-san-pham-tu-mat-ong-mat-khac-va-nong-san-thuc-pham-khac","7":"product_cat-hang-cnnt-cap-qg","8":"product_cat-san-pham-cnnt-tb-cap-qg-2021","9":"product_cat-sanphamthucpham","10":"product_cat-thuc-pham-che-bien","12":"first","13":"instock","14":"shipping-taxable","15":"product-type-simple"},"acf":[],"_links":{"self":[{"href":"https:\/\/b2c.fairs.vn\/en\/wp-json\/wp\/v2\/product\/13072","targetHints":{"allow":["GET"]}}],"collection":[{"href":"https:\/\/b2c.fairs.vn\/en\/wp-json\/wp\/v2\/product"}],"about":[{"href":"https:\/\/b2c.fairs.vn\/en\/wp-json\/wp\/v2\/types\/product"}],"replies":[{"embeddable":true,"href":"https:\/\/b2c.fairs.vn\/en\/wp-json\/wp\/v2\/comments?post=13072"}],"version-history":[{"count":0,"href":"https:\/\/b2c.fairs.vn\/en\/wp-json\/wp\/v2\/product\/13072\/revisions"}],"wp:featuredmedia":[{"embeddable":true,"href":"https:\/\/b2c.fairs.vn\/en\/wp-json\/wp\/v2\/media\/13082"}],"wp:attachment":[{"href":"https:\/\/b2c.fairs.vn\/en\/wp-json\/wp\/v2\/media?parent=13072"}],"wp:term":[{"taxonomy":"product_cat","embeddable":true,"href":"https:\/\/b2c.fairs.vn\/en\/wp-json\/wp\/v2\/product_cat?post=13072"},{"taxonomy":"product_tag","embeddable":true,"href":"https:\/\/b2c.fairs.vn\/en\/wp-json\/wp\/v2\/product_tag?post=13072"}],"curies":[{"name":"wp","href":"https:\/\/api.w.org\/{rel}","templated":true}]}}