{"id":13058,"date":"2024-03-29T16:38:30","date_gmt":"2024-03-29T09:38:30","guid":{"rendered":"https:\/\/b2c.fairs.vn\/?post_type=product&#038;p=13058"},"modified":"2024-04-04T09:36:37","modified_gmt":"2024-04-04T02:36:37","slug":"nem-cao-su-massage","status":"publish","type":"product","link":"https:\/\/b2c.fairs.vn\/en\/product\/nem-cao-su-massage\/","title":{"rendered":"N\u1ec7m Cao Su Massage"},"content":{"rendered":"<p>N\u1ec7m cao su Massage \u0111\u01b0\u1ee3c s\u1ea3n xu\u1ea5t t\u1eeb 100% cao su thi\u00ean nhi\u00ean, kh\u00f4ng ch\u1ee9a ch\u1ea5t TMTD g\u00e2y d\u1ecb \u1ee9ng da<\/p>\n<p>L\u00e0 d\u00f2ng n\u00eam Massage n\u1ed5i b\u1eadt v\u1edbi h\u1ec7 th\u1ed1ng g\u1ed3m h\u00e0ng ngh\u00ecn chi\u1ebfc n\u00fam tr\u00f2n nh\u1ecf tr\u00ean b\u1ec1 m\u1eb7t c\u00f3 t\u00e1c d\u1ee5ng massage c\u00e1c huy\u1ec7t \u0111\u1ea1o gi\u00fap t\u0103ng l\u01b0u th\u00f4ng tu\u1ea7n ho\u00e0n m\u00e1u cho c\u01a1 th\u1ec3, gi\u1ea3m m\u1ecfi cho c\u01a1 sau 1 ng\u00e0y l\u00e0m vi\u1ec7c, mang \u0111\u1ebfn cho ng\u01b0\u1eddi s\u1eed d\u1ee5ng m\u1ed9t gi\u1ea5c ng\u1ee7 s\u00e2u v\u00e0 s\u1ea3ng kho\u00e1i.<\/p>\n<p>M\u1eb7t d\u01b0\u1edbi g\u1ea7n 1000 l\u1ed7 tho\u00e1ng kh\u00ed l\u1edbn v\u00e0 nh\u1ecf k\u1ebft h\u1ee3p v\u1edbi c\u1ea5u tr\u00fac foam d\u1ea1ng b\u1ecdt kh\u00ed, gi\u00fap th\u00f4ng tho\u00e1ng khi s\u1eed d\u1ee5ng, kh\u00f4ng g\u00e2y n\u00f3ng.<\/p>\n<p>S\u1ea3n ph\u1ea9m m\u1ec1m m\u1ea1i, \u00eam \u00e1i, ph\u00f9 h\u1ee3p cho m\u1ecdi l\u1ee9a tu\u1ed5i.<\/p>\n<p>S\u1ea3n ph\u1ea9m ph\u00f9 h\u1ee3p ti\u00eau chu\u1ea9n MS 679:2011, ti\u00eau chu\u1ea9n d\u00e0nh cho n\u1ec7m &#8211; g\u1ed1i cao su thi\u00ean nhi\u00ean<\/p>\n<p>S\u1ea3n ph\u1ea9m \u0111\u01b0\u1ee3c bao b\u1ecdc b\u1edfi l\u1edbp v\u1ea3i l\u01b0\u1edbi b\u1ea3o v\u1ec7.<\/p>\n<p>M\u1eb7t ngo\u00e0i l\u00e0 l\u1edbp v\u1ea3i g\u1ea5m cao c\u1ea5p nh\u1eadp kh\u1ea9u, \u0111\u1ed9 b\u1ec1n cao, m\u1ec1m m\u1ea1i, m\u1ecbn m\u00e0ng gi\u00fap ng\u01b0\u1eddi s\u1eed d\u1ee5ng kh\u00f4ng m\u1ea5t c\u1ea3m gi\u00e1c massage cho c\u01a1 th\u1ec3 c\u1ee7a s\u1ea3n ph\u1ea9m.<\/p>\n<p>Th\u00e0nh n\u1ec7m \u0111\u01b0\u1ee3c bao b\u1ecdc b\u1eb1ng l\u1edbp v\u1ea3i g\u1ea5m nhung cao c\u1ea5p, t\u00f4n v\u1ebb \u0111\u1eb9p cho s\u1ea3n ph\u1ea9m.<\/p>\n<p>Tr\u00ean\u00a0<strong>d\u00e2y chuy\u1ec1n m\u00e1y m\u00f3c hi\u1ec7n \u0111\u1ea1i<\/strong>\u00a0c\u1ee7a \u0110\u1ee9c, c\u00f4ng ngh\u1ec7 s\u1ea3n xu\u1ea5t c\u1ee7a Malaysia, C\u00f4ng ty C\u1ed5 ph\u1ea7n Cao su K\u1ef9 thu\u1eadt \u0110\u1ed3ng Ph\u00fa \u0111\u00e3 cho ra \u0111\u1eddi nh\u1eefng s\u1ea3n ph\u1ea9m n\u1ec7m, g\u1ed1i cao su th\u01b0\u01a1ng hi\u1ec7u DORUFOAM \u0111\u1ea1t\u00a0<strong>ch\u1ea5t l\u01b0\u1ee3ng cao<\/strong><\/p>\n<p>&nbsp;<\/p>\n<h2>THO\u1ea2I M\u00c1I<\/h2>\n<p>V\u1edbi \u01b0u th\u1ebf ngu\u1ed3n\u00a0<strong>nguy\u00ean li\u1ec7u cao su<\/strong>, c\u00f4ng ngh\u1ec7\u00a0<strong>s\u1ea3n xu\u1ea5t ti\u00ean ti\u1ebfn<\/strong>, nh\u1eefng s\u1ea3n ph\u1ea9m n\u1ec7m, g\u1ed1i v\u00e0 sofa mang th\u01b0\u01a1ng hi\u1ec7u DORUFOAM kh\u00f4ng ch\u1ec9 c\u00f3\u00a0<strong>ch\u1ea5t l\u01b0\u1ee3ng \u1ed5n \u0111\u1ecbnh, gi\u00e1 c\u1ea3 h\u1ee3p l\u00fd<\/strong>\u00a0m\u00e0 c\u00f2n t\u1ea1o ra\u00a0<strong>c\u1ea3m gi\u00e1c ho\u00e0n to\u00e0n t\u1ef1 nhi\u00ean, d\u1ec5 ch\u1ecbu<\/strong>\u00a0cho ng\u01b0\u1eddi s\u1eed d\u1ee5ng<\/p>","protected":false},"excerpt":{"rendered":"<p>N\u1ec7m cao su Massage \u0111\u01b0\u1ee3c s\u1ea3n xu\u1ea5t t\u1eeb 100% cao su thi\u00ean nhi\u00ean, kh\u00f4ng ch\u1ee9a ch\u1ea5t TMTD g\u00e2y d\u1ecb \u1ee9ng<\/p>","protected":false},"featured_media":13061,"comment_status":"open","ping_status":"closed","template":"","meta":{"_acf_changed":false},"product_cat":[520,400,366,398,367],"product_tag":[],"class_list":{"0":"post-13058","1":"product","2":"type-product","3":"status-publish","4":"has-post-thumbnail","6":"product_cat-nha-cua-doi-song","7":"product_cat-noi-that","8":"product_cat-hang-cnnt-cap-qg","9":"product_cat-san-pham-cnnt-tb-cap-qg-2021","10":"product_cat-hang-cnnt-cap-qg-2023","12":"first","13":"instock","14":"shipping-taxable","15":"purchasable","16":"product-type-simple"},"acf":[],"_links":{"self":[{"href":"https:\/\/b2c.fairs.vn\/en\/wp-json\/wp\/v2\/product\/13058","targetHints":{"allow":["GET"]}}],"collection":[{"href":"https:\/\/b2c.fairs.vn\/en\/wp-json\/wp\/v2\/product"}],"about":[{"href":"https:\/\/b2c.fairs.vn\/en\/wp-json\/wp\/v2\/types\/product"}],"replies":[{"embeddable":true,"href":"https:\/\/b2c.fairs.vn\/en\/wp-json\/wp\/v2\/comments?post=13058"}],"version-history":[{"count":0,"href":"https:\/\/b2c.fairs.vn\/en\/wp-json\/wp\/v2\/product\/13058\/revisions"}],"wp:featuredmedia":[{"embeddable":true,"href":"https:\/\/b2c.fairs.vn\/en\/wp-json\/wp\/v2\/media\/13061"}],"wp:attachment":[{"href":"https:\/\/b2c.fairs.vn\/en\/wp-json\/wp\/v2\/media?parent=13058"}],"wp:term":[{"taxonomy":"product_cat","embeddable":true,"href":"https:\/\/b2c.fairs.vn\/en\/wp-json\/wp\/v2\/product_cat?post=13058"},{"taxonomy":"product_tag","embeddable":true,"href":"https:\/\/b2c.fairs.vn\/en\/wp-json\/wp\/v2\/product_tag?post=13058"}],"curies":[{"name":"wp","href":"https:\/\/api.w.org\/{rel}","templated":true}]}}