{"id":13050,"date":"2024-03-29T16:49:26","date_gmt":"2024-03-29T09:49:26","guid":{"rendered":"https:\/\/b2c.fairs.vn\/?post_type=product&#038;p=13050"},"modified":"2024-03-29T16:49:27","modified_gmt":"2024-03-29T09:49:27","slug":"bo-san-pham-ca-phe-rang-xay-ca-phe-hoa-tan-sua-ca-phe-happy-life","status":"publish","type":"product","link":"https:\/\/b2c.fairs.vn\/en\/product\/bo-san-pham-ca-phe-rang-xay-ca-phe-hoa-tan-sua-ca-phe-happy-life\/","title":{"rendered":"B\u1ed9 S\u1ea3n ph\u1ea9m: C\u00e0 ph\u00ea rang xay, c\u00e0 ph\u00ea h\u00f2a tan s\u1eefa, c\u00e0 ph\u00ea Happy Life"},"content":{"rendered":"<p>B\u1ed9 S\u1ea3n ph\u1ea9m: C\u00e0 ph\u00ea rang xay, c\u00e0 ph\u00ea h\u00f2a tan s\u1eefa, c\u00e0 ph\u00ea Happy Life<\/p>","protected":false},"excerpt":{"rendered":"<p>B\u1ed9 S\u1ea3n ph\u1ea9m: C\u00e0 ph\u00ea rang xay, c\u00e0 ph\u00ea h\u00f2a tan s\u1eefa, c\u00e0 ph\u00ea Happy Life<\/p>","protected":false},"featured_media":13101,"comment_status":"open","ping_status":"closed","template":"","meta":{"_acf_changed":false},"product_cat":[324,366,446,22],"product_tag":[],"class_list":{"0":"post-13050","1":"product","2":"type-product","3":"status-publish","4":"has-post-thumbnail","6":"product_cat-ca-phe-ca-cao","7":"product_cat-hang-cnnt-cap-qg","8":"product_cat-san-pham-cnnt-tb-cap-qg-2019","9":"product_cat-sanphamthucpham","11":"first","12":"instock","13":"sale","14":"shipping-taxable","15":"purchasable","16":"product-type-variable"},"acf":[],"_links":{"self":[{"href":"https:\/\/b2c.fairs.vn\/en\/wp-json\/wp\/v2\/product\/13050","targetHints":{"allow":["GET"]}}],"collection":[{"href":"https:\/\/b2c.fairs.vn\/en\/wp-json\/wp\/v2\/product"}],"about":[{"href":"https:\/\/b2c.fairs.vn\/en\/wp-json\/wp\/v2\/types\/product"}],"replies":[{"embeddable":true,"href":"https:\/\/b2c.fairs.vn\/en\/wp-json\/wp\/v2\/comments?post=13050"}],"version-history":[{"count":0,"href":"https:\/\/b2c.fairs.vn\/en\/wp-json\/wp\/v2\/product\/13050\/revisions"}],"wp:featuredmedia":[{"embeddable":true,"href":"https:\/\/b2c.fairs.vn\/en\/wp-json\/wp\/v2\/media\/13101"}],"wp:attachment":[{"href":"https:\/\/b2c.fairs.vn\/en\/wp-json\/wp\/v2\/media?parent=13050"}],"wp:term":[{"taxonomy":"product_cat","embeddable":true,"href":"https:\/\/b2c.fairs.vn\/en\/wp-json\/wp\/v2\/product_cat?post=13050"},{"taxonomy":"product_tag","embeddable":true,"href":"https:\/\/b2c.fairs.vn\/en\/wp-json\/wp\/v2\/product_tag?post=13050"}],"curies":[{"name":"wp","href":"https:\/\/api.w.org\/{rel}","templated":true}]}}